{"id":27,"date":"2014-09-17T16:24:03","date_gmt":"2014-09-17T16:24:03","guid":{"rendered":"http:\/\/agora.xtec.cat\/ecaalfarras\/?page_id=27"},"modified":"2024-04-24T15:04:37","modified_gmt":"2024-04-24T13:04:37","slug":"historia","status":"publish","type":"page","link":"https:\/\/agora.xtec.cat\/ecaalfarras\/lescola-agraria\/historia\/","title":{"rendered":"Hist\u00f2ria"},"content":{"rendered":"<p>L&#8217;Escola Agr\u00e0ria d&#8217;Alfarr\u00e0s es troba situada a l&#8217;horta del poble d&#8217;Alfarr\u00e0s al nord de la comarca del Segri\u00e0 (Lleida).<\/p>\n<p>Des de l&#8217;any 1972, en qu\u00e8 va iniciar l\u2019activitat, l&#8217;Escola Agr\u00e0ria d&#8217;Alfarr\u00e0s forma part de la xarxa d&#8217;escoles que el Departament d&#8217;Agricultura, Ramaderia, Pesca i Alimentaci\u00f3 t\u00e9 distribu\u00efdes arreu de Catalunya i que estan gestionades pel Servei de Formaci\u00f3 Agr\u00e0ria.<\/p>\n<p>La traject\u00f2ria de l\u2019Escola Agr\u00e0ria d\u2019Alfarr\u00e0s ve marcada per ser la primera en oferir la Formaci\u00f3 de capatassos agr\u00edcoles el 1972 i el 1976 la Formaci\u00f3 Professional de 1r grau. \u00c9s la primera escola agr\u00e0ria que es va posar en funcionament a Catalunya.<\/p>\n<p>L&#8217;especialitat agr\u00edcola de l&#8217;escola \u00e9s la producci\u00f3 agr\u00e0ria (fructicultura i extensius). De tota manera els estudis de Grau mitj\u00e0 i superior comprenen totes les disciplines agr\u00e0ries (ramaderia, paisatgisme, horticultura).<\/p>\n<p>La finca de l&#8217;escola destaca per la seva extensi\u00f3, 22ha, i la seva varietat de cultius per atendre els interessos de tot l&#8217;alumnat. El maneig inclou la producci\u00f3 agr\u00e0ria ecol\u00f2gica i convencional.<\/p>\n<p>L\u2019Escola Agr\u00e0ria d\u2019Alfarr\u00e0s es va certificar en ISO 9001 el 2011 i va implantar el Sistema integrat de gesti\u00f3 i es va certificar el 2021.<\/p>\n","protected":false},"excerpt":{"rendered":"<p>L&#8217;Escola Agr\u00e0ria d&#8217;Alfarr\u00e0s es troba situada a l&#8217;horta del poble d&#8217;Alfarr\u00e0s al nord de la comarca del Segri\u00e0 (Lleida).<br \/>\nDes de l&#8217;any 1972, en qu\u00e8 va iniciar l\u2019activitat, l&#8217;Escola Agr\u00e0ria d&#8217;Alfarr\u00e0s forma part de la xarxa d&#8217;escoles que el Departament d&#8217;Agricultura, Ramaderia, Pesca i Alimentaci\u00f3 t\u00e9&hellip;  <a href=\"https:\/\/agora.xtec.cat\/ecaalfarras\/lescola-agraria\/historia\/\" title=\"Read Hist\u00f2ria\">Llegeix m\u00e9s\u00bb<\/a><\/p>\n","protected":false},"author":1,"featured_media":0,"parent":715,"menu_order":20,"comment_status":"closed","ping_status":"closed","template":"page-templates\/side-menu.php","meta":{"_bbp_topic_count":0,"_bbp_reply_count":0,"_bbp_total_topic_count":0,"_bbp_total_reply_count":0,"_bbp_voice_count":0,"_bbp_anonymous_reply_count":0,"_bbp_topic_count_hidden":0,"_bbp_reply_count_hidden":0,"_bbp_forum_subforum_count":0,"footnotes":""},"class_list":["post-27","page","type-page","status-publish","hentry"],"post_mailing_queue_ids":[],"_links":{"self":[{"href":"https:\/\/agora.xtec.cat\/ecaalfarras\/wp-json\/wp\/v2\/pages\/27","targetHints":{"allow":["GET"]}}],"collection":[{"href":"https:\/\/agora.xtec.cat\/ecaalfarras\/wp-json\/wp\/v2\/pages"}],"about":[{"href":"https:\/\/agora.xtec.cat\/ecaalfarras\/wp-json\/wp\/v2\/types\/page"}],"author":[{"embeddable":true,"href":"https:\/\/agora.xtec.cat\/ecaalfarras\/wp-json\/wp\/v2\/users\/1"}],"replies":[{"embeddable":true,"href":"https:\/\/agora.xtec.cat\/ecaalfarras\/wp-json\/wp\/v2\/comments?post=27"}],"version-history":[{"count":5,"href":"https:\/\/agora.xtec.cat\/ecaalfarras\/wp-json\/wp\/v2\/pages\/27\/revisions"}],"predecessor-version":[{"id":2698,"href":"https:\/\/agora.xtec.cat\/ecaalfarras\/wp-json\/wp\/v2\/pages\/27\/revisions\/2698"}],"up":[{"embeddable":true,"href":"https:\/\/agora.xtec.cat\/ecaalfarras\/wp-json\/wp\/v2\/pages\/715"}],"wp:attachment":[{"href":"https:\/\/agora.xtec.cat\/ecaalfarras\/wp-json\/wp\/v2\/media?parent=27"}],"curies":[{"name":"wp","href":"https:\/\/api.w.org\/{rel}","templated":true}]}}