{"id":2481,"date":"2022-11-17T12:14:41","date_gmt":"2022-11-17T11:14:41","guid":{"rendered":"https:\/\/agora.xtec.cat\/ecaalfarras\/?page_id=2481"},"modified":"2026-04-09T12:45:44","modified_gmt":"2026-04-09T10:45:44","slug":"borsa-de-treball","status":"publish","type":"page","link":"https:\/\/agora.xtec.cat\/ecaalfarras\/lescola-agraria\/borsa-de-treball\/","title":{"rendered":"Borsa de treball &#8211; EA Alfarr\u00e0s"},"content":{"rendered":"<p>&nbsp;<\/p>\n<p>Llista d&#8217;ofertes actualitzades de<strong> l&#8217;Escola Agr\u00e0ria d&#8217;Alfarr\u00e0s:<\/strong><\/p>\n<p>&nbsp;<\/p>\n<table style=\"height: 823px; width: 98.8849%; border-collapse: collapse; border-color: #094f0b; background-color: #f5f5f5;\">\n<tbody>\n<tr style=\"height: 35px;\">\n<td style=\"width: 10.1972%; height: 35px; text-align: center;\">\n<h4><code><strong>N\u00ba OFERTA<\/strong><\/code><\/h4>\n<\/td>\n<td style=\"width: 12.0009%; height: 35px; text-align: center;\">\n<h4><code><strong>DATA<\/strong><\/code><\/h4>\n<\/td>\n<td style=\"width: 61.8245%; height: 35px; text-align: center;\">\n<h4><code><strong>\u00a0DESCRIPCI\u00d3\u00a0<\/strong><\/code><\/h4>\n<\/td>\n<td style=\"width: 15.8686%; height: 35px; text-align: center;\">\n<h4><code><strong>LLOC<\/strong><\/code><\/h4>\n<\/td>\n<td style=\"width: 0.857633%; height: 35px;\"><\/td>\n<\/tr>\n<tr style=\"height: 56px;\">\n<td style=\"width: 10.1972%; height: 56px;\"><strong>37\/2026<\/strong><\/td>\n<td style=\"width: 12.0009%; height: 56px;\">09\/04\/2026<\/td>\n<td style=\"width: 61.8245%; height: 56px;\"><strong>TRACTORISTA<\/strong><\/td>\n<td style=\"width: 15.8686%; height: 56px;\">SEGARRA-URGELL<\/td>\n<td style=\"width: 0.857633%; height: 56px;\"><\/td>\n<\/tr>\n<tr style=\"height: 56px;\">\n<td style=\"width: 10.1972%; height: 56px;\"><strong>36\/2026<\/strong><\/td>\n<td style=\"width: 12.0009%; height: 56px;\">09\/04\/2026<\/td>\n<td style=\"width: 61.8245%; height: 56px;\"><strong>TRACTORISTA<\/strong><\/td>\n<td style=\"width: 15.8686%; height: 56px;\">BENABARRI<\/td>\n<td style=\"width: 0.857633%; height: 56px;\"><\/td>\n<\/tr>\n<tr style=\"height: 56px;\">\n<td style=\"width: 10.1972%; height: 56px;\"><strong>35\/2026<\/strong><\/td>\n<td style=\"width: 12.0009%; height: 56px;\">07\/04\/2026<\/td>\n<td style=\"width: 61.8245%; height: 56px;\"><strong>VENDES I ATENCI\u00d3 AL CLIENT BONAREA<\/strong><\/td>\n<td style=\"width: 15.8686%; height: 56px;\">TORREFARRERA<\/td>\n<td style=\"width: 0.857633%; height: 56px;\"><\/td>\n<\/tr>\n<tr style=\"height: 32px;\">\n<td style=\"width: 10.1972%; height: 32px;\" width=\"132\"><strong>34\/2026<\/strong><\/td>\n<td style=\"width: 12.0009%; height: 32px;\" width=\"159\">26\/03\/2026<\/td>\n<td style=\"width: 61.8245%; height: 32px;\" width=\"752\"><strong>T\u00c8CNIC DE CAMP IRTA<\/strong><\/td>\n<td style=\"width: 15.8686%; height: 32px;\" width=\"234\">LLEIDA<\/td>\n<td style=\"width: 0.857633%; height: 32px;\"><\/td>\n<\/tr>\n<tr style=\"height: 32px;\">\n<td style=\"width: 10.1972%; height: 32px;\" width=\"132\"><strong>33\/2026<\/strong><\/td>\n<td style=\"width: 12.0009%; height: 32px;\" width=\"159\">19\/03\/2026<\/td>\n<td style=\"width: 61.8245%; height: 32px;\" width=\"752\"><strong>T\u00c8CNIC DE CAMP<\/strong><\/td>\n<td style=\"width: 15.8686%; height: 32px;\"><\/td>\n<td style=\"width: 0.857633%; height: 32px;\"><\/td>\n<\/tr>\n<tr style=\"height: 49px;\">\n<td style=\"width: 10.1972%; height: 49px;\"><strong>32\/2026<\/strong><\/td>\n<td style=\"width: 12.0009%; height: 49px;\">18\/03\/2026<\/td>\n<td style=\"width: 61.8245%; height: 49px;\"><strong>TRACTORISTA<\/strong><\/td>\n<td style=\"width: 15.8686%; height: 49px;\">SER\u00d2S<\/td>\n<td style=\"width: 0.857633%; height: 49px;\"><\/td>\n<\/tr>\n<tr style=\"height: 38px;\">\n<td style=\"width: 10.1972%; height: 38px;\"><strong>31\/2026<\/strong><\/td>\n<td style=\"width: 12.0009%; height: 38px;\">27\/02\/2026<\/td>\n<td style=\"width: 61.8245%; height: 38px;\"><strong>T\u00c8CNIC AGR\u00cdCOLA<\/strong><\/td>\n<td style=\"width: 15.8686%; height: 38px;\">ALMACELLES<\/td>\n<td style=\"width: 0.857633%; height: 38px;\"><\/td>\n<\/tr>\n<tr style=\"height: 46px;\">\n<td style=\"width: 10.1972%; height: 46px;\"><strong>30\/2026<\/strong><\/td>\n<td style=\"width: 12.0009%; height: 46px;\">20\/02\/2026<\/td>\n<td style=\"width: 61.8245%; height: 46px;\"><strong>SUPORT SERVEIS AMBIENTALS<\/strong><\/td>\n<td style=\"width: 15.8686%; height: 46px;\">LLEIDA<\/td>\n<td style=\"width: 0.857633%; height: 46px;\"><\/td>\n<\/tr>\n<tr style=\"height: 46px;\">\n<td style=\"width: 10.1972%; height: 46px;\"><strong>29\/2026<\/strong><\/td>\n<td style=\"width: 12.0009%; height: 46px;\">20\/02\/2026<\/td>\n<td style=\"width: 61.8245%; height: 46px;\"><strong> RESPONSABLE EXTENSIU<\/strong><\/td>\n<td style=\"width: 15.8686%; height: 46px;\">GIMENELLES<\/td>\n<td style=\"width: 0.857633%; height: 46px;\"><\/td>\n<\/tr>\n<tr style=\"height: 46px;\">\n<td style=\"width: 10.1972%; height: 46px;\"><strong>28\/2026<\/strong><\/td>\n<td style=\"width: 12.0009%; height: 46px;\"><span data-sheets-root=\"1\">30\/01\/2026<\/span><\/td>\n<td style=\"width: 61.8245%; height: 46px;\"><strong><span data-sheets-root=\"1\">INSTAL\u00b7LADOR\/A DE TRAMPES I SEGUIMENT &#8211; Grup Agro<\/span><\/strong><\/td>\n<td style=\"width: 15.8686%; height: 46px;\">LLEIDA<\/td>\n<td style=\"width: 0.857633%; height: 46px;\"><\/td>\n<\/tr>\n<tr style=\"height: 46px;\">\n<td style=\"width: 10.1972%; height: 46px;\"><strong>27\/2026<\/strong><\/td>\n<td style=\"width: 12.0009%; height: 46px;\">29\/01\/26<\/td>\n<td style=\"width: 61.8245%; height: 46px;\"><strong>OPERARI GRANJA BOVINA: MONTALBAN<\/strong><\/td>\n<td style=\"width: 15.8686%; height: 46px;\">ALMACELLES<\/td>\n<td style=\"width: 0.857633%; height: 46px;\"><\/td>\n<\/tr>\n<tr style=\"height: 46px;\">\n<td style=\"width: 10.1972%; height: 46px;\"><strong>26\/2025<\/strong><\/td>\n<td style=\"width: 12.0009%; height: 46px;\">04\/12\/25<\/td>\n<td style=\"width: 61.8245%; height: 46px;\"><strong>GRANJA SANJOS\u00c9<\/strong><\/td>\n<td style=\"width: 15.8686%; height: 46px;\">TAMARITE DE LITERA<\/td>\n<td style=\"width: 0.857633%; height: 46px;\"><\/td>\n<\/tr>\n<tr style=\"height: 69px;\">\n<td style=\"width: 10.1972%; height: 69px;\"><strong>25\/2025<\/strong><\/td>\n<td style=\"width: 12.0009%; height: 69px;\">28\/11\/2025<\/td>\n<td style=\"width: 61.8245%; height: 69px;\"><strong>TRACTORISTA<\/strong><\/td>\n<td style=\"width: 15.8686%; height: 69px;\">CASTELLNOU DE SEANA<\/td>\n<td style=\"width: 0.857633%; height: 69px;\"><\/td>\n<\/tr>\n<tr style=\"height: 46px;\">\n<td style=\"width: 10.1972%; height: 46px;\"><strong>24\/2025<\/strong><\/td>\n<td style=\"width: 12.0009%; height: 46px;\">27\/11\/2025<\/td>\n<td style=\"width: 61.8245%; height: 46px;\"><strong>T\u00c8CNIC DE REG<\/strong><\/td>\n<td style=\"width: 15.8686%; height: 46px;\">LE\u00d3N<\/td>\n<td style=\"width: 0.857633%; height: 46px;\"><\/td>\n<\/tr>\n<tr style=\"height: 46px;\">\n<td style=\"width: 10.1972%; height: 46px;\"><strong>23\/2025<\/strong><\/td>\n<td style=\"width: 12.0009%; height: 46px;\">08\/10\/2025<\/td>\n<td style=\"width: 61.8245%; height: 46px;\"><strong>T\u00c8CNIC PER EMPRESA DE REG<\/strong><\/td>\n<td style=\"width: 15.8686%; height: 46px;\">LLEIDA\/BIN\u00c8FAR<\/td>\n<td style=\"width: 0.857633%; height: 46px;\"><\/td>\n<\/tr>\n<tr style=\"height: 46px;\">\n<td style=\"width: 10.1972%; height: 46px;\"><strong>22\/2025<\/strong><\/td>\n<td style=\"width: 12.0009%; height: 46px;\">08\/10\/2025<\/td>\n<td style=\"width: 61.8245%; height: 46px;\"><strong>T\u00c8CNIC D&#8217;IMPLEMENTACI\u00d3 SOLUCIONS DIGITALS<\/strong><\/td>\n<td style=\"width: 15.8686%; height: 46px;\">PALAU D&#8217;ANGLESOLA<\/td>\n<td style=\"width: 0.857633%; height: 46px;\"><\/td>\n<\/tr>\n<tr style=\"height: 32px;\">\n<td style=\"width: 10.1972%; height: 32px;\"><strong>21\/2025<\/strong><\/td>\n<td style=\"width: 12.0009%; height: 32px;\">15\/09\/2025<\/td>\n<td style=\"width: 61.8245%; height: 32px;\"><strong>AUXILIAR AGR\u00cdCOLA<\/strong><\/td>\n<td style=\"width: 15.8686%; height: 32px;\">TAMARITE LITERA<\/td>\n<td style=\"width: 0.857633%; height: 32px;\"><\/td>\n<\/tr>\n<\/tbody>\n<\/table>\n<p>&nbsp;<\/p>\n<p>Per a m\u00e9s informaci\u00f3 sobre les ofertes de treball o si ets una empresa i vols penjar la teva oferta contacta amb l&#8217;orientador o amb administraci\u00f3 del centre:<\/p>\n<ul>\n<li><strong>Administraci\u00f3 Escola Agr\u00e0ria d&#8217;Alfarr\u00e0s. <u><a href=\"mailto:ea_alfarras.agricultura@gencat.cat\">ea_alfarras.agricultura@gencat.cat<\/a><\/u><\/strong><\/li>\n<\/ul>\n<p style=\"text-align: left;\">Partida El Sot, s\/n | 25120 Alfarr\u00e0s | Tel\u00e8fon: 973 760 100<\/p>\n<p>&nbsp;<\/p>\n","protected":false},"excerpt":{"rendered":"<p>&nbsp;<br \/>\nLlista d&#8217;ofertes actualitzades de l&#8217;Escola Agr\u00e0ria d&#8217;Alfarr\u00e0s:<br \/>\n&nbsp;<\/p>\n<p>N\u00ba OFERTA<\/p>\n<p>DATA<\/p>\n<p>\u00a0DESCRIPCI\u00d3\u00a0<\/p>\n<p>LLOC<\/p>\n<p>37\/2026<br \/>\n09\/04\/2026<br \/>\nTRACTORISTA<br \/>\nSEGARRA-URGELL<\/p>\n<p>36\/2026<br \/>\n09\/04\/2026<br \/>\nTRACTORISTA<br \/>\nBENABARRI<\/p>\n<p>35\/2026<br \/>\n07\/04\/2026<br \/>\nVENDES I ATENCI\u00d3 AL CLIENT BONAREA<br \/>\nTORREFARRERA<\/p>\n<p>34\/2026<br \/>\n26\/03\/2026<br \/>\nT\u00c8CNIC DE CAMP IRTA<br \/>\nLLEIDA<\/p>\n<p>33\/2026<br \/>\n19\/03\/2026<br \/>\nT\u00c8CNIC DE CAMP<\/p>\n<p>32\/2026<br \/>\n18\/03\/2026<br \/>\nTRACTORISTA<br \/>\nSER\u00d2S<\/p>\n<p>31\/2026<br \/>\n27\/02\/2026<br \/>\nT\u00c8CNIC AGR\u00cdCOLA<br \/>\nALMACELLES<\/p>\n<p>30\/2026<br \/>\n20\/02\/2026<br \/>\nSUPORT SERVEIS AMBIENTALS<br \/>\nLLEIDA<\/p>\n<p>29\/2026<br \/>\n20\/02\/2026<br \/>\n RESPONSABLE EXTENSIU<br \/>\nGIMENELLES<\/p>\n<p>28\/2026<br \/>\n30\/01\/2026<br \/>\nINSTAL\u00b7LADOR\/A DE TRAMPES I SEGUIMENT &#8211; Grup Agro<br \/>\nLLEIDA<\/p>\n<p>27\/2026<br \/>\n29\/01\/26<br \/>\nOPERARI GRANJA BOVINA: MONTALBAN<br \/>\nALMACELLES<\/p>\n<p>26\/2025<br \/>\n04\/12\/25<br \/>\nGRANJA SANJOS\u00c9<br \/>\nTAMARITE DE LITERA<\/p>\n<p>25\/2025<br \/>\n28\/11\/2025<br \/>\nTRACTORISTA<br \/>\nCASTELLNOU DE SEANA<\/p>\n<p>24\/2025<br \/>\n27\/11\/2025<br \/>\nT\u00c8CNIC DE REG<br \/>\nLE\u00d3N<\/p>\n<p>23\/2025<br \/>\n08\/10\/2025<br \/>\nT\u00c8CNIC PER EMPRESA DE REG<br \/>\nLLEIDA\/BIN\u00c8FAR<\/p>\n<p>22\/2025<br \/>\n08\/10\/2025<br \/>\nT\u00c8CNIC D&#8217;IMPLEMENTACI\u00d3&hellip;  <a href=\"https:\/\/agora.xtec.cat\/ecaalfarras\/lescola-agraria\/borsa-de-treball\/\" title=\"Read Borsa de treball &#8211; EA Alfarr\u00e0s\">Llegeix m\u00e9s\u00bb<\/a><\/p>\n","protected":false},"author":1,"featured_media":0,"parent":715,"menu_order":0,"comment_status":"closed","ping_status":"closed","template":"page-templates\/side-menu.php","meta":{"_bbp_topic_count":0,"_bbp_reply_count":0,"_bbp_total_topic_count":0,"_bbp_total_reply_count":0,"_bbp_voice_count":0,"_bbp_anonymous_reply_count":0,"_bbp_topic_count_hidden":0,"_bbp_reply_count_hidden":0,"_bbp_forum_subforum_count":0,"footnotes":""},"class_list":["post-2481","page","type-page","status-publish","hentry"],"post_mailing_queue_ids":[],"_links":{"self":[{"href":"https:\/\/agora.xtec.cat\/ecaalfarras\/wp-json\/wp\/v2\/pages\/2481","targetHints":{"allow":["GET"]}}],"collection":[{"href":"https:\/\/agora.xtec.cat\/ecaalfarras\/wp-json\/wp\/v2\/pages"}],"about":[{"href":"https:\/\/agora.xtec.cat\/ecaalfarras\/wp-json\/wp\/v2\/types\/page"}],"author":[{"embeddable":true,"href":"https:\/\/agora.xtec.cat\/ecaalfarras\/wp-json\/wp\/v2\/users\/1"}],"replies":[{"embeddable":true,"href":"https:\/\/agora.xtec.cat\/ecaalfarras\/wp-json\/wp\/v2\/comments?post=2481"}],"version-history":[{"count":7,"href":"https:\/\/agora.xtec.cat\/ecaalfarras\/wp-json\/wp\/v2\/pages\/2481\/revisions"}],"predecessor-version":[{"id":3010,"href":"https:\/\/agora.xtec.cat\/ecaalfarras\/wp-json\/wp\/v2\/pages\/2481\/revisions\/3010"}],"up":[{"embeddable":true,"href":"https:\/\/agora.xtec.cat\/ecaalfarras\/wp-json\/wp\/v2\/pages\/715"}],"wp:attachment":[{"href":"https:\/\/agora.xtec.cat\/ecaalfarras\/wp-json\/wp\/v2\/media?parent=2481"}],"curies":[{"name":"wp","href":"https:\/\/api.w.org\/{rel}","templated":true}]}}