{"id":1638,"date":"2020-10-28T14:49:38","date_gmt":"2020-10-28T13:49:38","guid":{"rendered":"https:\/\/agora.xtec.cat\/ecaalfarras\/?page_id=1638"},"modified":"2024-04-24T10:07:48","modified_gmt":"2024-04-24T08:07:48","slug":"activitats","status":"publish","type":"page","link":"https:\/\/agora.xtec.cat\/ecaalfarras\/activitats\/","title":{"rendered":"Activitats"},"content":{"rendered":"<p>En aquest apartat podeu veure les activitats que desenvolupem a l\u2019escola i les experi\u00e8ncies que ens conten els alumnes que en formen part de l\u2019Escola Agr\u00e0ria d\u2019Alfarr\u00e0s.<\/p>\n<p>Et convidem a con\u00e8ixer el nostre entorn!<\/p>\n<p>La nostra activitat actual m\u00e9s destacada i amb vistes de futur \u00e9s el nostre laberint. Et convidem a con\u00e8ixer-nos:<\/p>\n<ul>\n<li><em><strong><a href=\"https:\/\/agora.xtec.cat\/ecaalfarras\/activitats\/activitat\/el-nostre-laberint\/\">El nostre laberint<\/a><\/strong><\/em><\/li>\n<li><em><strong><a href=\"https:\/\/agora.xtec.cat\/ecaalfarras\/activitats\/internacionalitzacio-de-lescola-agraria-dalfarras\/\">Internacionalitzaci\u00f3 de l&#8217;Escola Agr\u00e0ria d&#8217;Alfarr\u00e0s<\/a><\/strong><\/em><\/li>\n<\/ul>\n<p>&nbsp;<\/p>\n<p>&nbsp;<\/p>\n<p>&nbsp;<\/p>\n","protected":false},"excerpt":{"rendered":"<p>En aquest apartat podeu veure les activitats que desenvolupem a l\u2019escola i les experi\u00e8ncies que ens conten els alumnes que en formen part de l\u2019Escola Agr\u00e0ria d\u2019Alfarr\u00e0s.<br \/>\nEt convidem a con\u00e8ixer el nostre entorn!<br \/>\nLa nostra activitat actual m\u00e9s destacada i amb vistes de futur \u00e9s el&hellip;  <a href=\"https:\/\/agora.xtec.cat\/ecaalfarras\/activitats\/\" title=\"Read Activitats\">Llegeix m\u00e9s\u00bb<\/a><\/p>\n","protected":false},"author":1,"featured_media":0,"parent":0,"menu_order":0,"comment_status":"closed","ping_status":"closed","template":"","meta":{"_bbp_topic_count":0,"_bbp_reply_count":0,"_bbp_total_topic_count":0,"_bbp_total_reply_count":0,"_bbp_voice_count":0,"_bbp_anonymous_reply_count":0,"_bbp_topic_count_hidden":0,"_bbp_reply_count_hidden":0,"_bbp_forum_subforum_count":0,"footnotes":""},"class_list":["post-1638","page","type-page","status-publish","hentry"],"post_mailing_queue_ids":[],"_links":{"self":[{"href":"https:\/\/agora.xtec.cat\/ecaalfarras\/wp-json\/wp\/v2\/pages\/1638","targetHints":{"allow":["GET"]}}],"collection":[{"href":"https:\/\/agora.xtec.cat\/ecaalfarras\/wp-json\/wp\/v2\/pages"}],"about":[{"href":"https:\/\/agora.xtec.cat\/ecaalfarras\/wp-json\/wp\/v2\/types\/page"}],"author":[{"embeddable":true,"href":"https:\/\/agora.xtec.cat\/ecaalfarras\/wp-json\/wp\/v2\/users\/1"}],"replies":[{"embeddable":true,"href":"https:\/\/agora.xtec.cat\/ecaalfarras\/wp-json\/wp\/v2\/comments?post=1638"}],"version-history":[{"count":5,"href":"https:\/\/agora.xtec.cat\/ecaalfarras\/wp-json\/wp\/v2\/pages\/1638\/revisions"}],"predecessor-version":[{"id":2695,"href":"https:\/\/agora.xtec.cat\/ecaalfarras\/wp-json\/wp\/v2\/pages\/1638\/revisions\/2695"}],"wp:attachment":[{"href":"https:\/\/agora.xtec.cat\/ecaalfarras\/wp-json\/wp\/v2\/media?parent=1638"}],"curies":[{"name":"wp","href":"https:\/\/api.w.org\/{rel}","templated":true}]}}