{"id":1031,"date":"2020-05-13T20:26:28","date_gmt":"2020-05-13T18:26:28","guid":{"rendered":"https:\/\/agora.xtec.cat\/ecaalfarras\/?page_id=1031"},"modified":"2022-05-23T12:29:14","modified_gmt":"2022-05-23T10:29:14","slug":"videos","status":"publish","type":"page","link":"https:\/\/agora.xtec.cat\/ecaalfarras\/fotosivideos\/videos\/","title":{"rendered":"V\u00eddeos"},"content":{"rendered":"<h3>Promoci\u00f3 20 \/ 22<\/h3>\n<p><iframe loading=\"lazy\" title=\"Promoci\u00f3 2020\/2022 - GM i GS\" width=\"500\" height=\"281\" src=\"https:\/\/www.youtube.com\/embed\/SQUUF7gNVaY?feature=oembed\" frameborder=\"0\" allow=\"accelerometer; autoplay; clipboard-write; encrypted-media; gyroscope; picture-in-picture; web-share\" referrerpolicy=\"strict-origin-when-cross-origin\" allowfullscreen><\/iframe><\/p>\n<h3><\/h3>\n<h3><\/h3>\n<h3>V\u00eddeo Escola Agr\u00e0ria d&#8217;Alfarr\u00e0s<\/h3>\n<p><iframe loading=\"lazy\" src=\"https:\/\/www.youtube.com\/embed\/SjQUTgmE5TQ\" width=\"560\" height=\"315\" frameborder=\"0\"><\/iframe><\/p>\n<h3>Promoci\u00f3 19 \/ 21<\/h3>\n<p><iframe loading=\"lazy\" title=\"EA Alfarr\u00e0s Promoci\u00f3 alumnes 19- 21\" width=\"500\" height=\"281\" src=\"https:\/\/www.youtube.com\/embed\/3RrZe6FOMnw?feature=oembed\" frameborder=\"0\" allow=\"accelerometer; autoplay; clipboard-write; encrypted-media; gyroscope; picture-in-picture; web-share\" referrerpolicy=\"strict-origin-when-cross-origin\" allowfullscreen><\/iframe><\/p>\n<h3><\/h3>\n<h3>Diari de Confinament<\/h3>\n<p><a href=\"https:\/\/drive.google.com\/file\/d\/1rVbPfQl1dDjDjFkk-yfCMHTB_GwvvAWg\/view\"><img loading=\"lazy\" decoding=\"async\" class=\"alignsize-full wp-image-1102\" src=\"https:\/\/agora.xtec.cat\/ecaalfarras\/wp-content\/uploads\/usu2159\/2020\/05\/videoconfinament.jpg\" alt=\"\" width=\"560\" height=\"315\" srcset=\"https:\/\/agora.xtec.cat\/ecaalfarras\/wp-content\/uploads\/usu2159\/2020\/05\/videoconfinament.jpg 560w, https:\/\/agora.xtec.cat\/ecaalfarras\/wp-content\/uploads\/usu2159\/2020\/05\/videoconfinament-300x169.jpg 300w\" sizes=\"auto, (max-width: 560px) 100vw, 560px\" \/><\/a><\/p>\n<h3>Som Futur<\/h3>\n<p><iframe loading=\"lazy\" src=\"https:\/\/www.youtube.com\/embed\/TgFzr2vpTcM\" width=\"560\" height=\"315\" frameborder=\"0\"><\/iframe><\/p>\n<h3>Cicle Mitj\u00e0 Producci\u00f3 Agroecol\u00f2gica<\/h3>\n<p><iframe loading=\"lazy\" src=\"https:\/\/www.youtube.com\/embed\/rq4YlBuwARI\" width=\"560\" height=\"315\" frameborder=\"0\"><\/iframe><\/p>\n","protected":false},"excerpt":{"rendered":"<p>Promoci\u00f3 20 \/ 22<\/p>\n<p>V\u00eddeo Escola Agr\u00e0ria d&#8217;Alfarr\u00e0s<\/p>\n<p>Promoci\u00f3 19 \/ 21<\/p>\n<p>Diari de Confinament<br \/>\n<a href=\"https:\/\/drive.google.com\/file\/d\/1rVbPfQl1dDjDjFkk-yfCMHTB_GwvvAWg\/view\"><\/a><br \/>\nSom Futur<\/p>\n<p>Cicle Mitj\u00e0 Producci\u00f3 Agroecol\u00f2gica<\/p>\n","protected":false},"author":1,"featured_media":0,"parent":1643,"menu_order":0,"comment_status":"closed","ping_status":"closed","template":"","meta":{"_bbp_topic_count":0,"_bbp_reply_count":0,"_bbp_total_topic_count":0,"_bbp_total_reply_count":0,"_bbp_voice_count":0,"_bbp_anonymous_reply_count":0,"_bbp_topic_count_hidden":0,"_bbp_reply_count_hidden":0,"_bbp_forum_subforum_count":0,"footnotes":""},"class_list":["post-1031","page","type-page","status-publish","hentry"],"post_mailing_queue_ids":[],"_links":{"self":[{"href":"https:\/\/agora.xtec.cat\/ecaalfarras\/wp-json\/wp\/v2\/pages\/1031","targetHints":{"allow":["GET"]}}],"collection":[{"href":"https:\/\/agora.xtec.cat\/ecaalfarras\/wp-json\/wp\/v2\/pages"}],"about":[{"href":"https:\/\/agora.xtec.cat\/ecaalfarras\/wp-json\/wp\/v2\/types\/page"}],"author":[{"embeddable":true,"href":"https:\/\/agora.xtec.cat\/ecaalfarras\/wp-json\/wp\/v2\/users\/1"}],"replies":[{"embeddable":true,"href":"https:\/\/agora.xtec.cat\/ecaalfarras\/wp-json\/wp\/v2\/comments?post=1031"}],"version-history":[{"count":3,"href":"https:\/\/agora.xtec.cat\/ecaalfarras\/wp-json\/wp\/v2\/pages\/1031\/revisions"}],"predecessor-version":[{"id":2412,"href":"https:\/\/agora.xtec.cat\/ecaalfarras\/wp-json\/wp\/v2\/pages\/1031\/revisions\/2412"}],"up":[{"embeddable":true,"href":"https:\/\/agora.xtec.cat\/ecaalfarras\/wp-json\/wp\/v2\/pages\/1643"}],"wp:attachment":[{"href":"https:\/\/agora.xtec.cat\/ecaalfarras\/wp-json\/wp\/v2\/media?parent=1031"}],"curies":[{"name":"wp","href":"https:\/\/api.w.org\/{rel}","templated":true}]}}