{"id":860,"date":"2023-10-19T16:56:55","date_gmt":"2023-10-19T14:56:55","guid":{"rendered":"https:\/\/agora.xtec.cat\/eca-pirineu\/?page_id=860"},"modified":"2023-11-08T15:54:05","modified_gmt":"2023-11-08T14:54:05","slug":"cursos-de-formacio-continua","status":"publish","type":"page","link":"https:\/\/agora.xtec.cat\/eca-pirineu\/formacio-continua\/cursos-de-formacio-continua\/","title":{"rendered":"Cursos de Formaci\u00f3 Cont\u00ednua"},"content":{"rendered":"\n<p>Al llarg de l\u2019any, l\u2019<strong>Escola Agr\u00e0ria del Pirineu <\/strong>ofereix <a href=\"https:\/\/agricultura.gencat.cat\/ca\/ambits\/formacio-innovacio\/escoles-agraries\/escola-agraria-pirineu\/dar_cursos\/\" target=\"_blank\" rel=\"noopener\"><strong>cursos <\/strong><\/a>de formaci\u00f3 cont\u00ednua en l\u2019\u00e0mbit agroforestal de muntanya, el sector eq\u00fcestre i l\u2019activitat formatgera.<\/p>\n<p><a href=\"https:\/\/agricultura.gencat.cat\/ca\/ambits\/formacio-innovacio\/escoles-agraries\/escola-agraria-pirineu\/dar_cursos\/\" target=\"_blank\" rel=\"noopener\"><img loading=\"lazy\" decoding=\"async\" class=\"alignnone size-full wp-image-954\" src=\"https:\/\/agora.xtec.cat\/eca-pirineu\/wp-content\/uploads\/usu2154\/2023\/11\/Cursos.png\" alt=\"\" width=\"1024\" height=\"338\" srcset=\"https:\/\/agora.xtec.cat\/eca-pirineu\/wp-content\/uploads\/usu2154\/2023\/11\/Cursos.png 1024w, https:\/\/agora.xtec.cat\/eca-pirineu\/wp-content\/uploads\/usu2154\/2023\/11\/Cursos-300x99.png 300w, https:\/\/agora.xtec.cat\/eca-pirineu\/wp-content\/uploads\/usu2154\/2023\/11\/Cursos-768x254.png 768w\" sizes=\"auto, (max-width: 1024px) 100vw, 1024px\" \/><\/a><\/p>\n","protected":false},"excerpt":{"rendered":"<p>Al llarg de l\u2019any, l\u2019Escola Agr\u00e0ria del Pirineu ofereix cursos de formaci\u00f3 cont\u00ednua en l\u2019\u00e0mbit agroforestal de muntanya, el sector eq\u00fcestre i l\u2019activitat formatgera.<\/p>\n","protected":false},"author":7,"featured_media":0,"parent":852,"menu_order":1,"comment_status":"closed","ping_status":"close","template":"page-templates\/side-menu.php","meta":{"_bbp_topic_count":0,"_bbp_reply_count":0,"_bbp_total_topic_count":0,"_bbp_total_reply_count":0,"_bbp_voice_count":0,"_bbp_anonymous_reply_count":0,"_bbp_topic_count_hidden":0,"_bbp_reply_count_hidden":0,"_bbp_forum_subforum_count":0,"site-sidebar-layout":"default","site-content-layout":"","ast-site-content-layout":"","site-content-style":"default","site-sidebar-style":"default","ast-global-header-display":"","ast-banner-title-visibility":"","ast-main-header-display":"","ast-hfb-above-header-display":"","ast-hfb-below-header-display":"","ast-hfb-mobile-header-display":"","site-post-title":"","ast-breadcrumbs-content":"","ast-featured-img":"","footer-sml-layout":"","theme-transparent-header-meta":"","adv-header-id-meta":"","stick-header-meta":"","header-above-stick-meta":"","header-main-stick-meta":"","header-below-stick-meta":"","astra-migrate-meta-layouts":"default","ast-page-background-enabled":"default","ast-page-background-meta":{"desktop":{"background-color":"var(--ast-global-color-4)","background-image":"","background-repeat":"repeat","background-position":"center center","background-size":"auto","background-attachment":"scroll","background-type":"","background-media":"","overlay-type":"","overlay-color":"","overlay-opacity":"","overlay-gradient":""},"tablet":{"background-color":"","background-image":"","background-repeat":"repeat","background-position":"center center","background-size":"auto","background-attachment":"scroll","background-type":"","background-media":"","overlay-type":"","overlay-color":"","overlay-opacity":"","overlay-gradient":""},"mobile":{"background-color":"","background-image":"","background-repeat":"repeat","background-position":"center center","background-size":"auto","background-attachment":"scroll","background-type":"","background-media":"","overlay-type":"","overlay-color":"","overlay-opacity":"","overlay-gradient":""}},"ast-content-background-meta":{"desktop":{"background-color":"var(--ast-global-color-5)","background-image":"","background-repeat":"repeat","background-position":"center center","background-size":"auto","background-attachment":"scroll","background-type":"","background-media":"","overlay-type":"","overlay-color":"","overlay-opacity":"","overlay-gradient":""},"tablet":{"background-color":"var(--ast-global-color-5)","background-image":"","background-repeat":"repeat","background-position":"center center","background-size":"auto","background-attachment":"scroll","background-type":"","background-media":"","overlay-type":"","overlay-color":"","overlay-opacity":"","overlay-gradient":""},"mobile":{"background-color":"var(--ast-global-color-5)","background-image":"","background-repeat":"repeat","background-position":"center center","background-size":"auto","background-attachment":"scroll","background-type":"","background-media":"","overlay-type":"","overlay-color":"","overlay-opacity":"","overlay-gradient":""}},"footnotes":""},"class_list":["post-860","page","type-page","status-publish","hentry"],"post_mailing_queue_ids":[],"_links":{"self":[{"href":"https:\/\/agora.xtec.cat\/eca-pirineu\/wp-json\/wp\/v2\/pages\/860","targetHints":{"allow":["GET"]}}],"collection":[{"href":"https:\/\/agora.xtec.cat\/eca-pirineu\/wp-json\/wp\/v2\/pages"}],"about":[{"href":"https:\/\/agora.xtec.cat\/eca-pirineu\/wp-json\/wp\/v2\/types\/page"}],"author":[{"embeddable":true,"href":"https:\/\/agora.xtec.cat\/eca-pirineu\/wp-json\/wp\/v2\/users\/7"}],"replies":[{"embeddable":true,"href":"https:\/\/agora.xtec.cat\/eca-pirineu\/wp-json\/wp\/v2\/comments?post=860"}],"version-history":[{"count":3,"href":"https:\/\/agora.xtec.cat\/eca-pirineu\/wp-json\/wp\/v2\/pages\/860\/revisions"}],"predecessor-version":[{"id":955,"href":"https:\/\/agora.xtec.cat\/eca-pirineu\/wp-json\/wp\/v2\/pages\/860\/revisions\/955"}],"up":[{"embeddable":true,"href":"https:\/\/agora.xtec.cat\/eca-pirineu\/wp-json\/wp\/v2\/pages\/852"}],"wp:attachment":[{"href":"https:\/\/agora.xtec.cat\/eca-pirineu\/wp-json\/wp\/v2\/media?parent=860"}],"curies":[{"name":"wp","href":"https:\/\/api.w.org\/{rel}","templated":true}]}}