{"id":835,"date":"2023-10-16T13:53:52","date_gmt":"2023-10-16T11:53:52","guid":{"rendered":"https:\/\/agora.xtec.cat\/eca-pirineu\/?page_id=835"},"modified":"2025-06-30T12:50:20","modified_gmt":"2025-06-30T10:50:20","slug":"internacionalitzacio","status":"publish","type":"page","link":"https:\/\/agora.xtec.cat\/eca-pirineu\/cicles-formatius\/internacionalitzacio\/","title":{"rendered":"Internacionalitzaci\u00f3"},"content":{"rendered":"\n<p>Fa m\u00e9s de 30 anys que l\u2019<strong>Escola Agr\u00e0ria del Pirineu <\/strong>va comen\u00e7ar a participar en diferents projectes Europeus sobre digitalitzaci\u00f3, programaris i mobilitat d\u2019alumnes.<\/p>\n<p>En els \u00faltims anys, s\u2019ha comen\u00e7at a aplicar la mobilitat de l\u2019alumnat per la Formaci\u00f3 en Centres de Treball a Fran\u00e7a, Pa\u00efsos Baixos i Cro\u00e0cia.<\/p>\n<p>A continuaci\u00f3, podeu consultar les experi\u00e8ncies d\u2019alguns dels nostres alumnes:<\/p>\n<table style=\"border-collapse: collapse; width: 100%; height: 950px;\">\n<tbody>\n<tr>\n<td style=\"width: 33.3333%;\">\n<p><a href=\"https:\/\/www.instagram.com\/eapirineu\/p\/DKhOWTDtDb8\/?hl=es&amp;img_index=1\" target=\"_blank\" rel=\"noopener\"><img loading=\"lazy\" decoding=\"async\" class=\"alignnone size-full wp-image-1304\" src=\"https:\/\/agora.xtec.cat\/eca-pirineu\/wp-content\/uploads\/usu2154\/2025\/06\/504213775_18405359692104684_7622429881940626198_n.webp\" alt=\"\" width=\"1440\" height=\"1440\" srcset=\"https:\/\/agora.xtec.cat\/eca-pirineu\/wp-content\/uploads\/usu2154\/2025\/06\/504213775_18405359692104684_7622429881940626198_n.webp 1440w, https:\/\/agora.xtec.cat\/eca-pirineu\/wp-content\/uploads\/usu2154\/2025\/06\/504213775_18405359692104684_7622429881940626198_n-300x300.webp 300w, https:\/\/agora.xtec.cat\/eca-pirineu\/wp-content\/uploads\/usu2154\/2025\/06\/504213775_18405359692104684_7622429881940626198_n-1024x1024.webp 1024w, https:\/\/agora.xtec.cat\/eca-pirineu\/wp-content\/uploads\/usu2154\/2025\/06\/504213775_18405359692104684_7622429881940626198_n-150x150.webp 150w, https:\/\/agora.xtec.cat\/eca-pirineu\/wp-content\/uploads\/usu2154\/2025\/06\/504213775_18405359692104684_7622429881940626198_n-768x768.webp 768w\" sizes=\"auto, (max-width: 1440px) 100vw, 1440px\" \/><\/a><\/p>\n<\/td>\n<td style=\"width: 33.3333%;\"><a href=\"https:\/\/www.instagram.com\/eapirineu\/p\/DKIO9zdtYtB\/?hl=es&amp;img_index=3\" target=\"_blank\" rel=\"noopener\"><img loading=\"lazy\" decoding=\"async\" class=\"alignnone size-full wp-image-1303\" src=\"https:\/\/agora.xtec.cat\/eca-pirineu\/wp-content\/uploads\/usu2154\/2025\/06\/501766942_18404034418104684_7818156807504452306_n.webp\" alt=\"\" width=\"1440\" height=\"1440\" srcset=\"https:\/\/agora.xtec.cat\/eca-pirineu\/wp-content\/uploads\/usu2154\/2025\/06\/501766942_18404034418104684_7818156807504452306_n.webp 1440w, https:\/\/agora.xtec.cat\/eca-pirineu\/wp-content\/uploads\/usu2154\/2025\/06\/501766942_18404034418104684_7818156807504452306_n-300x300.webp 300w, https:\/\/agora.xtec.cat\/eca-pirineu\/wp-content\/uploads\/usu2154\/2025\/06\/501766942_18404034418104684_7818156807504452306_n-1024x1024.webp 1024w, https:\/\/agora.xtec.cat\/eca-pirineu\/wp-content\/uploads\/usu2154\/2025\/06\/501766942_18404034418104684_7818156807504452306_n-150x150.webp 150w, https:\/\/agora.xtec.cat\/eca-pirineu\/wp-content\/uploads\/usu2154\/2025\/06\/501766942_18404034418104684_7818156807504452306_n-768x768.webp 768w\" sizes=\"auto, (max-width: 1440px) 100vw, 1440px\" \/><\/a><\/td>\n<td style=\"width: 33.3333%;\">\n<p data-pm-slice=\"1 1 []\"><a href=\"https:\/\/www.instagram.com\/eapirineu\/p\/DI4P8bwNMUB\/?hl=es&amp;img_index=2\" target=\"_blank\" rel=\"noopener\"><img loading=\"lazy\" decoding=\"async\" class=\"alignnone size-full wp-image-1302\" src=\"https:\/\/agora.xtec.cat\/eca-pirineu\/wp-content\/uploads\/usu2154\/2025\/06\/491445596_18399719719104684_2353907781795471983_n.webp\" alt=\"\" width=\"1440\" height=\"1440\" srcset=\"https:\/\/agora.xtec.cat\/eca-pirineu\/wp-content\/uploads\/usu2154\/2025\/06\/491445596_18399719719104684_2353907781795471983_n.webp 1440w, https:\/\/agora.xtec.cat\/eca-pirineu\/wp-content\/uploads\/usu2154\/2025\/06\/491445596_18399719719104684_2353907781795471983_n-300x300.webp 300w, https:\/\/agora.xtec.cat\/eca-pirineu\/wp-content\/uploads\/usu2154\/2025\/06\/491445596_18399719719104684_2353907781795471983_n-1024x1024.webp 1024w, https:\/\/agora.xtec.cat\/eca-pirineu\/wp-content\/uploads\/usu2154\/2025\/06\/491445596_18399719719104684_2353907781795471983_n-150x150.webp 150w, https:\/\/agora.xtec.cat\/eca-pirineu\/wp-content\/uploads\/usu2154\/2025\/06\/491445596_18399719719104684_2353907781795471983_n-768x768.webp 768w\" sizes=\"auto, (max-width: 1440px) 100vw, 1440px\" \/><\/a><\/p>\n<\/td>\n<\/tr>\n<tr>\n<td style=\"width: 33.3333%;\">\n<p style=\"text-align: center;\" data-pm-slice=\"1 1 []\"><a href=\"https:\/\/www.instagram.com\/eapirineu\/p\/DKhOWTDtDb8\/?hl=es&amp;img_index=1\" target=\"_blank\" rel=\"noopener\">L&#8217;experi\u00e8ncia d&#8217;en Jorge Navas a Finl\u00e0ndia<\/a><\/p>\n<\/td>\n<td style=\"width: 33.3333%;\">\n<p style=\"text-align: center;\" data-pm-slice=\"1 1 []\"><a href=\"https:\/\/www.instagram.com\/eapirineu\/p\/DKIO9zdtYtB\/?hl=es&amp;img_index=3\" target=\"_blank\" rel=\"noopener\">L&#8217;experi\u00e8ncia d&#8217;en Josep Carrera a Cro\u00e0cia<\/a><\/p>\n<\/td>\n<td style=\"width: 33.3333%;\">\n<p style=\"text-align: center;\" data-pm-slice=\"1 1 []\"><a href=\"https:\/\/www.instagram.com\/eapirineu\/p\/DI4P8bwNMUB\/?hl=es&amp;img_index=2\" target=\"_blank\" rel=\"noopener\">L&#8217;experi\u00e8ncia de l&#8217;alumnat de 2n del CFGM d&#8217;Aprofitament i Conservaci\u00f3 del Medi Natural a Noruega<\/a><\/p>\n<\/td>\n<\/tr>\n<tr style=\"height: 281px;\">\n<td style=\"width: 33.3333%; height: 281px;\">\n<p><a href=\"https:\/\/www.instagram.com\/eapirineu\/reel\/C74HwlVNp5l\/?hl=es\" target=\"_blank\" rel=\"noopener\"><img loading=\"lazy\" decoding=\"async\" class=\"alignnone size-medium wp-image-1132\" src=\"https:\/\/agora.xtec.cat\/eca-pirineu\/wp-content\/uploads\/usu2154\/2024\/09\/Captura-de-pantalla-2024-09-15-181729-300x281.png\" alt=\"\" width=\"300\" height=\"281\" srcset=\"https:\/\/agora.xtec.cat\/eca-pirineu\/wp-content\/uploads\/usu2154\/2024\/09\/Captura-de-pantalla-2024-09-15-181729-300x281.png 300w, https:\/\/agora.xtec.cat\/eca-pirineu\/wp-content\/uploads\/usu2154\/2024\/09\/Captura-de-pantalla-2024-09-15-181729.png 413w\" sizes=\"auto, (max-width: 300px) 100vw, 300px\" \/><\/a><\/p>\n<\/td>\n<td style=\"width: 33.3333%; height: 281px;\"><a href=\"https:\/\/agora.xtec.cat\/eca-pirineu\/wp-content\/uploads\/usu2154\/2024\/06\/448134562_369644912798355_8712067712505957486_n.jpg\"><img loading=\"lazy\" decoding=\"async\" class=\"alignnone size-medium wp-image-1115\" src=\"https:\/\/agora.xtec.cat\/eca-pirineu\/wp-content\/uploads\/usu2154\/2024\/06\/448134562_369644912798355_8712067712505957486_n-300x300.jpg\" alt=\"\" width=\"300\" height=\"300\" srcset=\"https:\/\/agora.xtec.cat\/eca-pirineu\/wp-content\/uploads\/usu2154\/2024\/06\/448134562_369644912798355_8712067712505957486_n-300x300.jpg 300w, https:\/\/agora.xtec.cat\/eca-pirineu\/wp-content\/uploads\/usu2154\/2024\/06\/448134562_369644912798355_8712067712505957486_n-1024x1024.jpg 1024w, https:\/\/agora.xtec.cat\/eca-pirineu\/wp-content\/uploads\/usu2154\/2024\/06\/448134562_369644912798355_8712067712505957486_n-150x150.jpg 150w, https:\/\/agora.xtec.cat\/eca-pirineu\/wp-content\/uploads\/usu2154\/2024\/06\/448134562_369644912798355_8712067712505957486_n-768x768.jpg 768w, https:\/\/agora.xtec.cat\/eca-pirineu\/wp-content\/uploads\/usu2154\/2024\/06\/448134562_369644912798355_8712067712505957486_n.jpg 1200w\" sizes=\"auto, (max-width: 300px) 100vw, 300px\" \/><\/a><\/td>\n<td style=\"width: 33.3333%; height: 281px;\"><a href=\"https:\/\/www.instagram.com\/p\/C6egdlYNoDc\/?img_index=1\" target=\"_blank\" rel=\"noopener\"><img loading=\"lazy\" decoding=\"async\" class=\"alignnone size-full wp-image-1169\" src=\"https:\/\/agora.xtec.cat\/eca-pirineu\/wp-content\/uploads\/usu2154\/2024\/10\/437727604_909564871181507_6367859129246737720_n.jpg\" alt=\"\" width=\"1200\" height=\"1200\" srcset=\"https:\/\/agora.xtec.cat\/eca-pirineu\/wp-content\/uploads\/usu2154\/2024\/10\/437727604_909564871181507_6367859129246737720_n.jpg 1200w, https:\/\/agora.xtec.cat\/eca-pirineu\/wp-content\/uploads\/usu2154\/2024\/10\/437727604_909564871181507_6367859129246737720_n-300x300.jpg 300w, https:\/\/agora.xtec.cat\/eca-pirineu\/wp-content\/uploads\/usu2154\/2024\/10\/437727604_909564871181507_6367859129246737720_n-1024x1024.jpg 1024w, https:\/\/agora.xtec.cat\/eca-pirineu\/wp-content\/uploads\/usu2154\/2024\/10\/437727604_909564871181507_6367859129246737720_n-150x150.jpg 150w, https:\/\/agora.xtec.cat\/eca-pirineu\/wp-content\/uploads\/usu2154\/2024\/10\/437727604_909564871181507_6367859129246737720_n-768x768.jpg 768w\" sizes=\"auto, (max-width: 1200px) 100vw, 1200px\" \/><\/a><\/td>\n<\/tr>\n<tr style=\"height: 23px;\">\n<td style=\"width: 33.3333%; height: 23px; text-align: center;\"><a href=\"https:\/\/www.instagram.com\/eapirineu\/reel\/C74HwlVNp5l\/?hl=es\" target=\"_blank\" rel=\"noopener\">L&#8217;experi\u00e8ncia de la J\u00falia, el Raul, l&#8217;Anna i l&#8217;Aleix\u00a0<\/a><\/td>\n<td style=\"width: 33.3333%; text-align: center; height: 23px;\"><a href=\"https:\/\/www.instagram.com\/p\/C8AHdfCNSTr\/?hl=es&amp;img_index=1\" target=\"_blank\" rel=\"noopener\">L&#8217;experi\u00e8ncia d&#8217;en Ra\u00fal a Finl\u00e0ndia<\/a>\u00a0<\/td>\n<td style=\"width: 33.3333%; height: 23px; text-align: center;\"><a href=\"https:\/\/www.instagram.com\/p\/C6egdlYNoDc\/?img_index=1\" target=\"_blank\" rel=\"noopener\">L&#8217;experi\u00e8ncia de la Jacky, la Cl\u00e0udia i la Laura a Finl\u00e0ndia<\/a><\/td>\n<\/tr>\n<tr style=\"height: 279px;\">\n<td style=\"width: 33.3333%; height: 279px;\"><img loading=\"lazy\" decoding=\"async\" class=\"size-large wp-image-847 aligncenter\" src=\"https:\/\/agora.xtec.cat\/eca-pirineu\/wp-content\/uploads\/usu2154\/2023\/10\/Alex-1024x1024.jpg\" alt=\"\" width=\"1024\" height=\"1024\" srcset=\"https:\/\/agora.xtec.cat\/eca-pirineu\/wp-content\/uploads\/usu2154\/2023\/10\/Alex-1024x1024.jpg 1024w, https:\/\/agora.xtec.cat\/eca-pirineu\/wp-content\/uploads\/usu2154\/2023\/10\/Alex-300x300.jpg 300w, https:\/\/agora.xtec.cat\/eca-pirineu\/wp-content\/uploads\/usu2154\/2023\/10\/Alex-150x150.jpg 150w, https:\/\/agora.xtec.cat\/eca-pirineu\/wp-content\/uploads\/usu2154\/2023\/10\/Alex-768x768.jpg 768w, https:\/\/agora.xtec.cat\/eca-pirineu\/wp-content\/uploads\/usu2154\/2023\/10\/Alex.jpg 1197w\" sizes=\"auto, (max-width: 1024px) 100vw, 1024px\" \/><\/td>\n<td style=\"width: 33.3333%; height: 279px;\"><img loading=\"lazy\" decoding=\"async\" class=\"size-full wp-image-848 aligncenter\" src=\"https:\/\/agora.xtec.cat\/eca-pirineu\/wp-content\/uploads\/usu2154\/2023\/10\/Iris.jpeg\" alt=\"\" width=\"899\" height=\"899\" srcset=\"https:\/\/agora.xtec.cat\/eca-pirineu\/wp-content\/uploads\/usu2154\/2023\/10\/Iris.jpeg 899w, https:\/\/agora.xtec.cat\/eca-pirineu\/wp-content\/uploads\/usu2154\/2023\/10\/Iris-300x300.jpeg 300w, https:\/\/agora.xtec.cat\/eca-pirineu\/wp-content\/uploads\/usu2154\/2023\/10\/Iris-150x150.jpeg 150w, https:\/\/agora.xtec.cat\/eca-pirineu\/wp-content\/uploads\/usu2154\/2023\/10\/Iris-768x768.jpeg 768w\" sizes=\"auto, (max-width: 899px) 100vw, 899px\" \/><\/td>\n<td style=\"width: 33.3333%; height: 279px; text-align: center;\"><img loading=\"lazy\" decoding=\"async\" class=\"size-large wp-image-849 aligncenter\" src=\"https:\/\/agora.xtec.cat\/eca-pirineu\/wp-content\/uploads\/usu2154\/2023\/10\/Joana-i-Gigi-1024x1024.jpeg\" alt=\"\" width=\"1024\" height=\"1024\" srcset=\"https:\/\/agora.xtec.cat\/eca-pirineu\/wp-content\/uploads\/usu2154\/2023\/10\/Joana-i-Gigi-1024x1024.jpeg 1024w, https:\/\/agora.xtec.cat\/eca-pirineu\/wp-content\/uploads\/usu2154\/2023\/10\/Joana-i-Gigi-300x300.jpeg 300w, https:\/\/agora.xtec.cat\/eca-pirineu\/wp-content\/uploads\/usu2154\/2023\/10\/Joana-i-Gigi-150x150.jpeg 150w, https:\/\/agora.xtec.cat\/eca-pirineu\/wp-content\/uploads\/usu2154\/2023\/10\/Joana-i-Gigi-768x768.jpeg 768w, https:\/\/agora.xtec.cat\/eca-pirineu\/wp-content\/uploads\/usu2154\/2023\/10\/Joana-i-Gigi.jpeg 1080w\" sizes=\"auto, (max-width: 1024px) 100vw, 1024px\" \/><\/td>\n<\/tr>\n<tr style=\"height: 23px;\">\n<td style=\"width: 33.3333%; text-align: center; height: 23px;\"><a href=\"https:\/\/www.instagram.com\/p\/Csn-t8ehtok\/?hl=es\" target=\"_blank\" rel=\"noopener\">L&#8217;experi\u00e8ncia de l&#8217;\u00c0lex a Cro\u00e0cia<\/a><\/td>\n<td style=\"width: 33.3333%; text-align: center; height: 23px;\"><a href=\"https:\/\/www.instagram.com\/p\/Cpao91rNrze\/?hl=es\" target=\"_blank\" rel=\"noopener\">L&#8217;experi\u00e8ncia de l&#8217;Iris a Fran\u00e7a<\/a><\/td>\n<td style=\"width: 33.3333%; text-align: center; height: 23px;\"><a href=\"https:\/\/www.instagram.com\/p\/Cp7k93DtKkY\/?hl=es\" target=\"_blank\" rel=\"noopener\">L&#8217;experi\u00e8ncia de la Joana i la Gigi als Pa\u00efsos Baixos<\/a><\/td>\n<\/tr>\n<tr style=\"height: 300px;\">\n<td style=\"width: 33.3333%; text-align: center; height: 300px;\"><a href=\"https:\/\/agora.xtec.cat\/eca-pirineu\/wp-content\/uploads\/usu2154\/2023\/11\/59220008_286421228931114_5563791903898077131_n.jpg\"><img loading=\"lazy\" decoding=\"async\" class=\"aligncenter wp-image-950 size-medium\" src=\"https:\/\/agora.xtec.cat\/eca-pirineu\/wp-content\/uploads\/usu2154\/2023\/11\/59220008_286421228931114_5563791903898077131_n-300x300.jpg\" alt=\"\" width=\"300\" height=\"300\" srcset=\"https:\/\/agora.xtec.cat\/eca-pirineu\/wp-content\/uploads\/usu2154\/2023\/11\/59220008_286421228931114_5563791903898077131_n-300x300.jpg 300w, https:\/\/agora.xtec.cat\/eca-pirineu\/wp-content\/uploads\/usu2154\/2023\/11\/59220008_286421228931114_5563791903898077131_n-1024x1024.jpg 1024w, https:\/\/agora.xtec.cat\/eca-pirineu\/wp-content\/uploads\/usu2154\/2023\/11\/59220008_286421228931114_5563791903898077131_n-150x150.jpg 150w, https:\/\/agora.xtec.cat\/eca-pirineu\/wp-content\/uploads\/usu2154\/2023\/11\/59220008_286421228931114_5563791903898077131_n-768x768.jpg 768w, https:\/\/agora.xtec.cat\/eca-pirineu\/wp-content\/uploads\/usu2154\/2023\/11\/59220008_286421228931114_5563791903898077131_n.jpg 1080w\" sizes=\"auto, (max-width: 300px) 100vw, 300px\" \/><\/a><\/td>\n<td style=\"width: 33.3333%; text-align: center; height: 300px;\"><img loading=\"lazy\" decoding=\"async\" class=\"aligncenter wp-image-947 size-medium\" src=\"https:\/\/agora.xtec.cat\/eca-pirineu\/wp-content\/uploads\/usu2154\/2023\/11\/284280940_329663405911244_4199081560957271700_n-240x300.jpeg\" alt=\"\" width=\"240\" height=\"300\" srcset=\"https:\/\/agora.xtec.cat\/eca-pirineu\/wp-content\/uploads\/usu2154\/2023\/11\/284280940_329663405911244_4199081560957271700_n-240x300.jpeg 240w, https:\/\/agora.xtec.cat\/eca-pirineu\/wp-content\/uploads\/usu2154\/2023\/11\/284280940_329663405911244_4199081560957271700_n-819x1024.jpeg 819w, https:\/\/agora.xtec.cat\/eca-pirineu\/wp-content\/uploads\/usu2154\/2023\/11\/284280940_329663405911244_4199081560957271700_n-768x960.jpeg 768w, https:\/\/agora.xtec.cat\/eca-pirineu\/wp-content\/uploads\/usu2154\/2023\/11\/284280940_329663405911244_4199081560957271700_n.jpeg 1080w\" sizes=\"auto, (max-width: 240px) 100vw, 240px\" \/><\/td>\n<td style=\"width: 33.3333%; text-align: center; height: 300px;\"><a href=\"https:\/\/agora.xtec.cat\/eca-pirineu\/wp-content\/uploads\/usu2154\/2023\/11\/283720196_1138544266703941_3331013118983980361_n.jpeg\"><img loading=\"lazy\" decoding=\"async\" class=\"alignnone size-large wp-image-948\" src=\"https:\/\/agora.xtec.cat\/eca-pirineu\/wp-content\/uploads\/usu2154\/2023\/11\/283720196_1138544266703941_3331013118983980361_n-1024x1024.jpeg\" alt=\"\" width=\"1024\" height=\"1024\" srcset=\"https:\/\/agora.xtec.cat\/eca-pirineu\/wp-content\/uploads\/usu2154\/2023\/11\/283720196_1138544266703941_3331013118983980361_n-1024x1024.jpeg 1024w, https:\/\/agora.xtec.cat\/eca-pirineu\/wp-content\/uploads\/usu2154\/2023\/11\/283720196_1138544266703941_3331013118983980361_n-300x300.jpeg 300w, https:\/\/agora.xtec.cat\/eca-pirineu\/wp-content\/uploads\/usu2154\/2023\/11\/283720196_1138544266703941_3331013118983980361_n-150x150.jpeg 150w, https:\/\/agora.xtec.cat\/eca-pirineu\/wp-content\/uploads\/usu2154\/2023\/11\/283720196_1138544266703941_3331013118983980361_n-768x768.jpeg 768w, https:\/\/agora.xtec.cat\/eca-pirineu\/wp-content\/uploads\/usu2154\/2023\/11\/283720196_1138544266703941_3331013118983980361_n.jpeg 1080w\" sizes=\"auto, (max-width: 1024px) 100vw, 1024px\" \/><\/a><\/td>\n<\/tr>\n<tr style=\"height: 44px;\">\n<td style=\"width: 33.3333%; text-align: center; height: 44px;\"><a href=\"https:\/\/www.instagram.com\/p\/BxaEunblMHY\/?utm_source=ig_web_copy_link&amp;igshid=MzRlODBiNWFlZA%3D%3D&amp;img_index=2\" target=\"_blank\" rel=\"noopener\">L&#8217;experi\u00e8ncia d&#8217;en Ramon i l&#8217;Eduard a Noruega<\/a><\/td>\n<td style=\"width: 33.3333%; text-align: center; height: 44px;\"><a href=\"https:\/\/www.instagram.com\/p\/CeEx47Btp8m\/?utm_source=ig_web_copy_link&amp;igshid=MzRlODBiNWFlZA%3D%3D\" target=\"_blank\" rel=\"noopener\">L&#8217;experi\u00e8ncia de la Fiona a Holanda<\/a><\/td>\n<td style=\"width: 33.3333%; text-align: center; height: 44px;\"><a href=\"https:\/\/www.instagram.com\/p\/CeCPBFztVCG\/?utm_source=ig_web_copy_link&amp;igshid=MzRlODBiNWFlZA%3D%3D\" target=\"_blank\" rel=\"noopener\">L&#8217;experi\u00e8ncia de la Paula i la Judit a Fran\u00e7a<\/a><\/td>\n<\/tr>\n<\/tbody>\n<\/table>\n\n\n\n<p>I d&#8217;altres que venen a aprendre a l&#8217;Escola Agr\u00e0ria del Pirineu:<\/p>\n<table style=\"border-collapse: collapse; width: 100%; height: 304px;\">\n<tbody>\n<tr style=\"height: 281px;\">\n<td style=\"width: 100%; height: 281px;\"><a href=\"https:\/\/agora.xtec.cat\/eca-pirineu\/wp-content\/uploads\/usu2154\/2024\/10\/unnamed-2.png\"><img loading=\"lazy\" decoding=\"async\" class=\"alignnone size-full wp-image-1172\" src=\"https:\/\/agora.xtec.cat\/eca-pirineu\/wp-content\/uploads\/usu2154\/2024\/10\/unnamed-2.png\" alt=\"\" width=\"1024\" height=\"338\" srcset=\"https:\/\/agora.xtec.cat\/eca-pirineu\/wp-content\/uploads\/usu2154\/2024\/10\/unnamed-2.png 1024w, https:\/\/agora.xtec.cat\/eca-pirineu\/wp-content\/uploads\/usu2154\/2024\/10\/unnamed-2-300x99.png 300w, https:\/\/agora.xtec.cat\/eca-pirineu\/wp-content\/uploads\/usu2154\/2024\/10\/unnamed-2-768x254.png 768w\" sizes=\"auto, (max-width: 1024px) 100vw, 1024px\" \/><\/a><\/td>\n<\/tr>\n<tr style=\"height: 23px;\">\n<td style=\"width: 100%; height: 23px; text-align: center;\">Ell \u00e9s l&#8217;Aubin, un alumne franc\u00e8s del THEODORE MONOD (Rennes, Bretanya Francesa), que ha estat fent pr\u00e0ctiques formatives a l&#8217;escola. Ha estat cursant l&#8217;\u00faltim curs de formaci\u00f3 professional agr\u00e0ria a Fran\u00e7a, i ha volgut venir a Catalunya per aprendre noves maneres de treballar abans d&#8217;incorporar-se a l&#8217;explotaci\u00f3 familiar.<\/td>\n<\/tr>\n<\/tbody>\n<\/table>\n\n\n\n<table style=\"border-collapse: collapse; width: 100%; height: 139px;\">\n<tbody>\n<tr style=\"height: 23px;\">\n<td style=\"width: 100%; height: 23px;\"><a href=\"https:\/\/agora.xtec.cat\/eca-pirineu\/wp-content\/uploads\/usu2154\/2025\/06\/unnamed-1.png\"><img loading=\"lazy\" decoding=\"async\" class=\"aligncenter wp-image-1306 size-large\" src=\"https:\/\/agora.xtec.cat\/eca-pirineu\/wp-content\/uploads\/usu2154\/2025\/06\/unnamed-1-e1751280557974-1024x533.png\" alt=\"\" width=\"1024\" height=\"533\" srcset=\"https:\/\/agora.xtec.cat\/eca-pirineu\/wp-content\/uploads\/usu2154\/2025\/06\/unnamed-1-e1751280557974-1024x533.png 1024w, https:\/\/agora.xtec.cat\/eca-pirineu\/wp-content\/uploads\/usu2154\/2025\/06\/unnamed-1-e1751280557974-300x156.png 300w, https:\/\/agora.xtec.cat\/eca-pirineu\/wp-content\/uploads\/usu2154\/2025\/06\/unnamed-1-e1751280557974-768x400.png 768w, https:\/\/agora.xtec.cat\/eca-pirineu\/wp-content\/uploads\/usu2154\/2025\/06\/unnamed-1-e1751280557974.png 1080w\" sizes=\"auto, (max-width: 1024px) 100vw, 1024px\" \/><\/a><\/td>\n<\/tr>\n<tr style=\"height: 116px;\">\n<td style=\"width: 100%; height: 116px; text-align: center;\">Ella \u00e9s l&#8217;<span class=\"il\">Elisabetta<\/span>, una noia italiana que viu a Dinamarca, on ha cursat estudis relacionats amb el m\u00f3n eq\u00fcestre al centre Green Academy Aarhus. A l&#8217;escola ha dut a terme diferents tasques a l&#8217;explotaci\u00f3 eq\u00fcestre: maneig dels cavalls, manteniment b\u00e0sic de les instal\u00b7lacions, entre d&#8217;altres. Ha estat fent l&#8217;estada a la resid\u00e8ncia de l&#8217;escola, de manera que tamb\u00e9 ha pogut interactuar amb l&#8217;alumnat aportant-los una visi\u00f3 m\u00e9s \u00e0mplia del m\u00f3n i donant-los consells per a fer ells una mobilitat.<\/td>\n<\/tr>\n<\/tbody>\n<\/table>\n","protected":false},"excerpt":{"rendered":"<p>Fa m\u00e9s de 30 anys que l\u2019Escola Agr\u00e0ria del Pirineu va comen\u00e7ar a participar en diferents projectes Europeus sobre digitalitzaci\u00f3, programaris i mobilitat d\u2019alumnes. En els \u00faltims anys, s\u2019ha comen\u00e7at a aplicar la mobilitat de l\u2019alumnat per la Formaci\u00f3 en Centres de Treball a Fran\u00e7a, Pa\u00efsos Baixos i Cro\u00e0cia. A continuaci\u00f3, podeu consultar les experi\u00e8ncies [&hellip;]<\/p>\n","protected":false},"author":7,"featured_media":0,"parent":716,"menu_order":5,"comment_status":"closed","ping_status":"close","template":"page-templates\/side-menu.php","meta":{"_bbp_topic_count":0,"_bbp_reply_count":0,"_bbp_total_topic_count":0,"_bbp_total_reply_count":0,"_bbp_voice_count":0,"_bbp_anonymous_reply_count":0,"_bbp_topic_count_hidden":0,"_bbp_reply_count_hidden":0,"_bbp_forum_subforum_count":0,"site-sidebar-layout":"default","site-content-layout":"","ast-site-content-layout":"","site-content-style":"default","site-sidebar-style":"default","ast-global-header-display":"","ast-banner-title-visibility":"","ast-main-header-display":"","ast-hfb-above-header-display":"","ast-hfb-below-header-display":"","ast-hfb-mobile-header-display":"","site-post-title":"","ast-breadcrumbs-content":"","ast-featured-img":"","footer-sml-layout":"","theme-transparent-header-meta":"","adv-header-id-meta":"","stick-header-meta":"","header-above-stick-meta":"","header-main-stick-meta":"","header-below-stick-meta":"","astra-migrate-meta-layouts":"default","ast-page-background-enabled":"default","ast-page-background-meta":{"desktop":{"background-color":"var(--ast-global-color-4)","background-image":"","background-repeat":"repeat","background-position":"center center","background-size":"auto","background-attachment":"scroll","background-type":"","background-media":"","overlay-type":"","overlay-color":"","overlay-opacity":"","overlay-gradient":""},"tablet":{"background-color":"","background-image":"","background-repeat":"repeat","background-position":"center center","background-size":"auto","background-attachment":"scroll","background-type":"","background-media":"","overlay-type":"","overlay-color":"","overlay-opacity":"","overlay-gradient":""},"mobile":{"background-color":"","background-image":"","background-repeat":"repeat","background-position":"center center","background-size":"auto","background-attachment":"scroll","background-type":"","background-media":"","overlay-type":"","overlay-color":"","overlay-opacity":"","overlay-gradient":""}},"ast-content-background-meta":{"desktop":{"background-color":"var(--ast-global-color-5)","background-image":"","background-repeat":"repeat","background-position":"center center","background-size":"auto","background-attachment":"scroll","background-type":"","background-media":"","overlay-type":"","overlay-color":"","overlay-opacity":"","overlay-gradient":""},"tablet":{"background-color":"var(--ast-global-color-5)","background-image":"","background-repeat":"repeat","background-position":"center center","background-size":"auto","background-attachment":"scroll","background-type":"","background-media":"","overlay-type":"","overlay-color":"","overlay-opacity":"","overlay-gradient":""},"mobile":{"background-color":"var(--ast-global-color-5)","background-image":"","background-repeat":"repeat","background-position":"center center","background-size":"auto","background-attachment":"scroll","background-type":"","background-media":"","overlay-type":"","overlay-color":"","overlay-opacity":"","overlay-gradient":""}},"footnotes":""},"class_list":["post-835","page","type-page","status-publish","hentry"],"post_mailing_queue_ids":[],"_links":{"self":[{"href":"https:\/\/agora.xtec.cat\/eca-pirineu\/wp-json\/wp\/v2\/pages\/835","targetHints":{"allow":["GET"]}}],"collection":[{"href":"https:\/\/agora.xtec.cat\/eca-pirineu\/wp-json\/wp\/v2\/pages"}],"about":[{"href":"https:\/\/agora.xtec.cat\/eca-pirineu\/wp-json\/wp\/v2\/types\/page"}],"author":[{"embeddable":true,"href":"https:\/\/agora.xtec.cat\/eca-pirineu\/wp-json\/wp\/v2\/users\/7"}],"replies":[{"embeddable":true,"href":"https:\/\/agora.xtec.cat\/eca-pirineu\/wp-json\/wp\/v2\/comments?post=835"}],"version-history":[{"count":5,"href":"https:\/\/agora.xtec.cat\/eca-pirineu\/wp-json\/wp\/v2\/pages\/835\/revisions"}],"predecessor-version":[{"id":1308,"href":"https:\/\/agora.xtec.cat\/eca-pirineu\/wp-json\/wp\/v2\/pages\/835\/revisions\/1308"}],"up":[{"embeddable":true,"href":"https:\/\/agora.xtec.cat\/eca-pirineu\/wp-json\/wp\/v2\/pages\/716"}],"wp:attachment":[{"href":"https:\/\/agora.xtec.cat\/eca-pirineu\/wp-json\/wp\/v2\/media?parent=835"}],"curies":[{"name":"wp","href":"https:\/\/api.w.org\/{rel}","templated":true}]}}