{"id":689,"date":"2022-12-05T15:04:17","date_gmt":"2022-12-05T14:04:17","guid":{"rendered":"https:\/\/agora.xtec.cat\/eca-pirineu\/?page_id=689"},"modified":"2023-11-08T14:27:16","modified_gmt":"2023-11-08T13:27:16","slug":"instal-lacions","status":"publish","type":"page","link":"https:\/\/agora.xtec.cat\/eca-pirineu\/instal-lacions\/","title":{"rendered":"Instal\u00b7lacions"},"content":{"rendered":"\n<p>El centre compta amb diverses instal\u00b7lacions, totes elles pensades tant per facilitar la doc\u00e8ncia de l\u2019alumnat com la seva estada al centre educatiu. Totes elles es poden agrupar en 3 grans blocs: l\u2019edifici principal, la zona de tallers i l\u2019explotaci\u00f3.<\/p>\n<p><strong>Edifici principal<\/strong><\/p>\n<table style=\"border-collapse: collapse; width: 100%;\">\n<tbody>\n<tr>\n<td style=\"width: 66.7857%;\">\n<ul>\n<li><u>Resid\u00e8ncia<\/u>: l\u2019escola compta amb una resid\u00e8ncia amb 54 places oberta de dilluns a divendres, i disponible per a\u00a0tot l\u2019alumnat que ho necessiti. Les habitacions estan situades a la 1a i 2a planta de l\u2019edifici principal, amb unes magn\u00edfiques vistes a la Serra del Cad\u00ed. Es tracta d\u2019habitacions dobles amb bany compartit entre dues habitacions. Pels residents s\u2019organitzen diverses activitats fora de l\u2019horari lectiu: dues tardes a la setmana tenen d\u2019acc\u00e9s a l\u2019aula d\u2019inform\u00e0tica i cada any s\u2019organitzen altres activitats en funci\u00f3 dels interessos, inquietuds i necessitats dels alumnes.<\/li>\n<\/ul>\n<\/td>\n<td style=\"width: 33.2143%;\"><img loading=\"lazy\" decoding=\"async\" class=\"wp-image-804 size-medium aligncenter\" src=\"https:\/\/agora.xtec.cat\/eca-pirineu\/wp-content\/uploads\/usu2154\/2023\/10\/habitacio_1-1-225x300.jpg\" alt=\"\" width=\"225\" height=\"300\" srcset=\"https:\/\/agora.xtec.cat\/eca-pirineu\/wp-content\/uploads\/usu2154\/2023\/10\/habitacio_1-1-225x300.jpg 225w, https:\/\/agora.xtec.cat\/eca-pirineu\/wp-content\/uploads\/usu2154\/2023\/10\/habitacio_1-1-768x1024.jpg 768w, https:\/\/agora.xtec.cat\/eca-pirineu\/wp-content\/uploads\/usu2154\/2023\/10\/habitacio_1-1.jpg 1144w\" sizes=\"auto, (max-width: 225px) 100vw, 225px\" \/><\/td>\n<\/tr>\n<tr>\n<td style=\"width: 66.7857%;\">\n<ul>\n<li><u>Aules<\/u>: les instal\u00b7lacions del centre consten de quatre aules; una aula d\u2019audiovisuals, una aula de dibuix, una aula\u00a0d\u2019inform\u00e0tica, i una aula agroaliment\u00e0ria. L\u2019aula d\u2019inform\u00e0tica est\u00e0 equipada amb 25 ordinadors en xarxa amb doble \u00fas individual, on l\u2019alumnat pot fer una recerca d\u2019informaci\u00f3 i un \u00fas docent i formatiu. A l\u2019aula agroaliment\u00e0ria, l\u2019alumnat hi realitza una \u00e0mplia diversitat d\u2019activitats, cursos i tallers de formatgeria, cursos d\u2019elaboraci\u00f3 de melmelades, conservaci\u00f3 de verdures o petites transformacions c\u00e0rnies.<\/li>\n<\/ul>\n<\/td>\n<td style=\"width: 33.2143%;\"><img loading=\"lazy\" decoding=\"async\" class=\"aligncenter wp-image-805 size-medium\" src=\"https:\/\/agora.xtec.cat\/eca-pirineu\/wp-content\/uploads\/usu2154\/2023\/10\/Aula1-300x169.jpg\" alt=\"\" width=\"300\" height=\"169\" srcset=\"https:\/\/agora.xtec.cat\/eca-pirineu\/wp-content\/uploads\/usu2154\/2023\/10\/Aula1-300x169.jpg 300w, https:\/\/agora.xtec.cat\/eca-pirineu\/wp-content\/uploads\/usu2154\/2023\/10\/Aula1.jpg 574w\" sizes=\"auto, (max-width: 300px) 100vw, 300px\" \/><\/td>\n<\/tr>\n<tr>\n<td style=\"width: 66.7857%;\">\n<ul>\n<li><u>Biblioteca<\/u>: el centre disposa d\u2019una biblioteca amb un ampli ventall de llibres per cobrir l\u2019\u00e0mbit tem\u00e0tic impartit en\u00a0el centre, aix\u00ed com un cat\u00e0leg de revistes del sector agr\u00edcola, forestal, ramader i equ\u00ed per poder estar en permanent contacte amb els canvis i novetats dels diferents sectors.<\/li>\n<\/ul>\n<\/td>\n<td style=\"width: 33.2143%;\"><img loading=\"lazy\" decoding=\"async\" class=\"aligncenter wp-image-806 size-full\" src=\"https:\/\/agora.xtec.cat\/eca-pirineu\/wp-content\/uploads\/usu2154\/2023\/10\/Biblioteca.jpg\" alt=\"\" width=\"300\" height=\"225\" srcset=\"https:\/\/agora.xtec.cat\/eca-pirineu\/wp-content\/uploads\/usu2154\/2023\/10\/Biblioteca.jpg 300w, https:\/\/agora.xtec.cat\/eca-pirineu\/wp-content\/uploads\/usu2154\/2023\/10\/Biblioteca-200x150.jpg 200w\" sizes=\"auto, (max-width: 300px) 100vw, 300px\" \/><\/td>\n<\/tr>\n<tr>\n<td style=\"width: 66.7857%;\">\n<ul>\n<li><u>Laboratori<\/u>: el centre disposa d\u2019un espai perfectament equipat on es realitzen diverses pr\u00e0ctiques, com ara craniometries per con\u00e8ixer l\u2019edat dels cavalls, disseccions de peixos, taller de rastres, tallers bot\u00e0nics i de patologia forestal, morfologia del s\u00f2l, reconeixement d\u2019insectes, herbaris de males herbes&#8230; entre d\u2019altres.<\/li>\n<\/ul>\n<\/td>\n<td style=\"width: 33.2143%;\"><img loading=\"lazy\" decoding=\"async\" class=\"aligncenter wp-image-807 size-medium\" src=\"https:\/\/agora.xtec.cat\/eca-pirineu\/wp-content\/uploads\/usu2154\/2023\/10\/Laboratori-300x300.jpg\" alt=\"\" width=\"300\" height=\"300\" srcset=\"https:\/\/agora.xtec.cat\/eca-pirineu\/wp-content\/uploads\/usu2154\/2023\/10\/Laboratori-300x300.jpg 300w, https:\/\/agora.xtec.cat\/eca-pirineu\/wp-content\/uploads\/usu2154\/2023\/10\/Laboratori-150x150.jpg 150w, https:\/\/agora.xtec.cat\/eca-pirineu\/wp-content\/uploads\/usu2154\/2023\/10\/Laboratori.jpg 404w\" sizes=\"auto, (max-width: 300px) 100vw, 300px\" \/><\/td>\n<\/tr>\n<tr>\n<td style=\"width: 66.7857%;\">\n<ul>\n<li><u>Menjador<\/u>: l\u2019escola disposa d\u2019un servei de cuina propi amb un menjador amb 100 places, tant pels residents com pels assistents dels cursos de formaci\u00f3 cont\u00ednua.<\/li>\n<\/ul>\n<\/td>\n<td style=\"width: 33.2143%;\"><img loading=\"lazy\" decoding=\"async\" class=\"aligncenter wp-image-808 size-medium\" src=\"https:\/\/agora.xtec.cat\/eca-pirineu\/wp-content\/uploads\/usu2154\/2023\/10\/Menjador-300x225.jpg\" alt=\"\" width=\"300\" height=\"225\" srcset=\"https:\/\/agora.xtec.cat\/eca-pirineu\/wp-content\/uploads\/usu2154\/2023\/10\/Menjador-300x225.jpg 300w, https:\/\/agora.xtec.cat\/eca-pirineu\/wp-content\/uploads\/usu2154\/2023\/10\/Menjador-200x150.jpg 200w, https:\/\/agora.xtec.cat\/eca-pirineu\/wp-content\/uploads\/usu2154\/2023\/10\/Menjador.jpg 469w\" sizes=\"auto, (max-width: 300px) 100vw, 300px\" \/><\/td>\n<\/tr>\n<\/tbody>\n<\/table>\n<p><strong>Tallers<\/strong><\/p>\n<p>Als tallers hi trobarem els magatzems de material i maquin\u00e0ria, els tallers de forestal (soldadura i maquin\u00e0ria forestal) i el de ferrament; aix\u00ed com els vestuaris.<\/p>\n<table style=\"border-collapse: collapse; width: 100%; height: 444px;\">\n<tbody>\n<tr style=\"height: 254px;\">\n<td style=\"width: 26.9048%; height: 254px;\">\n<figure class=\"figure wp-caption aligncenter\"><img loading=\"lazy\" decoding=\"async\" class=\"wp-image-809 size-full\" src=\"https:\/\/agora.xtec.cat\/eca-pirineu\/wp-content\/uploads\/usu2154\/2023\/10\/foto_15-taller-mecanitzacio.jpg_1658547991.jpg\" alt=\"\" width=\"300\" height=\"225\" srcset=\"https:\/\/agora.xtec.cat\/eca-pirineu\/wp-content\/uploads\/usu2154\/2023\/10\/foto_15-taller-mecanitzacio.jpg_1658547991.jpg 300w, https:\/\/agora.xtec.cat\/eca-pirineu\/wp-content\/uploads\/usu2154\/2023\/10\/foto_15-taller-mecanitzacio.jpg_1658547991-200x150.jpg 200w\" sizes=\"auto, (max-width: 300px) 100vw, 300px\" \/><figcaption class=\"wp-caption-text\">\u00a0<\/figcaption><\/figure>\n<\/td>\n<td style=\"width: 73.0952%; height: 254px;\">\n<ul>\n<li><u>Taller de mecanitzaci\u00f3<\/u>: aula ideada per l\u2019alumnat del cicle formatiu d\u2019aprofitament i conservaci\u00f3 del medi natural. En aquesta disposen de totes les eines necess\u00e0ries per dur a terme els treballs de manteniment i reparaci\u00f3 d\u2019eines manuals, aix\u00ed com de coneixement b\u00e0sic de motors i treball amb ferro.<\/li>\n<\/ul>\n<\/td>\n<\/tr>\n<tr style=\"height: 190px;\">\n<td style=\"width: 26.9048%; height: 190px;\"><img loading=\"lazy\" decoding=\"async\" class=\"aligncenter wp-image-810 size-full\" src=\"https:\/\/agora.xtec.cat\/eca-pirineu\/wp-content\/uploads\/usu2154\/2023\/10\/Foto_16-ferradors.jpg_889254998.jpg\" alt=\"\" width=\"300\" height=\"169\" \/><\/td>\n<td style=\"width: 73.0952%; height: 190px;\">\n<ul>\n<li><u>Taller de ferradors<\/u>: aula amb els mitjans necessaris per la preparaci\u00f3 i acabat del ferrament, forges, encluses i barres de ferro. L\u2019alumnat hi realitza les operacions necess\u00e0ries per obtenir un acabat correcte del ferrament, realitzar tasques de desreblada, aprendre les diferents t\u00e8cniques de soldadura, forja i ferrament&#8230;<\/li>\n<\/ul>\n<\/td>\n<\/tr>\n<\/tbody>\n<\/table>\n<p><strong>Explotaci\u00f3<\/strong><\/p>\n<table style=\"border-collapse: collapse; width: 100%;\">\n<tbody>\n<tr>\n<td style=\"width: 71.9048%;\">\n<ul>\n<li><u>Instal\u00b7lacions eq\u00fcestres<\/u>: l\u2019alumnat del cicle formatiu d\u2019activitats eq\u00fcestres disposa d\u2019unes instal\u00b7lacions amb p\u00e0docs, parideres, dutxes, n\u00f2ria, pista rodona i dues pistes d\u2019equitaci\u00f3. A m\u00e9s, compta amb diversos espais en camps on els cavalls estan en llibertat.<\/li>\n<\/ul>\n<\/td>\n<td style=\"width: 28.0952%;\"><img loading=\"lazy\" decoding=\"async\" class=\"aligncenter wp-image-811 size-medium\" src=\"https:\/\/agora.xtec.cat\/eca-pirineu\/wp-content\/uploads\/usu2154\/2023\/10\/Equestres-300x273.jpg\" alt=\"\" width=\"300\" height=\"273\" srcset=\"https:\/\/agora.xtec.cat\/eca-pirineu\/wp-content\/uploads\/usu2154\/2023\/10\/Equestres-300x273.jpg 300w, https:\/\/agora.xtec.cat\/eca-pirineu\/wp-content\/uploads\/usu2154\/2023\/10\/Equestres.jpg 344w\" sizes=\"auto, (max-width: 300px) 100vw, 300px\" \/><\/td>\n<\/tr>\n<tr>\n<td style=\"width: 71.9048%;\">\n<ul>\n<li><u>Camp de pr\u00e0ctiques<\/u>: el camp de pr\u00e0ctiques de l\u2019escola disposa d\u2019un hivernacle amb terra de formig\u00f3, un umbracle amb el terra geot\u00e8xtil i reg per difusor i un viver forestal amb plantacions de plantes arom\u00e0tiques, petits fruits, productors de fusta i fruiters de muntanya. Destacar tamb\u00e9 que es realitzen diferents pr\u00e0ctiques en boscos i camins en l\u2019entorn proper a l\u2019escola.<\/li>\n<\/ul>\n<\/td>\n<td style=\"width: 28.0952%;\"><img loading=\"lazy\" decoding=\"async\" class=\"aligncenter wp-image-812 size-medium\" src=\"https:\/\/agora.xtec.cat\/eca-pirineu\/wp-content\/uploads\/usu2154\/2023\/10\/Camp-practiques-225x300.jpg\" alt=\"\" width=\"225\" height=\"300\" srcset=\"https:\/\/agora.xtec.cat\/eca-pirineu\/wp-content\/uploads\/usu2154\/2023\/10\/Camp-practiques-225x300.jpg 225w, https:\/\/agora.xtec.cat\/eca-pirineu\/wp-content\/uploads\/usu2154\/2023\/10\/Camp-practiques.jpg 356w\" sizes=\"auto, (max-width: 225px) 100vw, 225px\" \/><\/td>\n<\/tr>\n<tr>\n<td style=\"width: 71.9048%;\">\n<ul>\n<li><a href=\"https:\/\/agora.xtec.cat\/eca-pirineu\/iniciatives-i-altres-serveis\/centre-de-testatge-de-races-autoctones\/\" target=\"_blank\" rel=\"noopener\"><u>Centre de testatge de races aut\u00f2ctones<\/u><\/a><\/li>\n<\/ul>\n<\/td>\n<td style=\"width: 28.0952%;\"><img loading=\"lazy\" decoding=\"async\" class=\"aligncenter wp-image-813 size-full\" src=\"https:\/\/agora.xtec.cat\/eca-pirineu\/wp-content\/uploads\/usu2154\/2023\/10\/februpi_1.jpg_916037107.jpg\" alt=\"\" width=\"300\" height=\"177\" \/><\/td>\n<\/tr>\n<\/tbody>\n<\/table>\n<p>\u00a0<\/p>\n","protected":false},"excerpt":{"rendered":"<p>El centre compta amb diverses instal\u00b7lacions, totes elles pensades tant per facilitar la doc\u00e8ncia de l\u2019alumnat com la seva estada al centre educatiu. Totes elles es poden agrupar en 3 grans blocs: l\u2019edifici principal, la zona de tallers i l\u2019explotaci\u00f3.<br \/>\nEdifici principal<\/p>\n<ul>\n<li>Resid\u00e8ncia: l\u2019escola compta amb una&hellip;  <a href=\"https:\/\/agora.xtec.cat\/eca-pirineu\/instal-lacions\/\" title=\"Read Instal\u00b7lacions\">Llegeix m\u00e9s\u00bb<\/a><br \/>\n","protected":false},"author":1,"featured_media":0,"parent":0,"menu_order":0,"comment_status":"closed","ping_status":"close","template":"page-templates\/side-menu.php","meta":{"_bbp_topic_count":0,"_bbp_reply_count":0,"_bbp_total_topic_count":0,"_bbp_total_reply_count":0,"_bbp_voice_count":0,"_bbp_anonymous_reply_count":0,"_bbp_topic_count_hidden":0,"_bbp_reply_count_hidden":0,"_bbp_forum_subforum_count":0,"footnotes":""},"class_list":["post-689","page","type-page","status-publish","hentry"],"post_mailing_queue_ids":[],"_links":{"self":[{"href":"https:\/\/agora.xtec.cat\/eca-pirineu\/wp-json\/wp\/v2\/pages\/689","targetHints":{"allow":["GET"]}}],"collection":[{"href":"https:\/\/agora.xtec.cat\/eca-pirineu\/wp-json\/wp\/v2\/pages"}],"about":[{"href":"https:\/\/agora.xtec.cat\/eca-pirineu\/wp-json\/wp\/v2\/types\/page"}],"author":[{"embeddable":true,"href":"https:\/\/agora.xtec.cat\/eca-pirineu\/wp-json\/wp\/v2\/users\/1"}],"replies":[{"embeddable":true,"href":"https:\/\/agora.xtec.cat\/eca-pirineu\/wp-json\/wp\/v2\/comments?post=689"}],"version-history":[{"count":6,"href":"https:\/\/agora.xtec.cat\/eca-pirineu\/wp-json\/wp\/v2\/pages\/689\/revisions"}],"predecessor-version":[{"id":943,"href":"https:\/\/agora.xtec.cat\/eca-pirineu\/wp-json\/wp\/v2\/pages\/689\/revisions\/943"}],"wp:attachment":[{"href":"https:\/\/agora.xtec.cat\/eca-pirineu\/wp-json\/wp\/v2\/media?parent=689"}],"curies":[{"name":"wp","href":"https:\/\/api.w.org\/{rel}","templated":true}]}}