{"id":645,"date":"2022-11-21T14:39:51","date_gmt":"2022-11-21T13:39:51","guid":{"rendered":"https:\/\/agora.xtec.cat\/eca-pirineu\/?page_id=645"},"modified":"2025-05-19T13:33:20","modified_gmt":"2025-05-19T11:33:20","slug":"cicle-formatiu-grau-mitja-aprofitament-conservacio-medi-natural","status":"publish","type":"page","link":"https:\/\/agora.xtec.cat\/eca-pirineu\/cicles-formatius\/cicle-formatiu-grau-mitja-aprofitament-conservacio-medi-natural\/","title":{"rendered":"Cicle Formatiu de Grau Mitj\u00e0 d&#8217;Aprofitament i Conservaci\u00f3 del Medi Natural"},"content":{"rendered":"\n<p>L\u2019<strong>Escola Agr\u00e0ria del Pirineu<\/strong>, al trobar-se ubicada en una de les comarques amb major superf\u00edcie forestal de Catalunya, <strong>l\u2019Alt Urgell<\/strong>, i degut\u00a0 la proximitat amb el Parc Natural del Cad\u00ed-Moixer\u00f3 i el Parc Natural de l\u2019Alt Pirineu, \u00e9s clau per refor\u00e7ar i optimitzar els punts d\u2019uni\u00f3 referents a la formaci\u00f3 forestal.<\/p>\n<p>Ofereix el <strong>Cicle Formatiu de Grau Mitj\u00e0 d\u2019Aprofitament i Conservaci\u00f3 del Medi Natural<\/strong>, uns estudis que capaciten per a desenvolupar tasques pr\u00f2pies del m\u00f3n forestal: aprofitaments, manteniment d\u2019espais naturals, guies de natura, agents rurals o bombers.<\/p>\n<p><span class=\"color15\"><strong>Organitzaci\u00f3 curricular 1r Curs CFGM Aprofitament i Conservaci\u00f3 del Medi Natural<\/strong><\/span><\/p>\n<p><a href=\"https:\/\/agora.xtec.cat\/eca-pirineu\/wp-content\/uploads\/usu2154\/2025\/05\/1r-AP.png\"><img loading=\"lazy\" decoding=\"async\" class=\"alignnone size-full wp-image-1297\" src=\"https:\/\/agora.xtec.cat\/eca-pirineu\/wp-content\/uploads\/usu2154\/2025\/05\/1r-AP.png\" alt=\"\" width=\"850\" height=\"365\" srcset=\"https:\/\/agora.xtec.cat\/eca-pirineu\/wp-content\/uploads\/usu2154\/2025\/05\/1r-AP.png 850w, https:\/\/agora.xtec.cat\/eca-pirineu\/wp-content\/uploads\/usu2154\/2025\/05\/1r-AP-300x129.png 300w, https:\/\/agora.xtec.cat\/eca-pirineu\/wp-content\/uploads\/usu2154\/2025\/05\/1r-AP-768x330.png 768w\" sizes=\"auto, (max-width: 850px) 100vw, 850px\" \/><\/a><\/p>\n<p><span class=\"color15\"><strong>Organitzaci\u00f3 curricular 2n Curs CFGM Aprofitament i Conservaci\u00f3 del Medi Natural<\/strong><\/span><\/p>\n<p><a href=\"https:\/\/agora.xtec.cat\/eca-pirineu\/wp-content\/uploads\/usu2154\/2025\/05\/2n-AP.png\"><img loading=\"lazy\" decoding=\"async\" class=\"alignnone size-full wp-image-1298\" src=\"https:\/\/agora.xtec.cat\/eca-pirineu\/wp-content\/uploads\/usu2154\/2025\/05\/2n-AP.png\" alt=\"\" width=\"850\" height=\"209\" srcset=\"https:\/\/agora.xtec.cat\/eca-pirineu\/wp-content\/uploads\/usu2154\/2025\/05\/2n-AP.png 850w, https:\/\/agora.xtec.cat\/eca-pirineu\/wp-content\/uploads\/usu2154\/2025\/05\/2n-AP-300x74.png 300w, https:\/\/agora.xtec.cat\/eca-pirineu\/wp-content\/uploads\/usu2154\/2025\/05\/2n-AP-768x189.png 768w\" sizes=\"auto, (max-width: 850px) 100vw, 850px\" \/><\/a><\/p>\n<p><strong>Sortides laborals<\/strong><\/p>\n<ul>\n<li><img loading=\"lazy\" decoding=\"async\" class=\"alignright wp-image-821 size-medium\" src=\"https:\/\/agora.xtec.cat\/eca-pirineu\/wp-content\/uploads\/usu2154\/2023\/10\/Forestals2-225x300.jpeg\" alt=\"\" width=\"225\" height=\"300\" srcset=\"https:\/\/agora.xtec.cat\/eca-pirineu\/wp-content\/uploads\/usu2154\/2023\/10\/Forestals2-225x300.jpeg 225w, https:\/\/agora.xtec.cat\/eca-pirineu\/wp-content\/uploads\/usu2154\/2023\/10\/Forestals2-768x1024.jpeg 768w, https:\/\/agora.xtec.cat\/eca-pirineu\/wp-content\/uploads\/usu2154\/2023\/10\/Forestals2-1152x1536.jpeg 1152w, https:\/\/agora.xtec.cat\/eca-pirineu\/wp-content\/uploads\/usu2154\/2023\/10\/Forestals2.jpeg 1536w\" sizes=\"auto, (max-width: 225px) 100vw, 225px\" \/><img loading=\"lazy\" decoding=\"async\" class=\"alignright wp-image-820 \" src=\"https:\/\/agora.xtec.cat\/eca-pirineu\/wp-content\/uploads\/usu2154\/2023\/10\/Forestals1-225x300.jpeg\" alt=\"\" width=\"224\" height=\"299\" srcset=\"https:\/\/agora.xtec.cat\/eca-pirineu\/wp-content\/uploads\/usu2154\/2023\/10\/Forestals1-225x300.jpeg 225w, https:\/\/agora.xtec.cat\/eca-pirineu\/wp-content\/uploads\/usu2154\/2023\/10\/Forestals1-768x1024.jpeg 768w, https:\/\/agora.xtec.cat\/eca-pirineu\/wp-content\/uploads\/usu2154\/2023\/10\/Forestals1-1152x1536.jpeg 1152w, https:\/\/agora.xtec.cat\/eca-pirineu\/wp-content\/uploads\/usu2154\/2023\/10\/Forestals1.jpeg 1536w\" sizes=\"auto, (max-width: 224px) 100vw, 224px\" \/>H\u00e0bitat forestal<\/li>\n<li>Activitats mediambientals<\/li>\n<li>Esp\u00e8cies arb\u00f2ries, cineg\u00e8tiques i pisc\u00edcoles<\/li>\n<li>Productes forestals<\/li>\n<li>Vigil\u00e0ncia del patrimoni forestal<\/li>\n<li>Restauraci\u00f3 del medi f\u00edsic<\/li>\n<li>\u00c0rees recreatives i d\u2019esplai<\/li>\n<li>Maquin\u00e0ria forestal<\/li>\n<\/ul>\n<p>\u00a0<\/p>\n<p>\u00a0<\/p>\n<p><a href=\"https:\/\/agora.xtec.cat\/eca-pirineu\/wp-content\/uploads\/usu2154\/2025\/02\/CFGM-AprConsMedi-2025.pdf\" target=\"_blank\" rel=\"noopener\"><img loading=\"lazy\" decoding=\"async\" class=\"alignnone size-full wp-image-712\" src=\"https:\/\/agora.xtec.cat\/eca-pirineu\/wp-content\/uploads\/usu2154\/2023\/03\/EA-Pirineu_Triptic-medi-natural.png\" alt=\"\" width=\"1024\" height=\"338\" srcset=\"https:\/\/agora.xtec.cat\/eca-pirineu\/wp-content\/uploads\/usu2154\/2023\/03\/EA-Pirineu_Triptic-medi-natural.png 1024w, https:\/\/agora.xtec.cat\/eca-pirineu\/wp-content\/uploads\/usu2154\/2023\/03\/EA-Pirineu_Triptic-medi-natural-300x99.png 300w, https:\/\/agora.xtec.cat\/eca-pirineu\/wp-content\/uploads\/usu2154\/2023\/03\/EA-Pirineu_Triptic-medi-natural-768x254.png 768w\" sizes=\"auto, (max-width: 1024px) 100vw, 1024px\" \/><\/a><\/p>\n<p>\u00a0<\/p>\n<p>\u00a0<\/p>\n<p>\u00a0<\/p>\n","protected":false},"excerpt":{"rendered":"<p>L\u2019Escola Agr\u00e0ria del Pirineu, al trobar-se ubicada en una de les comarques amb major superf\u00edcie forestal de Catalunya, l\u2019Alt Urgell, i degut\u00a0 la proximitat amb el Parc Natural del Cad\u00ed-Moixer\u00f3 i el Parc Natural de l\u2019Alt Pirineu, \u00e9s clau per refor\u00e7ar i optimitzar els punts&hellip;  <a href=\"https:\/\/agora.xtec.cat\/eca-pirineu\/cicles-formatius\/cicle-formatiu-grau-mitja-aprofitament-conservacio-medi-natural\/\" title=\"Read Cicle Formatiu de Grau Mitj\u00e0 d&#8217;Aprofitament i Conservaci\u00f3 del Medi Natural\">Llegeix m\u00e9s\u00bb<\/a><\/p>\n","protected":false},"author":1,"featured_media":0,"parent":716,"menu_order":0,"comment_status":"closed","ping_status":"closed","template":"page-templates\/side-menu.php","meta":{"_bbp_topic_count":0,"_bbp_reply_count":0,"_bbp_total_topic_count":0,"_bbp_total_reply_count":0,"_bbp_voice_count":0,"_bbp_anonymous_reply_count":0,"_bbp_topic_count_hidden":0,"_bbp_reply_count_hidden":0,"_bbp_forum_subforum_count":0,"footnotes":""},"class_list":["post-645","page","type-page","status-publish","hentry"],"post_mailing_queue_ids":[],"_links":{"self":[{"href":"https:\/\/agora.xtec.cat\/eca-pirineu\/wp-json\/wp\/v2\/pages\/645","targetHints":{"allow":["GET"]}}],"collection":[{"href":"https:\/\/agora.xtec.cat\/eca-pirineu\/wp-json\/wp\/v2\/pages"}],"about":[{"href":"https:\/\/agora.xtec.cat\/eca-pirineu\/wp-json\/wp\/v2\/types\/page"}],"author":[{"embeddable":true,"href":"https:\/\/agora.xtec.cat\/eca-pirineu\/wp-json\/wp\/v2\/users\/1"}],"replies":[{"embeddable":true,"href":"https:\/\/agora.xtec.cat\/eca-pirineu\/wp-json\/wp\/v2\/comments?post=645"}],"version-history":[{"count":6,"href":"https:\/\/agora.xtec.cat\/eca-pirineu\/wp-json\/wp\/v2\/pages\/645\/revisions"}],"predecessor-version":[{"id":1299,"href":"https:\/\/agora.xtec.cat\/eca-pirineu\/wp-json\/wp\/v2\/pages\/645\/revisions\/1299"}],"up":[{"embeddable":true,"href":"https:\/\/agora.xtec.cat\/eca-pirineu\/wp-json\/wp\/v2\/pages\/716"}],"wp:attachment":[{"href":"https:\/\/agora.xtec.cat\/eca-pirineu\/wp-json\/wp\/v2\/media?parent=645"}],"curies":[{"name":"wp","href":"https:\/\/api.w.org\/{rel}","templated":true}]}}