{"id":1214,"date":"2025-01-31T12:22:26","date_gmt":"2025-01-31T11:22:26","guid":{"rendered":"https:\/\/agora.xtec.cat\/eca-pirineu\/?page_id=1214"},"modified":"2025-01-31T12:23:55","modified_gmt":"2025-01-31T11:23:55","slug":"termes-i-condicions-dus-de-les-dades-de-caracter-personal","status":"publish","type":"page","link":"https:\/\/agora.xtec.cat\/eca-pirineu\/termes-i-condicions-dus-de-les-dades-de-caracter-personal\/","title":{"rendered":"Termes i condicions d\u2019\u00fas de les dades de car\u00e0cter personal"},"content":{"rendered":"\n<p>L\u2019<strong>Escola Agr\u00e0ria del Pirineu <\/strong>utilitzar\u00e0 les dades de car\u00e0cter personal dels usuaris per informar sobre activitats, novetats i formacions organitzades des del centre.<\/p>\n<ul>\n<li><strong>Nom del tractament:\u00a0<\/strong>Gesti\u00f3 i difusi\u00f3 de l\u2019activitat de les Escoles Agr\u00e0ries.<\/li>\n<li><strong>Responsable del tractament:\u00a0<\/strong>Direcci\u00f3 General d\u2019Empreses Agroaliment\u00e0ries, Qualitat i Gastronomia.<\/li>\n<li><strong>Finalitat:\u00a0<\/strong>La gesti\u00f3 de l\u2019activitat de les Escoles Agr\u00e0ries (formaci\u00f3 inicial, formaci\u00f3 continua, certificats professionals i\/o altres activitats formatives). Aquesta gesti\u00f3 inclou la relacionada amb l\u2019alumnat i el personal docent, inclosa la gesti\u00f3 d\u2019activitats i serveis espec\u00edfics de les escoles (material pedag\u00f2gic i de difusi\u00f3, menjador, resid\u00e8ncia, borsa de treball, validaci\u00f3 de cursos, itineraris formatius i altres), la gesti\u00f3 econ\u00f2mica i la difusi\u00f3 d\u2019activitats de les Escoles Agr\u00e0ries.<\/li>\n<li><strong>Drets de les persones interessades:\u00a0<\/strong>Podeu sol\u00b7licitar l\u2019acc\u00e9s a les vostres dades, la seva rectificaci\u00f3, aix\u00ed com la supressi\u00f3 o la limitaci\u00f3 del tractament quan sigui procedent, d\u2019acord amb la informaci\u00f3 que trobareu al\u00a0<a href=\"https:\/\/agricultura.gencat.cat\/ca\/departament\/proteccio-dades\/drets-persones-interessades\/\">web del Departament<\/a> (apartat Protecci\u00f3 de dades \/ Drets de les persones interessades).<\/li>\n<li><strong>Informaci\u00f3 addicional:\u00a0<\/strong>Trobareu m\u00e9s informaci\u00f3 d\u2019aquest tractament al\u00a0<a href=\"https:\/\/agricultura.gencat.cat\/ca\/departament\/proteccio-dades\/informacio-detallada-tractaments\/\">web del Departament<\/a> (apartat Protecci\u00f3 de dades \/ Informaci\u00f3 detallada dels tractaments).<\/li>\n<\/ul>\n<p>La gesti\u00f3 d\u2019aquestes dades es fa a trav\u00e9s del servei ofert per la <a href=\"https:\/\/agricultura.gencat.cat\/ca\/ambits\/formacio-innovacio\/escoles-agraries\/escola-agraria-tarrega\/\">web del Departament de l\u2019escola<\/a> (apartat \u00c0mbits d&#8217;actuaci\u00f3 \/ Formaci\u00f3 i innovaci\u00f3 \/ Escoles agr\u00e0ries \/ EA Pirineu), la <a href=\"https:\/\/agora.xtec.cat\/eca-pirineu\/\" target=\"_blank\" rel=\"noopener\">web Xtec<\/a> (Departament d\u2019Educaci\u00f3, <strong>plataforma WordPress<\/strong>) i tamb\u00e9, a trav\u00e9s del programa <strong>Brevo<\/strong>. Pots con\u00e8ixer la seva pol\u00edtica de privacitat a <a href=\"http:\/\/xtec.gencat.cat\/ca\/condicions-us\/\">http:\/\/xtec.gencat.cat\/ca\/condicions-us\/<\/a> i <a href=\"https:\/\/www.brevo.com\/es\/legal\/termsofuse\/\" target=\"_blank\" rel=\"noopener\">https:\/\/www.brevo.com\/es\/legal\/termsofuse\/<\/a>.<\/p>\n","protected":false},"excerpt":{"rendered":"<p>L\u2019Escola Agr\u00e0ria del Pirineu utilitzar\u00e0 les dades de car\u00e0cter personal dels usuaris per informar sobre activitats, novetats i formacions organitzades des del centre. Nom del tractament:\u00a0Gesti\u00f3 i difusi\u00f3 de l\u2019activitat de les Escoles Agr\u00e0ries. Responsable del tractament:\u00a0Direcci\u00f3 General d\u2019Empreses Agroaliment\u00e0ries, Qualitat i Gastronomia. Finalitat:\u00a0La gesti\u00f3 de l\u2019activitat de les Escoles Agr\u00e0ries (formaci\u00f3 inicial, formaci\u00f3 continua, [&hellip;]<\/p>\n","protected":false},"author":7,"featured_media":0,"parent":0,"menu_order":0,"comment_status":"closed","ping_status":"close","template":"","meta":{"_bbp_topic_count":0,"_bbp_reply_count":0,"_bbp_total_topic_count":0,"_bbp_total_reply_count":0,"_bbp_voice_count":0,"_bbp_anonymous_reply_count":0,"_bbp_topic_count_hidden":0,"_bbp_reply_count_hidden":0,"_bbp_forum_subforum_count":0,"site-sidebar-layout":"default","site-content-layout":"","ast-site-content-layout":"","site-content-style":"default","site-sidebar-style":"default","ast-global-header-display":"","ast-banner-title-visibility":"","ast-main-header-display":"","ast-hfb-above-header-display":"","ast-hfb-below-header-display":"","ast-hfb-mobile-header-display":"","site-post-title":"","ast-breadcrumbs-content":"","ast-featured-img":"","footer-sml-layout":"","theme-transparent-header-meta":"","adv-header-id-meta":"","stick-header-meta":"","header-above-stick-meta":"","header-main-stick-meta":"","header-below-stick-meta":"","astra-migrate-meta-layouts":"default","ast-page-background-enabled":"default","ast-page-background-meta":{"desktop":{"background-color":"var(--ast-global-color-4)","background-image":"","background-repeat":"repeat","background-position":"center center","background-size":"auto","background-attachment":"scroll","background-type":"","background-media":"","overlay-type":"","overlay-color":"","overlay-opacity":"","overlay-gradient":""},"tablet":{"background-color":"","background-image":"","background-repeat":"repeat","background-position":"center center","background-size":"auto","background-attachment":"scroll","background-type":"","background-media":"","overlay-type":"","overlay-color":"","overlay-opacity":"","overlay-gradient":""},"mobile":{"background-color":"","background-image":"","background-repeat":"repeat","background-position":"center center","background-size":"auto","background-attachment":"scroll","background-type":"","background-media":"","overlay-type":"","overlay-color":"","overlay-opacity":"","overlay-gradient":""}},"ast-content-background-meta":{"desktop":{"background-color":"var(--ast-global-color-5)","background-image":"","background-repeat":"repeat","background-position":"center center","background-size":"auto","background-attachment":"scroll","background-type":"","background-media":"","overlay-type":"","overlay-color":"","overlay-opacity":"","overlay-gradient":""},"tablet":{"background-color":"var(--ast-global-color-5)","background-image":"","background-repeat":"repeat","background-position":"center center","background-size":"auto","background-attachment":"scroll","background-type":"","background-media":"","overlay-type":"","overlay-color":"","overlay-opacity":"","overlay-gradient":""},"mobile":{"background-color":"var(--ast-global-color-5)","background-image":"","background-repeat":"repeat","background-position":"center center","background-size":"auto","background-attachment":"scroll","background-type":"","background-media":"","overlay-type":"","overlay-color":"","overlay-opacity":"","overlay-gradient":""}},"footnotes":""},"class_list":["post-1214","page","type-page","status-publish","hentry"],"post_mailing_queue_ids":[],"_links":{"self":[{"href":"https:\/\/agora.xtec.cat\/eca-pirineu\/wp-json\/wp\/v2\/pages\/1214","targetHints":{"allow":["GET"]}}],"collection":[{"href":"https:\/\/agora.xtec.cat\/eca-pirineu\/wp-json\/wp\/v2\/pages"}],"about":[{"href":"https:\/\/agora.xtec.cat\/eca-pirineu\/wp-json\/wp\/v2\/types\/page"}],"author":[{"embeddable":true,"href":"https:\/\/agora.xtec.cat\/eca-pirineu\/wp-json\/wp\/v2\/users\/7"}],"replies":[{"embeddable":true,"href":"https:\/\/agora.xtec.cat\/eca-pirineu\/wp-json\/wp\/v2\/comments?post=1214"}],"version-history":[{"count":1,"href":"https:\/\/agora.xtec.cat\/eca-pirineu\/wp-json\/wp\/v2\/pages\/1214\/revisions"}],"predecessor-version":[{"id":1216,"href":"https:\/\/agora.xtec.cat\/eca-pirineu\/wp-json\/wp\/v2\/pages\/1214\/revisions\/1216"}],"wp:attachment":[{"href":"https:\/\/agora.xtec.cat\/eca-pirineu\/wp-json\/wp\/v2\/media?parent=1214"}],"curies":[{"name":"wp","href":"https:\/\/api.w.org\/{rel}","templated":true}]}}