{"id":983,"date":"2021-02-18T12:21:04","date_gmt":"2021-02-18T11:21:04","guid":{"rendered":"https:\/\/agora.xtec.cat\/eca-noguera\/?page_id=983"},"modified":"2023-01-17T13:22:07","modified_gmt":"2023-01-17T12:22:07","slug":"servei-de-reconeixement","status":"publish","type":"page","link":"https:\/\/agora.xtec.cat\/eca-noguera\/estudis\/mesures-flexibilitzadores\/servei-de-reconeixement\/","title":{"rendered":"Servei de reconeixement acad\u00e8mic"},"content":{"rendered":"<p>El <strong>servei de reconeixement acad\u00e8mic dels aprenentatges assolits mitjan\u00e7ant l&#8217;experi\u00e8ncia laboral o en activitats socials<\/strong>\u00a0s&#8217;adre\u00e7a a les persones que vulguin tenir un reconeixement acad\u00e8mic dels aprenentatges adquirits amb l&#8217;experi\u00e8ncia laboral o en activitats socials relacionats amb un determinat cicle formatiu.<\/p>\n<p>Una junta de reconeixement avalua l&#8217;usuari. Aquesta est\u00e0 integrada per dos professors\u00a0del cicle formatiu i es constitueix en el centre educatiu.<\/p>\n<p>La junta analitza l&#8217;informe d&#8217;assessorament, obtingut en el\u00a0servei d&#8217;assessorament, \u00a0i els altres documents que aporta la persona de les unitats formatives o cr\u00e8dits que vol que li siguin reconeguts. Tamb\u00e9 convoca la persona per fer-li una entrevista personal de contrastaci\u00f3 i valorar, de forma col\u00b7legiada, els aprenentatges assolits mitjan\u00e7ant l&#8217;experi\u00e8ncia laboral o en activitats socials.<\/p>\n<p>Si la junta reconeix acad\u00e8micament determinades unitats formatives o cr\u00e8dits, el centre emet un\u00a0<strong>certificat parcial amb valor acad\u00e8mic.<\/strong><\/p>\n<p>Posteriorment, si es vol\u00a0obtenir el t\u00edtol del cicle corresponent i convalidar les unitats formatives o cr\u00e8dits\u00a0(reconeguts) cal matricular-se, totalment o parcial, en el cicle formatiu corresponent, acreditant els requisits acad\u00e8mics d&#8217;acc\u00e9s que s&#8217;estableixen per als cicles formatius de grau mitj\u00e0 o superior, segons correspongui.<\/p>\n<p>La convalidaci\u00f3 de les unitats formatives o cr\u00e8dits certificats en els centres del Departament d&#8217;Ensenyament\u00a0\u00e9s gratu\u00efta.<\/p>\n<p>Si es completa un cr\u00e8dit, una unitat formativa o un m\u00f2dul d&#8217;un cicle formatiu trav\u00e9s del reconeixement acad\u00e8mic, s&#8217;anotar\u00e0 &#8220;convalidat&#8221; en l&#8217;expedient acad\u00e8mic.<\/p>\n<p>Per a m\u00e9s informaci\u00f3 cliqui <a href=\"http:\/\/agricultura.gencat.cat\/ca\/ambits\/formacio-innovacio\/escoles-agraries\/escola-agraria-vallfogona-balaguer\/dar_assessorament_fp\/\" target=\"_blank\" rel=\"noopener noreferrer\">aqu\u00ed<\/a> o truqui al nostre centre.<\/p>\n","protected":false},"excerpt":{"rendered":"<p>El servei de reconeixement acad\u00e8mic dels aprenentatges assolits mitjan\u00e7ant l&#8217;experi\u00e8ncia laboral o en activitats socials\u00a0s&#8217;adre\u00e7a a les persones que vulguin tenir un reconeixement acad\u00e8mic dels aprenentatges adquirits amb l&#8217;experi\u00e8ncia laboral o en activitats socials relacionats amb un determinat cicle formatiu. Una junta de reconeixement avalua l&#8217;usuari. Aquesta est\u00e0 integrada per dos professors\u00a0del cicle formatiu i [&hellip;]<\/p>\n","protected":false},"author":1,"featured_media":0,"parent":975,"menu_order":0,"comment_status":"closed","ping_status":"closed","template":"page-templates\/side-menu.php","meta":{"_bbp_topic_count":0,"_bbp_reply_count":0,"_bbp_total_topic_count":0,"_bbp_total_reply_count":0,"_bbp_voice_count":0,"_bbp_anonymous_reply_count":0,"_bbp_topic_count_hidden":0,"_bbp_reply_count_hidden":0,"_bbp_forum_subforum_count":0,"site-sidebar-layout":"default","site-content-layout":"","ast-site-content-layout":"","site-content-style":"default","site-sidebar-style":"default","ast-global-header-display":"","ast-banner-title-visibility":"","ast-main-header-display":"","ast-hfb-above-header-display":"","ast-hfb-below-header-display":"","ast-hfb-mobile-header-display":"","site-post-title":"","ast-breadcrumbs-content":"","ast-featured-img":"","footer-sml-layout":"","theme-transparent-header-meta":"","adv-header-id-meta":"","stick-header-meta":"","header-above-stick-meta":"","header-main-stick-meta":"","header-below-stick-meta":"","astra-migrate-meta-layouts":"default","ast-page-background-enabled":"default","ast-page-background-meta":{"desktop":{"background-color":"var(--ast-global-color-4)","background-image":"","background-repeat":"repeat","background-position":"center center","background-size":"auto","background-attachment":"scroll","background-type":"","background-media":"","overlay-type":"","overlay-color":"","overlay-opacity":"","overlay-gradient":""},"tablet":{"background-color":"","background-image":"","background-repeat":"repeat","background-position":"center center","background-size":"auto","background-attachment":"scroll","background-type":"","background-media":"","overlay-type":"","overlay-color":"","overlay-opacity":"","overlay-gradient":""},"mobile":{"background-color":"","background-image":"","background-repeat":"repeat","background-position":"center center","background-size":"auto","background-attachment":"scroll","background-type":"","background-media":"","overlay-type":"","overlay-color":"","overlay-opacity":"","overlay-gradient":""}},"ast-content-background-meta":{"desktop":{"background-color":"var(--ast-global-color-5)","background-image":"","background-repeat":"repeat","background-position":"center center","background-size":"auto","background-attachment":"scroll","background-type":"","background-media":"","overlay-type":"","overlay-color":"","overlay-opacity":"","overlay-gradient":""},"tablet":{"background-color":"var(--ast-global-color-5)","background-image":"","background-repeat":"repeat","background-position":"center center","background-size":"auto","background-attachment":"scroll","background-type":"","background-media":"","overlay-type":"","overlay-color":"","overlay-opacity":"","overlay-gradient":""},"mobile":{"background-color":"var(--ast-global-color-5)","background-image":"","background-repeat":"repeat","background-position":"center center","background-size":"auto","background-attachment":"scroll","background-type":"","background-media":"","overlay-type":"","overlay-color":"","overlay-opacity":"","overlay-gradient":""}},"footnotes":""},"class_list":["post-983","page","type-page","status-publish","hentry"],"post_mailing_queue_ids":[],"_links":{"self":[{"href":"https:\/\/agora.xtec.cat\/eca-noguera\/wp-json\/wp\/v2\/pages\/983","targetHints":{"allow":["GET"]}}],"collection":[{"href":"https:\/\/agora.xtec.cat\/eca-noguera\/wp-json\/wp\/v2\/pages"}],"about":[{"href":"https:\/\/agora.xtec.cat\/eca-noguera\/wp-json\/wp\/v2\/types\/page"}],"author":[{"embeddable":true,"href":"https:\/\/agora.xtec.cat\/eca-noguera\/wp-json\/wp\/v2\/users\/1"}],"replies":[{"embeddable":true,"href":"https:\/\/agora.xtec.cat\/eca-noguera\/wp-json\/wp\/v2\/comments?post=983"}],"version-history":[{"count":3,"href":"https:\/\/agora.xtec.cat\/eca-noguera\/wp-json\/wp\/v2\/pages\/983\/revisions"}],"predecessor-version":[{"id":1336,"href":"https:\/\/agora.xtec.cat\/eca-noguera\/wp-json\/wp\/v2\/pages\/983\/revisions\/1336"}],"up":[{"embeddable":true,"href":"https:\/\/agora.xtec.cat\/eca-noguera\/wp-json\/wp\/v2\/pages\/975"}],"wp:attachment":[{"href":"https:\/\/agora.xtec.cat\/eca-noguera\/wp-json\/wp\/v2\/media?parent=983"}],"curies":[{"name":"wp","href":"https:\/\/api.w.org\/{rel}","templated":true}]}}