{"id":973,"date":"2021-02-18T12:16:59","date_gmt":"2021-02-18T11:16:59","guid":{"rendered":"https:\/\/agora.xtec.cat\/eca-noguera\/?page_id=973"},"modified":"2025-02-06T14:06:59","modified_gmt":"2025-02-06T13:06:59","slug":"formacio-continua","status":"publish","type":"page","link":"https:\/\/agora.xtec.cat\/eca-noguera\/estudis\/formacio-continua\/","title":{"rendered":"Formaci\u00f3 cont\u00ednua"},"content":{"rendered":"<p>Donat que vivim en una \u00e8poca de globalitzaci\u00f3, de compet\u00e8ncia, d\u2019implantaci\u00f3 i generalitzaci\u00f3 de noves tecnologies, evoluci\u00f3 constant, &#8230; som conscients que la formaci\u00f3 ha de ser un proc\u00e9s permanent al llarg de la vida per poder fer front a canvis continuats en la traject\u00f2ria laboral.<br \/>\nAl m\u00f3n rural, a part de la formaci\u00f3 t\u00e8cnica, tamb\u00e9 cal incidir en la formaci\u00f3 social i personal. Pel car\u00e0cter disseminat de la poblaci\u00f3, els cursos de formaci\u00f3 cont\u00ednua, a m\u00e9s de ser una font de coneixements, tamb\u00e9 s\u00f3n un punt de trobada on les persones poden compartir experi\u00e8ncies.<br \/>\nEls <a href=\"https:\/\/agora.xtec.cat\/eca-noguera\/estudis\/formacio-continua\/cursos\/\" target=\"_blank\" rel=\"noopener noreferrer\">cursos<\/a> que s\u2019ofereixen s\u00f3n de caire tecnol\u00f2gic o relacionats amb activitats complement\u00e0ries del mon rural. Es poden agrupar b\u00e0sicament en:<\/p>\n<p>&#8211; Formaci\u00f3 exigible pel DARPA.<\/p>\n<p>&#8211; Formaci\u00f3 per completar els itineraris formatius dels joves que es volen instal\u00b7lar en una empresa agr\u00e0ria.<\/p>\n<p>&#8211; Formaci\u00f3 demandada pel propi sector .<\/p>\n<p>Tamb\u00e9 s\u2019ofereixen activitats de transfer\u00e8ncia tecnol\u00f2gica o <a href=\"https:\/\/agora.xtec.cat\/eca-noguera\/estudis\/formacio-continua\/jornades\/\" target=\"_blank\" rel=\"noopener noreferrer\">jornades<\/a> que normalment s\u00f3n jornades puntuals de temes diversos, innovadors i d\u2019inter\u00e8s per al sector agropecuari.<\/p>\n","protected":false},"excerpt":{"rendered":"<p>Donat que vivim en una \u00e8poca de globalitzaci\u00f3, de compet\u00e8ncia, d\u2019implantaci\u00f3 i generalitzaci\u00f3 de noves tecnologies, evoluci\u00f3 constant, &#8230; som conscients que la formaci\u00f3 ha de ser un proc\u00e9s permanent al llarg de la vida per poder fer front a canvis continuats en la traject\u00f2ria laboral. Al m\u00f3n rural, a part de la formaci\u00f3 t\u00e8cnica, [&hellip;]<\/p>\n","protected":false},"author":1,"featured_media":0,"parent":971,"menu_order":2,"comment_status":"closed","ping_status":"closed","template":"page-templates\/side-menu.php","meta":{"_bbp_topic_count":0,"_bbp_reply_count":0,"_bbp_total_topic_count":0,"_bbp_total_reply_count":0,"_bbp_voice_count":0,"_bbp_anonymous_reply_count":0,"_bbp_topic_count_hidden":0,"_bbp_reply_count_hidden":0,"_bbp_forum_subforum_count":0,"site-sidebar-layout":"default","site-content-layout":"","ast-site-content-layout":"","site-content-style":"default","site-sidebar-style":"default","ast-global-header-display":"","ast-banner-title-visibility":"","ast-main-header-display":"","ast-hfb-above-header-display":"","ast-hfb-below-header-display":"","ast-hfb-mobile-header-display":"","site-post-title":"","ast-breadcrumbs-content":"","ast-featured-img":"","footer-sml-layout":"","theme-transparent-header-meta":"","adv-header-id-meta":"","stick-header-meta":"","header-above-stick-meta":"","header-main-stick-meta":"","header-below-stick-meta":"","astra-migrate-meta-layouts":"default","ast-page-background-enabled":"default","ast-page-background-meta":{"desktop":{"background-color":"var(--ast-global-color-4)","background-image":"","background-repeat":"repeat","background-position":"center center","background-size":"auto","background-attachment":"scroll","background-type":"","background-media":"","overlay-type":"","overlay-color":"","overlay-opacity":"","overlay-gradient":""},"tablet":{"background-color":"","background-image":"","background-repeat":"repeat","background-position":"center center","background-size":"auto","background-attachment":"scroll","background-type":"","background-media":"","overlay-type":"","overlay-color":"","overlay-opacity":"","overlay-gradient":""},"mobile":{"background-color":"","background-image":"","background-repeat":"repeat","background-position":"center center","background-size":"auto","background-attachment":"scroll","background-type":"","background-media":"","overlay-type":"","overlay-color":"","overlay-opacity":"","overlay-gradient":""}},"ast-content-background-meta":{"desktop":{"background-color":"var(--ast-global-color-5)","background-image":"","background-repeat":"repeat","background-position":"center center","background-size":"auto","background-attachment":"scroll","background-type":"","background-media":"","overlay-type":"","overlay-color":"","overlay-opacity":"","overlay-gradient":""},"tablet":{"background-color":"var(--ast-global-color-5)","background-image":"","background-repeat":"repeat","background-position":"center center","background-size":"auto","background-attachment":"scroll","background-type":"","background-media":"","overlay-type":"","overlay-color":"","overlay-opacity":"","overlay-gradient":""},"mobile":{"background-color":"var(--ast-global-color-5)","background-image":"","background-repeat":"repeat","background-position":"center center","background-size":"auto","background-attachment":"scroll","background-type":"","background-media":"","overlay-type":"","overlay-color":"","overlay-opacity":"","overlay-gradient":""}},"footnotes":""},"class_list":["post-973","page","type-page","status-publish","hentry"],"post_mailing_queue_ids":[],"_links":{"self":[{"href":"https:\/\/agora.xtec.cat\/eca-noguera\/wp-json\/wp\/v2\/pages\/973","targetHints":{"allow":["GET"]}}],"collection":[{"href":"https:\/\/agora.xtec.cat\/eca-noguera\/wp-json\/wp\/v2\/pages"}],"about":[{"href":"https:\/\/agora.xtec.cat\/eca-noguera\/wp-json\/wp\/v2\/types\/page"}],"author":[{"embeddable":true,"href":"https:\/\/agora.xtec.cat\/eca-noguera\/wp-json\/wp\/v2\/users\/1"}],"replies":[{"embeddable":true,"href":"https:\/\/agora.xtec.cat\/eca-noguera\/wp-json\/wp\/v2\/comments?post=973"}],"version-history":[{"count":4,"href":"https:\/\/agora.xtec.cat\/eca-noguera\/wp-json\/wp\/v2\/pages\/973\/revisions"}],"predecessor-version":[{"id":1630,"href":"https:\/\/agora.xtec.cat\/eca-noguera\/wp-json\/wp\/v2\/pages\/973\/revisions\/1630"}],"up":[{"embeddable":true,"href":"https:\/\/agora.xtec.cat\/eca-noguera\/wp-json\/wp\/v2\/pages\/971"}],"wp:attachment":[{"href":"https:\/\/agora.xtec.cat\/eca-noguera\/wp-json\/wp\/v2\/media?parent=973"}],"curies":[{"name":"wp","href":"https:\/\/api.w.org\/{rel}","templated":true}]}}