{"id":77,"date":"2014-09-18T10:29:25","date_gmt":"2014-09-18T09:29:25","guid":{"rendered":"http:\/\/agora.xtec.cat\/eca-noguera\/?page_id=77"},"modified":"2025-02-06T14:20:19","modified_gmt":"2025-02-06T13:20:19","slug":"transport-escolar","status":"publish","type":"page","link":"https:\/\/agora.xtec.cat\/eca-noguera\/serveis\/transport-escolar\/","title":{"rendered":"Transport escolar"},"content":{"rendered":"<p><strong>Servei de transport escolar<\/strong><\/p>\n<p>Referent al servei de transport, si existeix suficient demanda i mentre hi hagi activitat lectiva es realitzaran els seg\u00fcents viatges:<br \/>\n&#8211; De l\u2019estaci\u00f3 d\u2019autobusos de Balaguer a l\u2019Escola:<br \/>\n\uf0b7 De dilluns a divendres a les 8:45 hores<br \/>\n&#8211; De l\u2019Escola a l\u2019estaci\u00f3 d\u2019autobusos de Balaguer:<br \/>\n\uf0b7 De dilluns a divendres a les 15:35 hores<br \/>\nEl preu del transport \u00e9s de 400 \u20ac per a tot el curs escolar i es far\u00e0 efectiu en un \u00fanic pagament abans del 14\/10\/2024.<br \/>\nL\u2019import del servei de transport s\u2019haur\u00e0 d\u2019ingressar mitjan\u00e7ant transfer\u00e8ncia banc\u00e0ria al n\u00famero de compte.<\/p>\n<p>La sol\u00b7licitud del servei de transport s&#8217;ha d&#8217;entregar a principi de curs al tutor\/a.<\/p>\n","protected":false},"excerpt":{"rendered":"<p>Servei de transport escolar Referent al servei de transport, si existeix suficient demanda i mentre hi hagi activitat lectiva es realitzaran els seg\u00fcents viatges: &#8211; De l\u2019estaci\u00f3 d\u2019autobusos de Balaguer a l\u2019Escola: \uf0b7 De dilluns a divendres a les 8:45 hores &#8211; De l\u2019Escola a l\u2019estaci\u00f3 d\u2019autobusos de Balaguer: \uf0b7 De dilluns a divendres a [&hellip;]<\/p>\n","protected":false},"author":1,"featured_media":0,"parent":63,"menu_order":20,"comment_status":"closed","ping_status":"closed","template":"page-templates\/side-menu.php","meta":{"_bbp_topic_count":0,"_bbp_reply_count":0,"_bbp_total_topic_count":0,"_bbp_total_reply_count":0,"_bbp_voice_count":0,"_bbp_anonymous_reply_count":0,"_bbp_topic_count_hidden":0,"_bbp_reply_count_hidden":0,"_bbp_forum_subforum_count":0,"site-sidebar-layout":"default","site-content-layout":"","ast-site-content-layout":"","site-content-style":"default","site-sidebar-style":"default","ast-global-header-display":"","ast-banner-title-visibility":"","ast-main-header-display":"","ast-hfb-above-header-display":"","ast-hfb-below-header-display":"","ast-hfb-mobile-header-display":"","site-post-title":"","ast-breadcrumbs-content":"","ast-featured-img":"","footer-sml-layout":"","theme-transparent-header-meta":"","adv-header-id-meta":"","stick-header-meta":"","header-above-stick-meta":"","header-main-stick-meta":"","header-below-stick-meta":"","astra-migrate-meta-layouts":"default","ast-page-background-enabled":"default","ast-page-background-meta":{"desktop":{"background-color":"var(--ast-global-color-4)","background-image":"","background-repeat":"repeat","background-position":"center center","background-size":"auto","background-attachment":"scroll","background-type":"","background-media":"","overlay-type":"","overlay-color":"","overlay-opacity":"","overlay-gradient":""},"tablet":{"background-color":"","background-image":"","background-repeat":"repeat","background-position":"center center","background-size":"auto","background-attachment":"scroll","background-type":"","background-media":"","overlay-type":"","overlay-color":"","overlay-opacity":"","overlay-gradient":""},"mobile":{"background-color":"","background-image":"","background-repeat":"repeat","background-position":"center center","background-size":"auto","background-attachment":"scroll","background-type":"","background-media":"","overlay-type":"","overlay-color":"","overlay-opacity":"","overlay-gradient":""}},"ast-content-background-meta":{"desktop":{"background-color":"var(--ast-global-color-5)","background-image":"","background-repeat":"repeat","background-position":"center center","background-size":"auto","background-attachment":"scroll","background-type":"","background-media":"","overlay-type":"","overlay-color":"","overlay-opacity":"","overlay-gradient":""},"tablet":{"background-color":"var(--ast-global-color-5)","background-image":"","background-repeat":"repeat","background-position":"center center","background-size":"auto","background-attachment":"scroll","background-type":"","background-media":"","overlay-type":"","overlay-color":"","overlay-opacity":"","overlay-gradient":""},"mobile":{"background-color":"var(--ast-global-color-5)","background-image":"","background-repeat":"repeat","background-position":"center center","background-size":"auto","background-attachment":"scroll","background-type":"","background-media":"","overlay-type":"","overlay-color":"","overlay-opacity":"","overlay-gradient":""}},"footnotes":""},"class_list":["post-77","page","type-page","status-publish","hentry"],"post_mailing_queue_ids":[],"_links":{"self":[{"href":"https:\/\/agora.xtec.cat\/eca-noguera\/wp-json\/wp\/v2\/pages\/77","targetHints":{"allow":["GET"]}}],"collection":[{"href":"https:\/\/agora.xtec.cat\/eca-noguera\/wp-json\/wp\/v2\/pages"}],"about":[{"href":"https:\/\/agora.xtec.cat\/eca-noguera\/wp-json\/wp\/v2\/types\/page"}],"author":[{"embeddable":true,"href":"https:\/\/agora.xtec.cat\/eca-noguera\/wp-json\/wp\/v2\/users\/1"}],"replies":[{"embeddable":true,"href":"https:\/\/agora.xtec.cat\/eca-noguera\/wp-json\/wp\/v2\/comments?post=77"}],"version-history":[{"count":5,"href":"https:\/\/agora.xtec.cat\/eca-noguera\/wp-json\/wp\/v2\/pages\/77\/revisions"}],"predecessor-version":[{"id":1635,"href":"https:\/\/agora.xtec.cat\/eca-noguera\/wp-json\/wp\/v2\/pages\/77\/revisions\/1635"}],"up":[{"embeddable":true,"href":"https:\/\/agora.xtec.cat\/eca-noguera\/wp-json\/wp\/v2\/pages\/63"}],"wp:attachment":[{"href":"https:\/\/agora.xtec.cat\/eca-noguera\/wp-json\/wp\/v2\/media?parent=77"}],"curies":[{"name":"wp","href":"https:\/\/api.w.org\/{rel}","templated":true}]}}