{"id":75,"date":"2014-09-18T10:21:02","date_gmt":"2014-09-18T09:21:02","guid":{"rendered":"http:\/\/agora.xtec.cat\/eca-noguera\/?page_id=75"},"modified":"2026-01-16T10:20:27","modified_gmt":"2026-01-16T09:20:27","slug":"qualitat","status":"publish","type":"page","link":"https:\/\/agora.xtec.cat\/eca-noguera\/escola\/qualitat\/","title":{"rendered":"Pol\u00edtica de qualitat i medi ambient"},"content":{"rendered":"<p><span style=\"color: #444444; font-family: 'Arial',sans-serif;\">La qualitat \u00e9s un element dinamitzador, que ens ha portat a la recerca de noves vies per a promoure l\u2019aprenentatge, el desenvolupament i la formaci\u00f3 dels nostres alumnes.<\/span><\/p>\n<p><span style=\"color: #444444; font-family: 'Arial',sans-serif;\">Podeu trobar el document &#8220;Pol\u00edtica de qualitat i medi ambient integrada del Servei de Formaci\u00f3 Agroaliment\u00e0ria&#8221; al seg\u00fcent enlla\u00e7: <a href=\"https:\/\/agricultura.gencat.cat\/ca\/ambits\/formacio-innovacio\/formacio-agraria\/qualitat\/index.html\">Qualitat. Departament d&#8217;Agricultura, Ramaderia, Pesca i Alimentaci\u00f3<\/a><\/span><\/p>\n<p><span style=\"color: #444444; font-family: 'Arial',sans-serif;\">Aquest document tamb\u00e9\u00a0est\u00e0 penjat en un lloc visible de l\u2019Escola.<\/span><\/p>\n<p><span style=\"color: #444444; font-family: 'Arial',sans-serif;\">L\u2019escola es compromet a complir els requisits legals i reglamentaris del Departament d\u2019Agricultura, Ramaderia, Pesca i Alimentaci\u00f3 i del Departament d\u2019Educaci\u00f3.<\/span><\/p>\n<p><span style=\"color: #444444; font-family: 'Arial',sans-serif;\">L\u2019Escola treballa la Qualitat en els seg\u00fcents punts:<\/span><\/p>\n<p><span style=\"color: #444444; font-family: 'Arial',sans-serif;\">Participaci\u00f3 en el Projecte de Qualitat i Millora Cont\u00ednua (PQiMC) des del curs 2011\/2012.<br \/>\nRealitzaci\u00f3 anual d\u2019auditories internes i externes del Sistema de Gesti\u00f3 d la Qualitat.<br \/>\nCurs 2014\/2015: Certificaci\u00f3 UNE-EN ISO 9001:2008.<br \/>\nCurs 2017\/2018: Certificaci\u00f3 UNE-EN ISO 9001:2015.<\/span><\/p>\n<p><span style=\"color: #444444; font-family: 'Arial',sans-serif;\">Curs 2024\/2025: Recertificaci\u00f3 UNE-EN ISO 9001:2015 i Certificaci\u00f3 UNE-EN ISO 14001:2015<br \/>\nForma part de la Xarxa M4\/EA del programa de qualitat i millora cont\u00ednua del Departament d\u2019Educaci\u00f3.<br \/>\n<\/span><\/p>\n<p>&nbsp;<\/p>\n<p style=\"background: white; margin: 0cm 0cm 15.0pt 0cm;\">\n","protected":false},"excerpt":{"rendered":"<p>La qualitat \u00e9s un element dinamitzador, que ens ha portat a la recerca de noves vies per a promoure l\u2019aprenentatge, el desenvolupament i la formaci\u00f3 dels nostres alumnes. Podeu trobar el document &#8220;Pol\u00edtica de qualitat i medi ambient integrada del Servei de Formaci\u00f3 Agroaliment\u00e0ria&#8221; al seg\u00fcent enlla\u00e7: Qualitat. Departament d&#8217;Agricultura, Ramaderia, Pesca i Alimentaci\u00f3 Aquest [&hellip;]<\/p>\n","protected":false},"author":1,"featured_media":0,"parent":19,"menu_order":50,"comment_status":"closed","ping_status":"closed","template":"page-templates\/side-menu.php","meta":{"_bbp_topic_count":0,"_bbp_reply_count":0,"_bbp_total_topic_count":0,"_bbp_total_reply_count":0,"_bbp_voice_count":0,"_bbp_anonymous_reply_count":0,"_bbp_topic_count_hidden":0,"_bbp_reply_count_hidden":0,"_bbp_forum_subforum_count":0,"site-sidebar-layout":"default","site-content-layout":"","ast-site-content-layout":"","site-content-style":"default","site-sidebar-style":"default","ast-global-header-display":"","ast-banner-title-visibility":"","ast-main-header-display":"","ast-hfb-above-header-display":"","ast-hfb-below-header-display":"","ast-hfb-mobile-header-display":"","site-post-title":"","ast-breadcrumbs-content":"","ast-featured-img":"","footer-sml-layout":"","theme-transparent-header-meta":"","adv-header-id-meta":"","stick-header-meta":"","header-above-stick-meta":"","header-main-stick-meta":"","header-below-stick-meta":"","astra-migrate-meta-layouts":"default","ast-page-background-enabled":"default","ast-page-background-meta":{"desktop":{"background-color":"var(--ast-global-color-4)","background-image":"","background-repeat":"repeat","background-position":"center center","background-size":"auto","background-attachment":"scroll","background-type":"","background-media":"","overlay-type":"","overlay-color":"","overlay-opacity":"","overlay-gradient":""},"tablet":{"background-color":"","background-image":"","background-repeat":"repeat","background-position":"center center","background-size":"auto","background-attachment":"scroll","background-type":"","background-media":"","overlay-type":"","overlay-color":"","overlay-opacity":"","overlay-gradient":""},"mobile":{"background-color":"","background-image":"","background-repeat":"repeat","background-position":"center center","background-size":"auto","background-attachment":"scroll","background-type":"","background-media":"","overlay-type":"","overlay-color":"","overlay-opacity":"","overlay-gradient":""}},"ast-content-background-meta":{"desktop":{"background-color":"var(--ast-global-color-5)","background-image":"","background-repeat":"repeat","background-position":"center center","background-size":"auto","background-attachment":"scroll","background-type":"","background-media":"","overlay-type":"","overlay-color":"","overlay-opacity":"","overlay-gradient":""},"tablet":{"background-color":"var(--ast-global-color-5)","background-image":"","background-repeat":"repeat","background-position":"center center","background-size":"auto","background-attachment":"scroll","background-type":"","background-media":"","overlay-type":"","overlay-color":"","overlay-opacity":"","overlay-gradient":""},"mobile":{"background-color":"var(--ast-global-color-5)","background-image":"","background-repeat":"repeat","background-position":"center center","background-size":"auto","background-attachment":"scroll","background-type":"","background-media":"","overlay-type":"","overlay-color":"","overlay-opacity":"","overlay-gradient":""}},"footnotes":""},"class_list":["post-75","page","type-page","status-publish","hentry"],"post_mailing_queue_ids":[],"_links":{"self":[{"href":"https:\/\/agora.xtec.cat\/eca-noguera\/wp-json\/wp\/v2\/pages\/75","targetHints":{"allow":["GET"]}}],"collection":[{"href":"https:\/\/agora.xtec.cat\/eca-noguera\/wp-json\/wp\/v2\/pages"}],"about":[{"href":"https:\/\/agora.xtec.cat\/eca-noguera\/wp-json\/wp\/v2\/types\/page"}],"author":[{"embeddable":true,"href":"https:\/\/agora.xtec.cat\/eca-noguera\/wp-json\/wp\/v2\/users\/1"}],"replies":[{"embeddable":true,"href":"https:\/\/agora.xtec.cat\/eca-noguera\/wp-json\/wp\/v2\/comments?post=75"}],"version-history":[{"count":7,"href":"https:\/\/agora.xtec.cat\/eca-noguera\/wp-json\/wp\/v2\/pages\/75\/revisions"}],"predecessor-version":[{"id":1796,"href":"https:\/\/agora.xtec.cat\/eca-noguera\/wp-json\/wp\/v2\/pages\/75\/revisions\/1796"}],"up":[{"embeddable":true,"href":"https:\/\/agora.xtec.cat\/eca-noguera\/wp-json\/wp\/v2\/pages\/19"}],"wp:attachment":[{"href":"https:\/\/agora.xtec.cat\/eca-noguera\/wp-json\/wp\/v2\/media?parent=75"}],"curies":[{"name":"wp","href":"https:\/\/api.w.org\/{rel}","templated":true}]}}