{"id":69,"date":"2014-09-18T10:15:07","date_gmt":"2014-09-18T09:15:07","guid":{"rendered":"http:\/\/agora.xtec.cat\/eca-noguera\/?page_id=69"},"modified":"2025-02-06T14:19:36","modified_gmt":"2025-02-06T13:19:36","slug":"menjador-escolar","status":"publish","type":"page","link":"https:\/\/agora.xtec.cat\/eca-noguera\/serveis\/menjador-escolar\/","title":{"rendered":"Menjador escolar"},"content":{"rendered":"<p style=\"color: #000000;\"><strong>Servei de menjador<\/strong><\/p>\n<p style=\"color: #000000;\">Per a l\u2019alumnat que vulgui gaudir durant el per\u00edode lectiu del servei de menjador, l&#8217;import del PREU P\u00daBLIC INDIVISIBLE fixat per al curs 2024-2025 pel Departament d\u2019Agricultura, Ramaderia, Pesca i Alimentaci\u00f3 (Ordre ACC\/54\/2022, de 30 de mar\u00e7) \u00e9s de 820 \u20ac per a tot el curs escolar i es far\u00e0 efectiu en un \u00fanic pagament abans del 30\/09\/2024.<br \/>\nL\u2019import del servei de menjador s\u2019haur\u00e0 d\u2019ingressar mitjan\u00e7ant transfer\u00e8ncia banc\u00e0ria al n\u00famero de compte.<\/p>\n<p style=\"color: #000000;\">Per a l\u2019alumnat que vulgui utilitzar nom\u00e9s excepcionalment el servei de menjador escolar, el preu del dinar per al curs 2024-2025 fixat pel Departament d\u2019Agricultura, Ramaderia, Pesca i Alimentaci\u00f3 (Ordre ACC\/54\/2022, de 30 de mar\u00e7), \u00e9s de 6,30 \u20ac, i ho hauran de comunicar a la secretaria de l\u2019Escola abans de les 11 hores del mat\u00ed del mateix dia.<\/p>\n<p style=\"color: #000000;\">La sol\u00b7licitud del servei de menjador durant el per\u00edode lectiu s&#8217;ha d&#8217;entregar a principi de curs al tutor\/a.<\/p>\n<p style=\"color: #000000;\">\n","protected":false},"excerpt":{"rendered":"<p>Servei de menjador Per a l\u2019alumnat que vulgui gaudir durant el per\u00edode lectiu del servei de menjador, l&#8217;import del PREU P\u00daBLIC INDIVISIBLE fixat per al curs 2024-2025 pel Departament d\u2019Agricultura, Ramaderia, Pesca i Alimentaci\u00f3 (Ordre ACC\/54\/2022, de 30 de mar\u00e7) \u00e9s de 820 \u20ac per a tot el curs escolar i es far\u00e0 efectiu en [&hellip;]<\/p>\n","protected":false},"author":1,"featured_media":0,"parent":63,"menu_order":10,"comment_status":"closed","ping_status":"closed","template":"page-templates\/side-menu.php","meta":{"_bbp_topic_count":0,"_bbp_reply_count":0,"_bbp_total_topic_count":0,"_bbp_total_reply_count":0,"_bbp_voice_count":0,"_bbp_anonymous_reply_count":0,"_bbp_topic_count_hidden":0,"_bbp_reply_count_hidden":0,"_bbp_forum_subforum_count":0,"site-sidebar-layout":"default","site-content-layout":"","ast-site-content-layout":"","site-content-style":"default","site-sidebar-style":"default","ast-global-header-display":"","ast-banner-title-visibility":"","ast-main-header-display":"","ast-hfb-above-header-display":"","ast-hfb-below-header-display":"","ast-hfb-mobile-header-display":"","site-post-title":"","ast-breadcrumbs-content":"","ast-featured-img":"","footer-sml-layout":"","theme-transparent-header-meta":"","adv-header-id-meta":"","stick-header-meta":"","header-above-stick-meta":"","header-main-stick-meta":"","header-below-stick-meta":"","astra-migrate-meta-layouts":"default","ast-page-background-enabled":"default","ast-page-background-meta":{"desktop":{"background-color":"var(--ast-global-color-4)","background-image":"","background-repeat":"repeat","background-position":"center center","background-size":"auto","background-attachment":"scroll","background-type":"","background-media":"","overlay-type":"","overlay-color":"","overlay-opacity":"","overlay-gradient":""},"tablet":{"background-color":"","background-image":"","background-repeat":"repeat","background-position":"center center","background-size":"auto","background-attachment":"scroll","background-type":"","background-media":"","overlay-type":"","overlay-color":"","overlay-opacity":"","overlay-gradient":""},"mobile":{"background-color":"","background-image":"","background-repeat":"repeat","background-position":"center center","background-size":"auto","background-attachment":"scroll","background-type":"","background-media":"","overlay-type":"","overlay-color":"","overlay-opacity":"","overlay-gradient":""}},"ast-content-background-meta":{"desktop":{"background-color":"var(--ast-global-color-5)","background-image":"","background-repeat":"repeat","background-position":"center center","background-size":"auto","background-attachment":"scroll","background-type":"","background-media":"","overlay-type":"","overlay-color":"","overlay-opacity":"","overlay-gradient":""},"tablet":{"background-color":"var(--ast-global-color-5)","background-image":"","background-repeat":"repeat","background-position":"center center","background-size":"auto","background-attachment":"scroll","background-type":"","background-media":"","overlay-type":"","overlay-color":"","overlay-opacity":"","overlay-gradient":""},"mobile":{"background-color":"var(--ast-global-color-5)","background-image":"","background-repeat":"repeat","background-position":"center center","background-size":"auto","background-attachment":"scroll","background-type":"","background-media":"","overlay-type":"","overlay-color":"","overlay-opacity":"","overlay-gradient":""}},"footnotes":""},"class_list":["post-69","page","type-page","status-publish","hentry"],"post_mailing_queue_ids":[],"_links":{"self":[{"href":"https:\/\/agora.xtec.cat\/eca-noguera\/wp-json\/wp\/v2\/pages\/69","targetHints":{"allow":["GET"]}}],"collection":[{"href":"https:\/\/agora.xtec.cat\/eca-noguera\/wp-json\/wp\/v2\/pages"}],"about":[{"href":"https:\/\/agora.xtec.cat\/eca-noguera\/wp-json\/wp\/v2\/types\/page"}],"author":[{"embeddable":true,"href":"https:\/\/agora.xtec.cat\/eca-noguera\/wp-json\/wp\/v2\/users\/1"}],"replies":[{"embeddable":true,"href":"https:\/\/agora.xtec.cat\/eca-noguera\/wp-json\/wp\/v2\/comments?post=69"}],"version-history":[{"count":6,"href":"https:\/\/agora.xtec.cat\/eca-noguera\/wp-json\/wp\/v2\/pages\/69\/revisions"}],"predecessor-version":[{"id":1634,"href":"https:\/\/agora.xtec.cat\/eca-noguera\/wp-json\/wp\/v2\/pages\/69\/revisions\/1634"}],"up":[{"embeddable":true,"href":"https:\/\/agora.xtec.cat\/eca-noguera\/wp-json\/wp\/v2\/pages\/63"}],"wp:attachment":[{"href":"https:\/\/agora.xtec.cat\/eca-noguera\/wp-json\/wp\/v2\/media?parent=69"}],"curies":[{"name":"wp","href":"https:\/\/api.w.org\/{rel}","templated":true}]}}