{"id":658,"date":"2020-04-15T09:20:16","date_gmt":"2020-04-15T07:20:16","guid":{"rendered":"https:\/\/agora.xtec.cat\/eca-noguera\/?page_id=658"},"modified":"2026-04-22T15:50:54","modified_gmt":"2026-04-22T13:50:54","slug":"cfgs-ramaderia","status":"publish","type":"page","link":"https:\/\/agora.xtec.cat\/eca-noguera\/estudis\/cicles-formatius\/cfgs-ramaderia\/","title":{"rendered":"CFGS Ramaderia i assist\u00e8ncia en sanitat animal"},"content":{"rendered":"<p>A continuaci\u00f3 disposeu de tota la informaci\u00f3 relativa al cicle:<\/p>\n<ul>\n<li><a href=\"https:\/\/agora.xtec.cat\/eca-noguera\/wp-content\/uploads\/usu2161\/2025\/02\/Titulacions-CFGS.pdf\" target=\"_blank\" rel=\"noopener noreferrer\">Titulacions<\/a><\/li>\n<li><a href=\"https:\/\/agora.xtec.cat\/eca-noguera\/wp-content\/uploads\/usu2161\/2020\/04\/SORTIDESLABORALAS-CS.pdf\" target=\"_blank\" rel=\"noopener noreferrer\">Sortides professionals<\/a><\/li>\n<li><a href=\"https:\/\/agora.xtec.cat\/eca-noguera\/wp-content\/uploads\/usu2161\/2025\/02\/mp_ARC0_ramaderia_assit_sanitat_animal.pdf\">Curr\u00edculum<\/a><\/li>\n<li>Organitzaci\u00f3 i avaluaci\u00f3 del cicle<\/li>\n<li><a href=\"https:\/\/agora.xtec.cat\/eca-noguera\/curs-actual\/horaris\/\" target=\"_blank\" rel=\"noopener noreferrer\">Horaris del curs escolar<\/a><\/li>\n<li>Material per a la realitzaci\u00f3 de les pr\u00e0ctiques<\/li>\n<li>Formaci\u00f3 en centres de treball (FCT) i formaci\u00f3 pr\u00e0ctica DUAL<\/li>\n<li><a href=\"https:\/\/agora.xtec.cat\/eca-noguera\/wp-content\/uploads\/usu2161\/2020\/04\/MOBILITAT_CS.pdf\" target=\"_blank\" rel=\"noopener noreferrer\">Mobilitat<\/a><\/li>\n<\/ul>\n<p><a href=\"https:\/\/agora.xtec.cat\/eca-noguera\/wp-content\/uploads\/usu2161\/2025\/09\/250915-EAvb-CFGM-CFGS-3-4.pdf\">Tr\u00edptic CFGS<\/a><\/p>\n<p><a href=\"https:\/\/agora.xtec.cat\/eca-noguera\/wp-content\/uploads\/usu2161\/2026\/04\/Presentacio-CFGS.pdf\">Presentaci\u00f3 CFGS 2026-2027<\/a><\/p>\n","protected":false},"excerpt":{"rendered":"<p>A continuaci\u00f3 disposeu de tota la informaci\u00f3 relativa al cicle: Titulacions Sortides professionals Curr\u00edculum Organitzaci\u00f3 i avaluaci\u00f3 del cicle Horaris del curs escolar Material per a la realitzaci\u00f3 de les pr\u00e0ctiques Formaci\u00f3 en centres de treball (FCT) i formaci\u00f3 pr\u00e0ctica DUAL Mobilitat Tr\u00edptic CFGS Presentaci\u00f3 CFGS 2026-2027<\/p>\n","protected":false},"author":1,"featured_media":0,"parent":195,"menu_order":20,"comment_status":"closed","ping_status":"closed","template":"","meta":{"_bbp_topic_count":0,"_bbp_reply_count":0,"_bbp_total_topic_count":0,"_bbp_total_reply_count":0,"_bbp_voice_count":0,"_bbp_anonymous_reply_count":0,"_bbp_topic_count_hidden":0,"_bbp_reply_count_hidden":0,"_bbp_forum_subforum_count":0,"site-sidebar-layout":"default","site-content-layout":"","ast-site-content-layout":"default","site-content-style":"default","site-sidebar-style":"default","ast-global-header-display":"","ast-banner-title-visibility":"","ast-main-header-display":"","ast-hfb-above-header-display":"","ast-hfb-below-header-display":"","ast-hfb-mobile-header-display":"","site-post-title":"","ast-breadcrumbs-content":"","ast-featured-img":"","footer-sml-layout":"","theme-transparent-header-meta":"default","adv-header-id-meta":"","stick-header-meta":"","header-above-stick-meta":"","header-main-stick-meta":"","header-below-stick-meta":"","astra-migrate-meta-layouts":"set","ast-page-background-enabled":"default","ast-page-background-meta":{"desktop":{"background-color":"var(--ast-global-color-4)","background-image":"","background-repeat":"repeat","background-position":"center center","background-size":"auto","background-attachment":"scroll","background-type":"","background-media":"","overlay-type":"","overlay-color":"","overlay-opacity":"","overlay-gradient":""},"tablet":{"background-color":"","background-image":"","background-repeat":"repeat","background-position":"center center","background-size":"auto","background-attachment":"scroll","background-type":"","background-media":"","overlay-type":"","overlay-color":"","overlay-opacity":"","overlay-gradient":""},"mobile":{"background-color":"","background-image":"","background-repeat":"repeat","background-position":"center center","background-size":"auto","background-attachment":"scroll","background-type":"","background-media":"","overlay-type":"","overlay-color":"","overlay-opacity":"","overlay-gradient":""}},"ast-content-background-meta":{"desktop":{"background-color":"var(--ast-global-color-5)","background-image":"","background-repeat":"repeat","background-position":"center center","background-size":"auto","background-attachment":"scroll","background-type":"","background-media":"","overlay-type":"","overlay-color":"","overlay-opacity":"","overlay-gradient":""},"tablet":{"background-color":"var(--ast-global-color-5)","background-image":"","background-repeat":"repeat","background-position":"center center","background-size":"auto","background-attachment":"scroll","background-type":"","background-media":"","overlay-type":"","overlay-color":"","overlay-opacity":"","overlay-gradient":""},"mobile":{"background-color":"var(--ast-global-color-5)","background-image":"","background-repeat":"repeat","background-position":"center center","background-size":"auto","background-attachment":"scroll","background-type":"","background-media":"","overlay-type":"","overlay-color":"","overlay-opacity":"","overlay-gradient":""}},"footnotes":""},"class_list":["post-658","page","type-page","status-publish","hentry"],"post_mailing_queue_ids":[],"_links":{"self":[{"href":"https:\/\/agora.xtec.cat\/eca-noguera\/wp-json\/wp\/v2\/pages\/658","targetHints":{"allow":["GET"]}}],"collection":[{"href":"https:\/\/agora.xtec.cat\/eca-noguera\/wp-json\/wp\/v2\/pages"}],"about":[{"href":"https:\/\/agora.xtec.cat\/eca-noguera\/wp-json\/wp\/v2\/types\/page"}],"author":[{"embeddable":true,"href":"https:\/\/agora.xtec.cat\/eca-noguera\/wp-json\/wp\/v2\/users\/1"}],"replies":[{"embeddable":true,"href":"https:\/\/agora.xtec.cat\/eca-noguera\/wp-json\/wp\/v2\/comments?post=658"}],"version-history":[{"count":7,"href":"https:\/\/agora.xtec.cat\/eca-noguera\/wp-json\/wp\/v2\/pages\/658\/revisions"}],"predecessor-version":[{"id":1866,"href":"https:\/\/agora.xtec.cat\/eca-noguera\/wp-json\/wp\/v2\/pages\/658\/revisions\/1866"}],"up":[{"embeddable":true,"href":"https:\/\/agora.xtec.cat\/eca-noguera\/wp-json\/wp\/v2\/pages\/195"}],"wp:attachment":[{"href":"https:\/\/agora.xtec.cat\/eca-noguera\/wp-json\/wp\/v2\/media?parent=658"}],"curies":[{"name":"wp","href":"https:\/\/api.w.org\/{rel}","templated":true}]}}