{"id":57,"date":"2014-09-17T17:01:07","date_gmt":"2014-09-17T17:01:07","guid":{"rendered":"http:\/\/agora.xtec.cat\/eca-noguera\/?page_id=57"},"modified":"2024-06-11T12:26:25","modified_gmt":"2024-06-11T10:26:25","slug":"internacionalitzacio","status":"publish","type":"page","link":"https:\/\/agora.xtec.cat\/eca-noguera\/escola\/internacionalitzacio\/","title":{"rendered":"Internacionalitzaci\u00f3"},"content":{"rendered":"<p><img loading=\"lazy\" decoding=\"async\" class=\"aligncenter size-full wp-image-1294\" src=\"https:\/\/agora.xtec.cat\/eca-noguera\/wp-content\/uploads\/usu2161\/2022\/09\/Erasmus.png\" alt=\"\" width=\"300\" height=\"122\" \/>L\u2019Escola Agr\u00e0ria de Vallfogona de Balaguer participa en la xarxa del programa de mobilitat formativa i cooperaci\u00f3 europea internacional del Departament d\u2019Educaci\u00f3 des del curs 2016-17, tot i que en cursos anteriors ja havia dut a terme projectes d\u2019internacionalitzaci\u00f3 amb pa\u00efsos com Fran\u00e7a, Su\u00e8cia i Finl\u00e0ndia, alguns d\u2019ells conjuntament amb altres escoles agr\u00e0ries.<\/p>\n<p>Actualment, participa en el programa Erasmus+ facilitant i organitzant pr\u00e0ctiques en empreses o estades formatives en altres pa\u00efsos europeus, adre\u00e7ades a l\u2019alumnat i al professorat del cicle formatiu de grau mitj\u00e0 i de grau superior.<\/p>\n<p><img loading=\"lazy\" decoding=\"async\" class=\"aligncenter size-medium wp-image-1296\" src=\"https:\/\/agora.xtec.cat\/eca-noguera\/wp-content\/uploads\/usu2161\/2022\/09\/Erasmus21-27-300x164.png\" alt=\"\" width=\"300\" height=\"164\" srcset=\"https:\/\/agora.xtec.cat\/eca-noguera\/wp-content\/uploads\/usu2161\/2022\/09\/Erasmus21-27-300x164.png 300w, https:\/\/agora.xtec.cat\/eca-noguera\/wp-content\/uploads\/usu2161\/2022\/09\/Erasmus21-27-768x420.png 768w, https:\/\/agora.xtec.cat\/eca-noguera\/wp-content\/uploads\/usu2161\/2022\/09\/Erasmus21-27.png 804w\" sizes=\"auto, (max-width: 300px) 100vw, 300px\" \/><\/p>\n<p>L\u2019EA de Vallfogona de Balaguer va obtenir la carta ECHE a l\u2019octubre de 2021, fet que permet que, a partir d\u2019aquesta data, l\u2019alumnat del CFGS de Ramaderia i assist\u00e8ncia en sanitat animal tamb\u00e9 pugui participar en el programa Erasmus+, principalment en la realitzaci\u00f3 de pr\u00e0ctiques en empreses d\u2019altres pa\u00efsos europeus.<\/p>\n<ul>\n<li><a href=\"https:\/\/agora.xtec.cat\/eca-noguera\/wp-content\/uploads\/usu2161\/2022\/09\/Seleccio\u0301-de-participants-en-projectes-de-mobilitat.pdf\" target=\"_blank\" rel=\"noopener\">Seleccio\u0301 de participants en projectes de mobilitat<\/a><\/li>\n<li><a href=\"https:\/\/agora.xtec.cat\/eca-noguera\/wp-content\/uploads\/usu2161\/2022\/09\/Certificate-Award-Letter.pdf\" target=\"_blank\" rel=\"noopener\">Certificate Award Letter October 2021<\/a><\/li>\n<li><a href=\"https:\/\/agora.xtec.cat\/eca-noguera\/wp-content\/uploads\/usu2161\/2022\/09\/Erasmus-Policy-statement.pdf\" target=\"_blank\" rel=\"noopener\">Policy statement<\/a><\/li>\n<li><a href=\"https:\/\/agora.xtec.cat\/eca-noguera\/wp-content\/uploads\/usu2161\/2024\/02\/Erasmus-Charter-for-Higher-Education_CAST.pdf\" target=\"_blank\" rel=\"noopener\">Carta ECHE<\/a><\/li>\n<\/ul>\n<p><img loading=\"lazy\" decoding=\"async\" class=\"aligncenter size-full wp-image-1292\" src=\"https:\/\/agora.xtec.cat\/eca-noguera\/wp-content\/uploads\/usu2161\/2022\/09\/Erasmus-Paisos.jpg\" alt=\"\" width=\"300\" height=\"176\" \/><\/p>\n","protected":false},"excerpt":{"rendered":"<p>L\u2019Escola Agr\u00e0ria de Vallfogona de Balaguer participa en la xarxa del programa de mobilitat formativa i cooperaci\u00f3 europea internacional del Departament d\u2019Educaci\u00f3 des del curs 2016-17, tot i que en cursos anteriors ja havia dut a terme projectes d\u2019internacionalitzaci\u00f3 amb pa\u00efsos com Fran\u00e7a, Su\u00e8cia i Finl\u00e0ndia, alguns d\u2019ells conjuntament amb altres escoles agr\u00e0ries. Actualment, participa [&hellip;]<\/p>\n","protected":false},"author":1,"featured_media":0,"parent":19,"menu_order":75,"comment_status":"closed","ping_status":"closed","template":"page-templates\/side-menu.php","meta":{"_bbp_topic_count":0,"_bbp_reply_count":0,"_bbp_total_topic_count":0,"_bbp_total_reply_count":0,"_bbp_voice_count":0,"_bbp_anonymous_reply_count":0,"_bbp_topic_count_hidden":0,"_bbp_reply_count_hidden":0,"_bbp_forum_subforum_count":0,"site-sidebar-layout":"default","site-content-layout":"","ast-site-content-layout":"","site-content-style":"default","site-sidebar-style":"default","ast-global-header-display":"","ast-banner-title-visibility":"","ast-main-header-display":"","ast-hfb-above-header-display":"","ast-hfb-below-header-display":"","ast-hfb-mobile-header-display":"","site-post-title":"","ast-breadcrumbs-content":"","ast-featured-img":"","footer-sml-layout":"","theme-transparent-header-meta":"","adv-header-id-meta":"","stick-header-meta":"","header-above-stick-meta":"","header-main-stick-meta":"","header-below-stick-meta":"","astra-migrate-meta-layouts":"default","ast-page-background-enabled":"default","ast-page-background-meta":{"desktop":{"background-color":"var(--ast-global-color-4)","background-image":"","background-repeat":"repeat","background-position":"center center","background-size":"auto","background-attachment":"scroll","background-type":"","background-media":"","overlay-type":"","overlay-color":"","overlay-opacity":"","overlay-gradient":""},"tablet":{"background-color":"","background-image":"","background-repeat":"repeat","background-position":"center center","background-size":"auto","background-attachment":"scroll","background-type":"","background-media":"","overlay-type":"","overlay-color":"","overlay-opacity":"","overlay-gradient":""},"mobile":{"background-color":"","background-image":"","background-repeat":"repeat","background-position":"center center","background-size":"auto","background-attachment":"scroll","background-type":"","background-media":"","overlay-type":"","overlay-color":"","overlay-opacity":"","overlay-gradient":""}},"ast-content-background-meta":{"desktop":{"background-color":"var(--ast-global-color-5)","background-image":"","background-repeat":"repeat","background-position":"center center","background-size":"auto","background-attachment":"scroll","background-type":"","background-media":"","overlay-type":"","overlay-color":"","overlay-opacity":"","overlay-gradient":""},"tablet":{"background-color":"var(--ast-global-color-5)","background-image":"","background-repeat":"repeat","background-position":"center center","background-size":"auto","background-attachment":"scroll","background-type":"","background-media":"","overlay-type":"","overlay-color":"","overlay-opacity":"","overlay-gradient":""},"mobile":{"background-color":"var(--ast-global-color-5)","background-image":"","background-repeat":"repeat","background-position":"center center","background-size":"auto","background-attachment":"scroll","background-type":"","background-media":"","overlay-type":"","overlay-color":"","overlay-opacity":"","overlay-gradient":""}},"footnotes":""},"class_list":["post-57","page","type-page","status-publish","hentry"],"post_mailing_queue_ids":[],"_links":{"self":[{"href":"https:\/\/agora.xtec.cat\/eca-noguera\/wp-json\/wp\/v2\/pages\/57","targetHints":{"allow":["GET"]}}],"collection":[{"href":"https:\/\/agora.xtec.cat\/eca-noguera\/wp-json\/wp\/v2\/pages"}],"about":[{"href":"https:\/\/agora.xtec.cat\/eca-noguera\/wp-json\/wp\/v2\/types\/page"}],"author":[{"embeddable":true,"href":"https:\/\/agora.xtec.cat\/eca-noguera\/wp-json\/wp\/v2\/users\/1"}],"replies":[{"embeddable":true,"href":"https:\/\/agora.xtec.cat\/eca-noguera\/wp-json\/wp\/v2\/comments?post=57"}],"version-history":[{"count":4,"href":"https:\/\/agora.xtec.cat\/eca-noguera\/wp-json\/wp\/v2\/pages\/57\/revisions"}],"predecessor-version":[{"id":1478,"href":"https:\/\/agora.xtec.cat\/eca-noguera\/wp-json\/wp\/v2\/pages\/57\/revisions\/1478"}],"up":[{"embeddable":true,"href":"https:\/\/agora.xtec.cat\/eca-noguera\/wp-json\/wp\/v2\/pages\/19"}],"wp:attachment":[{"href":"https:\/\/agora.xtec.cat\/eca-noguera\/wp-json\/wp\/v2\/media?parent=57"}],"curies":[{"name":"wp","href":"https:\/\/api.w.org\/{rel}","templated":true}]}}