{"id":49,"date":"2014-09-17T16:55:55","date_gmt":"2014-09-17T16:55:55","guid":{"rendered":"http:\/\/agora.xtec.cat\/eca-noguera\/?page_id=49"},"modified":"2025-09-18T14:33:49","modified_gmt":"2025-09-18T12:33:49","slug":"normes-dorganitzacio-i-funcionament","status":"publish","type":"page","link":"https:\/\/agora.xtec.cat\/eca-noguera\/escola\/normes-dorganitzacio-i-funcionament\/","title":{"rendered":"Normes d\u2019organitzaci\u00f3 i funcionament del centre"},"content":{"rendered":"<p>D\u2019acord amb les indicacions de la Llei 12\/2009 de 10 de juliol d\u2019Educaci\u00f3 (LEC), el decret 102\/2010, de 3 d\u2019agost d\u2019autonomia dels centres educatius i el decret 279\/2006, de 4 de juliol, sobre drets i deures de l\u2019alumnat i regulaci\u00f3 de la conviv\u00e8ncia en els centres educatius no universitaris derogat parcialment (article 4 i el T\u00edtol IV) pel Decret 102\/2010, i les resolucions de 19 de juny de 2012, l&#8217;Escola es regeix pel NOFC, pel que fa a les normes d\u2019utilitzaci\u00f3 dels recursos materials i de disciplina.<\/p>\n<p>Les <a href=\"https:\/\/agora.xtec.cat\/eca-noguera\/wp-content\/uploads\/usu2161\/2025\/09\/2025_07_08_NOFC_EA_Vallfogona_v13.pdf\">NOFC<\/a> (Normes d\u2019organitzaci\u00f3 i funcionament del centre) estaran a disposici\u00f3 de l\u2019alumnat a trav\u00e9s del\/de la tutor\/tutora i es comentaran a l\u2019inici de curs per la seva part.<\/p>\n","protected":false},"excerpt":{"rendered":"<p>D\u2019acord amb les indicacions de la Llei 12\/2009 de 10 de juliol d\u2019Educaci\u00f3 (LEC), el decret 102\/2010, de 3 d\u2019agost d\u2019autonomia dels centres educatius i el decret 279\/2006, de 4 de juliol, sobre drets i deures de l\u2019alumnat i regulaci\u00f3 de la conviv\u00e8ncia en els centres educatius no universitaris derogat parcialment (article 4 i el [&hellip;]<\/p>\n","protected":false},"author":1,"featured_media":0,"parent":19,"menu_order":40,"comment_status":"closed","ping_status":"closed","template":"page-templates\/side-menu.php","meta":{"_bbp_topic_count":0,"_bbp_reply_count":0,"_bbp_total_topic_count":0,"_bbp_total_reply_count":0,"_bbp_voice_count":0,"_bbp_anonymous_reply_count":0,"_bbp_topic_count_hidden":0,"_bbp_reply_count_hidden":0,"_bbp_forum_subforum_count":0,"site-sidebar-layout":"default","site-content-layout":"","ast-site-content-layout":"","site-content-style":"default","site-sidebar-style":"default","ast-global-header-display":"","ast-banner-title-visibility":"","ast-main-header-display":"","ast-hfb-above-header-display":"","ast-hfb-below-header-display":"","ast-hfb-mobile-header-display":"","site-post-title":"","ast-breadcrumbs-content":"","ast-featured-img":"","footer-sml-layout":"","theme-transparent-header-meta":"","adv-header-id-meta":"","stick-header-meta":"","header-above-stick-meta":"","header-main-stick-meta":"","header-below-stick-meta":"","astra-migrate-meta-layouts":"default","ast-page-background-enabled":"default","ast-page-background-meta":{"desktop":{"background-color":"var(--ast-global-color-4)","background-image":"","background-repeat":"repeat","background-position":"center center","background-size":"auto","background-attachment":"scroll","background-type":"","background-media":"","overlay-type":"","overlay-color":"","overlay-opacity":"","overlay-gradient":""},"tablet":{"background-color":"","background-image":"","background-repeat":"repeat","background-position":"center center","background-size":"auto","background-attachment":"scroll","background-type":"","background-media":"","overlay-type":"","overlay-color":"","overlay-opacity":"","overlay-gradient":""},"mobile":{"background-color":"","background-image":"","background-repeat":"repeat","background-position":"center center","background-size":"auto","background-attachment":"scroll","background-type":"","background-media":"","overlay-type":"","overlay-color":"","overlay-opacity":"","overlay-gradient":""}},"ast-content-background-meta":{"desktop":{"background-color":"var(--ast-global-color-5)","background-image":"","background-repeat":"repeat","background-position":"center center","background-size":"auto","background-attachment":"scroll","background-type":"","background-media":"","overlay-type":"","overlay-color":"","overlay-opacity":"","overlay-gradient":""},"tablet":{"background-color":"var(--ast-global-color-5)","background-image":"","background-repeat":"repeat","background-position":"center center","background-size":"auto","background-attachment":"scroll","background-type":"","background-media":"","overlay-type":"","overlay-color":"","overlay-opacity":"","overlay-gradient":""},"mobile":{"background-color":"var(--ast-global-color-5)","background-image":"","background-repeat":"repeat","background-position":"center center","background-size":"auto","background-attachment":"scroll","background-type":"","background-media":"","overlay-type":"","overlay-color":"","overlay-opacity":"","overlay-gradient":""}},"footnotes":""},"class_list":["post-49","page","type-page","status-publish","hentry"],"post_mailing_queue_ids":[],"_links":{"self":[{"href":"https:\/\/agora.xtec.cat\/eca-noguera\/wp-json\/wp\/v2\/pages\/49","targetHints":{"allow":["GET"]}}],"collection":[{"href":"https:\/\/agora.xtec.cat\/eca-noguera\/wp-json\/wp\/v2\/pages"}],"about":[{"href":"https:\/\/agora.xtec.cat\/eca-noguera\/wp-json\/wp\/v2\/types\/page"}],"author":[{"embeddable":true,"href":"https:\/\/agora.xtec.cat\/eca-noguera\/wp-json\/wp\/v2\/users\/1"}],"replies":[{"embeddable":true,"href":"https:\/\/agora.xtec.cat\/eca-noguera\/wp-json\/wp\/v2\/comments?post=49"}],"version-history":[{"count":6,"href":"https:\/\/agora.xtec.cat\/eca-noguera\/wp-json\/wp\/v2\/pages\/49\/revisions"}],"predecessor-version":[{"id":1764,"href":"https:\/\/agora.xtec.cat\/eca-noguera\/wp-json\/wp\/v2\/pages\/49\/revisions\/1764"}],"up":[{"embeddable":true,"href":"https:\/\/agora.xtec.cat\/eca-noguera\/wp-json\/wp\/v2\/pages\/19"}],"wp:attachment":[{"href":"https:\/\/agora.xtec.cat\/eca-noguera\/wp-json\/wp\/v2\/media?parent=49"}],"curies":[{"name":"wp","href":"https:\/\/api.w.org\/{rel}","templated":true}]}}