{"id":39,"date":"2014-09-17T16:36:44","date_gmt":"2014-09-17T16:36:44","guid":{"rendered":"http:\/\/agora.xtec.cat\/eca-noguera\/?page_id=39"},"modified":"2026-02-13T10:27:41","modified_gmt":"2026-02-13T09:27:41","slug":"instal%c2%b7lacions","status":"publish","type":"page","link":"https:\/\/agora.xtec.cat\/eca-noguera\/escola\/instal%c2%b7lacions\/","title":{"rendered":"Instal\u00b7lacions"},"content":{"rendered":"<div>\n<div>\n<div class=\"row\">\n<div class=\"basic_text_peq col-xs-12\">\n<div class=\"pd-15x\">\n<p>Per tal de facilitar l&#8217;aprenentatge i les pr\u00e0ctiques, l&#8217;Escola disposa de les instal\u00b7lacions seg\u00fcents:<\/p>\n<\/div>\n<\/div>\n<\/div>\n<\/div>\n<\/div>\n<div>\n<div class=\"row\">\n<h4 class=\"basic_title col-sm-12 pd-10\">Edifici principal i annex<\/h4>\n<div class=\"col-sm-8 columna_esquerra\">\n<div class=\"cos_bloc basic_text_peq pd-15\">\n<ul>\n<li>\n<div>Aules te\u00f2rico-pr\u00e0ctiques<\/div>\n<\/li>\n<li>\n<div>Aula d&#8217;audiovisuals<\/div>\n<\/li>\n<li>\n<div>Aula d&#8217;inform\u00e0tica<\/div>\n<\/li>\n<li>\n<div>Laboratori<\/div>\n<\/li>\n<li>\n<div>Biblioteca<\/div>\n<\/li>\n<li>\n<div>Sala de reunions<\/div>\n<\/li>\n<li>\n<div>Despatxos per a administraci\u00f3 i professorat<\/div>\n<\/li>\n<li>\n<div>Cuina i menjador<\/div>\n<\/li>\n<li>Zona d&#8217;esbarjo<\/li>\n<li>Zona d&#8217;aparcaments<\/li>\n<\/ul>\n<h4>Edificis de pr\u00e0ctiques<\/h4>\n<div class=\"col-sm-8 columna_esquerra\">\n<div class=\"cos_bloc basic_text_peq pd-15\">\n<ul>\n<li>\n<div>Instal\u00b7lacions ramaderes:<\/div>\n<ul>\n<li>\n<div>granja de conills (25 conilles)<\/div>\n<\/li>\n<li>\n<div>granja d&#8217;ovelles (28 ovelles)<\/div>\n<\/li>\n<li>\n<div>granja de vaques (6 vaques de carn)<\/div>\n<\/li>\n<li>\n<div>granja de porcs (5 verres)<\/div>\n<\/li>\n<li>instal\u00b7lacions per a aviram (14 gallines)<\/li>\n<li>instal\u00b7lacions per a cavalls ( 5 cavalls)<\/li>\n<\/ul>\n<\/li>\n<li>\n<div>Taller de pr\u00e0ctiques de mec\u00e0nica agr\u00edcola<\/div>\n<\/li>\n<li>\n<div>Magatzem per maquin\u00e0ria<\/div>\n<\/li>\n<li>Vestidors<\/li>\n<\/ul>\n<h4>Finca<\/h4>\n<ul>\n<li>\n<div>Camp de conreus<\/div>\n<\/li>\n<li>\n<div>Camp de pr\u00e0ctiques per als alumnes<\/div>\n<\/li>\n<li>\n<div>Jard\u00ed de gespa<\/div>\n<\/li>\n<li>\n<div>Sistema de reg per degoteig i aspersi\u00f3 totalment automatitzat<\/div>\n<\/li>\n<\/ul>\n<p>&nbsp;<\/p>\n<p>&nbsp;<\/p>\n<\/div>\n<\/div>\n<\/div>\n<\/div>\n<div class=\"col-sm-4 columna_destacats\">\n<div class=\"imatge_amb_peu amb_text noticia clearfix\"><\/div>\n<\/div>\n<\/div>\n<\/div>\n","protected":false},"excerpt":{"rendered":"<p>Per tal de facilitar l&#8217;aprenentatge i les pr\u00e0ctiques, l&#8217;Escola disposa de les instal\u00b7lacions seg\u00fcents: Edifici principal i annex Aules te\u00f2rico-pr\u00e0ctiques Aula d&#8217;audiovisuals Aula d&#8217;inform\u00e0tica Laboratori Biblioteca Sala de reunions Despatxos per a administraci\u00f3 i professorat Cuina i menjador Zona d&#8217;esbarjo Zona d&#8217;aparcaments Edificis de pr\u00e0ctiques Instal\u00b7lacions ramaderes: granja de conills (25 conilles) granja d&#8217;ovelles (28 [&hellip;]<\/p>\n","protected":false},"author":1,"featured_media":0,"parent":19,"menu_order":20,"comment_status":"closed","ping_status":"closed","template":"page-templates\/side-menu.php","meta":{"_bbp_topic_count":0,"_bbp_reply_count":0,"_bbp_total_topic_count":0,"_bbp_total_reply_count":0,"_bbp_voice_count":0,"_bbp_anonymous_reply_count":0,"_bbp_topic_count_hidden":0,"_bbp_reply_count_hidden":0,"_bbp_forum_subforum_count":0,"site-sidebar-layout":"default","site-content-layout":"","ast-site-content-layout":"","site-content-style":"default","site-sidebar-style":"default","ast-global-header-display":"","ast-banner-title-visibility":"","ast-main-header-display":"","ast-hfb-above-header-display":"","ast-hfb-below-header-display":"","ast-hfb-mobile-header-display":"","site-post-title":"","ast-breadcrumbs-content":"","ast-featured-img":"","footer-sml-layout":"","theme-transparent-header-meta":"","adv-header-id-meta":"","stick-header-meta":"","header-above-stick-meta":"","header-main-stick-meta":"","header-below-stick-meta":"","astra-migrate-meta-layouts":"default","ast-page-background-enabled":"default","ast-page-background-meta":{"desktop":{"background-color":"var(--ast-global-color-4)","background-image":"","background-repeat":"repeat","background-position":"center center","background-size":"auto","background-attachment":"scroll","background-type":"","background-media":"","overlay-type":"","overlay-color":"","overlay-opacity":"","overlay-gradient":""},"tablet":{"background-color":"","background-image":"","background-repeat":"repeat","background-position":"center center","background-size":"auto","background-attachment":"scroll","background-type":"","background-media":"","overlay-type":"","overlay-color":"","overlay-opacity":"","overlay-gradient":""},"mobile":{"background-color":"","background-image":"","background-repeat":"repeat","background-position":"center center","background-size":"auto","background-attachment":"scroll","background-type":"","background-media":"","overlay-type":"","overlay-color":"","overlay-opacity":"","overlay-gradient":""}},"ast-content-background-meta":{"desktop":{"background-color":"var(--ast-global-color-5)","background-image":"","background-repeat":"repeat","background-position":"center center","background-size":"auto","background-attachment":"scroll","background-type":"","background-media":"","overlay-type":"","overlay-color":"","overlay-opacity":"","overlay-gradient":""},"tablet":{"background-color":"var(--ast-global-color-5)","background-image":"","background-repeat":"repeat","background-position":"center center","background-size":"auto","background-attachment":"scroll","background-type":"","background-media":"","overlay-type":"","overlay-color":"","overlay-opacity":"","overlay-gradient":""},"mobile":{"background-color":"var(--ast-global-color-5)","background-image":"","background-repeat":"repeat","background-position":"center center","background-size":"auto","background-attachment":"scroll","background-type":"","background-media":"","overlay-type":"","overlay-color":"","overlay-opacity":"","overlay-gradient":""}},"footnotes":""},"class_list":["post-39","page","type-page","status-publish","hentry"],"post_mailing_queue_ids":[],"_links":{"self":[{"href":"https:\/\/agora.xtec.cat\/eca-noguera\/wp-json\/wp\/v2\/pages\/39","targetHints":{"allow":["GET"]}}],"collection":[{"href":"https:\/\/agora.xtec.cat\/eca-noguera\/wp-json\/wp\/v2\/pages"}],"about":[{"href":"https:\/\/agora.xtec.cat\/eca-noguera\/wp-json\/wp\/v2\/types\/page"}],"author":[{"embeddable":true,"href":"https:\/\/agora.xtec.cat\/eca-noguera\/wp-json\/wp\/v2\/users\/1"}],"replies":[{"embeddable":true,"href":"https:\/\/agora.xtec.cat\/eca-noguera\/wp-json\/wp\/v2\/comments?post=39"}],"version-history":[{"count":6,"href":"https:\/\/agora.xtec.cat\/eca-noguera\/wp-json\/wp\/v2\/pages\/39\/revisions"}],"predecessor-version":[{"id":1813,"href":"https:\/\/agora.xtec.cat\/eca-noguera\/wp-json\/wp\/v2\/pages\/39\/revisions\/1813"}],"up":[{"embeddable":true,"href":"https:\/\/agora.xtec.cat\/eca-noguera\/wp-json\/wp\/v2\/pages\/19"}],"wp:attachment":[{"href":"https:\/\/agora.xtec.cat\/eca-noguera\/wp-json\/wp\/v2\/media?parent=39"}],"curies":[{"name":"wp","href":"https:\/\/api.w.org\/{rel}","templated":true}]}}