{"id":1509,"date":"2024-06-07T11:27:41","date_gmt":"2024-06-07T09:27:41","guid":{"rendered":"https:\/\/agora.xtec.cat\/eca-noguera\/?page_id=1509"},"modified":"2026-02-13T09:51:56","modified_gmt":"2026-02-13T08:51:56","slug":"certificats-professionals","status":"publish","type":"page","link":"https:\/\/agora.xtec.cat\/eca-noguera\/estudis\/certificats-professionals\/","title":{"rendered":"Certificats professionals"},"content":{"rendered":"<p>L&#8217;Escola Agr\u00e0ria de Vallfogona de Balaguer exerceix de coordinadora del Centre de formaci\u00f3 professional integrada (CFPI) del sector ramader.<\/p>\n<p>Del mar\u00e7 del 2026 al mar\u00e7 del 2027 s&#8217;imparteix un <a href=\"https:\/\/agora.xtec.cat\/eca-noguera\/wp-content\/uploads\/usu2161\/2026\/02\/REV_251210_CP_Porcs20reproduccio20i20engreix201-1.pdf\">Certificat Professional<\/a>, en modalitat DUAL, a l&#8217;escola. Inclou els seg\u00fcents continguts:<\/p>\n<ul>\n<li>Producci\u00f3 porcina de reproducci\u00f3 i cria (AGAP0108)<\/li>\n<li>Producci\u00f3 porcina de recria i engreix (AGAP0208)<\/li>\n<li>Maneig i manteniment de m\u00e0quines agr\u00edcoles d\u2019accionament i tracci\u00f3 (MF1804_2)<\/li>\n<\/ul>\n<p>Els certificats professionals de totes les Escoles Agr\u00e0ries els podeu trobar <a href=\"https:\/\/ruralcat.gencat.cat\/web\/guest\/formacio-i-transferencia\/certificats-professionals\" target=\"_blank\" rel=\"noopener\">aqu\u00ed<\/a>.<\/p>\n","protected":false},"excerpt":{"rendered":"<p>L&#8217;Escola Agr\u00e0ria de Vallfogona de Balaguer exerceix de coordinadora del Centre de formaci\u00f3 professional integrada (CFPI) del sector ramader. Del mar\u00e7 del 2026 al mar\u00e7 del 2027 s&#8217;imparteix un Certificat Professional, en modalitat DUAL, a l&#8217;escola. Inclou els seg\u00fcents continguts: Producci\u00f3 porcina de reproducci\u00f3 i cria (AGAP0108) Producci\u00f3 porcina de recria i engreix (AGAP0208) Maneig [&hellip;]<\/p>\n","protected":false},"author":1,"featured_media":0,"parent":971,"menu_order":4,"comment_status":"closed","ping_status":"closed","template":"page-templates\/side-menu.php","meta":{"_bbp_topic_count":0,"_bbp_reply_count":0,"_bbp_total_topic_count":0,"_bbp_total_reply_count":0,"_bbp_voice_count":0,"_bbp_anonymous_reply_count":0,"_bbp_topic_count_hidden":0,"_bbp_reply_count_hidden":0,"_bbp_forum_subforum_count":0,"site-sidebar-layout":"default","site-content-layout":"","ast-site-content-layout":"","site-content-style":"default","site-sidebar-style":"default","ast-global-header-display":"","ast-banner-title-visibility":"","ast-main-header-display":"","ast-hfb-above-header-display":"","ast-hfb-below-header-display":"","ast-hfb-mobile-header-display":"","site-post-title":"","ast-breadcrumbs-content":"","ast-featured-img":"","footer-sml-layout":"","theme-transparent-header-meta":"","adv-header-id-meta":"","stick-header-meta":"","header-above-stick-meta":"","header-main-stick-meta":"","header-below-stick-meta":"","astra-migrate-meta-layouts":"default","ast-page-background-enabled":"default","ast-page-background-meta":{"desktop":{"background-color":"var(--ast-global-color-4)","background-image":"","background-repeat":"repeat","background-position":"center center","background-size":"auto","background-attachment":"scroll","background-type":"","background-media":"","overlay-type":"","overlay-color":"","overlay-opacity":"","overlay-gradient":""},"tablet":{"background-color":"","background-image":"","background-repeat":"repeat","background-position":"center center","background-size":"auto","background-attachment":"scroll","background-type":"","background-media":"","overlay-type":"","overlay-color":"","overlay-opacity":"","overlay-gradient":""},"mobile":{"background-color":"","background-image":"","background-repeat":"repeat","background-position":"center center","background-size":"auto","background-attachment":"scroll","background-type":"","background-media":"","overlay-type":"","overlay-color":"","overlay-opacity":"","overlay-gradient":""}},"ast-content-background-meta":{"desktop":{"background-color":"var(--ast-global-color-5)","background-image":"","background-repeat":"repeat","background-position":"center center","background-size":"auto","background-attachment":"scroll","background-type":"","background-media":"","overlay-type":"","overlay-color":"","overlay-opacity":"","overlay-gradient":""},"tablet":{"background-color":"var(--ast-global-color-5)","background-image":"","background-repeat":"repeat","background-position":"center center","background-size":"auto","background-attachment":"scroll","background-type":"","background-media":"","overlay-type":"","overlay-color":"","overlay-opacity":"","overlay-gradient":""},"mobile":{"background-color":"var(--ast-global-color-5)","background-image":"","background-repeat":"repeat","background-position":"center center","background-size":"auto","background-attachment":"scroll","background-type":"","background-media":"","overlay-type":"","overlay-color":"","overlay-opacity":"","overlay-gradient":""}},"footnotes":""},"class_list":["post-1509","page","type-page","status-publish","hentry"],"post_mailing_queue_ids":[],"_links":{"self":[{"href":"https:\/\/agora.xtec.cat\/eca-noguera\/wp-json\/wp\/v2\/pages\/1509","targetHints":{"allow":["GET"]}}],"collection":[{"href":"https:\/\/agora.xtec.cat\/eca-noguera\/wp-json\/wp\/v2\/pages"}],"about":[{"href":"https:\/\/agora.xtec.cat\/eca-noguera\/wp-json\/wp\/v2\/types\/page"}],"author":[{"embeddable":true,"href":"https:\/\/agora.xtec.cat\/eca-noguera\/wp-json\/wp\/v2\/users\/1"}],"replies":[{"embeddable":true,"href":"https:\/\/agora.xtec.cat\/eca-noguera\/wp-json\/wp\/v2\/comments?post=1509"}],"version-history":[{"count":6,"href":"https:\/\/agora.xtec.cat\/eca-noguera\/wp-json\/wp\/v2\/pages\/1509\/revisions"}],"predecessor-version":[{"id":1805,"href":"https:\/\/agora.xtec.cat\/eca-noguera\/wp-json\/wp\/v2\/pages\/1509\/revisions\/1805"}],"up":[{"embeddable":true,"href":"https:\/\/agora.xtec.cat\/eca-noguera\/wp-json\/wp\/v2\/pages\/971"}],"wp:attachment":[{"href":"https:\/\/agora.xtec.cat\/eca-noguera\/wp-json\/wp\/v2\/media?parent=1509"}],"curies":[{"name":"wp","href":"https:\/\/api.w.org\/{rel}","templated":true}]}}