{"id":1362,"date":"2023-04-18T19:29:52","date_gmt":"2023-04-18T17:29:52","guid":{"rendered":"https:\/\/agora.xtec.cat\/eca-noguera\/?page_id=1362"},"modified":"2024-10-01T14:13:27","modified_gmt":"2024-10-01T12:13:27","slug":"pla-destrategia-digital-de-centre","status":"publish","type":"page","link":"https:\/\/agora.xtec.cat\/eca-noguera\/escola\/pla-destrategia-digital-de-centre\/","title":{"rendered":"Pla d&#8217;Estrat\u00e8gia Digital de Centre"},"content":{"rendered":"<header class=\"entry-header\">\n<p class=\"entry-title\">\u00a0<span style=\"font-family: inherit; font-size: 1em;\">L\u2019<\/span><strong style=\"font-family: inherit; font-size: 1em;\">Escola Agr\u00e0ria de Vallfogona de Balaguer<\/strong><span style=\"font-family: inherit; font-size: 1em;\"> imparteix formaci\u00f3 inicial i formaci\u00f3 cont\u00ednua, pel qual es requereix que tan alumnat com professorat parteixin d\u2019uns coneixements de les eines digitals.<\/span><\/p>\n<\/header>\n<div class=\"entry-content\">\n<p class=\"CDt4Ke zfr3Q\" dir=\"ltr\">Per la qual cosa ha estat formant el seu professorat en compet\u00e8ncia digital, implementant una <strong>formaci\u00f3 continua del professorat en noves eines i tecnologies digitals<\/strong>.<\/p>\n<p class=\"CDt4Ke zfr3Q\" dir=\"ltr\">L\u2019<a href=\"https:\/\/agora.xtec.cat\/eca-noguera\/wp-content\/uploads\/usu2161\/2024\/10\/25000845-Escola-agraria-de-Vallfogona-de-Balaguer-Resum-de-lEDC-002.pdf\">EDC<\/a>\u00a0\u00e9s el document que defineix i concreta les l\u00ednies d\u2019actuaci\u00f3 del centre que fan possible que docents, alumnat i centre assoleixin la compet\u00e8ncia digital. Aquest compren tots els \u00e0mbits del centre: organitzatius, curriculars i comunicatius.<\/p>\n<p class=\"CDt4Ke zfr3Q\" dir=\"ltr\"><a href=\"https:\/\/sites.google.com\/eavallfogona.cat\/estrategia-digital\/presentaci%C3%B3-de-ledc\" target=\"_blank\" rel=\"noopener\"><img loading=\"lazy\" decoding=\"async\" class=\"aligncenter wp-image-1402 size-medium\" src=\"https:\/\/agora.xtec.cat\/eca-noguera\/wp-content\/uploads\/usu2161\/2023\/06\/edc-300x195.png\" alt=\"\" width=\"300\" height=\"195\" srcset=\"https:\/\/agora.xtec.cat\/eca-noguera\/wp-content\/uploads\/usu2161\/2023\/06\/edc-300x195.png 300w, https:\/\/agora.xtec.cat\/eca-noguera\/wp-content\/uploads\/usu2161\/2023\/06\/edc.png 400w\" sizes=\"auto, (max-width: 300px) 100vw, 300px\" \/><\/a><\/p>\n<p dir=\"ltr\">\n<\/div>\n","protected":false},"excerpt":{"rendered":"<p>\u00a0L\u2019Escola Agr\u00e0ria de Vallfogona de Balaguer imparteix formaci\u00f3 inicial i formaci\u00f3 cont\u00ednua, pel qual es requereix que tan alumnat com professorat parteixin d\u2019uns coneixements de les eines digitals. Per la qual cosa ha estat formant el seu professorat en compet\u00e8ncia digital, implementant una formaci\u00f3 continua del professorat en noves eines i tecnologies digitals. L\u2019EDC\u00a0\u00e9s el [&hellip;]<\/p>\n","protected":false},"author":1,"featured_media":0,"parent":19,"menu_order":75,"comment_status":"closed","ping_status":"closed","template":"page-templates\/side-menu.php","meta":{"_bbp_topic_count":0,"_bbp_reply_count":0,"_bbp_total_topic_count":0,"_bbp_total_reply_count":0,"_bbp_voice_count":0,"_bbp_anonymous_reply_count":0,"_bbp_topic_count_hidden":0,"_bbp_reply_count_hidden":0,"_bbp_forum_subforum_count":0,"site-sidebar-layout":"default","site-content-layout":"","ast-site-content-layout":"","site-content-style":"default","site-sidebar-style":"default","ast-global-header-display":"","ast-banner-title-visibility":"","ast-main-header-display":"","ast-hfb-above-header-display":"","ast-hfb-below-header-display":"","ast-hfb-mobile-header-display":"","site-post-title":"","ast-breadcrumbs-content":"","ast-featured-img":"","footer-sml-layout":"","theme-transparent-header-meta":"","adv-header-id-meta":"","stick-header-meta":"","header-above-stick-meta":"","header-main-stick-meta":"","header-below-stick-meta":"","astra-migrate-meta-layouts":"default","ast-page-background-enabled":"default","ast-page-background-meta":{"desktop":{"background-color":"var(--ast-global-color-4)","background-image":"","background-repeat":"repeat","background-position":"center center","background-size":"auto","background-attachment":"scroll","background-type":"","background-media":"","overlay-type":"","overlay-color":"","overlay-opacity":"","overlay-gradient":""},"tablet":{"background-color":"","background-image":"","background-repeat":"repeat","background-position":"center center","background-size":"auto","background-attachment":"scroll","background-type":"","background-media":"","overlay-type":"","overlay-color":"","overlay-opacity":"","overlay-gradient":""},"mobile":{"background-color":"","background-image":"","background-repeat":"repeat","background-position":"center center","background-size":"auto","background-attachment":"scroll","background-type":"","background-media":"","overlay-type":"","overlay-color":"","overlay-opacity":"","overlay-gradient":""}},"ast-content-background-meta":{"desktop":{"background-color":"var(--ast-global-color-5)","background-image":"","background-repeat":"repeat","background-position":"center center","background-size":"auto","background-attachment":"scroll","background-type":"","background-media":"","overlay-type":"","overlay-color":"","overlay-opacity":"","overlay-gradient":""},"tablet":{"background-color":"var(--ast-global-color-5)","background-image":"","background-repeat":"repeat","background-position":"center center","background-size":"auto","background-attachment":"scroll","background-type":"","background-media":"","overlay-type":"","overlay-color":"","overlay-opacity":"","overlay-gradient":""},"mobile":{"background-color":"var(--ast-global-color-5)","background-image":"","background-repeat":"repeat","background-position":"center center","background-size":"auto","background-attachment":"scroll","background-type":"","background-media":"","overlay-type":"","overlay-color":"","overlay-opacity":"","overlay-gradient":""}},"footnotes":""},"class_list":["post-1362","page","type-page","status-publish","hentry"],"post_mailing_queue_ids":[],"_links":{"self":[{"href":"https:\/\/agora.xtec.cat\/eca-noguera\/wp-json\/wp\/v2\/pages\/1362","targetHints":{"allow":["GET"]}}],"collection":[{"href":"https:\/\/agora.xtec.cat\/eca-noguera\/wp-json\/wp\/v2\/pages"}],"about":[{"href":"https:\/\/agora.xtec.cat\/eca-noguera\/wp-json\/wp\/v2\/types\/page"}],"author":[{"embeddable":true,"href":"https:\/\/agora.xtec.cat\/eca-noguera\/wp-json\/wp\/v2\/users\/1"}],"replies":[{"embeddable":true,"href":"https:\/\/agora.xtec.cat\/eca-noguera\/wp-json\/wp\/v2\/comments?post=1362"}],"version-history":[{"count":4,"href":"https:\/\/agora.xtec.cat\/eca-noguera\/wp-json\/wp\/v2\/pages\/1362\/revisions"}],"predecessor-version":[{"id":1585,"href":"https:\/\/agora.xtec.cat\/eca-noguera\/wp-json\/wp\/v2\/pages\/1362\/revisions\/1585"}],"up":[{"embeddable":true,"href":"https:\/\/agora.xtec.cat\/eca-noguera\/wp-json\/wp\/v2\/pages\/19"}],"wp:attachment":[{"href":"https:\/\/agora.xtec.cat\/eca-noguera\/wp-json\/wp\/v2\/media?parent=1362"}],"curies":[{"name":"wp","href":"https:\/\/api.w.org\/{rel}","templated":true}]}}