{"id":1306,"date":"2022-09-27T16:51:58","date_gmt":"2022-09-27T14:51:58","guid":{"rendered":"https:\/\/agora.xtec.cat\/eca-noguera\/?page_id=1306"},"modified":"2026-03-17T14:59:30","modified_gmt":"2026-03-17T13:59:30","slug":"certificacions","status":"publish","type":"page","link":"https:\/\/agora.xtec.cat\/eca-noguera\/escola\/certificacions\/","title":{"rendered":"Certificacions"},"content":{"rendered":"<p>Certificacions 9001, 14001 i AMED<\/p>\n<p><img loading=\"lazy\" decoding=\"async\" class=\"wp-image-1307 alignleft\" src=\"https:\/\/agora.xtec.cat\/eca-noguera\/wp-content\/uploads\/usu2161\/2022\/09\/iso.png\" alt=\"\" width=\"150\" height=\"147\" \/><img loading=\"lazy\" decoding=\"async\" class=\"wp-image-1560 alignleft\" src=\"https:\/\/agora.xtec.cat\/eca-noguera\/wp-content\/uploads\/usu2161\/2024\/09\/SGS_ISO-14001-ENAC_TCL_LR-246x300.jpg\" alt=\"\" width=\"150\" height=\"183\" srcset=\"https:\/\/agora.xtec.cat\/eca-noguera\/wp-content\/uploads\/usu2161\/2024\/09\/SGS_ISO-14001-ENAC_TCL_LR-246x300.jpg 246w, https:\/\/agora.xtec.cat\/eca-noguera\/wp-content\/uploads\/usu2161\/2024\/09\/SGS_ISO-14001-ENAC_TCL_LR.jpg 324w\" sizes=\"auto, (max-width: 150px) 100vw, 150px\" \/><\/p>\n<p>&nbsp;<\/p>\n<p>&nbsp;<\/p>\n<p>&nbsp;<\/p>\n<p>&nbsp;<\/p>\n<p>&nbsp;<\/p>\n<p>L\u2019Escola Agr\u00e0ria de Vallfogona de Balaguer participa en el Projecte de Qualitat i Millora Cont\u00ednua del Departament d\u2019Educaci\u00f3, des de l\u2019any 2012. Actualment est\u00e0 certificada en la norma<strong>\u00a0<span style=\"color: #000000;\"><a href=\"https:\/\/agora.xtec.cat\/eca-noguera\/wp-content\/uploads\/usu2161\/2026\/03\/9001-CAT-SERVEI-DE-FORMACIO-AGRARIA-DEPARTAMENT-DAGRICULTURA-RAMADERIA-PESCA-I-ALIMENTACIO_signed.pdf\">ISO 9001<\/a><\/span>, <\/strong>des de l\u2019any 2018, i en la <strong><span style=\"color: #000000;\"><a href=\"https:\/\/agora.xtec.cat\/eca-noguera\/wp-content\/uploads\/usu2161\/2026\/03\/14001-CAT-SERVEI-DE-FORMACIO-AGRARIA-DEPARTAMENT-DAGRICULTURA-RAMADERIA-PESCA-I-ALIMENTACIO_signed-1.pdf\">ISO 14001<\/a><\/span><\/strong>, des de l&#8217;any 2024. Aix\u00f2 demostra que gestiona el sistema amb criteris i instruments de revisi\u00f3, avaluaci\u00f3 i redefinici\u00f3 permanent del treball i aplicant criteris de sostenibilitat, en el marc d\u2019aquest Projecte.<\/p>\n<p>La nostra pol\u00edtica de qualitat i medi ambient \u00e9s pot veure a la nostra web i en aquest enlla\u00e7:<\/p>\n<p><a href=\"https:\/\/agora.xtec.cat\/eca-noguera\/escola\/qualitat\/\" target=\"_blank\" rel=\"noopener\">Pol\u00edtica de qualitat i medi ambient\u00a0<\/a><\/p>\n<p>A m\u00e9s a m\u00e9s, l\u2019Escola Agr\u00e0ria de Vallfogona de Balaguer promou l\u2019alimentaci\u00f3 mediterr\u00e0nia com a model d\u2019alimentaci\u00f3 saludable i equilibrada. Fruit d\u2019aquesta voluntat, ha rebut l\u2019<a href=\"https:\/\/salutweb.gencat.cat\/ca\/ambits_actuacio\/per_perfils\/empreses_i_establiments\/Ambit-alimentari\/restauracio\/acreditacio_amed\/\"><strong>acreditaci\u00f3<\/strong>\u00a0<strong>Amed<\/strong><\/a>, un programa d\u2019identificaci\u00f3 i acreditaci\u00f3 d\u2019establiments de restauraci\u00f3 promotors de l\u2019alimentaci\u00f3 mediterr\u00e0nia i de l\u2019oci actiu, liderat per l\u2019Ag\u00e8ncia de Salut P\u00fablica de Catalunya del\u00a0<strong>Departament de Salut<\/strong>.<\/p>\n<p>Per aconseguir aquest distintiu, les set Escoles Agr\u00e0ries acreditades han certificat el\u00a0 compliment d\u2019un seguit de\u00a0<a href=\"http:\/\/www.amed.cat\/requisits.php\">requisits de l\u2019acreditaci\u00f3 Amed<\/a>:<\/p>\n<ul>\n<li>Garantir que un 25% de l\u2019oferta dels primers plats siguin a base de verdures, hortalisses o llegums.<\/li>\n<li>Incloure a l\u2019oferta de segons plats un 50% de peix o carn magra.<\/li>\n<li>Utilitzar oli d\u2019oliva per amanir i<br \/>\npreparar els plats (per amanir preferiblement oli d\u2019oliva verge o verge extra).<\/li>\n<li>Oferir algun producte integral a la carta.<\/li>\n<li>Disposar, entre les postres l\u00e0cties, l\u2019opci\u00f3 sense sucres afegits.<\/li>\n<li>Oferir aigua no envasada de forma habitual i gratu\u00efta.<\/li>\n<li>Garantir un 50% de fruita fresca, en l\u2019oferta de les postres.<\/li>\n<\/ul>\n<p><img loading=\"lazy\" decoding=\"async\" class=\"aligncenter wp-image-1308\" src=\"https:\/\/agora.xtec.cat\/eca-noguera\/wp-content\/uploads\/usu2161\/2022\/09\/amed.jpg\" alt=\"\" width=\"202\" height=\"208\" \/><\/p>\n","protected":false},"excerpt":{"rendered":"<p>Certificacions 9001, 14001 i AMED &nbsp; &nbsp; &nbsp; &nbsp; &nbsp; L\u2019Escola Agr\u00e0ria de Vallfogona de Balaguer participa en el Projecte de Qualitat i Millora Cont\u00ednua del Departament d\u2019Educaci\u00f3, des de l\u2019any 2012. Actualment est\u00e0 certificada en la norma\u00a0ISO 9001, des de l\u2019any 2018, i en la ISO 14001, des de l&#8217;any 2024. Aix\u00f2 demostra que [&hellip;]<\/p>\n","protected":false},"author":1,"featured_media":0,"parent":19,"menu_order":80,"comment_status":"closed","ping_status":"closed","template":"page-templates\/side-menu.php","meta":{"_bbp_topic_count":0,"_bbp_reply_count":0,"_bbp_total_topic_count":0,"_bbp_total_reply_count":0,"_bbp_voice_count":0,"_bbp_anonymous_reply_count":0,"_bbp_topic_count_hidden":0,"_bbp_reply_count_hidden":0,"_bbp_forum_subforum_count":0,"site-sidebar-layout":"default","site-content-layout":"","ast-site-content-layout":"","site-content-style":"default","site-sidebar-style":"default","ast-global-header-display":"","ast-banner-title-visibility":"","ast-main-header-display":"","ast-hfb-above-header-display":"","ast-hfb-below-header-display":"","ast-hfb-mobile-header-display":"","site-post-title":"","ast-breadcrumbs-content":"","ast-featured-img":"","footer-sml-layout":"","theme-transparent-header-meta":"","adv-header-id-meta":"","stick-header-meta":"","header-above-stick-meta":"","header-main-stick-meta":"","header-below-stick-meta":"","astra-migrate-meta-layouts":"default","ast-page-background-enabled":"default","ast-page-background-meta":{"desktop":{"background-color":"var(--ast-global-color-4)","background-image":"","background-repeat":"repeat","background-position":"center center","background-size":"auto","background-attachment":"scroll","background-type":"","background-media":"","overlay-type":"","overlay-color":"","overlay-opacity":"","overlay-gradient":""},"tablet":{"background-color":"","background-image":"","background-repeat":"repeat","background-position":"center center","background-size":"auto","background-attachment":"scroll","background-type":"","background-media":"","overlay-type":"","overlay-color":"","overlay-opacity":"","overlay-gradient":""},"mobile":{"background-color":"","background-image":"","background-repeat":"repeat","background-position":"center center","background-size":"auto","background-attachment":"scroll","background-type":"","background-media":"","overlay-type":"","overlay-color":"","overlay-opacity":"","overlay-gradient":""}},"ast-content-background-meta":{"desktop":{"background-color":"var(--ast-global-color-5)","background-image":"","background-repeat":"repeat","background-position":"center center","background-size":"auto","background-attachment":"scroll","background-type":"","background-media":"","overlay-type":"","overlay-color":"","overlay-opacity":"","overlay-gradient":""},"tablet":{"background-color":"var(--ast-global-color-5)","background-image":"","background-repeat":"repeat","background-position":"center center","background-size":"auto","background-attachment":"scroll","background-type":"","background-media":"","overlay-type":"","overlay-color":"","overlay-opacity":"","overlay-gradient":""},"mobile":{"background-color":"var(--ast-global-color-5)","background-image":"","background-repeat":"repeat","background-position":"center center","background-size":"auto","background-attachment":"scroll","background-type":"","background-media":"","overlay-type":"","overlay-color":"","overlay-opacity":"","overlay-gradient":""}},"footnotes":""},"class_list":["post-1306","page","type-page","status-publish","hentry"],"post_mailing_queue_ids":[],"_links":{"self":[{"href":"https:\/\/agora.xtec.cat\/eca-noguera\/wp-json\/wp\/v2\/pages\/1306","targetHints":{"allow":["GET"]}}],"collection":[{"href":"https:\/\/agora.xtec.cat\/eca-noguera\/wp-json\/wp\/v2\/pages"}],"about":[{"href":"https:\/\/agora.xtec.cat\/eca-noguera\/wp-json\/wp\/v2\/types\/page"}],"author":[{"embeddable":true,"href":"https:\/\/agora.xtec.cat\/eca-noguera\/wp-json\/wp\/v2\/users\/1"}],"replies":[{"embeddable":true,"href":"https:\/\/agora.xtec.cat\/eca-noguera\/wp-json\/wp\/v2\/comments?post=1306"}],"version-history":[{"count":6,"href":"https:\/\/agora.xtec.cat\/eca-noguera\/wp-json\/wp\/v2\/pages\/1306\/revisions"}],"predecessor-version":[{"id":1819,"href":"https:\/\/agora.xtec.cat\/eca-noguera\/wp-json\/wp\/v2\/pages\/1306\/revisions\/1819"}],"up":[{"embeddable":true,"href":"https:\/\/agora.xtec.cat\/eca-noguera\/wp-json\/wp\/v2\/pages\/19"}],"wp:attachment":[{"href":"https:\/\/agora.xtec.cat\/eca-noguera\/wp-json\/wp\/v2\/media?parent=1306"}],"curies":[{"name":"wp","href":"https:\/\/api.w.org\/{rel}","templated":true}]}}