{"id":999,"date":"2022-06-21T13:17:58","date_gmt":"2022-06-21T11:17:58","guid":{"rendered":"https:\/\/agora.xtec.cat\/eca-masbove\/?page_id=999"},"modified":"2022-11-16T12:17:52","modified_gmt":"2022-11-16T11:17:52","slug":"objectius","status":"publish","type":"page","link":"https:\/\/agora.xtec.cat\/eca-masbove\/altres-tasques\/secretaria\/objectius\/","title":{"rendered":"Objectius"},"content":{"rendered":"<table style=\"height: 224px; width: 100%; border-collapse: collapse; background-color: #43d95f; border-color: #000000;\">\n<tbody>\n<tr style=\"height: 32px;\">\n<td style=\"width: 16.7836%; height: 32px;\"><\/td>\n<td style=\"width: 83.2164%; height: 32px; text-align: center;\" colspan=\"19\"><strong>OBJECTIUS<\/strong><\/td>\n<\/tr>\n<tr style=\"height: 32px;\">\n<td style=\"width: 16.7836%; height: 32px;\"><strong>Objectiu 1<\/strong><\/td>\n<td style=\"width: 83.2164%; height: 32px;\" colspan=\"19\"><span data-sheets-value=\"{&quot;1&quot;:2,&quot;2&quot;:&quot; Visibilitzar el centre dins de la xarxa del Departament d'Educaci\u00f3, seguint les directrius de l'EDC.&quot;}\" data-sheets-userformat=\"{&quot;2&quot;:43839,&quot;3&quot;:{&quot;1&quot;:0},&quot;4&quot;:{&quot;1&quot;:3,&quot;3&quot;:2},&quot;5&quot;:{&quot;1&quot;:[{&quot;1&quot;:2,&quot;2&quot;:0,&quot;5&quot;:{&quot;1&quot;:2,&quot;2&quot;:0}},{&quot;1&quot;:0,&quot;2&quot;:0,&quot;3&quot;:3},{&quot;1&quot;:1,&quot;2&quot;:0,&quot;4&quot;:3}]},&quot;6&quot;:{&quot;1&quot;:[{&quot;1&quot;:2,&quot;2&quot;:0,&quot;5&quot;:{&quot;1&quot;:2,&quot;2&quot;:0}},{&quot;1&quot;:0,&quot;2&quot;:0,&quot;3&quot;:3},{&quot;1&quot;:1,&quot;2&quot;:0,&quot;4&quot;:1}]},&quot;7&quot;:{&quot;1&quot;:[{&quot;1&quot;:2,&quot;2&quot;:0,&quot;5&quot;:{&quot;1&quot;:2,&quot;2&quot;:13421772}},{&quot;1&quot;:0,&quot;2&quot;:0,&quot;3&quot;:3},{&quot;1&quot;:1,&quot;2&quot;:0,&quot;4&quot;:2}]},&quot;8&quot;:{&quot;1&quot;:[{&quot;1&quot;:2,&quot;2&quot;:0,&quot;5&quot;:{&quot;1&quot;:2,&quot;2&quot;:0}},{&quot;1&quot;:0,&quot;2&quot;:0,&quot;3&quot;:3},{&quot;1&quot;:1,&quot;2&quot;:0,&quot;4&quot;:1}]},&quot;11&quot;:4,&quot;12&quot;:0,&quot;14&quot;:{&quot;1&quot;:3,&quot;3&quot;:1},&quot;16&quot;:14,&quot;18&quot;:1}\"> Visibilitzar el centre dins de la xarxa del Departament d&#8217;Educaci\u00f3, seguint les directrius de l&#8217;EDC.<\/span><\/td>\n<\/tr>\n<tr style=\"height: 32px;\">\n<td style=\"width: 16.7836%; height: 32px;\"><strong>Objectiu 2<\/strong><\/td>\n<td style=\"width: 121.813%; height: 32px;\" colspan=\"19\" data-sheets-value=\"{&quot;1&quot;:2,&quot;2&quot;:&quot;Redactar un pla d'estrat\u00e8gia digital de centre en conson\u00e0ncia amb el nou Pla Estrat\u00e8gic de centre 2023-2026&quot;}\">Redactar un pla d&#8217;estrat\u00e8gia digital de centre en conson\u00e0ncia amb el nou Pla Estrat\u00e8gic de centre 2023-2026<\/td>\n<\/tr>\n<tr style=\"height: 32px;\">\n<td style=\"width: 16.7836%; height: 32px;\"><strong>Objectiu 3<\/strong><\/td>\n<td style=\"width: 121.813%; height: 32px;\" colspan=\"19\" data-sheets-value=\"{&quot;1&quot;:2,&quot;2&quot;:&quot;Objectiu 3. Actualitzar la plataforma Moodle com a eina per al desenvolupament de cursos FAD&quot;}\">Objectiu 3. Actualitzar la plataforma Moodle com a eina per al desenvolupament de cursos FAD<\/td>\n<\/tr>\n<tr style=\"height: 32px;\">\n<td style=\"width: 16.7836%; height: 32px;\"><strong>Objectiu 4<\/strong><\/td>\n<td style=\"width: 121.813%; height: 32px;\" colspan=\"19\" data-sheets-value=\"{&quot;1&quot;:2,&quot;2&quot;:&quot;Objectiu 4. Crear una base de dades de professionals externs de formaci\u00f3 cont\u00ednua (tutors i tutores externes)&quot;}\">Objectiu 4. Crear una base de dades de professionals externs de formaci\u00f3 cont\u00ednua (tutors i tutores externes)<\/td>\n<\/tr>\n<tr style=\"height: 32px;\">\n<td style=\"width: 16.7836%; height: 32px;\"><strong>Objectiu 5<\/strong><\/td>\n<td style=\"width: 121.813%; height: 32px;\" colspan=\"19\" data-sheets-value=\"{&quot;1&quot;:2,&quot;2&quot;:&quot;Objectiu 5. Adquirir, per part del professorat i PAS, les compet\u00e8ncies digitals corresponents per a desenvolupar les tasques docents i professionals&quot;}\">Objectiu 5. Adquirir, per part del professorat i PAS, les compet\u00e8ncies digitals corresponents per a desenvolupar les tasques docents i professionals<\/td>\n<\/tr>\n<tr style=\"height: 32px;\">\n<td style=\"width: 16.7836%; height: 32px;\"><strong>Objectiu 6<\/strong><\/td>\n<td style=\"width: 121.813%; height: 32px;\" colspan=\"19\" data-sheets-value=\"{&quot;1&quot;:2,&quot;2&quot;:&quot;Fomentar la inclusi\u00f3 digital de tot l'alumnat de l'escola. (v\u00eddeotutorial \/ guia del curs)&quot;}\">Fomentar la inclusi\u00f3 digital de tot l&#8217;alumnat de l&#8217;escola. (v\u00eddeotutorial \/ guia del curs)<\/td>\n<\/tr>\n<\/tbody>\n<\/table>\n<p>&nbsp;<\/p>\n","protected":false},"excerpt":{"rendered":"<p>OBJECTIUS Objectiu 1 Visibilitzar el centre dins de la xarxa del Departament d&#8217;Educaci\u00f3, seguint les directrius de l&#8217;EDC. Objectiu 2 Redactar un pla d&#8217;estrat\u00e8gia digital de centre en conson\u00e0ncia amb el nou Pla Estrat\u00e8gic de centre 2023-2026 Objectiu 3 Objectiu 3. Actualitzar la plataforma Moodle com a eina per al desenvolupament de cursos FAD Objectiu [&hellip;]<\/p>\n","protected":false},"author":4,"featured_media":0,"parent":81,"menu_order":1,"comment_status":"closed","ping_status":"closed","template":"","meta":{"site-sidebar-layout":"default","site-content-layout":"","ast-site-content-layout":"","site-content-style":"default","site-sidebar-style":"default","ast-global-header-display":"","ast-banner-title-visibility":"","ast-main-header-display":"","ast-hfb-above-header-display":"","ast-hfb-below-header-display":"","ast-hfb-mobile-header-display":"","site-post-title":"","ast-breadcrumbs-content":"","ast-featured-img":"","footer-sml-layout":"","theme-transparent-header-meta":"","adv-header-id-meta":"","stick-header-meta":"","header-above-stick-meta":"","header-main-stick-meta":"","header-below-stick-meta":"","astra-migrate-meta-layouts":"default","ast-page-background-enabled":"default","ast-page-background-meta":{"desktop":{"background-color":"var(--ast-global-color-4)","background-image":"","background-repeat":"repeat","background-position":"center center","background-size":"auto","background-attachment":"scroll","background-type":"","background-media":"","overlay-type":"","overlay-color":"","overlay-opacity":"","overlay-gradient":""},"tablet":{"background-color":"","background-image":"","background-repeat":"repeat","background-position":"center center","background-size":"auto","background-attachment":"scroll","background-type":"","background-media":"","overlay-type":"","overlay-color":"","overlay-opacity":"","overlay-gradient":""},"mobile":{"background-color":"","background-image":"","background-repeat":"repeat","background-position":"center center","background-size":"auto","background-attachment":"scroll","background-type":"","background-media":"","overlay-type":"","overlay-color":"","overlay-opacity":"","overlay-gradient":""}},"ast-content-background-meta":{"desktop":{"background-color":"var(--ast-global-color-5)","background-image":"","background-repeat":"repeat","background-position":"center center","background-size":"auto","background-attachment":"scroll","background-type":"","background-media":"","overlay-type":"","overlay-color":"","overlay-opacity":"","overlay-gradient":""},"tablet":{"background-color":"var(--ast-global-color-5)","background-image":"","background-repeat":"repeat","background-position":"center center","background-size":"auto","background-attachment":"scroll","background-type":"","background-media":"","overlay-type":"","overlay-color":"","overlay-opacity":"","overlay-gradient":""},"mobile":{"background-color":"var(--ast-global-color-5)","background-image":"","background-repeat":"repeat","background-position":"center center","background-size":"auto","background-attachment":"scroll","background-type":"","background-media":"","overlay-type":"","overlay-color":"","overlay-opacity":"","overlay-gradient":""}},"footnotes":""},"class_list":["post-999","page","type-page","status-publish","hentry"],"post_mailing_queue_ids":[],"_links":{"self":[{"href":"https:\/\/agora.xtec.cat\/eca-masbove\/wp-json\/wp\/v2\/pages\/999","targetHints":{"allow":["GET"]}}],"collection":[{"href":"https:\/\/agora.xtec.cat\/eca-masbove\/wp-json\/wp\/v2\/pages"}],"about":[{"href":"https:\/\/agora.xtec.cat\/eca-masbove\/wp-json\/wp\/v2\/types\/page"}],"author":[{"embeddable":true,"href":"https:\/\/agora.xtec.cat\/eca-masbove\/wp-json\/wp\/v2\/users\/4"}],"replies":[{"embeddable":true,"href":"https:\/\/agora.xtec.cat\/eca-masbove\/wp-json\/wp\/v2\/comments?post=999"}],"version-history":[{"count":3,"href":"https:\/\/agora.xtec.cat\/eca-masbove\/wp-json\/wp\/v2\/pages\/999\/revisions"}],"predecessor-version":[{"id":1150,"href":"https:\/\/agora.xtec.cat\/eca-masbove\/wp-json\/wp\/v2\/pages\/999\/revisions\/1150"}],"up":[{"embeddable":true,"href":"https:\/\/agora.xtec.cat\/eca-masbove\/wp-json\/wp\/v2\/pages\/81"}],"wp:attachment":[{"href":"https:\/\/agora.xtec.cat\/eca-masbove\/wp-json\/wp\/v2\/media?parent=999"}],"curies":[{"name":"wp","href":"https:\/\/api.w.org\/{rel}","templated":true}]}}