{"id":997,"date":"2022-06-21T13:17:28","date_gmt":"2022-06-21T11:17:28","guid":{"rendered":"https:\/\/agora.xtec.cat\/eca-masbove\/?page_id=997"},"modified":"2022-07-13T14:32:21","modified_gmt":"2022-07-13T12:32:21","slug":"diagnosi","status":"publish","type":"page","link":"https:\/\/agora.xtec.cat\/eca-masbove\/altres-tasques\/secretaria\/diagnosi\/","title":{"rendered":"Diagnosi"},"content":{"rendered":"<h5>L\u2019objectiu de la diagnosi \u00e9s trobar aquells punts forts que el centre ja est\u00e0 fent correctament sobre l\u2019\u00fas de les tecnologies digitals i, tamb\u00e9, trobar aquells aspectes en qu\u00e8 el centre ha de millorar.<\/h5>\n<p>Cal tenir present que la diagnosi ha de permetre determinar el grau d\u2019assoliment de les compet\u00e8ncies digitals en refer\u00e8ncia als tres eixos del PEDC: alumnat, professorat i centre.<\/p>\n<p>Per poder portar a terme aquesta diagnosi\u00a0 s\u2019han fet servir les seg\u00fcents eines i fonts d\u2019informaci\u00f3:<\/p>\n<ul>\n<li><strong>Eina SELFIE<\/strong>: L\u2019aplicaci\u00f3 SELFIE est\u00e0 desenvolupada per la Uni\u00f3 Europea i ajuda als centres a fer una diagnosi sobre l\u2019\u00fas pedag\u00f2gic de la tecnologia en un centre. L\u2019eina genera q\u00fcestionaris per recollir informaci\u00f3 adaptats a les persones a qui van dirigides. A la nostra escola l\u2019han contestat l\u2019equip directiu, el claustre de mestres i els alumnes de cicle superior.<\/li>\n<li><strong>Enquesta<\/strong>\u00a0sobre la compet\u00e8ncia digital instrumental pels docents del centre.<\/li>\n<\/ul>\n<h2><img loading=\"lazy\" decoding=\"async\" class=\"wp-image-1069 alignnone\" src=\"https:\/\/agora.xtec.cat\/eca-masbove\/wp-content\/uploads\/usu2295\/2022\/07\/accept-47587_1280-1024x857.png\" alt=\"\" width=\"85\" height=\"71\" srcset=\"https:\/\/agora.xtec.cat\/eca-masbove\/wp-content\/uploads\/usu2295\/2022\/07\/accept-47587_1280-1024x857.png 1024w, https:\/\/agora.xtec.cat\/eca-masbove\/wp-content\/uploads\/usu2295\/2022\/07\/accept-47587_1280-300x250.png 300w, https:\/\/agora.xtec.cat\/eca-masbove\/wp-content\/uploads\/usu2295\/2022\/07\/accept-47587_1280-768x643.png 768w, https:\/\/agora.xtec.cat\/eca-masbove\/wp-content\/uploads\/usu2295\/2022\/07\/accept-47587_1280.png 1280w\" sizes=\"auto, (max-width: 85px) 100vw, 85px\" \/><strong>PUNTS FORTS<\/strong><\/h2>\n<table dir=\"ltr\" cellspacing=\"0\" cellpadding=\"0\">\n<colgroup>\n<col width=\"312\" \/>\n<col width=\"327\" \/>\n<col width=\"139\" \/><\/colgroup>\n<tbody>\n<tr>\n<td data-sheets-value=\"{&quot;1&quot;:2,&quot;2&quot;:&quot;\u00c0REA \/\u00c0MBIT&quot;}\"><strong>\u00c0REA \/\u00c0MBIT<\/strong><\/td>\n<td data-sheets-value=\"{&quot;1&quot;:2,&quot;2&quot;:&quot;\u00cdTEM DE LA DIAGNOSI&quot;}\"><strong>\u00cdTEM DE LA DIAGNOSI<\/strong><\/td>\n<td data-sheets-value=\"{&quot;1&quot;:2,&quot;2&quot;:&quot;VALORACI\u00d3&quot;}\"><strong>VALORACI\u00d3<\/strong><\/td>\n<\/tr>\n<tr>\n<td data-sheets-value=\"{&quot;1&quot;:2,&quot;2&quot;:&quot;ESTRAT\u00c8GIA, LIDERATGE I GESTI\u00d3&quot;}\">ESTRAT\u00c8GIA, LIDERATGE I GESTI\u00d3<\/td>\n<td data-sheets-value=\"{&quot;1&quot;:2,&quot;2&quot;:&quot;A3 - Noves modalitats d'ensenyament&quot;}\">A3 &#8211; Noves modalitats d&#8217;ensenyament<\/td>\n<td data-sheets-value=\"{&quot;1&quot;:2,&quot;2&quot;:&quot;PUNT FORT&quot;}\">PUNT FORT<\/td>\n<\/tr>\n<tr>\n<td data-sheets-value=\"{&quot;1&quot;:2,&quot;2&quot;:&quot;COL\u00b7LABORACI\u00d3 I XARXES&quot;}\">COL\u00b7LABORACI\u00d3 I XARXES<\/td>\n<td data-sheets-value=\"{&quot;1&quot;:2,&quot;2&quot;:&quot;B1 - Evaluaci\u00f3 del progr\u00e9s i col\u00b7laboracions&quot;}\">B1 &#8211; Evaluaci\u00f3 del progr\u00e9s i col\u00b7laboracions<\/td>\n<td data-sheets-value=\"{&quot;1&quot;:2,&quot;2&quot;:&quot;PUNT FORT&quot;}\">PUNT FORT<\/td>\n<\/tr>\n<tr>\n<td data-sheets-value=\"{&quot;1&quot;:2,&quot;2&quot;:&quot;INFRAESTRUCTURES I SERVEIS&quot;}\">INFRAESTRUCTURES I SERVEIS<\/td>\n<td data-sheets-value=\"{&quot;1&quot;:2,&quot;2&quot;:&quot;C1 i C3 - Infraestructura i acc\u00e9s a internet&quot;}\">C1 i C3 &#8211; Infraestructura i acc\u00e9s a internet<\/td>\n<td data-sheets-value=\"{&quot;1&quot;:2,&quot;2&quot;:&quot;PUNT FORT&quot;}\">PUNT FORT<\/td>\n<\/tr>\n<tr>\n<td data-sheets-value=\"{&quot;1&quot;:2,&quot;2&quot;:&quot;INFRAESTRUCTURES I SERVEIS&quot;}\">INFRAESTRUCTURES I SERVEIS<\/td>\n<td data-sheets-value=\"{&quot;1&quot;:2,&quot;2&quot;:&quot;C2 - Dispositius digitals per a l'ensenyament&quot;}\">C2 &#8211; Dispositius digitals per a l&#8217;ensenyament<\/td>\n<td data-sheets-value=\"{&quot;1&quot;:2,&quot;2&quot;:&quot;PUNT FORT&quot;}\">PUNT FORT<\/td>\n<\/tr>\n<tr>\n<td data-sheets-value=\"{&quot;1&quot;:2,&quot;2&quot;:&quot;DESENVOLUPAMENT PROFESSIONAL&quot;}\">DESENVOLUPAMENT PROFESSIONAL<\/td>\n<td data-sheets-value=\"{&quot;1&quot;:2,&quot;2&quot;:&quot;D2 i D4 - Participaci\u00f3 i oportunitats en el DPC&quot;}\">D2 i D4 &#8211; Participaci\u00f3 i oportunitats en el DPC<\/td>\n<td data-sheets-value=\"{&quot;1&quot;:2,&quot;2&quot;:&quot;PUNT FORT&quot;}\">PUNT FORT<\/td>\n<\/tr>\n<tr>\n<td data-sheets-value=\"{&quot;1&quot;:2,&quot;2&quot;:&quot;USOS CURRICULARS I METODOLOGIES&quot;}\">USOS CURRICULARS I METODOLOGIES<\/td>\n<td data-sheets-value=\"{&quot;1&quot;:2,&quot;2&quot;:&quot;E4 - Comunicaci\u00f3 amb la comunitat educativa&quot;}\">E4 &#8211; Comunicaci\u00f3 amb la comunitat educativa<\/td>\n<td data-sheets-value=\"{&quot;1&quot;:2,&quot;2&quot;:&quot;PUNT FORT&quot;}\">PUNT FORT<\/td>\n<\/tr>\n<tr>\n<td data-sheets-value=\"{&quot;1&quot;:2,&quot;2&quot;:&quot;SEGUIMENT, AVALUACI\u00d3 I MILLORA&quot;}\">SEGUIMENT, AVALUACI\u00d3 I MILLORA<\/td>\n<td data-sheets-value=\"{&quot;1&quot;:2,&quot;2&quot;:&quot;F1 - Adaptaci\u00f3 a les necessitats de l'alumnat&quot;}\">F1 &#8211; Adaptaci\u00f3 a les necessitats de l&#8217;alumnat<\/td>\n<td data-sheets-value=\"{&quot;1&quot;:2,&quot;2&quot;:&quot;PUNT FORT&quot;}\">PUNT FORT<\/td>\n<\/tr>\n<tr>\n<td data-sheets-value=\"{&quot;1&quot;:2,&quot;2&quot;:&quot;SEGUIMENT, AVALUACI\u00d3 I MILLORA&quot;}\">SEGUIMENT, AVALUACI\u00d3 I MILLORA<\/td>\n<td data-sheets-value=\"{&quot;1&quot;:2,&quot;2&quot;:&quot;F4 i F5 - Col\u00b7laboraci\u00f3 i implicaci\u00f3 de l'alumnat&quot;}\">F4 i F5 &#8211; Col\u00b7laboraci\u00f3 i implicaci\u00f3 de l&#8217;alumnat<\/td>\n<td data-sheets-value=\"{&quot;1&quot;:2,&quot;2&quot;:&quot;PUNT FORT&quot;}\">PUNT FORT<\/td>\n<\/tr>\n<tr>\n<td data-sheets-value=\"{&quot;1&quot;:2,&quot;2&quot;:&quot;SEGUIMENT, AVALUACI\u00d3 I MILLORA&quot;}\">SEGUIMENT, AVALUACI\u00d3 I MILLORA<\/td>\n<td data-sheets-value=\"{&quot;1&quot;:2,&quot;2&quot;:&quot;G3 - Retroalimentaci\u00f3 adecuada&quot;}\">G3 &#8211; Retroalimentaci\u00f3 adecuada<\/td>\n<td data-sheets-value=\"{&quot;1&quot;:2,&quot;2&quot;:&quot;PUNT FORT&quot;}\">PUNT FORT<\/td>\n<\/tr>\n<tr>\n<td data-sheets-value=\"{&quot;1&quot;:2,&quot;2&quot;:&quot;COMPET\u00c8NCIA DIGITAL DE L'ALUMNAT&quot;}\">COMPET\u00c8NCIA DIGITAL DE L&#8217;ALUMNAT<\/td>\n<td data-sheets-value=\"{&quot;1&quot;:2,&quot;2&quot;:&quot;H8 - Apendre a comunicar&quot;}\">H8 &#8211; Apendre a comunicar<\/td>\n<td data-sheets-value=\"{&quot;1&quot;:2,&quot;2&quot;:&quot;PUNT FORT&quot;}\">PUNT FORT<\/td>\n<\/tr>\n<tr>\n<td data-sheets-value=\"{&quot;1&quot;:2,&quot;2&quot;:&quot;COMPET\u00c8NCIA DIGITAL DE L'ALUMNAT&quot;}\">COMPET\u00c8NCIA DIGITAL DE L&#8217;ALUMNAT<\/td>\n<td data-sheets-value=\"{&quot;1&quot;:2,&quot;2&quot;:&quot;H7 - Creaci\u00f3 de continguts digitals&quot;}\">H7 &#8211; Creaci\u00f3 de continguts digitals<\/td>\n<td data-sheets-value=\"{&quot;1&quot;:2,&quot;2&quot;:&quot;PUNT FORT&quot;}\">PUNT FORT<\/td>\n<\/tr>\n<\/tbody>\n<\/table>\n<h2><strong>\u00a0<\/strong><\/h2>\n<h2><strong><img loading=\"lazy\" decoding=\"async\" class=\"alignnone wp-image-1074\" src=\"https:\/\/agora.xtec.cat\/eca-masbove\/wp-content\/uploads\/usu2295\/2022\/07\/cancel-47588_1280-1024x857.png\" alt=\"\" width=\"85\" height=\"71\" srcset=\"https:\/\/agora.xtec.cat\/eca-masbove\/wp-content\/uploads\/usu2295\/2022\/07\/cancel-47588_1280-1024x857.png 1024w, https:\/\/agora.xtec.cat\/eca-masbove\/wp-content\/uploads\/usu2295\/2022\/07\/cancel-47588_1280-300x250.png 300w, https:\/\/agora.xtec.cat\/eca-masbove\/wp-content\/uploads\/usu2295\/2022\/07\/cancel-47588_1280-768x643.png 768w, https:\/\/agora.xtec.cat\/eca-masbove\/wp-content\/uploads\/usu2295\/2022\/07\/cancel-47588_1280.png 1280w\" sizes=\"auto, (max-width: 85px) 100vw, 85px\" \/>PUNTS FEBLES<\/strong><\/h2>\n<table dir=\"ltr\" cellspacing=\"0\" cellpadding=\"0\">\n<colgroup>\n<col width=\"216\" \/>\n<col width=\"312\" \/>\n<col width=\"327\" \/>\n<col width=\"139\" \/><\/colgroup>\n<tbody>\n<tr>\n<td data-sheets-value=\"{&quot;1&quot;:2,&quot;2&quot;:&quot;CENTRE\/ PROFESSORAT\/ ALUMNAT\/ FAM\u00cdLIES&quot;}\"><strong>CENTRE\/ PROFESSORAT\/ ALUMNAT\/ FAM\u00cdLIES<\/strong><\/td>\n<td data-sheets-value=\"{&quot;1&quot;:2,&quot;2&quot;:&quot;\u00c0REA \/\u00c0MBIT&quot;}\"><strong>\u00c0REA \/\u00c0MBIT<\/strong><\/td>\n<td data-sheets-value=\"{&quot;1&quot;:2,&quot;2&quot;:&quot;\u00cdTEM DE LA DIAGNOSI&quot;}\"><strong>\u00cdTEM DE LA DIAGNOSI<\/strong><\/td>\n<td data-sheets-value=\"{&quot;1&quot;:2,&quot;2&quot;:&quot;VALORACI\u00d3&quot;}\"><strong>VALORACI\u00d3<\/strong><\/td>\n<\/tr>\n<tr>\n<td data-sheets-value=\"{&quot;1&quot;:2,&quot;2&quot;:&quot;PROFESSORAT&quot;}\">PROFESSORAT<\/td>\n<td data-sheets-value=\"{&quot;1&quot;:2,&quot;2&quot;:&quot;ESTRAT\u00c8GIA, LIDERATGE I GESTI\u00d3&quot;}\">ESTRAT\u00c8GIA, LIDERATGE I GESTI\u00d3<\/td>\n<td data-sheets-value=\"{&quot;1&quot;:2,&quot;2&quot;:&quot;A1 - Estrat\u00e8gia digital&quot;}\">A1 &#8211; Estrat\u00e8gia digital<\/td>\n<td data-sheets-value=\"{&quot;1&quot;:2,&quot;2&quot;:&quot;PUNT FEBLE&quot;}\">PUNT FEBLE<\/td>\n<\/tr>\n<tr>\n<td data-sheets-value=\"{&quot;1&quot;:2,&quot;2&quot;:&quot;CENTRE&quot;}\">CENTRE<\/td>\n<td data-sheets-value=\"{&quot;1&quot;:2,&quot;2&quot;:&quot;ESTRAT\u00c8GIA, LIDERATGE I GESTI\u00d3&quot;}\">ESTRAT\u00c8GIA, LIDERATGE I GESTI\u00d3<\/td>\n<td data-sheets-value=\"{&quot;1&quot;:2,&quot;2&quot;:&quot;A6 - Baixa participaci\u00f3 amb les empreses del sector&quot;}\">A6 &#8211; Baixa participaci\u00f3 amb les empreses del sector<\/td>\n<td data-sheets-value=\"{&quot;1&quot;:2,&quot;2&quot;:&quot;PUNT FEBLE&quot;}\">PUNT FEBLE<\/td>\n<\/tr>\n<tr>\n<td data-sheets-value=\"{&quot;1&quot;:2,&quot;2&quot;:&quot;PROFESSORAT&quot;}\">PROFESSORAT<\/td>\n<td data-sheets-value=\"{&quot;1&quot;:2,&quot;2&quot;:&quot;COL\u00b7LABORACI\u00d3 I XARXES&quot;}\">COL\u00b7LABORACI\u00d3 I XARXES<\/td>\n<td data-sheets-value=\"{&quot;1&quot;:2,&quot;2&quot;:&quot;B2 - Debat sobre l'\u00fas de la tecnologia&quot;}\" data-sheets-textstyleruns=\"{&quot;1&quot;:0,&quot;2&quot;:{}}\uee10{&quot;1&quot;:5}\">B2 &#8211; Debat sobre l&#8217;\u00fas de la tecnologia<\/td>\n<td data-sheets-value=\"{&quot;1&quot;:2,&quot;2&quot;:&quot;PUNT FEBLE&quot;}\">PUNT FEBLE<\/td>\n<\/tr>\n<tr>\n<td data-sheets-value=\"{&quot;1&quot;:2,&quot;2&quot;:&quot;CENTRE&quot;}\">CENTRE<\/td>\n<td data-sheets-value=\"{&quot;1&quot;:2,&quot;2&quot;:&quot;INFRAESTRUCTURES I SERVEIS&quot;}\">INFRAESTRUCTURES I SERVEIS<\/td>\n<td data-sheets-value=\"{&quot;1&quot;:2,&quot;2&quot;:&quot;C12 - Defici\u00e8ncies digitals: Suport per nous reptes&quot;}\">C12 &#8211; Defici\u00e8ncies digitals: Suport per nous reptes<\/td>\n<td data-sheets-value=\"{&quot;1&quot;:2,&quot;2&quot;:&quot;PUNT FEBLE&quot;}\">PUNT FEBLE<\/td>\n<\/tr>\n<tr>\n<td data-sheets-value=\"{&quot;1&quot;:2,&quot;2&quot;:&quot;CENTRE&quot;}\">CENTRE<\/td>\n<td data-sheets-value=\"{&quot;1&quot;:2,&quot;2&quot;:&quot;INFRAESTRUCTURES I SERVEIS&quot;}\">INFRAESTRUCTURES I SERVEIS<\/td>\n<td data-sheets-value=\"{&quot;1&quot;:2,&quot;2&quot;:&quot;C17 - Base de dades de proveedors de formaci\u00f3&quot;}\">C17 &#8211; Base de dades de prove\u00efdors de formaci\u00f3<\/td>\n<td data-sheets-value=\"{&quot;1&quot;:2,&quot;2&quot;:&quot;PUNT FEBLE&quot;}\">PUNT FEBLE<\/td>\n<\/tr>\n<\/tbody>\n<\/table>\n<p>&nbsp;<\/p>\n<h2 style=\"text-align: center;\"><strong>REPRESENTACI\u00d3 GR\u00c0FICA<\/strong><\/h2>\n<p><a href=\"https:\/\/agora.xtec.cat\/eca-masbove\/wp-content\/uploads\/usu2295\/2022\/07\/Captura-de-pantalla-2022-07-13-143003.jpg\"><img loading=\"lazy\" decoding=\"async\" class=\"size-full wp-image-1080 aligncenter\" src=\"https:\/\/agora.xtec.cat\/eca-masbove\/wp-content\/uploads\/usu2295\/2022\/07\/Captura-de-pantalla-2022-07-13-143003.jpg\" alt=\"\" width=\"753\" height=\"465\" srcset=\"https:\/\/agora.xtec.cat\/eca-masbove\/wp-content\/uploads\/usu2295\/2022\/07\/Captura-de-pantalla-2022-07-13-143003.jpg 753w, https:\/\/agora.xtec.cat\/eca-masbove\/wp-content\/uploads\/usu2295\/2022\/07\/Captura-de-pantalla-2022-07-13-143003-300x185.jpg 300w\" sizes=\"auto, (max-width: 753px) 100vw, 753px\" \/><\/a><strong><a href=\"https:\/\/agora.xtec.cat\/eca-masbove\/wp-content\/uploads\/usu2295\/2022\/07\/Captura-de-pantalla-2022-07-13-143127VVVVVVVVVVVVVV.jpg\"><img loading=\"lazy\" decoding=\"async\" class=\" wp-image-1081 aligncenter\" src=\"https:\/\/agora.xtec.cat\/eca-masbove\/wp-content\/uploads\/usu2295\/2022\/07\/Captura-de-pantalla-2022-07-13-143127VVVVVVVVVVVVVV.jpg\" alt=\"\" width=\"758\" height=\"472\" srcset=\"https:\/\/agora.xtec.cat\/eca-masbove\/wp-content\/uploads\/usu2295\/2022\/07\/Captura-de-pantalla-2022-07-13-143127VVVVVVVVVVVVVV.jpg 782w, https:\/\/agora.xtec.cat\/eca-masbove\/wp-content\/uploads\/usu2295\/2022\/07\/Captura-de-pantalla-2022-07-13-143127VVVVVVVVVVVVVV-300x187.jpg 300w, https:\/\/agora.xtec.cat\/eca-masbove\/wp-content\/uploads\/usu2295\/2022\/07\/Captura-de-pantalla-2022-07-13-143127VVVVVVVVVVVVVV-768x478.jpg 768w\" sizes=\"auto, (max-width: 758px) 100vw, 758px\" \/><\/a><\/strong><\/p>\n<p>&nbsp;<\/p>\n","protected":false},"excerpt":{"rendered":"<p>L\u2019objectiu de la diagnosi \u00e9s trobar aquells punts forts que el centre ja est\u00e0 fent correctament sobre l\u2019\u00fas de les tecnologies digitals i, tamb\u00e9, trobar aquells aspectes en qu\u00e8 el centre ha de millorar. Cal tenir present que la diagnosi ha de permetre determinar el grau d\u2019assoliment de les compet\u00e8ncies digitals en refer\u00e8ncia als tres [&hellip;]<\/p>\n","protected":false},"author":4,"featured_media":0,"parent":81,"menu_order":0,"comment_status":"closed","ping_status":"closed","template":"","meta":{"site-sidebar-layout":"default","site-content-layout":"","ast-site-content-layout":"","site-content-style":"default","site-sidebar-style":"default","ast-global-header-display":"","ast-banner-title-visibility":"","ast-main-header-display":"","ast-hfb-above-header-display":"","ast-hfb-below-header-display":"","ast-hfb-mobile-header-display":"","site-post-title":"","ast-breadcrumbs-content":"","ast-featured-img":"","footer-sml-layout":"","theme-transparent-header-meta":"","adv-header-id-meta":"","stick-header-meta":"","header-above-stick-meta":"","header-main-stick-meta":"","header-below-stick-meta":"","astra-migrate-meta-layouts":"default","ast-page-background-enabled":"default","ast-page-background-meta":{"desktop":{"background-color":"var(--ast-global-color-4)","background-image":"","background-repeat":"repeat","background-position":"center center","background-size":"auto","background-attachment":"scroll","background-type":"","background-media":"","overlay-type":"","overlay-color":"","overlay-opacity":"","overlay-gradient":""},"tablet":{"background-color":"","background-image":"","background-repeat":"repeat","background-position":"center center","background-size":"auto","background-attachment":"scroll","background-type":"","background-media":"","overlay-type":"","overlay-color":"","overlay-opacity":"","overlay-gradient":""},"mobile":{"background-color":"","background-image":"","background-repeat":"repeat","background-position":"center center","background-size":"auto","background-attachment":"scroll","background-type":"","background-media":"","overlay-type":"","overlay-color":"","overlay-opacity":"","overlay-gradient":""}},"ast-content-background-meta":{"desktop":{"background-color":"var(--ast-global-color-5)","background-image":"","background-repeat":"repeat","background-position":"center center","background-size":"auto","background-attachment":"scroll","background-type":"","background-media":"","overlay-type":"","overlay-color":"","overlay-opacity":"","overlay-gradient":""},"tablet":{"background-color":"var(--ast-global-color-5)","background-image":"","background-repeat":"repeat","background-position":"center center","background-size":"auto","background-attachment":"scroll","background-type":"","background-media":"","overlay-type":"","overlay-color":"","overlay-opacity":"","overlay-gradient":""},"mobile":{"background-color":"var(--ast-global-color-5)","background-image":"","background-repeat":"repeat","background-position":"center center","background-size":"auto","background-attachment":"scroll","background-type":"","background-media":"","overlay-type":"","overlay-color":"","overlay-opacity":"","overlay-gradient":""}},"footnotes":""},"class_list":["post-997","page","type-page","status-publish","hentry"],"post_mailing_queue_ids":[],"_links":{"self":[{"href":"https:\/\/agora.xtec.cat\/eca-masbove\/wp-json\/wp\/v2\/pages\/997","targetHints":{"allow":["GET"]}}],"collection":[{"href":"https:\/\/agora.xtec.cat\/eca-masbove\/wp-json\/wp\/v2\/pages"}],"about":[{"href":"https:\/\/agora.xtec.cat\/eca-masbove\/wp-json\/wp\/v2\/types\/page"}],"author":[{"embeddable":true,"href":"https:\/\/agora.xtec.cat\/eca-masbove\/wp-json\/wp\/v2\/users\/4"}],"replies":[{"embeddable":true,"href":"https:\/\/agora.xtec.cat\/eca-masbove\/wp-json\/wp\/v2\/comments?post=997"}],"version-history":[{"count":3,"href":"https:\/\/agora.xtec.cat\/eca-masbove\/wp-json\/wp\/v2\/pages\/997\/revisions"}],"predecessor-version":[{"id":1082,"href":"https:\/\/agora.xtec.cat\/eca-masbove\/wp-json\/wp\/v2\/pages\/997\/revisions\/1082"}],"up":[{"embeddable":true,"href":"https:\/\/agora.xtec.cat\/eca-masbove\/wp-json\/wp\/v2\/pages\/81"}],"wp:attachment":[{"href":"https:\/\/agora.xtec.cat\/eca-masbove\/wp-json\/wp\/v2\/media?parent=997"}],"curies":[{"name":"wp","href":"https:\/\/api.w.org\/{rel}","templated":true}]}}