{"id":991,"date":"2022-06-21T13:09:08","date_gmt":"2022-06-21T11:09:08","guid":{"rendered":"https:\/\/agora.xtec.cat\/eca-masbove\/?page_id=991"},"modified":"2022-07-13T14:08:24","modified_gmt":"2022-07-13T12:08:24","slug":"alumnat","status":"publish","type":"page","link":"https:\/\/agora.xtec.cat\/eca-masbove\/altres-tasques\/cultura-digital-del-centre\/alumnat\/","title":{"rendered":"Alumnat"},"content":{"rendered":"<p><img loading=\"lazy\" decoding=\"async\" class=\"wp-image-1065 alignleft\" src=\"https:\/\/agora.xtec.cat\/eca-masbove\/wp-content\/uploads\/usu2295\/2022\/07\/20161115_132818-1024x768.jpg\" alt=\"\" width=\"456\" height=\"342\" srcset=\"https:\/\/agora.xtec.cat\/eca-masbove\/wp-content\/uploads\/usu2295\/2022\/07\/20161115_132818-1024x768.jpg 1024w, https:\/\/agora.xtec.cat\/eca-masbove\/wp-content\/uploads\/usu2295\/2022\/07\/20161115_132818-300x225.jpg 300w, https:\/\/agora.xtec.cat\/eca-masbove\/wp-content\/uploads\/usu2295\/2022\/07\/20161115_132818-768x576.jpg 768w, https:\/\/agora.xtec.cat\/eca-masbove\/wp-content\/uploads\/usu2295\/2022\/07\/20161115_132818-1536x1152.jpg 1536w, https:\/\/agora.xtec.cat\/eca-masbove\/wp-content\/uploads\/usu2295\/2022\/07\/20161115_132818-2048x1536.jpg 2048w, https:\/\/agora.xtec.cat\/eca-masbove\/wp-content\/uploads\/usu2295\/2022\/07\/20161115_132818-200x150.jpg 200w\" sizes=\"auto, (max-width: 456px) 100vw, 456px\" \/>La formaci\u00f3 que ofereix el centre va orientada a garantir una formaci\u00f3 professional de les persones que volen desenvolupar o desenvolupen la seva activitat en el sector agrorural, de manera que els faciliti la seva inserci\u00f3 en el m\u00f3n laboral i els capaciti per a afrontar amb competitivitat la seva tasca com a professionals d\u2019aquest sector.<\/p>\n<p>L&#8217;alumnat pot accedir a una formaci\u00f3 integrada en diferents formats de formaci\u00f3:<\/p>\n<p>&#8211; Formaci\u00f3 agr\u00e0ria a dist\u00e0ncia (FAD)<\/p>\n<p>&#8211; Formaci\u00f3 presencial<\/p>\n<p>&#8211; Formaci\u00f3 semipresencial<\/p>\n<p>&#8211; I formaci\u00f3 en l\u00ednia<\/p>\n","protected":false},"excerpt":{"rendered":"<p>La formaci\u00f3 que ofereix el centre va orientada a garantir una formaci\u00f3 professional de les persones que volen desenvolupar o desenvolupen la seva activitat en el sector agrorural, de manera que els faciliti la seva inserci\u00f3 en el m\u00f3n laboral i els capaciti per a afrontar amb competitivitat la seva tasca com a professionals d\u2019aquest [&hellip;]<\/p>\n","protected":false},"author":4,"featured_media":0,"parent":984,"menu_order":3,"comment_status":"closed","ping_status":"closed","template":"","meta":{"site-sidebar-layout":"default","site-content-layout":"","ast-site-content-layout":"","site-content-style":"default","site-sidebar-style":"default","ast-global-header-display":"","ast-banner-title-visibility":"","ast-main-header-display":"","ast-hfb-above-header-display":"","ast-hfb-below-header-display":"","ast-hfb-mobile-header-display":"","site-post-title":"","ast-breadcrumbs-content":"","ast-featured-img":"","footer-sml-layout":"","theme-transparent-header-meta":"","adv-header-id-meta":"","stick-header-meta":"","header-above-stick-meta":"","header-main-stick-meta":"","header-below-stick-meta":"","astra-migrate-meta-layouts":"default","ast-page-background-enabled":"default","ast-page-background-meta":{"desktop":{"background-color":"var(--ast-global-color-4)","background-image":"","background-repeat":"repeat","background-position":"center center","background-size":"auto","background-attachment":"scroll","background-type":"","background-media":"","overlay-type":"","overlay-color":"","overlay-opacity":"","overlay-gradient":""},"tablet":{"background-color":"","background-image":"","background-repeat":"repeat","background-position":"center center","background-size":"auto","background-attachment":"scroll","background-type":"","background-media":"","overlay-type":"","overlay-color":"","overlay-opacity":"","overlay-gradient":""},"mobile":{"background-color":"","background-image":"","background-repeat":"repeat","background-position":"center center","background-size":"auto","background-attachment":"scroll","background-type":"","background-media":"","overlay-type":"","overlay-color":"","overlay-opacity":"","overlay-gradient":""}},"ast-content-background-meta":{"desktop":{"background-color":"var(--ast-global-color-5)","background-image":"","background-repeat":"repeat","background-position":"center center","background-size":"auto","background-attachment":"scroll","background-type":"","background-media":"","overlay-type":"","overlay-color":"","overlay-opacity":"","overlay-gradient":""},"tablet":{"background-color":"var(--ast-global-color-5)","background-image":"","background-repeat":"repeat","background-position":"center center","background-size":"auto","background-attachment":"scroll","background-type":"","background-media":"","overlay-type":"","overlay-color":"","overlay-opacity":"","overlay-gradient":""},"mobile":{"background-color":"var(--ast-global-color-5)","background-image":"","background-repeat":"repeat","background-position":"center center","background-size":"auto","background-attachment":"scroll","background-type":"","background-media":"","overlay-type":"","overlay-color":"","overlay-opacity":"","overlay-gradient":""}},"footnotes":""},"class_list":["post-991","page","type-page","status-publish","hentry"],"post_mailing_queue_ids":[],"_links":{"self":[{"href":"https:\/\/agora.xtec.cat\/eca-masbove\/wp-json\/wp\/v2\/pages\/991","targetHints":{"allow":["GET"]}}],"collection":[{"href":"https:\/\/agora.xtec.cat\/eca-masbove\/wp-json\/wp\/v2\/pages"}],"about":[{"href":"https:\/\/agora.xtec.cat\/eca-masbove\/wp-json\/wp\/v2\/types\/page"}],"author":[{"embeddable":true,"href":"https:\/\/agora.xtec.cat\/eca-masbove\/wp-json\/wp\/v2\/users\/4"}],"replies":[{"embeddable":true,"href":"https:\/\/agora.xtec.cat\/eca-masbove\/wp-json\/wp\/v2\/comments?post=991"}],"version-history":[{"count":3,"href":"https:\/\/agora.xtec.cat\/eca-masbove\/wp-json\/wp\/v2\/pages\/991\/revisions"}],"predecessor-version":[{"id":1068,"href":"https:\/\/agora.xtec.cat\/eca-masbove\/wp-json\/wp\/v2\/pages\/991\/revisions\/1068"}],"up":[{"embeddable":true,"href":"https:\/\/agora.xtec.cat\/eca-masbove\/wp-json\/wp\/v2\/pages\/984"}],"wp:attachment":[{"href":"https:\/\/agora.xtec.cat\/eca-masbove\/wp-json\/wp\/v2\/media?parent=991"}],"curies":[{"name":"wp","href":"https:\/\/api.w.org\/{rel}","templated":true}]}}