{"id":987,"date":"2022-06-21T13:07:40","date_gmt":"2022-06-21T11:07:40","guid":{"rendered":"https:\/\/agora.xtec.cat\/eca-masbove\/?page_id=987"},"modified":"2022-07-13T13:58:15","modified_gmt":"2022-07-13T11:58:15","slug":"centre","status":"publish","type":"page","link":"https:\/\/agora.xtec.cat\/eca-masbove\/altres-tasques\/cultura-digital-del-centre\/centre\/","title":{"rendered":"Centre"},"content":{"rendered":"<div class=\"informacio_noticia_completa_meta_info\">\n<p><span style=\"font-family: inherit; font-size: 1em;\">L&#8217;Escola Agr\u00e0ria de Mas Bov\u00e9 forma part de la xarxa d&#8217;escoles agr\u00e0ries del Departament d&#8217;Acci\u00f3 Clim\u00e0tica, Alimentaci\u00f3 i Agenda Rural. Aquesta escola est\u00e0 especialitzada en oferir cursos de formaci\u00f3 agr\u00e0ria a dist\u00e0ncia adaptats a diferents necessitats del sector agroalimentari i rural a trav\u00e9s de RuralCat.<\/span><\/p>\n<\/div>\n<div class=\"imatgeCapcelera\">\n<p><img loading=\"lazy\" decoding=\"async\" class=\"alignleft\" title=\"\" src=\"https:\/\/ruralcat.gencat.cat\/documents\/20181\/8468930\/0112_cursosfad.jpg\/0e834b83-edf6-447c-9955-59ad55630430?t=1610448641000\" alt=\"\" width=\"453\" height=\"221\" \/><\/p>\n<p class=\"informacio_notica_completa_pie_foto\"><span style=\"font-family: inherit; font-size: 1em;\">El <\/span><a style=\"font-family: inherit; font-size: 1em;\" href=\"http:\/\/ruralcat.gencat.cat\/web\/guest\/formacio\/cursos-a-distancia-per-internet\" target=\"_blank\" rel=\"noopener\">Servei de Formaci\u00f3 a Dist\u00e0ncia<\/a><span style=\"font-family: inherit; font-size: 1em;\">, coordinat des de l\u2019<\/span><a style=\"font-family: inherit; font-size: 1em;\" href=\"http:\/\/agricultura.gencat.cat\/ca\/ambits\/formacio-innovacio\/escoles-agraries\/escola-agraria-mas-bove\/\" target=\"_blank\" rel=\"noopener\">Escola Agr\u00e0ria de Mas Bov\u00e9<\/a><span style=\"font-family: inherit; font-size: 1em;\">, ofereix una \u00e0mplia <\/span><a style=\"font-family: inherit; font-size: 1em;\" href=\"https:\/\/ruralcat.gencat.cat\/documents\/20181\/87232\/Diptic+FAD+2020\/54048958-20db-44c9-9e05-7fccb3abab3dhttp:\/ruralcat.gencat.cat\/documents\/20181\/87232\/D%C3%ADptic_FAD2019.pdf\/a0757ff8-099d-4d70-929a-7925a9c24e37\" target=\"_blank\" rel=\"noopener\">oferta formativa <\/a><span style=\"font-family: inherit; font-size: 1em;\">\u00a0de diversos \u00e0mbits tem\u00e0tics, tant de l\u2019\u00e0rea t\u00e8cnica com de gesti\u00f3, que sumen un total de m\u00e9s <\/span><strong style=\"font-family: inherit; font-size: 1em;\">1.000 hores <\/strong><span style=\"font-family: inherit; font-size: 1em;\">de formaci\u00f3.\u00a0<\/span><\/p>\n<\/div>\n<div id=\"informacio_noticia_copleta_noticia_detall\">\n<p>Tots els cursos permeten als alumnes accedir als materials d\u2019estudi i als recursos did\u00e0ctics a trav\u00e9s del portal RuralCat. L\u2019alumnat disposa, a m\u00e9s, del suport d\u2019un tutor que fa seguiment de l\u2019evoluci\u00f3 del curs.<\/p>\n<\/div>\n<p>&nbsp;<\/p>\n","protected":false},"excerpt":{"rendered":"<p>L&#8217;Escola Agr\u00e0ria de Mas Bov\u00e9 forma part de la xarxa d&#8217;escoles agr\u00e0ries del Departament d&#8217;Acci\u00f3 Clim\u00e0tica, Alimentaci\u00f3 i Agenda Rural. Aquesta escola est\u00e0 especialitzada en oferir cursos de formaci\u00f3 agr\u00e0ria a dist\u00e0ncia adaptats a diferents necessitats del sector agroalimentari i rural a trav\u00e9s de RuralCat. El Servei de Formaci\u00f3 a Dist\u00e0ncia, coordinat des de l\u2019Escola [&hellip;]<\/p>\n","protected":false},"author":4,"featured_media":0,"parent":984,"menu_order":0,"comment_status":"closed","ping_status":"closed","template":"","meta":{"site-sidebar-layout":"default","site-content-layout":"","ast-site-content-layout":"","site-content-style":"default","site-sidebar-style":"default","ast-global-header-display":"","ast-banner-title-visibility":"","ast-main-header-display":"","ast-hfb-above-header-display":"","ast-hfb-below-header-display":"","ast-hfb-mobile-header-display":"","site-post-title":"","ast-breadcrumbs-content":"","ast-featured-img":"","footer-sml-layout":"","theme-transparent-header-meta":"","adv-header-id-meta":"","stick-header-meta":"","header-above-stick-meta":"","header-main-stick-meta":"","header-below-stick-meta":"","astra-migrate-meta-layouts":"default","ast-page-background-enabled":"default","ast-page-background-meta":{"desktop":{"background-color":"var(--ast-global-color-4)","background-image":"","background-repeat":"repeat","background-position":"center center","background-size":"auto","background-attachment":"scroll","background-type":"","background-media":"","overlay-type":"","overlay-color":"","overlay-opacity":"","overlay-gradient":""},"tablet":{"background-color":"","background-image":"","background-repeat":"repeat","background-position":"center center","background-size":"auto","background-attachment":"scroll","background-type":"","background-media":"","overlay-type":"","overlay-color":"","overlay-opacity":"","overlay-gradient":""},"mobile":{"background-color":"","background-image":"","background-repeat":"repeat","background-position":"center center","background-size":"auto","background-attachment":"scroll","background-type":"","background-media":"","overlay-type":"","overlay-color":"","overlay-opacity":"","overlay-gradient":""}},"ast-content-background-meta":{"desktop":{"background-color":"var(--ast-global-color-5)","background-image":"","background-repeat":"repeat","background-position":"center center","background-size":"auto","background-attachment":"scroll","background-type":"","background-media":"","overlay-type":"","overlay-color":"","overlay-opacity":"","overlay-gradient":""},"tablet":{"background-color":"var(--ast-global-color-5)","background-image":"","background-repeat":"repeat","background-position":"center center","background-size":"auto","background-attachment":"scroll","background-type":"","background-media":"","overlay-type":"","overlay-color":"","overlay-opacity":"","overlay-gradient":""},"mobile":{"background-color":"var(--ast-global-color-5)","background-image":"","background-repeat":"repeat","background-position":"center center","background-size":"auto","background-attachment":"scroll","background-type":"","background-media":"","overlay-type":"","overlay-color":"","overlay-opacity":"","overlay-gradient":""}},"footnotes":""},"class_list":["post-987","page","type-page","status-publish","hentry"],"post_mailing_queue_ids":[],"_links":{"self":[{"href":"https:\/\/agora.xtec.cat\/eca-masbove\/wp-json\/wp\/v2\/pages\/987","targetHints":{"allow":["GET"]}}],"collection":[{"href":"https:\/\/agora.xtec.cat\/eca-masbove\/wp-json\/wp\/v2\/pages"}],"about":[{"href":"https:\/\/agora.xtec.cat\/eca-masbove\/wp-json\/wp\/v2\/types\/page"}],"author":[{"embeddable":true,"href":"https:\/\/agora.xtec.cat\/eca-masbove\/wp-json\/wp\/v2\/users\/4"}],"replies":[{"embeddable":true,"href":"https:\/\/agora.xtec.cat\/eca-masbove\/wp-json\/wp\/v2\/comments?post=987"}],"version-history":[{"count":3,"href":"https:\/\/agora.xtec.cat\/eca-masbove\/wp-json\/wp\/v2\/pages\/987\/revisions"}],"predecessor-version":[{"id":1064,"href":"https:\/\/agora.xtec.cat\/eca-masbove\/wp-json\/wp\/v2\/pages\/987\/revisions\/1064"}],"up":[{"embeddable":true,"href":"https:\/\/agora.xtec.cat\/eca-masbove\/wp-json\/wp\/v2\/pages\/984"}],"wp:attachment":[{"href":"https:\/\/agora.xtec.cat\/eca-masbove\/wp-json\/wp\/v2\/media?parent=987"}],"curies":[{"name":"wp","href":"https:\/\/api.w.org\/{rel}","templated":true}]}}