{"id":81,"date":"2014-09-18T10:38:05","date_gmt":"2014-09-18T10:38:05","guid":{"rendered":"http:\/\/agora.xtec.cat\/eca-masbove\/?page_id=81"},"modified":"2022-11-16T12:13:56","modified_gmt":"2022-11-16T11:13:56","slug":"secretaria","status":"publish","type":"page","link":"https:\/\/agora.xtec.cat\/eca-masbove\/altres-tasques\/secretaria\/","title":{"rendered":"Pla d&#8217;Estrat\u00e8gia Digital"},"content":{"rendered":"<p>L\u2019Estrat\u00e8gia Digital de Centre (EDC) \u00e9s un document que recull totes les accions que es realitzen a l\u2019escola, i les que es realitzaran a mitj\u00e0 termini, per aconseguir la m\u00e0xima compet\u00e8ncia digital de l\u2019alumnat, del professorat i del centre educatiu. Ha de tenir com a referent el Pla d\u2019Educaci\u00f3 Digital de Catalunya (PEDC), on s\u2019indica la necessitat d\u2019assolir la fita d\u2019una societat digitalment competent, fent \u00e8mfasi en l\u2019equitat i tenint en compte l\u2019evoluci\u00f3 del context social i tecnol\u00f2gic.<\/p>\n<p>La\u00a0<b>comissi\u00f3 d\u2019estrat\u00e8gia digital de centre<\/b> \u00e9s l\u2019equip encarregat de definir i implementar l\u2019estrat\u00e8gia que vol seguir un centre en relaci\u00f3 amb les tecnologies digitals, amb l\u2019objectiu que l\u2019alumnat, els docents i l\u2019escola assoleixin el nivell m\u00e9s alt possible de maduresa i compet\u00e8ncia digital des d\u2019una perspectiva d\u2019innovaci\u00f3 i de millora cont\u00ednua.<\/p>\n<p>Seguint les indicacions del document de l\u2019EDC, la\u00a0<b>comissi\u00f3 d\u2019estrat\u00e8gia digital\u00a0<\/b>de l\u2019Escola Agr\u00e0ria de Mas Bov\u00e9, ha elaborat <b>4 fases<\/b>\u00a0per la seva definici\u00f3 i implementaci\u00f3:<\/p>\n<p>\u200b<\/p>\n<table class=\" aligncenter\" style=\"height: 405px; width: 68.8503%; border-collapse: collapse; border-style: none; border-color: #ffffff; background-color: #ffffff;\">\n<tbody>\n<tr style=\"height: 133px;\">\n<td style=\"width: 34.8053%; height: 133px;\"><a href=\"https:\/\/agora.xtec.cat\/eca-masbove\/altres-tasques\/secretaria\/diagnosi\/\"><img loading=\"lazy\" decoding=\"async\" class=\"aligncenter wp-image-1036 size-medium\" src=\"https:\/\/agora.xtec.cat\/eca-masbove\/wp-content\/uploads\/usu2295\/2022\/06\/lupa-2-289x300.png\" alt=\"\" width=\"289\" height=\"300\" srcset=\"https:\/\/agora.xtec.cat\/eca-masbove\/wp-content\/uploads\/usu2295\/2022\/06\/lupa-2-289x300.png 289w, https:\/\/agora.xtec.cat\/eca-masbove\/wp-content\/uploads\/usu2295\/2022\/06\/lupa-2.png 350w\" sizes=\"auto, (max-width: 289px) 100vw, 289px\" \/><\/a><\/td>\n<td style=\"width: 33.4956%; height: 133px;\"><a href=\"https:\/\/agora.xtec.cat\/eca-masbove\/altres-tasques\/secretaria\/objectius\/\"><img loading=\"lazy\" decoding=\"async\" class=\"size-medium wp-image-1037 aligncenter\" src=\"https:\/\/agora.xtec.cat\/eca-masbove\/wp-content\/uploads\/usu2295\/2022\/06\/objectius-2-281x300.png\" alt=\"\" width=\"281\" height=\"300\" srcset=\"https:\/\/agora.xtec.cat\/eca-masbove\/wp-content\/uploads\/usu2295\/2022\/06\/objectius-2-281x300.png 281w, https:\/\/agora.xtec.cat\/eca-masbove\/wp-content\/uploads\/usu2295\/2022\/06\/objectius-2.png 363w\" sizes=\"auto, (max-width: 281px) 100vw, 281px\" \/><\/a><\/td>\n<\/tr>\n<tr style=\"height: 272px;\">\n<td style=\"width: 34.8053%; height: 272px;\" colspan=\"2\"><a href=\"https:\/\/agora.xtec.cat\/eca-masbove\/altres-tasques\/secretaria\/actuacions\/\"><img loading=\"lazy\" decoding=\"async\" class=\"wp-image-1154 aligncenter\" src=\"https:\/\/agora.xtec.cat\/eca-masbove\/wp-content\/uploads\/usu2295\/2022\/11\/Nodes-1.png\" alt=\"\" width=\"227\" height=\"261\" srcset=\"https:\/\/agora.xtec.cat\/eca-masbove\/wp-content\/uploads\/usu2295\/2022\/11\/Nodes-1.png 400w, https:\/\/agora.xtec.cat\/eca-masbove\/wp-content\/uploads\/usu2295\/2022\/11\/Nodes-1-261x300.png 261w\" sizes=\"auto, (max-width: 227px) 100vw, 227px\" \/><\/a><\/td>\n<\/tr>\n<\/tbody>\n<\/table>\n<p>&nbsp;<\/p>\n<p>&nbsp;<\/p>\n<p>&nbsp;<\/p>\n<p>&nbsp;<\/p>\n","protected":false},"excerpt":{"rendered":"<p>L\u2019Estrat\u00e8gia Digital de Centre (EDC) \u00e9s un document que recull totes les accions que es realitzen a l\u2019escola, i les que es realitzaran a mitj\u00e0 termini, per aconseguir la m\u00e0xima compet\u00e8ncia digital de l\u2019alumnat, del professorat i del centre educatiu. Ha de tenir com a referent el Pla d\u2019Educaci\u00f3 Digital de Catalunya (PEDC), on s\u2019indica [&hellip;]<\/p>\n","protected":false},"author":1,"featured_media":0,"parent":583,"menu_order":0,"comment_status":"closed","ping_status":"closed","template":"","meta":{"site-sidebar-layout":"default","site-content-layout":"","ast-site-content-layout":"","site-content-style":"default","site-sidebar-style":"default","ast-global-header-display":"","ast-banner-title-visibility":"","ast-main-header-display":"","ast-hfb-above-header-display":"","ast-hfb-below-header-display":"","ast-hfb-mobile-header-display":"","site-post-title":"","ast-breadcrumbs-content":"","ast-featured-img":"","footer-sml-layout":"","theme-transparent-header-meta":"","adv-header-id-meta":"","stick-header-meta":"","header-above-stick-meta":"","header-main-stick-meta":"","header-below-stick-meta":"","astra-migrate-meta-layouts":"default","ast-page-background-enabled":"default","ast-page-background-meta":{"desktop":{"background-color":"var(--ast-global-color-4)","background-image":"","background-repeat":"repeat","background-position":"center center","background-size":"auto","background-attachment":"scroll","background-type":"","background-media":"","overlay-type":"","overlay-color":"","overlay-opacity":"","overlay-gradient":""},"tablet":{"background-color":"","background-image":"","background-repeat":"repeat","background-position":"center center","background-size":"auto","background-attachment":"scroll","background-type":"","background-media":"","overlay-type":"","overlay-color":"","overlay-opacity":"","overlay-gradient":""},"mobile":{"background-color":"","background-image":"","background-repeat":"repeat","background-position":"center center","background-size":"auto","background-attachment":"scroll","background-type":"","background-media":"","overlay-type":"","overlay-color":"","overlay-opacity":"","overlay-gradient":""}},"ast-content-background-meta":{"desktop":{"background-color":"var(--ast-global-color-5)","background-image":"","background-repeat":"repeat","background-position":"center center","background-size":"auto","background-attachment":"scroll","background-type":"","background-media":"","overlay-type":"","overlay-color":"","overlay-opacity":"","overlay-gradient":""},"tablet":{"background-color":"var(--ast-global-color-5)","background-image":"","background-repeat":"repeat","background-position":"center center","background-size":"auto","background-attachment":"scroll","background-type":"","background-media":"","overlay-type":"","overlay-color":"","overlay-opacity":"","overlay-gradient":""},"mobile":{"background-color":"var(--ast-global-color-5)","background-image":"","background-repeat":"repeat","background-position":"center center","background-size":"auto","background-attachment":"scroll","background-type":"","background-media":"","overlay-type":"","overlay-color":"","overlay-opacity":"","overlay-gradient":""}},"footnotes":""},"class_list":["post-81","page","type-page","status-publish","hentry"],"post_mailing_queue_ids":[],"_links":{"self":[{"href":"https:\/\/agora.xtec.cat\/eca-masbove\/wp-json\/wp\/v2\/pages\/81","targetHints":{"allow":["GET"]}}],"collection":[{"href":"https:\/\/agora.xtec.cat\/eca-masbove\/wp-json\/wp\/v2\/pages"}],"about":[{"href":"https:\/\/agora.xtec.cat\/eca-masbove\/wp-json\/wp\/v2\/types\/page"}],"author":[{"embeddable":true,"href":"https:\/\/agora.xtec.cat\/eca-masbove\/wp-json\/wp\/v2\/users\/1"}],"replies":[{"embeddable":true,"href":"https:\/\/agora.xtec.cat\/eca-masbove\/wp-json\/wp\/v2\/comments?post=81"}],"version-history":[{"count":5,"href":"https:\/\/agora.xtec.cat\/eca-masbove\/wp-json\/wp\/v2\/pages\/81\/revisions"}],"predecessor-version":[{"id":1156,"href":"https:\/\/agora.xtec.cat\/eca-masbove\/wp-json\/wp\/v2\/pages\/81\/revisions\/1156"}],"up":[{"embeddable":true,"href":"https:\/\/agora.xtec.cat\/eca-masbove\/wp-json\/wp\/v2\/pages\/583"}],"wp:attachment":[{"href":"https:\/\/agora.xtec.cat\/eca-masbove\/wp-json\/wp\/v2\/media?parent=81"}],"curies":[{"name":"wp","href":"https:\/\/api.w.org\/{rel}","templated":true}]}}