{"id":618,"date":"2022-03-27T11:45:24","date_gmt":"2022-03-27T09:45:24","guid":{"rendered":"https:\/\/agora.xtec.cat\/eca-masbove\/?page_id=618"},"modified":"2026-01-16T09:59:55","modified_gmt":"2026-01-16T08:59:55","slug":"cursos-fad-que-sofereixen","status":"publish","type":"page","link":"https:\/\/agora.xtec.cat\/eca-masbove\/formacio-agraria-a-distancia-fad\/cursos-fad-que-sofereixen\/","title":{"rendered":"Cursos FAD"},"content":{"rendered":"<p>Els cursos de <strong>Formaci\u00f3 Agr\u00e0ria a Dist\u00e0ncia (FAD)<\/strong> els classifiquem en dos grans grups:<\/p>\n<ul>\n<li>Cursos de l&#8217;\u00e0rea de tecnologia (\u00e0rea t\u00e8cnica)<\/li>\n<li>Cursos de l&#8217;\u00e0rea de gesti\u00f3 empresarial (\u00e0rea de gesti\u00f3).<\/li>\n<\/ul>\n<p>En el seg\u00fcent llistat, <strong>recollim tots els cursos que oferirem en aquesta modalitat <\/strong>i les hores de formaci\u00f3 que suposen cadascun d&#8217;ells.<\/p>\n<p>Podeu accedir a m\u00e9s informaci\u00f3 clicant a sobre de cada curs.<\/p>\n<ol>\n<li><strong>\u00c0REA T\u00c8CNICA<\/strong><\/li>\n<\/ol>\n<ul>\n<li style=\"list-style-type: none;\">\n<ul style=\"list-style-type: square;\">\n<li><a href=\"https:\/\/ruralcat.gencat.cat\/contingut-web-editor\/-\/asset_publisher\/ivzEIW4jWshK\/content\/curs-de-nivell-basic-de-manipulador-i-aplicador-de-productes-fitosanita-11\" target=\"_blank\" rel=\"noopener\">Nivell b\u00e0sic de manipulador i aplicador de productes fitosanitaris (25 h)<\/a><\/li>\n<li><a href=\"https:\/\/ruralcat.gencat.cat\/web\/guest\/formacio\/curs\/-\/asset_publisher\/pVw5T9d1R7YQ\/content\/curs-de-nivell-qualificat-de-manipulador-i-aplicador-de-productes-fitosanitaris\/20181?_com_liferay_asset_publisher_web_portlet_AssetPublisherPortlet_INSTANCE_pVw5T9d1R7YQ_assetEntryId=143800\" target=\"_blank\" rel=\"noopener\">Nivell qualificat de manipulador i aplicador de productes fitosanitaris (60 h)<\/a><\/li>\n<li><a href=\"https:\/\/ruralcat.gencat.cat\/web\/guest\/formacio\/curs\/-\/asset_publisher\/pVw5T9d1R7YQ\/content\/curs-de-manipulador-i-aplicador-de-biocides-dus-ramader\/20181?_com_liferay_asset_publisher_web_portlet_AssetPublisherPortlet_INSTANCE_pVw5T9d1R7YQ_assetEntryId=144392\" target=\"_blank\" rel=\"noopener\">Manipulador i aplicador de productes biocides d&#8217;\u00fas ramader &#8211; Espec\u00edfic (13 h)<\/a><\/li>\n<li><a href=\"https:\/\/ruralcat.gencat.cat\/web\/guest\/formacio\/curs\/-\/asset_publisher\/pVw5T9d1R7YQ\/content\/biocides-curs-de-manipulador-i-aplicador-de-biocides-dus-ramader-complert\/20181?_com_liferay_asset_publisher_web_portlet_AssetPublisherPortlet_INSTANCE_pVw5T9d1R7YQ_assetEntryId=7334234\">Manipulador i aplicador de productes biocides d&#8217;\u00fas ramader &#8211; Complet (25 h)<\/a><\/li>\n<li><a href=\"https:\/\/ruralcat.gencat.cat\/web\/guest\/formacio\/curs\/-\/asset_publisher\/pVw5T9d1R7YQ\/content\/curs-basic-de-produccio-integrada\/20181?_com_liferay_asset_publisher_web_portlet_AssetPublisherPortlet_INSTANCE_pVw5T9d1R7YQ_assetEntryId=144165\">B\u00e0sic de producci\u00f3 integrada (50 h)<\/a><\/li>\n<li><a href=\"https:\/\/ruralcat.gencat.cat\/web\/guest\/formacio\/curs\/-\/asset_publisher\/pVw5T9d1R7YQ\/content\/curs-basic-de-produccio-agraria-ecologi-6\/20181?_com_liferay_asset_publisher_web_portlet_AssetPublisherPortlet_INSTANCE_pVw5T9d1R7YQ_assetEntryId=5968349\" target=\"_blank\" rel=\"noopener\">B\u00e0sic de producci\u00f3 agr\u00e0ria ecol\u00f2gica (30 h)<\/a><\/li>\n<li><a href=\"https:\/\/ruralcat.gencat.cat\/web\/guest\/formacio\/curs\/-\/asset_publisher\/pVw5T9d1R7YQ\/content\/bases-de-la-produccio-horticola-ecologica\/20181?_com_liferay_asset_publisher_web_portlet_AssetPublisherPortlet_INSTANCE_pVw5T9d1R7YQ_assetEntryId=10948611\">Bases de la producci\u00f3 hort\u00edcola ecol\u00f2gica (60 h)<\/a><\/li>\n<li><a href=\"https:\/\/ruralcat.gencat.cat\/web\/guest\/formacio\/curs\/-\/asset_publisher\/pVw5T9d1R7YQ\/content\/maneig-del-sol-i-del-planter-en-horticultura-ecologica\/20181?_com_liferay_asset_publisher_web_portlet_AssetPublisherPortlet_INSTANCE_pVw5T9d1R7YQ_assetEntryId=11631746\">Maneig de s\u00f2l i del planter en horticultura ecol\u00f2gica (50 h)<\/a><\/li>\n<li><a href=\"https:\/\/ruralcat.gencat.cat\/web\/guest\/formacio\/curs\/-\/asset_publisher\/pVw5T9d1R7YQ\/content\/sensibilitzacio-mediambiental\/20181?_com_liferay_asset_publisher_web_portlet_AssetPublisherPortlet_INSTANCE_pVw5T9d1R7YQ_assetEntryId=4444240\">Sensibilitzaci\u00f3 mediambiental (10 h)<\/a><\/li>\n<li><a href=\"https:\/\/ruralcat.gencat.cat\/web\/guest\/formacio\/curs\/-\/asset_publisher\/pVw5T9d1R7YQ\/content\/petits-elaboradors-agroalimentaris-prerequisits-i\/20181?_com_liferay_asset_publisher_web_portlet_AssetPublisherPortlet_INSTANCE_pVw5T9d1R7YQ_assetEntryId=8434473\" target=\"_blank\" rel=\"noopener\">Petits elaboradors agroalimentaris &#8211; Prerequisits I\u00a0(20 h)<\/a><\/li>\n<li><a href=\"https:\/\/ruralcat.gencat.cat\/web\/guest\/formacio\/curs\/-\/asset_publisher\/pVw5T9d1R7YQ\/content\/petits-elaboradors-agroalimentaris-prerequisits-ii\/20181?_com_liferay_asset_publisher_web_portlet_AssetPublisherPortlet_INSTANCE_pVw5T9d1R7YQ_assetEntryId=8548355\">Petits elaboradors agroalimentaris &#8211; Prerequisits II (20 h)<\/a><\/li>\n<li><a href=\"https:\/\/ruralcat.gencat.cat\/web\/guest\/formacio\/curs\/-\/asset_publisher\/pVw5T9d1R7YQ\/content\/petits-elaboradors-agroalimentaris-prerequisits-iii\/20181?_com_liferay_asset_publisher_web_portlet_AssetPublisherPortlet_INSTANCE_pVw5T9d1R7YQ_assetEntryId=9392426\">Petits elaboradors agroalimentaris &#8211; Prerequisits III (20 h)<\/a><\/li>\n<li><a href=\"https:\/\/ruralcat.gencat.cat\/web\/guest\/formacio\/curs\/-\/asset_publisher\/pVw5T9d1R7YQ\/content\/qualitat-agroalimentaria\/20181?_com_liferay_asset_publisher_web_portlet_AssetPublisherPortlet_INSTANCE_pVw5T9d1R7YQ_assetEntryId=10554158\">Qualitat agroaliment\u00e0ria (20 h)<\/a><\/li>\n<li><a href=\"https:\/\/ruralcat.gencat.cat\/web\/guest\/formacio\/curs\/-\/asset_publisher\/pVw5T9d1R7YQ\/content\/prevencio-i-reduccio-del-malbaratament-alimentari\/20181?_com_liferay_asset_publisher_web_portlet_AssetPublisherPortlet_INSTANCE_pVw5T9d1R7YQ_assetEntryId=10948647\">Prevenci\u00f3 i reducci\u00f3 del malbaratament alimentari (20 h)<\/a><\/li>\n<li><a href=\"https:\/\/ruralcat.gencat.cat\/web\/guest\/formacio\/curs\/-\/asset_publisher\/pVw5T9d1R7YQ\/content\/curs-de-benestar-animal-en-explotacions-porcines\/20181?_com_liferay_asset_publisher_web_portlet_AssetPublisherPortlet_INSTANCE_pVw5T9d1R7YQ_assetEntryId=144083\" target=\"_blank\" rel=\"noopener\">Benestar animal en explotacions porcines (20 h)<\/a><\/li>\n<li><a href=\"https:\/\/ruralcat.gencat.cat\/web\/guest\/formacio\/curs\/-\/asset_publisher\/pVw5T9d1R7YQ\/content\/benestar-animal-en-explotacions-avicol-1\/20181?_com_liferay_asset_publisher_web_portlet_AssetPublisherPortlet_INSTANCE_pVw5T9d1R7YQ_assetEntryId=8710306\" target=\"_blank\" rel=\"noopener\">Benestar animal en explotacions av\u00edcoles (20 h)<\/a><\/li>\n<li><a href=\"https:\/\/ruralcat.gencat.cat\/web\/guest\/formacio\/curs\/-\/asset_publisher\/pVw5T9d1R7YQ\/content\/curs-de-benestar-animal-en-explotacions-bovines\/20181?_com_liferay_asset_publisher_web_portlet_AssetPublisherPortlet_INSTANCE_pVw5T9d1R7YQ_assetEntryId=11631913\">Benestar animal en explotacions bovines (20 h<\/a>)<\/li>\n<li><a href=\"https:\/\/ruralcat.gencat.cat\/web\/guest\/formacio\/curs\/-\/asset_publisher\/pVw5T9d1R7YQ\/content\/curs-de-benestar-animal-durant-el-transport\/20181?_com_liferay_asset_publisher_web_portlet_AssetPublisherPortlet_INSTANCE_pVw5T9d1R7YQ_assetEntryId=144627\" target=\"_blank\" rel=\"noopener\">Benestar animal durant el transport (20 h)<\/a><\/li>\n<li><a href=\"https:\/\/ruralcat.gencat.cat\/web\/guest\/formacio\/curs\/-\/asset_publisher\/pVw5T9d1R7YQ\/content\/curs-de-benestar-animal-per-a-personal-encarregat-descorxador\/20181?_com_liferay_asset_publisher_web_portlet_AssetPublisherPortlet_INSTANCE_pVw5T9d1R7YQ_assetEntryId=144192\">Benestar animal per a personal encarregat d&#8217;escorxador (20 h)<\/a><\/li>\n<li><a href=\"https:\/\/ruralcat.gencat.cat\/web\/guest\/formacio\/curs\/-\/asset_publisher\/pVw5T9d1R7YQ\/content\/sacrifici-d-aus-curs-de-benestar-animal-per-a-operaris-d-escorxador-d-aus\/20181?_com_liferay_asset_publisher_web_portlet_AssetPublisherPortlet_INSTANCE_pVw5T9d1R7YQ_assetEntryId=8223983\">Benestar animal durant el sacrifici en escorxador d\u2019aus (10 h)<\/a><\/li>\n<li><a href=\"https:\/\/ruralcat.gencat.cat\/web\/guest\/formacio\/curs\/-\/asset_publisher\/pVw5T9d1R7YQ\/content\/benestar-animal-per-a-operaris-d-escorxador-de-conills\/20181?_com_liferay_asset_publisher_web_portlet_AssetPublisherPortlet_INSTANCE_pVw5T9d1R7YQ_assetEntryId=8549657\">Benestar animal durant el sacrifici en escorxador de conills (10 h)<\/a><\/li>\n<li><a href=\"https:\/\/ruralcat.gencat.cat\/web\/guest\/formacio\/curs\/-\/asset_publisher\/pVw5T9d1R7YQ\/content\/fonaments-zootecnics-1\/20181?_com_liferay_asset_publisher_web_portlet_AssetPublisherPortlet_INSTANCE_pVw5T9d1R7YQ_assetEntryId=10194093\" target=\"_blank\" rel=\"noopener\">Fonaments zoot\u00e8cnics (87 h)<\/a><\/li>\n<li><a href=\"https:\/\/ruralcat.gencat.cat\/web\/guest\/formacio\/curs\/-\/asset_publisher\/pVw5T9d1R7YQ\/content\/gestio-ambiental-i-de-lluita-contra-el-canvi-climatic-en-granges-porcines\/20181?_com_liferay_asset_publisher_web_portlet_AssetPublisherPortlet_INSTANCE_pVw5T9d1R7YQ_assetEntryId=9392458\">PORC\u00cd &#8211; Gesti\u00f3 ambiental i de lluita contra el canvi clim\u00e0tic en granges porcines (5 h)<\/a><\/li>\n<li><a href=\"https:\/\/ruralcat.gencat.cat\/web\/guest\/formacio\/curs\/-\/asset_publisher\/pVw5T9d1R7YQ\/content\/formacio-de-personal-que-treballa-en-granges-porcines\/20181?_com_liferay_asset_publisher_web_portlet_AssetPublisherPortlet_INSTANCE_pVw5T9d1R7YQ_assetEntryId=9392472\">PORC\u00cd &#8211; Formaci\u00f3 de personal que treballa en granges porcines (10 h)<\/a><\/li>\n<li><a href=\"https:\/\/ruralcat.gencat.cat\/web\/guest\/formacio\/curs\/-\/asset_publisher\/pVw5T9d1R7YQ\/content\/avicultura-gestio-ambiental-i-de-lluita-contra-el-canvi-climatic-en-granges-avicoles\/20181?_com_liferay_asset_publisher_web_portlet_AssetPublisherPortlet_INSTANCE_pVw5T9d1R7YQ_assetEntryId=10676682\">AVICULTURA &#8211; Gesti\u00f3 ambiental i de lluita contra el canvi clim\u00e0tic en granges av\u00edcoles (5 h)<\/a><\/li>\n<li><a href=\"https:\/\/ruralcat.gencat.cat\/web\/guest\/formacio\/curs\/-\/asset_publisher\/pVw5T9d1R7YQ\/content\/avicultura-formacio-de-personal-que-treballa-en-granges-avicoles\/20181?_com_liferay_asset_publisher_web_portlet_AssetPublisherPortlet_INSTANCE_pVw5T9d1R7YQ_assetEntryId=10676693\">AVICULTURA &#8211; Formaci\u00f3 de personal que treballa en granges av\u00edcoles (10 h)<\/a><\/li>\n<li><a href=\"https:\/\/ruralcat.gencat.cat\/web\/guest\/formacio\/curs\/-\/asset_publisher\/pVw5T9d1R7YQ\/content\/bovi-gestio-ambiental-i-de-lluita-contra-el-canvi-climatic-en-granges-bovines\/20181?_com_liferay_asset_publisher_web_portlet_AssetPublisherPortlet_INSTANCE_pVw5T9d1R7YQ_assetEntryId=11631957\">BOV\u00cd &#8211; Gesti\u00f3 ambiental i de lluita contra el canvi clim\u00e0tic en granges bovines (5 h)<\/a><\/li>\n<li><a href=\"https:\/\/ruralcat.gencat.cat\/web\/guest\/formacio\/curs\/-\/asset_publisher\/pVw5T9d1R7YQ\/content\/bovi-formacio-de-personal-que-treballa-en-granges-bovines\/20181?_com_liferay_asset_publisher_web_portlet_AssetPublisherPortlet_INSTANCE_pVw5T9d1R7YQ_assetEntryId=11631979\">BOV\u00cd &#8211; Formaci\u00f3 de personal que treballa en granges bovines (10 h)<\/a><\/li>\n<li><a href=\"https:\/\/ruralcat.gencat.cat\/web\/guest\/formacio\/curs\/-\/asset_publisher\/pVw5T9d1R7YQ\/content\/produccions-ramaderes\/20181?_com_liferay_asset_publisher_web_portlet_AssetPublisherPortlet_INSTANCE_pVw5T9d1R7YQ_assetEntryId=11631968\">Produccions ramaderes (30 h)<\/a><\/li>\n<li><a href=\"https:\/\/ruralcat.gencat.cat\/web\/guest\/formacio\/curs\/-\/asset_publisher\/pVw5T9d1R7YQ\/content\/curs-basic-de-reg\/20181?_com_liferay_asset_publisher_web_portlet_AssetPublisherPortlet_INSTANCE_pVw5T9d1R7YQ_assetEntryId=144126\">B\u00e0sic de reg (50 h)<\/a><\/li>\n<li><a href=\"https:\/\/ruralcat.gencat.cat\/web\/guest\/formacio\/curs\/-\/asset_publisher\/pVw5T9d1R7YQ\/content\/clima-i-microclima\/20181?_com_liferay_asset_publisher_web_portlet_AssetPublisherPortlet_INSTANCE_pVw5T9d1R7YQ_assetEntryId=143587\">Clima i microclima (21 h)<\/a><\/li>\n<li><a href=\"https:\/\/ruralcat.gencat.cat\/web\/guest\/formacio\/curs\/-\/asset_publisher\/pVw5T9d1R7YQ\/content\/aigua-sol-i-fertilitzacio-ecosistem-1\/20181?_com_liferay_asset_publisher_web_portlet_AssetPublisherPortlet_INSTANCE_pVw5T9d1R7YQ_assetEntryId=874592\" target=\"_blank\" rel=\"noopener\">Aigua, s\u00f2l, fertilitzaci\u00f3 i ecosistemes (63 h)<\/a><\/li>\n<li><a href=\"https:\/\/ruralcat.gencat.cat\/web\/guest\/formacio\/curs\/-\/asset_publisher\/pVw5T9d1R7YQ\/content\/curs-basic-d-aplicador-de-fertilitzants-\/20181?_com_liferay_asset_publisher_web_portlet_AssetPublisherPortlet_INSTANCE_pVw5T9d1R7YQ_assetEntryId=3443903\">B\u00e0sic d&#8217;aplicador de fertilitzants (20 h)<\/a><\/li>\n<li><a href=\"https:\/\/ruralcat.gencat.cat\/web\/guest\/formacio\/curs\/-\/asset_publisher\/pVw5T9d1R7YQ\/content\/gestio-de-dejeccions-liquides-de-porci\/20181?_com_liferay_asset_publisher_web_portlet_AssetPublisherPortlet_INSTANCE_pVw5T9d1R7YQ_assetEntryId=8434489\" target=\"_blank\" rel=\"noopener\">Gesti\u00f3 de dejeccions l\u00edquides de porc\u00ed (20 h)<\/a><\/li>\n<li><a href=\"https:\/\/ruralcat.gencat.cat\/web\/guest\/formacio\/curs\/-\/asset_publisher\/pVw5T9d1R7YQ\/content\/topografia\/20181?_com_liferay_asset_publisher_web_portlet_AssetPublisherPortlet_INSTANCE_pVw5T9d1R7YQ_assetEntryId=143777\">Topografia (18 h)<\/a><\/li>\n<li><a href=\"https:\/\/ruralcat.gencat.cat\/web\/guest\/formacio\/curs\/-\/asset_publisher\/pVw5T9d1R7YQ\/content\/botanica\/20181?_com_liferay_asset_publisher_web_portlet_AssetPublisherPortlet_INSTANCE_pVw5T9d1R7YQ_assetEntryId=143885\" target=\"_blank\" rel=\"noopener\">Bot\u00e0nica (63 h)<\/a><\/li>\n<li><a href=\"https:\/\/ruralcat.gencat.cat\/web\/guest\/formacio\/curs\/-\/asset_publisher\/pVw5T9d1R7YQ\/content\/el-taller\/20181?_com_liferay_asset_publisher_web_portlet_AssetPublisherPortlet_INSTANCE_pVw5T9d1R7YQ_assetEntryId=144702\">El taller (39 h)<\/a><\/li>\n<li><a href=\"https:\/\/ruralcat.gencat.cat\/web\/guest\/formacio\/curs\/-\/asset_publisher\/pVw5T9d1R7YQ\/content\/maneig-i-manteniment-del-tractor-i-maquines-motrius\/20181?_com_liferay_asset_publisher_web_portlet_AssetPublisherPortlet_INSTANCE_pVw5T9d1R7YQ_assetEntryId=143697\" target=\"_blank\" rel=\"noopener\">Maneig i manteniment del tractor i m\u00e0quines motrius (60 h)<\/a><\/li>\n<\/ul>\n<\/li>\n<\/ul>\n<p><strong>2. \u00c0REA DE GESTI\u00d3<\/strong><\/p>\n<ul>\n<li style=\"list-style-type: none;\">\n<ul style=\"list-style-type: square;\">\n<li><a href=\"https:\/\/ruralcat.gencat.cat\/web\/guest\/formacio\/curs\/-\/asset_publisher\/pVw5T9d1R7YQ\/content\/curs-diniciacio-al-full-de-calcul\/20181?_com_liferay_asset_publisher_web_portlet_AssetPublisherPortlet_INSTANCE_pVw5T9d1R7YQ_assetEntryId=144036\">Iniciaci\u00f3 al Full de c\u00e0lcul (20 h)<\/a><\/li>\n<li><a href=\"https:\/\/ruralcat.gencat.cat\/web\/guest\/formacio\/curs\/-\/asset_publisher\/pVw5T9d1R7YQ\/content\/tasques-per-a-la-gestio-de-lempresa\/20181?_com_liferay_asset_publisher_web_portlet_AssetPublisherPortlet_INSTANCE_pVw5T9d1R7YQ_assetEntryId=125984\" target=\"_blank\" rel=\"noopener\">Tasques per a la gesti\u00f3 de l&#8217;empresa (32 h)<\/a><\/li>\n<li><a href=\"https:\/\/ruralcat.gencat.cat\/web\/guest\/formacio\/curs\/-\/asset_publisher\/pVw5T9d1R7YQ\/content\/habilitats-en-la-gestio-de-lempresa\/20181?_com_liferay_asset_publisher_web_portlet_AssetPublisherPortlet_INSTANCE_pVw5T9d1R7YQ_assetEntryId=43369\" target=\"_blank\" rel=\"noopener\">Habilitats directives en la gesti\u00f3 de l\u2019empresa (32 h)<\/a><\/li>\n<li><a href=\"https:\/\/ruralcat.gencat.cat\/web\/guest\/formacio\/curs\/-\/asset_publisher\/pVw5T9d1R7YQ\/content\/recursos-per-a-la-gestio-empresarial-antic-curs-de-complements-per-a-la-gestio-de-lempresa-agraria-\/20181?_com_liferay_asset_publisher_web_portlet_AssetPublisherPortlet_INSTANCE_pVw5T9d1R7YQ_assetEntryId=144518\" target=\"_blank\" rel=\"noopener\">Recursos per a la gesti\u00f3 empresarial (21 h)<\/a><\/li>\n<li><a href=\"https:\/\/ruralcat.gencat.cat\/web\/guest\/formacio\/curs\/-\/asset_publisher\/pVw5T9d1R7YQ\/content\/tecniques-de-ven-1\/20181?_com_liferay_asset_publisher_web_portlet_AssetPublisherPortlet_INSTANCE_pVw5T9d1R7YQ_assetEntryId=1064010\">T\u00e8cniques de venda (30 h)<\/a><\/li>\n<li><a href=\"https:\/\/ruralcat.gencat.cat\/web\/guest\/formacio\/curs\/-\/asset_publisher\/pVw5T9d1R7YQ\/content\/gestio-de-l-entorn-laboral\/20181?_com_liferay_asset_publisher_web_portlet_AssetPublisherPortlet_INSTANCE_pVw5T9d1R7YQ_assetEntryId=1590432\">Gesti\u00f3 de l&#8217;entorn laboral (24 h)<\/a><\/li>\n<li><a href=\"https:\/\/ruralcat.gencat.cat\/web\/guest\/formacio\/curs\/-\/asset_publisher\/pVw5T9d1R7YQ\/content\/basic-de-seguretat-i-prevencio-de-riscos-laborals-en-lexplotacio-agraria\/20181?_com_liferay_asset_publisher_web_portlet_AssetPublisherPortlet_INSTANCE_pVw5T9d1R7YQ_assetEntryId=144269\" target=\"_blank\" rel=\"noopener\">B\u00e0sic de seguretat i prevenci\u00f3 de riscos laborals a l&#8217;explotaci\u00f3 agr\u00e0ria (30 h)<\/a><\/li>\n<li><a href=\"https:\/\/ruralcat.gencat.cat\/web\/guest\/formacio\/curs\/-\/asset_publisher\/pVw5T9d1R7YQ\/content\/internacionalitzacio\/20181?_com_liferay_asset_publisher_web_portlet_AssetPublisherPortlet_INSTANCE_pVw5T9d1R7YQ_assetEntryId=4968966\" target=\"_blank\" rel=\"noopener\">Internacionalitzaci\u00f3 (24 h)<\/a><\/li>\n<li><a href=\"https:\/\/ruralcat.gencat.cat\/web\/guest\/formacio\/curs\/-\/asset_publisher\/pVw5T9d1R7YQ\/content\/marqueting-digital\/20181?_com_liferay_asset_publisher_web_portlet_AssetPublisherPortlet_INSTANCE_pVw5T9d1R7YQ_assetEntryId=5954112\">M\u00e0rqueting digital (35 h)<\/a><\/li>\n<li><a href=\"https:\/\/ruralcat.gencat.cat\/web\/guest\/formacio\/curs\/-\/asset_publisher\/pVw5T9d1R7YQ\/content\/xarxes-de-cooperacio-i-suport-a-la-pagesia\/20181?_com_liferay_asset_publisher_web_portlet_AssetPublisherPortlet_INSTANCE_pVw5T9d1R7YQ_assetEntryId=9222256\">Xarxes de cooperaci\u00f3 i suport a la pagesia (20 h)<\/a><\/li>\n<li>Acreditaci\u00f3 de personal t\u00e8cnic assessor. Condicionalitat (15 h)<\/li>\n<\/ul>\n<\/li>\n<\/ul>\n<p>Per m\u00e9s informaci\u00f3 podeu accedir a l&#8217;apartat de <a href=\"https:\/\/ruralcat.gencat.cat\/web\/guest\/formacio\/cursos-a-distancia-per-internet\" target=\"_blank\" rel=\"noopener\"><strong>Cursos de Formaci\u00f3 a Dist\u00e0ncia del portal de\u00a0Ruralcat.<\/strong><\/a><\/p>\n","protected":false},"excerpt":{"rendered":"<p>Els cursos de Formaci\u00f3 Agr\u00e0ria a Dist\u00e0ncia (FAD) els classifiquem en dos grans grups: Cursos de l&#8217;\u00e0rea de tecnologia (\u00e0rea t\u00e8cnica) Cursos de l&#8217;\u00e0rea de gesti\u00f3 empresarial (\u00e0rea de gesti\u00f3). En el seg\u00fcent llistat, recollim tots els cursos que oferirem en aquesta modalitat i les hores de formaci\u00f3 que suposen cadascun d&#8217;ells. Podeu accedir a [&hellip;]<\/p>\n","protected":false},"author":1,"featured_media":0,"parent":613,"menu_order":0,"comment_status":"closed","ping_status":"closed","template":"","meta":{"site-sidebar-layout":"default","site-content-layout":"","ast-site-content-layout":"default","site-content-style":"default","site-sidebar-style":"default","ast-global-header-display":"","ast-banner-title-visibility":"","ast-main-header-display":"","ast-hfb-above-header-display":"","ast-hfb-below-header-display":"","ast-hfb-mobile-header-display":"","site-post-title":"","ast-breadcrumbs-content":"","ast-featured-img":"","footer-sml-layout":"","theme-transparent-header-meta":"default","adv-header-id-meta":"","stick-header-meta":"","header-above-stick-meta":"","header-main-stick-meta":"","header-below-stick-meta":"","astra-migrate-meta-layouts":"set","ast-page-background-enabled":"default","ast-page-background-meta":{"desktop":{"background-color":"var(--ast-global-color-4)","background-image":"","background-repeat":"repeat","background-position":"center center","background-size":"auto","background-attachment":"scroll","background-type":"","background-media":"","overlay-type":"","overlay-color":"","overlay-opacity":"","overlay-gradient":""},"tablet":{"background-color":"","background-image":"","background-repeat":"repeat","background-position":"center center","background-size":"auto","background-attachment":"scroll","background-type":"","background-media":"","overlay-type":"","overlay-color":"","overlay-opacity":"","overlay-gradient":""},"mobile":{"background-color":"","background-image":"","background-repeat":"repeat","background-position":"center center","background-size":"auto","background-attachment":"scroll","background-type":"","background-media":"","overlay-type":"","overlay-color":"","overlay-opacity":"","overlay-gradient":""}},"ast-content-background-meta":{"desktop":{"background-color":"var(--ast-global-color-5)","background-image":"","background-repeat":"repeat","background-position":"center center","background-size":"auto","background-attachment":"scroll","background-type":"","background-media":"","overlay-type":"","overlay-color":"","overlay-opacity":"","overlay-gradient":""},"tablet":{"background-color":"var(--ast-global-color-5)","background-image":"","background-repeat":"repeat","background-position":"center center","background-size":"auto","background-attachment":"scroll","background-type":"","background-media":"","overlay-type":"","overlay-color":"","overlay-opacity":"","overlay-gradient":""},"mobile":{"background-color":"var(--ast-global-color-5)","background-image":"","background-repeat":"repeat","background-position":"center center","background-size":"auto","background-attachment":"scroll","background-type":"","background-media":"","overlay-type":"","overlay-color":"","overlay-opacity":"","overlay-gradient":""}},"footnotes":""},"class_list":["post-618","page","type-page","status-publish","hentry"],"post_mailing_queue_ids":[],"_links":{"self":[{"href":"https:\/\/agora.xtec.cat\/eca-masbove\/wp-json\/wp\/v2\/pages\/618","targetHints":{"allow":["GET"]}}],"collection":[{"href":"https:\/\/agora.xtec.cat\/eca-masbove\/wp-json\/wp\/v2\/pages"}],"about":[{"href":"https:\/\/agora.xtec.cat\/eca-masbove\/wp-json\/wp\/v2\/types\/page"}],"author":[{"embeddable":true,"href":"https:\/\/agora.xtec.cat\/eca-masbove\/wp-json\/wp\/v2\/users\/1"}],"replies":[{"embeddable":true,"href":"https:\/\/agora.xtec.cat\/eca-masbove\/wp-json\/wp\/v2\/comments?post=618"}],"version-history":[{"count":5,"href":"https:\/\/agora.xtec.cat\/eca-masbove\/wp-json\/wp\/v2\/pages\/618\/revisions"}],"predecessor-version":[{"id":2667,"href":"https:\/\/agora.xtec.cat\/eca-masbove\/wp-json\/wp\/v2\/pages\/618\/revisions\/2667"}],"up":[{"embeddable":true,"href":"https:\/\/agora.xtec.cat\/eca-masbove\/wp-json\/wp\/v2\/pages\/613"}],"wp:attachment":[{"href":"https:\/\/agora.xtec.cat\/eca-masbove\/wp-json\/wp\/v2\/media?parent=618"}],"curies":[{"name":"wp","href":"https:\/\/api.w.org\/{rel}","templated":true}]}}