{"id":613,"date":"2022-03-27T11:42:17","date_gmt":"2022-03-27T09:42:17","guid":{"rendered":"https:\/\/agora.xtec.cat\/eca-masbove\/?page_id=613"},"modified":"2022-11-25T12:38:49","modified_gmt":"2022-11-25T11:38:49","slug":"formacio-agraria-a-distancia-fad","status":"publish","type":"page","link":"https:\/\/agora.xtec.cat\/eca-masbove\/formacio-agraria-a-distancia-fad\/","title":{"rendered":"Formaci\u00f3 Agr\u00e0ria a Dist\u00e0ncia (FAD)"},"content":{"rendered":"<p>Des de l\u2019<strong>Escola Agr\u00e0ria de Mas Bov\u00e9,<\/strong> coordinem tots els cursos de Formaci\u00f3 Agr\u00e0ria a Dist\u00e0ncia (FAD) que ofereix el portal <a href=\"https:\/\/ruralcat.gencat.cat\/web\/guest\/formacio\/cursos-a-distancia-per-internet\" target=\"_blank\" rel=\"noopener\"><strong>RuralCat<\/strong><\/a>. Actualment, disposem d&#8217;una \u00e0mplia oferta de cursos a dist\u00e0ncia, molt adaptada a les necessitats del sector agroalimentari.<\/p>\n<p>L\u2019any 2000, el <a href=\"http:\/\/agricultura.gencat.cat\/ca\/ambits\/formacio-innovacio\/formacio-agraria\/\" target=\"_blank\" rel=\"noopener\"><strong>Servei de Formaci\u00f3 Agr\u00e0ria (SFA) <\/strong><\/a>va comen\u00e7ar a treballar la metodologia a dist\u00e0ncia, tant en format paper com per Internet, per tal d\u2019adaptar-se a les necessitats del sector, que demanava poder accedir a la formaci\u00f3 cont\u00ednua d&#8217;una manera m\u00e9s flexible. Aix\u00ed doncs, la <strong>FAD<\/strong> va n\u00e9ixer com una alternativa a la formaci\u00f3 presencial i amb el repte d&#8217;acostar la formaci\u00f3 a dist\u00e0ncia al m\u00f3n rural.<\/p>\n<p>Procurem que la <strong>FAD<\/strong> estigui orientada als nostres clients-alumnes i que es basi en un aprenentatge real i significatiu. No \u00e9s una formaci\u00f3 basada en l\u2019autoaprenentatge, sin\u00f3 que es tracta d\u2019una formaci\u00f3 individualitzada, sobretot pel que fa al ritme de treball, on l\u2019alumne\/a forma part d\u2019una acci\u00f3 formativa que comparteix amb els seus companys d\u2019aula i amb l\u2019acompanyament d\u2019un tutor\/a. A m\u00e9s, els alumnes tenen acc\u00e9s en tot moment als materials d\u2019estudi, de car\u00e0cter interactiu, i als recursos did\u00e0ctics a trav\u00e9s del portal <strong>RuralCat<\/strong>.<\/p>\n<p><a href=\"https:\/\/agora.xtec.cat\/eca-masbove\/wp-content\/uploads\/usu2295\/2022\/03\/220318_Cursos-a-distancia_web.jpg\"><img loading=\"lazy\" decoding=\"async\" class=\"wp-image-690 aligncenter\" src=\"https:\/\/agora.xtec.cat\/eca-masbove\/wp-content\/uploads\/usu2295\/2022\/03\/220318_Cursos-a-distancia_web-1024x499.jpg\" alt=\"\" width=\"548\" height=\"267\" srcset=\"https:\/\/agora.xtec.cat\/eca-masbove\/wp-content\/uploads\/usu2295\/2022\/03\/220318_Cursos-a-distancia_web-1024x499.jpg 1024w, https:\/\/agora.xtec.cat\/eca-masbove\/wp-content\/uploads\/usu2295\/2022\/03\/220318_Cursos-a-distancia_web-300x146.jpg 300w, https:\/\/agora.xtec.cat\/eca-masbove\/wp-content\/uploads\/usu2295\/2022\/03\/220318_Cursos-a-distancia_web-768x374.jpg 768w, https:\/\/agora.xtec.cat\/eca-masbove\/wp-content\/uploads\/usu2295\/2022\/03\/220318_Cursos-a-distancia_web.jpg 1280w\" sizes=\"auto, (max-width: 548px) 100vw, 548px\" \/><\/a><\/p>\n","protected":false},"excerpt":{"rendered":"<p>Des de l\u2019Escola Agr\u00e0ria de Mas Bov\u00e9, coordinem tots els cursos de Formaci\u00f3 Agr\u00e0ria a Dist\u00e0ncia (FAD) que ofereix el portal RuralCat. Actualment, disposem d&#8217;una \u00e0mplia oferta de cursos a dist\u00e0ncia, molt adaptada a les necessitats del sector agroalimentari. L\u2019any 2000, el Servei de Formaci\u00f3 Agr\u00e0ria (SFA) va comen\u00e7ar a treballar la metodologia a dist\u00e0ncia, [&hellip;]<\/p>\n","protected":false},"author":1,"featured_media":0,"parent":0,"menu_order":0,"comment_status":"closed","ping_status":"closed","template":"","meta":{"site-sidebar-layout":"default","site-content-layout":"","ast-site-content-layout":"","site-content-style":"default","site-sidebar-style":"default","ast-global-header-display":"","ast-banner-title-visibility":"","ast-main-header-display":"","ast-hfb-above-header-display":"","ast-hfb-below-header-display":"","ast-hfb-mobile-header-display":"","site-post-title":"","ast-breadcrumbs-content":"","ast-featured-img":"","footer-sml-layout":"","theme-transparent-header-meta":"","adv-header-id-meta":"","stick-header-meta":"","header-above-stick-meta":"","header-main-stick-meta":"","header-below-stick-meta":"","astra-migrate-meta-layouts":"default","ast-page-background-enabled":"default","ast-page-background-meta":{"desktop":{"background-color":"var(--ast-global-color-4)","background-image":"","background-repeat":"repeat","background-position":"center center","background-size":"auto","background-attachment":"scroll","background-type":"","background-media":"","overlay-type":"","overlay-color":"","overlay-opacity":"","overlay-gradient":""},"tablet":{"background-color":"","background-image":"","background-repeat":"repeat","background-position":"center center","background-size":"auto","background-attachment":"scroll","background-type":"","background-media":"","overlay-type":"","overlay-color":"","overlay-opacity":"","overlay-gradient":""},"mobile":{"background-color":"","background-image":"","background-repeat":"repeat","background-position":"center center","background-size":"auto","background-attachment":"scroll","background-type":"","background-media":"","overlay-type":"","overlay-color":"","overlay-opacity":"","overlay-gradient":""}},"ast-content-background-meta":{"desktop":{"background-color":"var(--ast-global-color-5)","background-image":"","background-repeat":"repeat","background-position":"center center","background-size":"auto","background-attachment":"scroll","background-type":"","background-media":"","overlay-type":"","overlay-color":"","overlay-opacity":"","overlay-gradient":""},"tablet":{"background-color":"var(--ast-global-color-5)","background-image":"","background-repeat":"repeat","background-position":"center center","background-size":"auto","background-attachment":"scroll","background-type":"","background-media":"","overlay-type":"","overlay-color":"","overlay-opacity":"","overlay-gradient":""},"mobile":{"background-color":"var(--ast-global-color-5)","background-image":"","background-repeat":"repeat","background-position":"center center","background-size":"auto","background-attachment":"scroll","background-type":"","background-media":"","overlay-type":"","overlay-color":"","overlay-opacity":"","overlay-gradient":""}},"footnotes":""},"class_list":["post-613","page","type-page","status-publish","hentry"],"post_mailing_queue_ids":[],"_links":{"self":[{"href":"https:\/\/agora.xtec.cat\/eca-masbove\/wp-json\/wp\/v2\/pages\/613","targetHints":{"allow":["GET"]}}],"collection":[{"href":"https:\/\/agora.xtec.cat\/eca-masbove\/wp-json\/wp\/v2\/pages"}],"about":[{"href":"https:\/\/agora.xtec.cat\/eca-masbove\/wp-json\/wp\/v2\/types\/page"}],"author":[{"embeddable":true,"href":"https:\/\/agora.xtec.cat\/eca-masbove\/wp-json\/wp\/v2\/users\/1"}],"replies":[{"embeddable":true,"href":"https:\/\/agora.xtec.cat\/eca-masbove\/wp-json\/wp\/v2\/comments?post=613"}],"version-history":[{"count":4,"href":"https:\/\/agora.xtec.cat\/eca-masbove\/wp-json\/wp\/v2\/pages\/613\/revisions"}],"predecessor-version":[{"id":1197,"href":"https:\/\/agora.xtec.cat\/eca-masbove\/wp-json\/wp\/v2\/pages\/613\/revisions\/1197"}],"wp:attachment":[{"href":"https:\/\/agora.xtec.cat\/eca-masbove\/wp-json\/wp\/v2\/media?parent=613"}],"curies":[{"name":"wp","href":"https:\/\/api.w.org\/{rel}","templated":true}]}}