{"id":27,"date":"2014-09-17T16:24:03","date_gmt":"2014-09-17T16:24:03","guid":{"rendered":"http:\/\/agora.xtec.cat\/eca-masbove\/?page_id=27"},"modified":"2026-02-19T16:11:28","modified_gmt":"2026-02-19T15:11:28","slug":"historia","status":"publish","type":"page","link":"https:\/\/agora.xtec.cat\/eca-masbove\/lescola-agraria-de-mas-bove\/historia\/","title":{"rendered":"Hist\u00f2ria"},"content":{"rendered":"<p>L\u2019Escola Agr\u00e0ria de Mas Bov\u00e9 \u00e9s una de les quinze escoles p\u00fabliques que el Departament d&#8217;Agricultura, Ramaderia, Pesca i Alimentaci\u00f3 (DARPA) t\u00e9 arreu de Catalunya.<\/p>\n<p>Es troba situada a Constant\u00ed, a la comarca del Tarragon\u00e8s. Sempre ha estat molt lligada al territori, impartint formaci\u00f3 professional per a les persones del sector agroalimentari de la zona, i \u00e9s l\u2019escola agr\u00e0ria de refer\u00e8ncia al Camp de Tarragona.<\/p>\n<p>L\u2019escola, va iniciar la seva activitat l\u2019any 1977 i actualment, ofereix\u00a0cursos de formaci\u00f3 cont\u00ednua\u00a0en l\u2019\u00e0mbit agroalimentari de forma\u00a0presencial, semipresencial i a dist\u00e0ncia (FAD). Tamb\u00e9 realitza la\u00a0tutoria de la formaci\u00f3 dels joves que es volen incorporar\u00a0al sector agroalimentari.<\/p>\n<p>Un dels principals objectius de l\u2019escola \u00e9s contribuir i promoure la professionalitzaci\u00f3 del sector agroalimentari, mitjan\u00e7ant un aprenentatge competencial i un permanent reciclatge, per tal d\u2019afrontar amb competitivitat la\u00a0continu\u00eftat de les explotacions en el m\u00f3n rural.<\/p>\n\n\n<figure class=\"wp-block-image aligncenter size-large\"><a href=\"https:\/\/agora.xtec.cat\/eca-masbove\/wp-content\/uploads\/usu2295\/2026\/02\/WhatsApp-Image-2023-12-13-at-08.52.19-2.jpeg\"><img loading=\"lazy\" decoding=\"async\" width=\"1024\" height=\"768\" src=\"https:\/\/agora.xtec.cat\/eca-masbove\/wp-content\/uploads\/usu2295\/2026\/02\/WhatsApp-Image-2023-12-13-at-08.52.19-2-1024x768.jpeg\" alt=\"\" class=\"wp-image-2770\" srcset=\"https:\/\/agora.xtec.cat\/eca-masbove\/wp-content\/uploads\/usu2295\/2026\/02\/WhatsApp-Image-2023-12-13-at-08.52.19-2-1024x768.jpeg 1024w, https:\/\/agora.xtec.cat\/eca-masbove\/wp-content\/uploads\/usu2295\/2026\/02\/WhatsApp-Image-2023-12-13-at-08.52.19-2-300x225.jpeg 300w, https:\/\/agora.xtec.cat\/eca-masbove\/wp-content\/uploads\/usu2295\/2026\/02\/WhatsApp-Image-2023-12-13-at-08.52.19-2-768x576.jpeg 768w, https:\/\/agora.xtec.cat\/eca-masbove\/wp-content\/uploads\/usu2295\/2026\/02\/WhatsApp-Image-2023-12-13-at-08.52.19-2-1536x1152.jpeg 1536w, https:\/\/agora.xtec.cat\/eca-masbove\/wp-content\/uploads\/usu2295\/2026\/02\/WhatsApp-Image-2023-12-13-at-08.52.19-2.jpeg 2048w\" sizes=\"auto, (max-width: 1024px) 100vw, 1024px\" \/><\/a><\/figure>\n\n\n\n<p><\/p>\n","protected":false},"excerpt":{"rendered":"<p>L\u2019Escola Agr\u00e0ria de Mas Bov\u00e9 \u00e9s una de les quinze escoles p\u00fabliques que el Departament d&#8217;Agricultura, Ramaderia, Pesca i Alimentaci\u00f3 (DARPA) t\u00e9 arreu de Catalunya. Es troba situada a Constant\u00ed, a la comarca del Tarragon\u00e8s. Sempre ha estat molt lligada al territori, impartint formaci\u00f3 professional per a les persones del sector agroalimentari de la zona, [&hellip;]<\/p>\n","protected":false},"author":1,"featured_media":0,"parent":594,"menu_order":20,"comment_status":"closed","ping_status":"closed","template":"","meta":{"site-sidebar-layout":"default","site-content-layout":"","ast-site-content-layout":"default","site-content-style":"default","site-sidebar-style":"default","ast-global-header-display":"","ast-banner-title-visibility":"","ast-main-header-display":"","ast-hfb-above-header-display":"","ast-hfb-below-header-display":"","ast-hfb-mobile-header-display":"","site-post-title":"","ast-breadcrumbs-content":"","ast-featured-img":"","footer-sml-layout":"","theme-transparent-header-meta":"","adv-header-id-meta":"","stick-header-meta":"","header-above-stick-meta":"","header-main-stick-meta":"","header-below-stick-meta":"","astra-migrate-meta-layouts":"set","ast-page-background-enabled":"default","ast-page-background-meta":{"desktop":{"background-color":"var(--ast-global-color-4)","background-image":"","background-repeat":"repeat","background-position":"center center","background-size":"auto","background-attachment":"scroll","background-type":"","background-media":"","overlay-type":"","overlay-color":"","overlay-opacity":"","overlay-gradient":""},"tablet":{"background-color":"","background-image":"","background-repeat":"repeat","background-position":"center center","background-size":"auto","background-attachment":"scroll","background-type":"","background-media":"","overlay-type":"","overlay-color":"","overlay-opacity":"","overlay-gradient":""},"mobile":{"background-color":"","background-image":"","background-repeat":"repeat","background-position":"center center","background-size":"auto","background-attachment":"scroll","background-type":"","background-media":"","overlay-type":"","overlay-color":"","overlay-opacity":"","overlay-gradient":""}},"ast-content-background-meta":{"desktop":{"background-color":"var(--ast-global-color-5)","background-image":"","background-repeat":"repeat","background-position":"center center","background-size":"auto","background-attachment":"scroll","background-type":"","background-media":"","overlay-type":"","overlay-color":"","overlay-opacity":"","overlay-gradient":""},"tablet":{"background-color":"var(--ast-global-color-5)","background-image":"","background-repeat":"repeat","background-position":"center center","background-size":"auto","background-attachment":"scroll","background-type":"","background-media":"","overlay-type":"","overlay-color":"","overlay-opacity":"","overlay-gradient":""},"mobile":{"background-color":"var(--ast-global-color-5)","background-image":"","background-repeat":"repeat","background-position":"center center","background-size":"auto","background-attachment":"scroll","background-type":"","background-media":"","overlay-type":"","overlay-color":"","overlay-opacity":"","overlay-gradient":""}},"footnotes":""},"class_list":["post-27","page","type-page","status-publish","hentry"],"post_mailing_queue_ids":[],"_links":{"self":[{"href":"https:\/\/agora.xtec.cat\/eca-masbove\/wp-json\/wp\/v2\/pages\/27","targetHints":{"allow":["GET"]}}],"collection":[{"href":"https:\/\/agora.xtec.cat\/eca-masbove\/wp-json\/wp\/v2\/pages"}],"about":[{"href":"https:\/\/agora.xtec.cat\/eca-masbove\/wp-json\/wp\/v2\/types\/page"}],"author":[{"embeddable":true,"href":"https:\/\/agora.xtec.cat\/eca-masbove\/wp-json\/wp\/v2\/users\/1"}],"replies":[{"embeddable":true,"href":"https:\/\/agora.xtec.cat\/eca-masbove\/wp-json\/wp\/v2\/comments?post=27"}],"version-history":[{"count":6,"href":"https:\/\/agora.xtec.cat\/eca-masbove\/wp-json\/wp\/v2\/pages\/27\/revisions"}],"predecessor-version":[{"id":2775,"href":"https:\/\/agora.xtec.cat\/eca-masbove\/wp-json\/wp\/v2\/pages\/27\/revisions\/2775"}],"up":[{"embeddable":true,"href":"https:\/\/agora.xtec.cat\/eca-masbove\/wp-json\/wp\/v2\/pages\/594"}],"wp:attachment":[{"href":"https:\/\/agora.xtec.cat\/eca-masbove\/wp-json\/wp\/v2\/media?parent=27"}],"curies":[{"name":"wp","href":"https:\/\/api.w.org\/{rel}","templated":true}]}}