{"id":2209,"date":"2025-04-09T15:58:59","date_gmt":"2025-04-09T13:58:59","guid":{"rendered":"https:\/\/agora.xtec.cat\/eca-masbove\/?page_id=2209"},"modified":"2026-05-05T14:51:51","modified_gmt":"2026-05-05T12:51:51","slug":"taulell-dofertes-de-feina","status":"publish","type":"page","link":"https:\/\/agora.xtec.cat\/eca-masbove\/taulell-dofertes-de-feina\/","title":{"rendered":"Taulell d&#8217;ofertes de feina"},"content":{"rendered":"<p><a href=\"https:\/\/agora.xtec.cat\/eca-masbove\/wp-content\/uploads\/usu2295\/2025\/04\/FC-2025.jpg\"><img loading=\"lazy\" decoding=\"async\" class=\" wp-image-2211 alignleft\" src=\"https:\/\/agora.xtec.cat\/eca-masbove\/wp-content\/uploads\/usu2295\/2025\/04\/FC-2025-300x300.jpg\" alt=\"\" width=\"400\" height=\"400\" srcset=\"https:\/\/agora.xtec.cat\/eca-masbove\/wp-content\/uploads\/usu2295\/2025\/04\/FC-2025-300x300.jpg 300w, https:\/\/agora.xtec.cat\/eca-masbove\/wp-content\/uploads\/usu2295\/2025\/04\/FC-2025-1024x1024.jpg 1024w, https:\/\/agora.xtec.cat\/eca-masbove\/wp-content\/uploads\/usu2295\/2025\/04\/FC-2025-150x150.jpg 150w, https:\/\/agora.xtec.cat\/eca-masbove\/wp-content\/uploads\/usu2295\/2025\/04\/FC-2025-768x768.jpg 768w, https:\/\/agora.xtec.cat\/eca-masbove\/wp-content\/uploads\/usu2295\/2025\/04\/FC-2025.jpg 1080w\" sizes=\"auto, (max-width: 400px) 100vw, 400px\" \/><\/a><strong>Ets una empresa del sector agrari i requereixes de personal?<\/strong><\/p>\n<div>L&#8217;escola ofereix aquest espai de publicitat gratu\u00eftament a les empreses del sector per tal de trobar el personal que requereixen per les seves empreses i explotacions.<\/div>\n<div>\u00a0<\/div>\n<div>\u00a0<\/div>\n<div>Per tal de poder publicar una oferta en aquest taulell, <a href=\"https:\/\/forms.cloud.microsoft\/e\/WFjwzLMmAe\" target=\"_blank\" rel=\"noopener\">cal que omplis aquest formulari pr\u00e8viament<\/a>, i tan aviat com sigui possible penjarem l&#8217;anunci en aquesta web.<\/div>\n<div>\u00a0<\/div>\n<div>\u00a0<\/div>\n<div>\u00a0<\/div>\n<div>\u00a0<\/div>\n<div>\u00a0<\/div>\n<div>\u00a0<\/div>\n<div>\u00a0<\/div>\n<div>\u00a0<\/div>\n<div>\u00a0<\/div>\n<div id=\"content\" role=\"main\">\n<div class=\"row\">\n<div class=\"large-12 columns\">\n<article id=\"post-2481\" class=\"post-2481 page type-page status-publish hentry\">\n<div class=\"entry-body\">\n<div class=\"entry-content\">\n<table style=\"height: 2188px; width: 100%; border-collapse: collapse; border-color: #094f0b; background-color: #f5f5f5; border-style: solid;\">\n<tbody>\n<tr style=\"border-style: solid; border-color: #000000;\">\n<td style=\"width: 10.555%; height: 48px;\"><span style=\"color: #008000;\"><strong>N\u00fam. Oferta<\/strong><\/span><\/td>\n<td style=\"width: 11.7264%; height: 48px;\"><span style=\"color: #008000;\"><strong>Data finalitzaci\u00f3<\/strong><\/span><\/td>\n<td style=\"width: 49.4551%; height: 48px;\"><span style=\"color: #008000;\"><strong>Descripci\u00f3 lloc de treball<\/strong><\/span><\/td>\n<td style=\"width: 17.9408%; height: 48px;\"><span style=\"color: #008000;\"><strong>Poblaci\u00f3<\/strong><\/span><\/td>\n<td style=\"width: 1.40845%; height: 48px;\"><span style=\"color: #008000;\"><strong>Contacte<\/strong><\/span><\/td>\n<td style=\"width: 9.9021%; height: 48px;\"><span style=\"color: #008000;\"><strong><span class=\"\">Tel\u00e8fon de contacte<\/span><\/strong><\/span><\/td>\n<\/tr>\n<tr style=\"border-style: solid; border-color: #000000;\">\n<td style=\"width: 10.555%; border-color: #000000; border-style: none;\"><strong>7\/2026<\/strong><\/td>\n<td style=\"width: 11.7264%; border-color: #000000; border-style: none;\">\n<p><strong>\u00a030\/06\/2026<\/strong><\/p>\n<\/td>\n<td style=\"width: 49.4551%; border-color: #000000; border-style: none;\">\n<p><strong>AUXILIAR DEL DEPARTAMENT DE QUALITAT<\/strong><\/p>\n<p>Donar suport operatiu, documental i log\u00edstic al departament de Qualitat per assegurar l&#8217;acompliment dels est\u00e0ndards de la Qualitat, combinant la gesti\u00f3 administrativa amb els coneixements b\u00e0sics de la Gesti\u00f3 de la Qualitat.<\/p>\n<\/td>\n<td style=\"width: 17.9408%; border-color: #000000; border-style: none;\">\u00a0<\/td>\n<td style=\"width: 1.40845%; border-color: #000000; border-style: none;\">rrhh@mitjans.barcelona<\/td>\n<td style=\"width: 9.9021%; border-color: #000000; border-style: none;\">938901161<\/td>\n<\/tr>\n<tr style=\"border-style: solid; border-color: #000000;\">\n<td style=\"width: 10.555%; border-color: #000000; border-style: none;\"><strong>6\/2026<\/strong><\/td>\n<td style=\"width: 11.7264%; border-color: #000000; border-style: none;\"><strong>\u00a0&#8212;<\/strong><\/td>\n<td style=\"width: 49.4551%; border-color: #000000; border-style: none;\">\n<p><strong>TASQUES RELACIONADES AMB EL CONTROL POBLACIONAL DE LA PESTA PROCINA AFRICANA<\/strong><\/p>\n<ul>\n<li>Cap de colla: <a href=\"https:\/\/agora.xtec.cat\/eca-masbove\/wp-content\/uploads\/usu2295\/2026\/04\/260317-Cap-de-colla-EMERG-ACT-SANITARIES-PPA.pdf\">M\u00e9s informaci\u00f3<\/a><\/li>\n<li>Pe\u00f3: <a href=\"https:\/\/agora.xtec.cat\/eca-masbove\/wp-content\/uploads\/usu2295\/2026\/04\/260317-Peo-EMERG-ACT-SANITARIES-PPA.pdf\">M\u00e9s informaci\u00f3<\/a><\/li>\n<\/ul>\n<\/td>\n<td style=\"width: 17.9408%; border-color: #000000; border-style: none;\">Parc de Collserola i zones de risc de la PPA<\/td>\n<td style=\"width: 1.40845%; border-color: #000000; border-style: none;\">Veure full informaci\u00f3<\/td>\n<td style=\"width: 9.9021%; border-color: #000000; border-style: none;\">seleccion@tragsa.es<\/td>\n<\/tr>\n<tr style=\"border-style: solid; border-color: #000000;\">\n<td style=\"width: 10.555%; border-color: #000000; border-style: none; height: 460px;\"><strong>5\/2026<\/strong><\/td>\n<td style=\"width: 11.7264%; border-color: #000000; border-style: none; height: 460px;\">\u00a0&#8212;<\/td>\n<td style=\"width: 49.4551%; border-color: #000000; border-style: none; height: 460px;\">\n<p><strong>TRACTORISTA<\/strong><\/p>\n<p>Funcions: Realitzar tot tipus de treballs agr\u00edcoles amb tractor i sense, com ensulfatar, llaurar, transport de plantes amb tractor i remolc&#8230;<\/p>\n<p>Dedicaci\u00f3 hor\u00e0ria: Jornada completa, en horari de 8 a 13h i de 14:30 a 17:30h<\/p>\n<p>Data d\u2019incorporaci\u00f3: Immediata<\/p>\n<p>Retribuci\u00f3: segons v\u00e0lua.\u00a0<\/p>\n<p>Coneixements previs: Cicle Formatiu de Grau Superior<\/p>\n<p>Experi\u00e8ncia: Imprescindible experi\u00e8ncia amb treballs agr\u00edcoles amb tractor i maquin\u00e0ria.<\/p>\n<p>Relaci\u00f3 laboral que s\u2019establir\u00e0: possibilitat de contracte indefinit.<\/p>\n<\/td>\n<td style=\"width: 17.9408%; border-color: #000000; border-style: none; height: 460px;\">Mont-roig del Camp<\/td>\n<td style=\"width: 1.40845%; border-color: #000000; border-style: none; height: 460px;\">administracio@viversgasso.com<\/td>\n<td style=\"width: 9.9021%; border-color: #000000; border-style: none; height: 460px;\">\n<p>977179642<\/p>\n<p>627565981<\/p>\n<\/td>\n<\/tr>\n<tr style=\"border-style: solid; border-color: #000000;\">\n<td style=\"width: 10.555%; border-color: #000000; border-style: none; height: 460px;\"><strong>4\/2026<\/strong><\/td>\n<td style=\"width: 11.7264%; border-color: #000000; border-style: none; height: 460px;\"><strong>20\/04\/2026<\/strong><\/td>\n<td style=\"width: 49.4551%; border-color: #000000; border-style: none; height: 460px;\">\n<p><span style=\"color: #ff0000;\">FORA DE TERMINI<\/span><\/p>\n<p><strong>CELLERISTA<\/strong><\/p>\n<p>\u2022 Coneixements en el sector de l\u2019enologia: grau o formaci\u00f3<br \/>professional especialitzada en ind\u00fastries aliment\u00e0ries i \/o<br \/>enologia.<br \/>\u2022 Es valora l\u2019experi\u00e8ncia en celler i la relaci\u00f3 amb la<br \/>ind\u00fastria aliment\u00e0ria.<br \/>\u2022 Es valora l\u2019experi\u00e8ncia en laboratori.<br \/>\u2022 Es valora coneixements en tra\u00e7abilitat i gesti\u00f3 d\u2019estocs.<\/p>\n<p><a href=\"https:\/\/agora.xtec.cat\/eca-masbove\/wp-content\/uploads\/usu2295\/2026\/03\/0.OfertaFeina_Cellerista.pdf\">M\u00e9s informaci\u00f3<\/a><\/p>\n<\/td>\n<td style=\"width: 17.9408%; border-color: #000000; border-style: none; height: 460px;\">Vallbona de les Monges<\/td>\n<td style=\"width: 1.40845%; border-color: #000000; border-style: none; height: 460px;\">persones@olivera.org<\/td>\n<td style=\"width: 9.9021%; border-color: #000000; border-style: none; height: 460px;\">\u00a0<\/td>\n<\/tr>\n<tr style=\"border-style: solid; border-color: #000000;\">\n<td style=\"width: 10.555%; border-color: #000000; border-style: none; height: 590px;\"><strong>3\/2026<\/strong><\/td>\n<td style=\"width: 11.7264%; border-color: #000000; border-style: none; height: 590px;\"><strong>20\/04\/2026<\/strong><\/td>\n<td style=\"width: 49.4551%; border-color: #000000; border-style: none; height: 590px;\">\n<p><span style=\"color: #ff0000;\">FORA DE TERMINI<\/span><\/p>\n<p><strong>T\u00c8CNIC\/A D&#8217;ENOTURISME<\/strong><\/p>\n<p><span style=\"font-size: revert; font-family: inherit; font-weight: inherit; color: var(--ast-global-color-3);\">Organitzar i conduir visites guiades a les instal\u00b7lacions del<br \/>celler i les vinyes.<br \/>\u2022 Preparar i dinamitzar tastos de vins, maridatges i activitats<br \/>especials.<br \/>\u2022 Dissenyar i executar propostes enotur\u00edstiques (tallers,<br \/>experi\u00e8ncies de verema, rutes\u2026).<br \/>\u2022 Atendre i gestionar reserves, consultes i reclamacions de<br \/>clients.<br \/>\u2022 Fer seguiment de la satisfacci\u00f3 del client i elaborar<br \/>informes d\u2019activitat<\/span><\/p>\n<p><a href=\"https:\/\/agora.xtec.cat\/eca-masbove\/wp-content\/uploads\/usu2295\/2026\/03\/LO_OfertaFeina_Enoturisme-2.pdf\">M\u00e9s informaci\u00f3<\/a><\/p>\n<\/td>\n<td style=\"width: 17.9408%; border-color: #000000; border-style: none; height: 590px;\">Vallbona de les Monges<\/td>\n<td style=\"width: 1.40845%; border-color: #000000; border-style: none; height: 590px;\">persones@olivera.org<\/td>\n<td style=\"width: 9.9021%; border-color: #000000; border-style: none; height: 590px;\">\u00a0<\/td>\n<\/tr>\n<tr style=\"border-style: solid; border-color: #000000;\">\n<td style=\"width: 10.555%; border-color: #000000; border-style: none; height: 449px;\"><strong>2\/2026<\/strong><\/td>\n<td style=\"width: 11.7264%; border-color: #000000; border-style: none; height: 449px;\"><strong>30\/08\/2026<\/strong><\/td>\n<td style=\"width: 49.4551%; border-color: #000000; border-style: none; height: 449px;\">\n<p><strong>RECOLLIDA DE PALLA I FARRATGES<\/strong><\/p>\n<p>Funcions: Realitzar tasques de recollida de palla i farratge<\/p>\n<p>Dedicaci\u00f3 hor\u00e0ria: Jornada completa<\/p>\n<p>Data d\u2019incorporaci\u00f3: Maig &#8211; Juny<\/p>\n<p>Retribuci\u00f3: 2.000 \u2013 3.000\u20ac mensuals<\/p>\n<p>Relaci\u00f3 laboral que s\u2019establir\u00e0: Temporal amb possibilitat d\u2019indefinit<\/p>\n<\/td>\n<td style=\"width: 17.9408%; border-color: #000000; border-style: none; height: 449px;\">Santa Coloma de Queralt i rodalies (Segarra, Urgell i Conca de Barber\u00e0)<\/td>\n<td style=\"width: 1.40845%; border-color: #000000; border-style: none; height: 449px;\">farratgesmarimon@gmail.com<\/td>\n<td style=\"width: 9.9021%; border-color: #000000; border-style: none; height: 449px;\">629241138<\/td>\n<\/tr>\n<\/tbody>\n<\/table>\n<p style=\"text-align: left;\">\u00a0<\/p>\n<\/div>\n<p><!-- .entry-content --><\/p>\n<footer class=\"entry-footer\"><\/footer>\n<p><!-- .entry-footer --><\/p>\n<\/div>\n<p><!-- .entry-body --><\/p>\n<\/article>\n<p><!-- #post --><\/p>\n<\/div>\n<p><!-- .columns --><\/p>\n<\/div>\n<p><!-- .row --><\/p>\n<\/div>\n\n\n<p><\/p>\n","protected":false},"excerpt":{"rendered":"<p>Ets una empresa del sector agrari i requereixes de personal? L&#8217;escola ofereix aquest espai de publicitat gratu\u00eftament a les empreses del sector per tal de trobar el personal que requereixen per les seves empreses i explotacions. \u00a0 \u00a0 Per tal de poder publicar una oferta en aquest taulell, cal que omplis aquest formulari pr\u00e8viament, i [&hellip;]<\/p>\n","protected":false},"author":1,"featured_media":0,"parent":0,"menu_order":0,"comment_status":"closed","ping_status":"closed","template":"","meta":{"site-sidebar-layout":"default","site-content-layout":"","ast-site-content-layout":"default","site-content-style":"default","site-sidebar-style":"default","ast-global-header-display":"","ast-banner-title-visibility":"","ast-main-header-display":"","ast-hfb-above-header-display":"","ast-hfb-below-header-display":"","ast-hfb-mobile-header-display":"","site-post-title":"","ast-breadcrumbs-content":"","ast-featured-img":"","footer-sml-layout":"","theme-transparent-header-meta":"","adv-header-id-meta":"","stick-header-meta":"","header-above-stick-meta":"","header-main-stick-meta":"","header-below-stick-meta":"","astra-migrate-meta-layouts":"set","ast-page-background-enabled":"default","ast-page-background-meta":{"desktop":{"background-color":"var(--ast-global-color-4)","background-image":"","background-repeat":"repeat","background-position":"center center","background-size":"auto","background-attachment":"scroll","background-type":"","background-media":"","overlay-type":"","overlay-color":"","overlay-opacity":"","overlay-gradient":""},"tablet":{"background-color":"","background-image":"","background-repeat":"repeat","background-position":"center center","background-size":"auto","background-attachment":"scroll","background-type":"","background-media":"","overlay-type":"","overlay-color":"","overlay-opacity":"","overlay-gradient":""},"mobile":{"background-color":"","background-image":"","background-repeat":"repeat","background-position":"center center","background-size":"auto","background-attachment":"scroll","background-type":"","background-media":"","overlay-type":"","overlay-color":"","overlay-opacity":"","overlay-gradient":""}},"ast-content-background-meta":{"desktop":{"background-color":"var(--ast-global-color-5)","background-image":"","background-repeat":"repeat","background-position":"center center","background-size":"auto","background-attachment":"scroll","background-type":"","background-media":"","overlay-type":"","overlay-color":"","overlay-opacity":"","overlay-gradient":""},"tablet":{"background-color":"var(--ast-global-color-5)","background-image":"","background-repeat":"repeat","background-position":"center center","background-size":"auto","background-attachment":"scroll","background-type":"","background-media":"","overlay-type":"","overlay-color":"","overlay-opacity":"","overlay-gradient":""},"mobile":{"background-color":"var(--ast-global-color-5)","background-image":"","background-repeat":"repeat","background-position":"center center","background-size":"auto","background-attachment":"scroll","background-type":"","background-media":"","overlay-type":"","overlay-color":"","overlay-opacity":"","overlay-gradient":""}},"footnotes":""},"class_list":["post-2209","page","type-page","status-publish","hentry"],"post_mailing_queue_ids":[],"_links":{"self":[{"href":"https:\/\/agora.xtec.cat\/eca-masbove\/wp-json\/wp\/v2\/pages\/2209","targetHints":{"allow":["GET"]}}],"collection":[{"href":"https:\/\/agora.xtec.cat\/eca-masbove\/wp-json\/wp\/v2\/pages"}],"about":[{"href":"https:\/\/agora.xtec.cat\/eca-masbove\/wp-json\/wp\/v2\/types\/page"}],"author":[{"embeddable":true,"href":"https:\/\/agora.xtec.cat\/eca-masbove\/wp-json\/wp\/v2\/users\/1"}],"replies":[{"embeddable":true,"href":"https:\/\/agora.xtec.cat\/eca-masbove\/wp-json\/wp\/v2\/comments?post=2209"}],"version-history":[{"count":5,"href":"https:\/\/agora.xtec.cat\/eca-masbove\/wp-json\/wp\/v2\/pages\/2209\/revisions"}],"predecessor-version":[{"id":2888,"href":"https:\/\/agora.xtec.cat\/eca-masbove\/wp-json\/wp\/v2\/pages\/2209\/revisions\/2888"}],"wp:attachment":[{"href":"https:\/\/agora.xtec.cat\/eca-masbove\/wp-json\/wp\/v2\/media?parent=2209"}],"curies":[{"name":"wp","href":"https:\/\/api.w.org\/{rel}","templated":true}]}}