{"id":21,"date":"2014-09-17T16:14:14","date_gmt":"2014-09-17T16:14:14","guid":{"rendered":"http:\/\/agora.xtec.cat\/eca-masbove\/?page_id=21"},"modified":"2025-11-13T14:01:20","modified_gmt":"2025-11-13T13:01:20","slug":"on-som","status":"publish","type":"page","link":"https:\/\/agora.xtec.cat\/eca-masbove\/lescola-agraria-de-mas-bove\/on-som\/","title":{"rendered":"Contacte i on som"},"content":{"rendered":"<p>&nbsp;<\/p>\n<table style=\"border-collapse: collapse; width: 64.7764%; height: 315px;\">\n<tbody>\n<tr>\n<td style=\"width: 48.4559%;\" colspan=\"2\">\n<h4><strong>Escola Agr\u00e0ria de Mas Bov\u00e9 &#8211; EA Mas Bov\u00e9<\/strong><\/h4>\n<p>&nbsp;<\/p>\n<p><strong>Correu electr\u00f2nic: <a href=\"mailto:ea_masbove.agricultura@gencat.cat\">ea_masbove.agricultura@gencat.cat<\/a><\/strong><\/p>\n<p><strong>Tel\u00e8fon: <\/strong>977 343 289<\/p>\n<p><strong>Horari d&#8217;atenci\u00f3:<\/strong> de dilluns a divendres de 9:00 a 14:00 hores<\/p>\n<p><strong>Comunicacions:<\/strong> Apartat de Correus, 159\u00a0 \u00a0Constant\u00ed\u00a0 (43120)<\/p>\n<p><strong>Adre\u00e7a:<\/strong> Crta. Reus-El Morell km 3,8\u00a0 \u00a0Constant\u00ed\u00a0 (43120)<\/td>\n<td style=\"width: 68.5186%;\"><iframe loading=\"lazy\" style=\"border: 0;\" src=\"https:\/\/www.google.com\/maps\/embed?pb=!1m18!1m12!1m3!1d2823.478866615003!2d1.1696751782646366!3d41.17013784643956!2m3!1f0!2f0!3f0!3m2!1i1024!2i768!4f13.1!3m3!1m2!1s0x12a1562b250d9f77%3A0x172e3b7eb0a0f5b4!2sEscola%20Agr%C3%A0ria%20de%20Mas%20Bov%C3%A9!5e1!3m2!1sca!2ses!4v1648370164401!5m2!1sca!2ses\" width=\"506\" height=\"380\" allowfullscreen=\"allowfullscreen\"><\/iframe><\/td>\n<\/tr>\n<\/tbody>\n<\/table>\n<p>&nbsp;<\/p>\n<p>&nbsp;<\/p>\n<p><a href=\"https:\/\/agora.xtec.cat\/eca-masbove\/wp-content\/uploads\/usu2295\/2024\/09\/idbh.jpg\"><img loading=\"lazy\" decoding=\"async\" class=\"alignnone wp-image-1909\" src=\"https:\/\/agora.xtec.cat\/eca-masbove\/wp-content\/uploads\/usu2295\/2024\/09\/idbh-300x77.jpg\" alt=\"\" width=\"226\" height=\"58\" srcset=\"https:\/\/agora.xtec.cat\/eca-masbove\/wp-content\/uploads\/usu2295\/2024\/09\/idbh-300x77.jpg 300w, https:\/\/agora.xtec.cat\/eca-masbove\/wp-content\/uploads\/usu2295\/2024\/09\/idbh-1024x263.jpg 1024w, https:\/\/agora.xtec.cat\/eca-masbove\/wp-content\/uploads\/usu2295\/2024\/09\/idbh-768x198.jpg 768w, https:\/\/agora.xtec.cat\/eca-masbove\/wp-content\/uploads\/usu2295\/2024\/09\/idbh.jpg 1038w\" sizes=\"auto, (max-width: 226px) 100vw, 226px\" \/><\/a><a href=\"https:\/\/agora.xtec.cat\/eca-masbove\/wp-content\/uploads\/usu2295\/2024\/09\/EA-Mas-Bove2.png\"><img loading=\"lazy\" decoding=\"async\" class=\"alignnone wp-image-1904\" src=\"https:\/\/agora.xtec.cat\/eca-masbove\/wp-content\/uploads\/usu2295\/2024\/09\/EA-Mas-Bove2-300x217.png\" alt=\"\" width=\"145\" height=\"105\" srcset=\"https:\/\/agora.xtec.cat\/eca-masbove\/wp-content\/uploads\/usu2295\/2024\/09\/EA-Mas-Bove2-300x217.png 300w, https:\/\/agora.xtec.cat\/eca-masbove\/wp-content\/uploads\/usu2295\/2024\/09\/EA-Mas-Bove2.png 673w\" sizes=\"auto, (max-width: 145px) 100vw, 145px\" \/><\/a><\/p>\n","protected":false},"excerpt":{"rendered":"<p>&nbsp; Escola Agr\u00e0ria de Mas Bov\u00e9 &#8211; EA Mas Bov\u00e9 &nbsp; Correu electr\u00f2nic: ea_masbove.agricultura@gencat.cat Tel\u00e8fon: 977 343 289 Horari d&#8217;atenci\u00f3: de dilluns a divendres de 9:00 a 14:00 hores Comunicacions: Apartat de Correus, 159\u00a0 \u00a0Constant\u00ed\u00a0 (43120) Adre\u00e7a: Crta. Reus-El Morell km 3,8\u00a0 \u00a0Constant\u00ed\u00a0 (43120) &nbsp; &nbsp;<\/p>\n","protected":false},"author":1,"featured_media":0,"parent":594,"menu_order":10,"comment_status":"closed","ping_status":"closed","template":"","meta":{"site-sidebar-layout":"default","site-content-layout":"","ast-site-content-layout":"default","site-content-style":"default","site-sidebar-style":"default","ast-global-header-display":"","ast-banner-title-visibility":"","ast-main-header-display":"","ast-hfb-above-header-display":"","ast-hfb-below-header-display":"","ast-hfb-mobile-header-display":"","site-post-title":"","ast-breadcrumbs-content":"","ast-featured-img":"","footer-sml-layout":"","theme-transparent-header-meta":"default","adv-header-id-meta":"","stick-header-meta":"","header-above-stick-meta":"","header-main-stick-meta":"","header-below-stick-meta":"","astra-migrate-meta-layouts":"set","ast-page-background-enabled":"default","ast-page-background-meta":{"desktop":{"background-color":"var(--ast-global-color-4)","background-image":"","background-repeat":"repeat","background-position":"center center","background-size":"auto","background-attachment":"scroll","background-type":"","background-media":"","overlay-type":"","overlay-color":"","overlay-opacity":"","overlay-gradient":""},"tablet":{"background-color":"","background-image":"","background-repeat":"repeat","background-position":"center center","background-size":"auto","background-attachment":"scroll","background-type":"","background-media":"","overlay-type":"","overlay-color":"","overlay-opacity":"","overlay-gradient":""},"mobile":{"background-color":"","background-image":"","background-repeat":"repeat","background-position":"center center","background-size":"auto","background-attachment":"scroll","background-type":"","background-media":"","overlay-type":"","overlay-color":"","overlay-opacity":"","overlay-gradient":""}},"ast-content-background-meta":{"desktop":{"background-color":"var(--ast-global-color-5)","background-image":"","background-repeat":"repeat","background-position":"center center","background-size":"auto","background-attachment":"scroll","background-type":"","background-media":"","overlay-type":"","overlay-color":"","overlay-opacity":"","overlay-gradient":""},"tablet":{"background-color":"var(--ast-global-color-5)","background-image":"","background-repeat":"repeat","background-position":"center center","background-size":"auto","background-attachment":"scroll","background-type":"","background-media":"","overlay-type":"","overlay-color":"","overlay-opacity":"","overlay-gradient":""},"mobile":{"background-color":"var(--ast-global-color-5)","background-image":"","background-repeat":"repeat","background-position":"center center","background-size":"auto","background-attachment":"scroll","background-type":"","background-media":"","overlay-type":"","overlay-color":"","overlay-opacity":"","overlay-gradient":""}},"footnotes":""},"class_list":["post-21","page","type-page","status-publish","hentry"],"post_mailing_queue_ids":[],"_links":{"self":[{"href":"https:\/\/agora.xtec.cat\/eca-masbove\/wp-json\/wp\/v2\/pages\/21","targetHints":{"allow":["GET"]}}],"collection":[{"href":"https:\/\/agora.xtec.cat\/eca-masbove\/wp-json\/wp\/v2\/pages"}],"about":[{"href":"https:\/\/agora.xtec.cat\/eca-masbove\/wp-json\/wp\/v2\/types\/page"}],"author":[{"embeddable":true,"href":"https:\/\/agora.xtec.cat\/eca-masbove\/wp-json\/wp\/v2\/users\/1"}],"replies":[{"embeddable":true,"href":"https:\/\/agora.xtec.cat\/eca-masbove\/wp-json\/wp\/v2\/comments?post=21"}],"version-history":[{"count":6,"href":"https:\/\/agora.xtec.cat\/eca-masbove\/wp-json\/wp\/v2\/pages\/21\/revisions"}],"predecessor-version":[{"id":2526,"href":"https:\/\/agora.xtec.cat\/eca-masbove\/wp-json\/wp\/v2\/pages\/21\/revisions\/2526"}],"up":[{"embeddable":true,"href":"https:\/\/agora.xtec.cat\/eca-masbove\/wp-json\/wp\/v2\/pages\/594"}],"wp:attachment":[{"href":"https:\/\/agora.xtec.cat\/eca-masbove\/wp-json\/wp\/v2\/media?parent=21"}],"curies":[{"name":"wp","href":"https:\/\/api.w.org\/{rel}","templated":true}]}}