{"id":195,"date":"2014-09-22T10:39:39","date_gmt":"2014-09-22T10:39:39","guid":{"rendered":"http:\/\/agora.xtec.cat\/eca-masbove\/?page_id=195"},"modified":"2022-11-29T12:35:03","modified_gmt":"2022-11-29T11:35:03","slug":"formacio","status":"publish","type":"page","link":"https:\/\/agora.xtec.cat\/eca-masbove\/lescola-agraria-de-mas-bove\/formacio\/","title":{"rendered":"Formaci\u00f3"},"content":{"rendered":"<p>Oferim formaci\u00f3 a trav\u00e9s de <strong>quatre vies diferents<\/strong>, per tal de garantir la qualificaci\u00f3 professional de totes les persones que vulguin desenvolupar o desenvolupin la seva activitat en el sector agroalimentari.<\/p>\n<p>Les quatre vies o \u00e0mbits d&#8217;actuaci\u00f3, a trav\u00e9s dels quals nostra escola ofereix formaci\u00f3, s\u00f3n:<\/p>\n<p><a href=\"https:\/\/ruralcat.gencat.cat\/web\/guest\/formacio\/cursos-a-distancia-per-internet\"><img loading=\"lazy\" decoding=\"async\" class=\"https:\/\/agora.xtec.cat\/eca-masbove\/formacio-agraria-a-distancia-fad\/ aligncenter wp-image-821\" src=\"https:\/\/agora.xtec.cat\/eca-masbove\/wp-content\/uploads\/usu2295\/2022\/03\/FAD.png\" alt=\"\" width=\"321\" height=\"100\" srcset=\"https:\/\/agora.xtec.cat\/eca-masbove\/wp-content\/uploads\/usu2295\/2022\/03\/FAD.png 648w, https:\/\/agora.xtec.cat\/eca-masbove\/wp-content\/uploads\/usu2295\/2022\/03\/FAD-300x94.png 300w\" sizes=\"auto, (max-width: 321px) 100vw, 321px\" \/><\/a><\/p>\n<p><a href=\"https:\/\/ruralcat.gencat.cat\/web\/guest\/formacio\/mes-formacio\"><img loading=\"lazy\" decoding=\"async\" class=\"aligncenter wp-image-822\" src=\"https:\/\/agora.xtec.cat\/eca-masbove\/wp-content\/uploads\/usu2295\/2022\/03\/FC.png\" alt=\"\" width=\"319\" height=\"99\" srcset=\"https:\/\/agora.xtec.cat\/eca-masbove\/wp-content\/uploads\/usu2295\/2022\/03\/FC.png 640w, https:\/\/agora.xtec.cat\/eca-masbove\/wp-content\/uploads\/usu2295\/2022\/03\/FC-300x93.png 300w\" sizes=\"auto, (max-width: 319px) 100vw, 319px\" \/><\/a><\/p>\n<p><a href=\"https:\/\/ruralcat.gencat.cat\/web\/guest\/el_planter\"><img loading=\"lazy\" decoding=\"async\" class=\"wp-image-823 aligncenter\" src=\"https:\/\/agora.xtec.cat\/eca-masbove\/wp-content\/uploads\/usu2295\/2022\/03\/IJA.png\" alt=\"\" width=\"320\" height=\"101\" srcset=\"https:\/\/agora.xtec.cat\/eca-masbove\/wp-content\/uploads\/usu2295\/2022\/03\/IJA.png 649w, https:\/\/agora.xtec.cat\/eca-masbove\/wp-content\/uploads\/usu2295\/2022\/03\/IJA-300x95.png 300w\" sizes=\"auto, (max-width: 320px) 100vw, 320px\" \/><\/a><\/p>\n<p><a href=\"https:\/\/ruralcat.gencat.cat\/web\/guest\/formacio-i-transferencia\/jornades\"><img loading=\"lazy\" decoding=\"async\" class=\"aligncenter wp-image-824\" src=\"https:\/\/agora.xtec.cat\/eca-masbove\/wp-content\/uploads\/usu2295\/2022\/03\/PATT.png\" alt=\"\" width=\"319\" height=\"101\" srcset=\"https:\/\/agora.xtec.cat\/eca-masbove\/wp-content\/uploads\/usu2295\/2022\/03\/PATT.png 648w, https:\/\/agora.xtec.cat\/eca-masbove\/wp-content\/uploads\/usu2295\/2022\/03\/PATT-300x95.png 300w\" sizes=\"auto, (max-width: 319px) 100vw, 319px\" \/><\/a><\/p>\n","protected":false},"excerpt":{"rendered":"<p>Oferim formaci\u00f3 a trav\u00e9s de quatre vies diferents, per tal de garantir la qualificaci\u00f3 professional de totes les persones que vulguin desenvolupar o desenvolupin la seva activitat en el sector agroalimentari. Les quatre vies o \u00e0mbits d&#8217;actuaci\u00f3, a trav\u00e9s dels quals nostra escola ofereix formaci\u00f3, s\u00f3n:<\/p>\n","protected":false},"author":1,"featured_media":0,"parent":594,"menu_order":50,"comment_status":"closed","ping_status":"closed","template":"","meta":{"site-sidebar-layout":"default","site-content-layout":"","ast-site-content-layout":"","site-content-style":"default","site-sidebar-style":"default","ast-global-header-display":"","ast-banner-title-visibility":"","ast-main-header-display":"","ast-hfb-above-header-display":"","ast-hfb-below-header-display":"","ast-hfb-mobile-header-display":"","site-post-title":"","ast-breadcrumbs-content":"","ast-featured-img":"","footer-sml-layout":"","theme-transparent-header-meta":"","adv-header-id-meta":"","stick-header-meta":"","header-above-stick-meta":"","header-main-stick-meta":"","header-below-stick-meta":"","astra-migrate-meta-layouts":"default","ast-page-background-enabled":"default","ast-page-background-meta":{"desktop":{"background-color":"var(--ast-global-color-4)","background-image":"","background-repeat":"repeat","background-position":"center center","background-size":"auto","background-attachment":"scroll","background-type":"","background-media":"","overlay-type":"","overlay-color":"","overlay-opacity":"","overlay-gradient":""},"tablet":{"background-color":"","background-image":"","background-repeat":"repeat","background-position":"center center","background-size":"auto","background-attachment":"scroll","background-type":"","background-media":"","overlay-type":"","overlay-color":"","overlay-opacity":"","overlay-gradient":""},"mobile":{"background-color":"","background-image":"","background-repeat":"repeat","background-position":"center center","background-size":"auto","background-attachment":"scroll","background-type":"","background-media":"","overlay-type":"","overlay-color":"","overlay-opacity":"","overlay-gradient":""}},"ast-content-background-meta":{"desktop":{"background-color":"var(--ast-global-color-5)","background-image":"","background-repeat":"repeat","background-position":"center center","background-size":"auto","background-attachment":"scroll","background-type":"","background-media":"","overlay-type":"","overlay-color":"","overlay-opacity":"","overlay-gradient":""},"tablet":{"background-color":"var(--ast-global-color-5)","background-image":"","background-repeat":"repeat","background-position":"center center","background-size":"auto","background-attachment":"scroll","background-type":"","background-media":"","overlay-type":"","overlay-color":"","overlay-opacity":"","overlay-gradient":""},"mobile":{"background-color":"var(--ast-global-color-5)","background-image":"","background-repeat":"repeat","background-position":"center center","background-size":"auto","background-attachment":"scroll","background-type":"","background-media":"","overlay-type":"","overlay-color":"","overlay-opacity":"","overlay-gradient":""}},"footnotes":""},"class_list":["post-195","page","type-page","status-publish","hentry"],"post_mailing_queue_ids":[],"_links":{"self":[{"href":"https:\/\/agora.xtec.cat\/eca-masbove\/wp-json\/wp\/v2\/pages\/195","targetHints":{"allow":["GET"]}}],"collection":[{"href":"https:\/\/agora.xtec.cat\/eca-masbove\/wp-json\/wp\/v2\/pages"}],"about":[{"href":"https:\/\/agora.xtec.cat\/eca-masbove\/wp-json\/wp\/v2\/types\/page"}],"author":[{"embeddable":true,"href":"https:\/\/agora.xtec.cat\/eca-masbove\/wp-json\/wp\/v2\/users\/1"}],"replies":[{"embeddable":true,"href":"https:\/\/agora.xtec.cat\/eca-masbove\/wp-json\/wp\/v2\/comments?post=195"}],"version-history":[{"count":3,"href":"https:\/\/agora.xtec.cat\/eca-masbove\/wp-json\/wp\/v2\/pages\/195\/revisions"}],"predecessor-version":[{"id":1238,"href":"https:\/\/agora.xtec.cat\/eca-masbove\/wp-json\/wp\/v2\/pages\/195\/revisions\/1238"}],"up":[{"embeddable":true,"href":"https:\/\/agora.xtec.cat\/eca-masbove\/wp-json\/wp\/v2\/pages\/594"}],"wp:attachment":[{"href":"https:\/\/agora.xtec.cat\/eca-masbove\/wp-json\/wp\/v2\/media?parent=195"}],"curies":[{"name":"wp","href":"https:\/\/api.w.org\/{rel}","templated":true}]}}