{"id":1336,"date":"2023-03-15T10:22:58","date_gmt":"2023-03-15T09:22:58","guid":{"rendered":"https:\/\/agora.xtec.cat\/eca-masbove\/?page_id=1336"},"modified":"2024-06-12T13:36:13","modified_gmt":"2024-06-12T11:36:13","slug":"aspectes-ambientals","status":"publish","type":"page","link":"https:\/\/agora.xtec.cat\/eca-masbove\/qualitat-i-mediambient\/aspectes-ambientals\/","title":{"rendered":"Aspectes ambientals i objectius"},"content":{"rendered":"<p>L\u2019Escola Agr\u00e0ria de Mas Bov\u00e9 ha identificat i valorat els aspectes ambientals directes i indirectes en condicions normals, anormals i en situacions d\u2019emerg\u00e8ncia, seguint les pautes de la norma ISO 14001.<\/p>\n<p>Resultat de la valoraci\u00f3 han sorgit els seg\u00fcents aspectes ambientals, els quals s\u2019hi est\u00e0 treballant:<\/p>\n<ul>\n<li>S\u2019ha instal\u00b7lat comptadors d\u2019aigua i d\u2019electricitat per sectors, per tal de dur un control de consum de recursos<\/li>\n<li>Incorrecta segregaci\u00f3 de residus. L\u2019escola no disposa de recollida municipal de totes les fraccions dom\u00e8stiques. S\u2019ha sol\u00b7licitat a l\u2019Ajuntament que millori la illeta de contenidors i inclogui la fracci\u00f3 org\u00e0nica.<\/li>\n<\/ul>\n<p>L\u2019escola est\u00e0 compromesa amb la millora de l\u2019efici\u00e8ncia energ\u00e8tica de l\u2019edifici i estalvi d\u2019aigua. S\u2019ha fet canvis de finestres i millores als tancaments existents. Tamb\u00e9 s\u2019ha substitu\u00eft zones enjardinades per sistemes amb menys necessitats h\u00eddriques.<\/p>\n<table style=\"border-collapse: collapse; width: 100%;\">\n<tbody>\n<tr>\n<td style=\"width: 50%;\"><img loading=\"lazy\" decoding=\"async\" class=\"wp-image-1820 alignright\" src=\"https:\/\/agora.xtec.cat\/eca-masbove\/wp-content\/uploads\/usu2295\/2024\/06\/enjardinament-lateral-2.jpg\" alt=\"\" width=\"315\" height=\"490\" srcset=\"https:\/\/agora.xtec.cat\/eca-masbove\/wp-content\/uploads\/usu2295\/2024\/06\/enjardinament-lateral-2.jpg 1178w, https:\/\/agora.xtec.cat\/eca-masbove\/wp-content\/uploads\/usu2295\/2024\/06\/enjardinament-lateral-2-193x300.jpg 193w, https:\/\/agora.xtec.cat\/eca-masbove\/wp-content\/uploads\/usu2295\/2024\/06\/enjardinament-lateral-2-658x1024.jpg 658w, https:\/\/agora.xtec.cat\/eca-masbove\/wp-content\/uploads\/usu2295\/2024\/06\/enjardinament-lateral-2-768x1194.jpg 768w, https:\/\/agora.xtec.cat\/eca-masbove\/wp-content\/uploads\/usu2295\/2024\/06\/enjardinament-lateral-2-988x1536.jpg 988w\" sizes=\"auto, (max-width: 315px) 100vw, 315px\" \/><\/td>\n<td style=\"width: 50%;\"><img loading=\"lazy\" decoding=\"async\" class=\"wp-image-1822 alignleft\" src=\"https:\/\/agora.xtec.cat\/eca-masbove\/wp-content\/uploads\/usu2295\/2024\/06\/finestra-cuina-rotated.jpg\" alt=\"\" width=\"366\" height=\"488\" srcset=\"https:\/\/agora.xtec.cat\/eca-masbove\/wp-content\/uploads\/usu2295\/2024\/06\/finestra-cuina-rotated.jpg 1512w, https:\/\/agora.xtec.cat\/eca-masbove\/wp-content\/uploads\/usu2295\/2024\/06\/finestra-cuina-225x300.jpg 225w, https:\/\/agora.xtec.cat\/eca-masbove\/wp-content\/uploads\/usu2295\/2024\/06\/finestra-cuina-768x1024.jpg 768w, https:\/\/agora.xtec.cat\/eca-masbove\/wp-content\/uploads\/usu2295\/2024\/06\/finestra-cuina-1152x1536.jpg 1152w\" sizes=\"auto, (max-width: 366px) 100vw, 366px\" \/><\/td>\n<\/tr>\n<tr>\n<td style=\"width: 50%;\"><img loading=\"lazy\" decoding=\"async\" class=\"wp-image-1824 alignright\" src=\"https:\/\/agora.xtec.cat\/eca-masbove\/wp-content\/uploads\/usu2295\/2024\/06\/wc-aigua-1-rotated.jpg\" alt=\"\" width=\"289\" height=\"385\" srcset=\"https:\/\/agora.xtec.cat\/eca-masbove\/wp-content\/uploads\/usu2295\/2024\/06\/wc-aigua-1-rotated.jpg 1512w, https:\/\/agora.xtec.cat\/eca-masbove\/wp-content\/uploads\/usu2295\/2024\/06\/wc-aigua-1-225x300.jpg 225w, https:\/\/agora.xtec.cat\/eca-masbove\/wp-content\/uploads\/usu2295\/2024\/06\/wc-aigua-1-768x1024.jpg 768w, https:\/\/agora.xtec.cat\/eca-masbove\/wp-content\/uploads\/usu2295\/2024\/06\/wc-aigua-1-1152x1536.jpg 1152w\" sizes=\"auto, (max-width: 289px) 100vw, 289px\" \/><\/td>\n<td style=\"width: 50%;\"><img loading=\"lazy\" decoding=\"async\" class=\"wp-image-1825 alignleft\" src=\"https:\/\/agora.xtec.cat\/eca-masbove\/wp-content\/uploads\/usu2295\/2024\/06\/wc-llum-rotated-e1718191837551.jpg\" alt=\"\" width=\"333\" height=\"388\" srcset=\"https:\/\/agora.xtec.cat\/eca-masbove\/wp-content\/uploads\/usu2295\/2024\/06\/wc-llum-rotated-e1718191837551.jpg 1512w, https:\/\/agora.xtec.cat\/eca-masbove\/wp-content\/uploads\/usu2295\/2024\/06\/wc-llum-rotated-e1718191837551-257x300.jpg 257w, https:\/\/agora.xtec.cat\/eca-masbove\/wp-content\/uploads\/usu2295\/2024\/06\/wc-llum-rotated-e1718191837551-878x1024.jpg 878w, https:\/\/agora.xtec.cat\/eca-masbove\/wp-content\/uploads\/usu2295\/2024\/06\/wc-llum-rotated-e1718191837551-768x896.jpg 768w, https:\/\/agora.xtec.cat\/eca-masbove\/wp-content\/uploads\/usu2295\/2024\/06\/wc-llum-rotated-e1718191837551-1317x1536.jpg 1317w\" sizes=\"auto, (max-width: 333px) 100vw, 333px\" \/><\/td>\n<\/tr>\n<\/tbody>\n<\/table>\n","protected":false},"excerpt":{"rendered":"<p>L\u2019Escola Agr\u00e0ria de Mas Bov\u00e9 ha identificat i valorat els aspectes ambientals directes i indirectes en condicions normals, anormals i en situacions d\u2019emerg\u00e8ncia, seguint les pautes de la norma ISO 14001. Resultat de la valoraci\u00f3 han sorgit els seg\u00fcents aspectes ambientals, els quals s\u2019hi est\u00e0 treballant: S\u2019ha instal\u00b7lat comptadors d\u2019aigua i d\u2019electricitat per sectors, per [&hellip;]<\/p>\n","protected":false},"author":4,"featured_media":0,"parent":1327,"menu_order":1,"comment_status":"closed","ping_status":"closed","template":"","meta":{"site-sidebar-layout":"default","site-content-layout":"","ast-site-content-layout":"","site-content-style":"default","site-sidebar-style":"default","ast-global-header-display":"","ast-banner-title-visibility":"","ast-main-header-display":"","ast-hfb-above-header-display":"","ast-hfb-below-header-display":"","ast-hfb-mobile-header-display":"","site-post-title":"","ast-breadcrumbs-content":"","ast-featured-img":"","footer-sml-layout":"","theme-transparent-header-meta":"","adv-header-id-meta":"","stick-header-meta":"","header-above-stick-meta":"","header-main-stick-meta":"","header-below-stick-meta":"","astra-migrate-meta-layouts":"default","ast-page-background-enabled":"default","ast-page-background-meta":{"desktop":{"background-color":"var(--ast-global-color-4)","background-image":"","background-repeat":"repeat","background-position":"center center","background-size":"auto","background-attachment":"scroll","background-type":"","background-media":"","overlay-type":"","overlay-color":"","overlay-opacity":"","overlay-gradient":""},"tablet":{"background-color":"","background-image":"","background-repeat":"repeat","background-position":"center center","background-size":"auto","background-attachment":"scroll","background-type":"","background-media":"","overlay-type":"","overlay-color":"","overlay-opacity":"","overlay-gradient":""},"mobile":{"background-color":"","background-image":"","background-repeat":"repeat","background-position":"center center","background-size":"auto","background-attachment":"scroll","background-type":"","background-media":"","overlay-type":"","overlay-color":"","overlay-opacity":"","overlay-gradient":""}},"ast-content-background-meta":{"desktop":{"background-color":"var(--ast-global-color-5)","background-image":"","background-repeat":"repeat","background-position":"center center","background-size":"auto","background-attachment":"scroll","background-type":"","background-media":"","overlay-type":"","overlay-color":"","overlay-opacity":"","overlay-gradient":""},"tablet":{"background-color":"var(--ast-global-color-5)","background-image":"","background-repeat":"repeat","background-position":"center center","background-size":"auto","background-attachment":"scroll","background-type":"","background-media":"","overlay-type":"","overlay-color":"","overlay-opacity":"","overlay-gradient":""},"mobile":{"background-color":"var(--ast-global-color-5)","background-image":"","background-repeat":"repeat","background-position":"center center","background-size":"auto","background-attachment":"scroll","background-type":"","background-media":"","overlay-type":"","overlay-color":"","overlay-opacity":"","overlay-gradient":""}},"footnotes":""},"class_list":["post-1336","page","type-page","status-publish","hentry"],"post_mailing_queue_ids":[],"_links":{"self":[{"href":"https:\/\/agora.xtec.cat\/eca-masbove\/wp-json\/wp\/v2\/pages\/1336","targetHints":{"allow":["GET"]}}],"collection":[{"href":"https:\/\/agora.xtec.cat\/eca-masbove\/wp-json\/wp\/v2\/pages"}],"about":[{"href":"https:\/\/agora.xtec.cat\/eca-masbove\/wp-json\/wp\/v2\/types\/page"}],"author":[{"embeddable":true,"href":"https:\/\/agora.xtec.cat\/eca-masbove\/wp-json\/wp\/v2\/users\/4"}],"replies":[{"embeddable":true,"href":"https:\/\/agora.xtec.cat\/eca-masbove\/wp-json\/wp\/v2\/comments?post=1336"}],"version-history":[{"count":6,"href":"https:\/\/agora.xtec.cat\/eca-masbove\/wp-json\/wp\/v2\/pages\/1336\/revisions"}],"predecessor-version":[{"id":1828,"href":"https:\/\/agora.xtec.cat\/eca-masbove\/wp-json\/wp\/v2\/pages\/1336\/revisions\/1828"}],"up":[{"embeddable":true,"href":"https:\/\/agora.xtec.cat\/eca-masbove\/wp-json\/wp\/v2\/pages\/1327"}],"wp:attachment":[{"href":"https:\/\/agora.xtec.cat\/eca-masbove\/wp-json\/wp\/v2\/media?parent=1336"}],"curies":[{"name":"wp","href":"https:\/\/api.w.org\/{rel}","templated":true}]}}