{"id":2302,"date":"2025-06-17T14:06:58","date_gmt":"2025-06-17T12:06:58","guid":{"rendered":"https:\/\/agora.xtec.cat\/eca-gandesa\/?page_id=2302"},"modified":"2025-07-07T09:54:05","modified_gmt":"2025-07-07T07:54:05","slug":"bodeguer-verema-2025-2","status":"publish","type":"page","link":"https:\/\/agora.xtec.cat\/eca-gandesa\/bodeguer-verema-2025-2\/","title":{"rendered":"Bodeguer verema 2025"},"content":{"rendered":"<p><strong><a href=\"https:\/\/agora.xtec.cat\/eca-gandesa\/wp-content\/uploads\/usu1993\/2025\/06\/Vallformosa.jpg\"><img loading=\"lazy\" decoding=\"async\" class=\"alignleft wp-image-2291 size-medium\" src=\"https:\/\/agora.xtec.cat\/eca-gandesa\/wp-content\/uploads\/usu1993\/2025\/06\/Vallformosa-300x201.jpg\" alt=\"\" width=\"300\" height=\"201\" srcset=\"https:\/\/agora.xtec.cat\/eca-gandesa\/wp-content\/uploads\/usu1993\/2025\/06\/Vallformosa-300x201.jpg 300w, https:\/\/agora.xtec.cat\/eca-gandesa\/wp-content\/uploads\/usu1993\/2025\/06\/Vallformosa-768x514.jpg 768w, https:\/\/agora.xtec.cat\/eca-gandesa\/wp-content\/uploads\/usu1993\/2025\/06\/Vallformosa.jpg 1024w\" sizes=\"auto, (max-width: 300px) 100vw, 300px\" \/><\/a> Definici\u00f3 breu del lloc de treball<\/strong><\/p>\n<p><span data-sheets-root=\"1\">Masia amb m\u00e9s de 150 anys d&#8217;hist\u00f2ria, a la zona m\u00e9s alta del Pened\u00e8s precisa incorporar un bodeguer per la verema del 2025. No tenim vinya pr\u00f2pia, per\u00f2 treballem de la m\u00e0 amb m\u00e9s de 400 fam\u00edlies de viticultors, a qui acompanyem durant tot l\u2019any i amb qui compartim un projecte com\u00fa. Gr\u00e0cies a aquest model diferencial, aconseguim implicar-nos de principi a fi i assegurar la qualitat dels nostres productes.<br \/>\n<\/span><\/p>\n<p>&nbsp;<\/p>\n<p><strong>Funcions del lloc de treball<\/strong><\/p>\n<p>Tasques pr\u00f2pies de verema: desfangat, flotaci\u00f3, trasbalsos, addici\u00f3 de productes enol\u00f2gics, filtraci\u00f3 de mostos, sulfitat, etc.<\/p>\n<p><strong>Horari<\/strong><\/p>\n<p><span data-sheets-root=\"1\">De\u00a0dilluns a dissabte. Jornades de 8-10 hores<\/span><\/p>\n<p><strong>Retribuci\u00f3<\/strong><\/p>\n<p>a determinar segons conveni del cava<\/p>\n<p><strong>Incorporaci\u00f3<\/strong><\/p>\n<p>principis d\u2019agost 2025<\/p>\n<p><strong>Ubicaci\u00f3 del lloc de treball<\/strong><\/p>\n<p>Vilob\u00ed del Pened\u00e8s<\/p>\n<p><strong>Requisits dels candidats<\/strong><\/p>\n<p><span data-sheets-root=\"1\">Estudiant o titulat en t\u00e8cnic celler o similar\u00a0<\/span><\/p>\n<p>Persona organitzada, inquieta i met\u00f2dica que s\u00e0piga treballar en equip<\/p>\n<p><strong>Empresa de contacte<\/strong><\/p>\n<p>MASIA VALLFORMOSA, SL<\/p>\n<p><strong>Contacte<\/strong><\/p>\n<p><a style=\"font-family: inherit; font-size: 1em;\" href=\"mailto:xavi.pons@vallformosa.com\">xavi.pons@vallformosa.com<\/a><span style=\"font-family: inherit; font-size: 1em;\"> enviant CV<\/span><\/p>\n<p><strong>Data de publicaci\u00f3 de l\u2019oferta<\/strong><\/p>\n<p>Juny 2025<\/p>\n","protected":false},"excerpt":{"rendered":"<p><a href=\"https:\/\/agora.xtec.cat\/eca-gandesa\/wp-content\/uploads\/usu1993\/2025\/06\/Vallformosa.jpg\"><\/a> Definici\u00f3 breu del lloc de treball<br \/>\nMasia amb m\u00e9s de 150 anys d&#8217;hist\u00f2ria, a la zona m\u00e9s alta del Pened\u00e8s precisa incorporar un bodeguer per la verema del 2025. No tenim vinya pr\u00f2pia, per\u00f2 treballem de la m\u00e0 amb m\u00e9s de 400 fam\u00edlies de&hellip;  <a href=\"https:\/\/agora.xtec.cat\/eca-gandesa\/bodeguer-verema-2025-2\/\" title=\"Read Bodeguer verema 2025\">Llegeix m\u00e9s\u00bb<\/a><\/p>\n","protected":false},"author":1,"featured_media":0,"parent":0,"menu_order":0,"comment_status":"closed","ping_status":"closed","template":"","meta":{"_bbp_topic_count":0,"_bbp_reply_count":0,"_bbp_total_topic_count":0,"_bbp_total_reply_count":0,"_bbp_voice_count":0,"_bbp_anonymous_reply_count":0,"_bbp_topic_count_hidden":0,"_bbp_reply_count_hidden":0,"_bbp_forum_subforum_count":0,"footnotes":""},"class_list":["post-2302","page","type-page","status-publish","hentry"],"post_mailing_queue_ids":[],"_links":{"self":[{"href":"https:\/\/agora.xtec.cat\/eca-gandesa\/wp-json\/wp\/v2\/pages\/2302","targetHints":{"allow":["GET"]}}],"collection":[{"href":"https:\/\/agora.xtec.cat\/eca-gandesa\/wp-json\/wp\/v2\/pages"}],"about":[{"href":"https:\/\/agora.xtec.cat\/eca-gandesa\/wp-json\/wp\/v2\/types\/page"}],"author":[{"embeddable":true,"href":"https:\/\/agora.xtec.cat\/eca-gandesa\/wp-json\/wp\/v2\/users\/1"}],"replies":[{"embeddable":true,"href":"https:\/\/agora.xtec.cat\/eca-gandesa\/wp-json\/wp\/v2\/comments?post=2302"}],"version-history":[{"count":3,"href":"https:\/\/agora.xtec.cat\/eca-gandesa\/wp-json\/wp\/v2\/pages\/2302\/revisions"}],"predecessor-version":[{"id":2329,"href":"https:\/\/agora.xtec.cat\/eca-gandesa\/wp-json\/wp\/v2\/pages\/2302\/revisions\/2329"}],"wp:attachment":[{"href":"https:\/\/agora.xtec.cat\/eca-gandesa\/wp-json\/wp\/v2\/media?parent=2302"}],"curies":[{"name":"wp","href":"https:\/\/api.w.org\/{rel}","templated":true}]}}