{"id":2295,"date":"2025-06-05T09:57:19","date_gmt":"2025-06-05T07:57:19","guid":{"rendered":"https:\/\/agora.xtec.cat\/eca-gandesa\/?page_id=2295"},"modified":"2025-08-14T08:48:03","modified_gmt":"2025-08-14T06:48:03","slug":"tasques-de-mostreig-i-gestio-del-transport-del-raim-verema-2025","status":"publish","type":"page","link":"https:\/\/agora.xtec.cat\/eca-gandesa\/tasques-de-mostreig-i-gestio-del-transport-del-raim-verema-2025\/","title":{"rendered":"Tasques de mostreig i gesti\u00f3 del transport del ra\u00efm verema 2025"},"content":{"rendered":"<p><strong><a href=\"https:\/\/agora.xtec.cat\/eca-gandesa\/wp-content\/uploads\/usu1993\/2025\/06\/large.jpeg\"><img loading=\"lazy\" decoding=\"async\" class=\"alignleft wp-image-2296 size-medium\" src=\"https:\/\/agora.xtec.cat\/eca-gandesa\/wp-content\/uploads\/usu1993\/2025\/06\/large-300x200.jpeg\" alt=\"\" width=\"300\" height=\"200\" srcset=\"https:\/\/agora.xtec.cat\/eca-gandesa\/wp-content\/uploads\/usu1993\/2025\/06\/large-300x200.jpeg 300w, https:\/\/agora.xtec.cat\/eca-gandesa\/wp-content\/uploads\/usu1993\/2025\/06\/large.jpeg 768w\" sizes=\"auto, (max-width: 300px) 100vw, 300px\" \/><\/a>Definici\u00f3 breu del lloc de treball<\/strong><\/p>\n<p><span data-sheets-root=\"1\">Estem buscant una persona per a unir-se temporalment a l&#8217;equip de viticultura. Amb seu a Arany\u00f3 (Juneda &#8211; Lleida) i reportant al responsable de vinya de la zona, la missi\u00f3 del lloc de treball \u00e9s fer les tasques de mostreig i gesti\u00f3 del transport del ra\u00efm durant la verema.<\/span><\/p>\n<p>Arrelada en la tradici\u00f3 vit\u00edcola del Pened\u00e8s des del segle XVI, la Fam\u00edlia Torres va fundar el seu celler a Vilafranca del Pened\u00e8s en 1870, fa 150 anys. Cada generaci\u00f3 ha transm\u00e8s de pares a fills la passi\u00f3 per la cultura del vi des del respecte per la terra i la tradici\u00f3 i l&#8217;aposta per la innovaci\u00f3. Avui, la cinquena generaci\u00f3 es focalitza en l&#8217;elaboraci\u00f3 de vins de vinyes singulars i finques hist\u00f2riques i en la recuperaci\u00f3 de varietats ancestrals per a adaptar-se al canvi clim\u00e0tic. La lluita contra l&#8217;emerg\u00e8ncia clim\u00e0tica \u00e9s, des de 2008, un dels seus eixos d&#8217;actuaci\u00f3, mitjan\u00e7ant accions d&#8217;adaptaci\u00f3 i mitigaci\u00f3 per a reduir les emissions de CO\u2082. Present hist\u00f2ricament al Pened\u00e8s, Conca de Barber\u00e0, Priorat i Costos del Segre, Fam\u00edlia Torres compta tamb\u00e9 amb vinyes i cellers en les principals zones vin\u00edcoles espanyoles \u2013Rioja, Ribera del Duero, Rueda i Ries\u00a0Baixas\u2013, aix\u00ed com a Xile i Calif\u00f2rnia. \u00c9s membre de les\u00a0Primum\u00a0Familiae\u00a0Vini, associaci\u00f3 que integra dotze de les fam\u00edlies centen\u00e0ries elaboradores de vi m\u00e9s prestigioses d&#8217;Europa, i fundadora de\u00a0International\u00a0Wineries\u00a0for\u00a0Climate\u00a0Action, que impulsa la descarbonitzaci\u00f3 del sector.<\/p>\n<p><strong>Funcions del lloc de treball<\/strong><\/p>\n<p><span data-sheets-root=\"1\">Les principals responsabilitats s\u00f3n:<br \/>\nPresa de mostres del ra\u00efm en la vinya:<br \/>\n\u2022 Rec\u00f3rrer els diferents sectors de la vinya seguint el pla de mostreig establert.<br \/>\n\u2022 Seleccionar el ra\u00efm representatiu de cada parcel\u00b7la, assegurant l&#8217;homogene\u00eftat de la mostra.<br \/>\n\u2022 Tallar i seleccionar les mostres de ra\u00efm en els recipients adequats, identificant correctament cada lot.<br \/>\n\u2022 Etiquetar i preparar les mostres per al seu enviament al laboratori.<\/span><\/p>\n<p>Gesti\u00f3 i coordinaci\u00f3 del transport:<br \/>\n\u2022 Organitzar la log\u00edstica del transport del ra\u00efm, donis de la vinya fins al celler, en coordinaci\u00f3 amb l&#8217;equip de verema corresponent.<br \/>\n\u2022 Supervisar la c\u00e0rrega del ra\u00efm en els vehicles.<br \/>\n\u2022 Verificar la documentaci\u00f3 de cada c\u00e0rrega (albarans, identificaci\u00f3 de parcel\u00b7les, etc).<\/p>\n<p><strong>Ubicaci\u00f3 del lloc de treball<\/strong><\/p>\n<p><span data-sheets-root=\"1\">Arany\u00f3 (Juneda &#8211; Lleida)<\/span><\/p>\n<p><strong>Requisits dels candidats<\/strong><\/p>\n<ul>\n<li>Imprescindible perm\u00eds de conduir.<\/li>\n<li>Valorable experi\u00e8ncia pr\u00e8via en agricultura i\/o verema.<\/li>\n<\/ul>\n<p>Requisits desitjats:<br \/>\n\u2022 Persona organitzada, din\u00e0mica i amb iniciativa.<br \/>\n\u2022 Capacitat per a gestionar documentaci\u00f3 i temps.<br \/>\n\u2022 Treball en equip. Col\u00b7laboraci\u00f3 i coordinaci\u00f3.<\/p>\n<p><strong>Empresa de contacte<\/strong><\/p>\n<p>Familia Torres<\/p>\n<p><strong>Contacte<\/strong><\/p>\n<p>mravento@torres.es<\/p>\n<p><strong>Data de publicaci\u00f3 de l\u2019oferta<\/strong><\/p>\n<p>Juny 2025<\/p>\n","protected":false},"excerpt":{"rendered":"<p><a href=\"https:\/\/agora.xtec.cat\/eca-gandesa\/wp-content\/uploads\/usu1993\/2025\/06\/large.jpeg\"><\/a>Definici\u00f3 breu del lloc de treball<br \/>\nEstem buscant una persona per a unir-se temporalment a l&#8217;equip de viticultura. Amb seu a Arany\u00f3 (Juneda &#8211; Lleida) i reportant al responsable de vinya de la zona, la missi\u00f3 del lloc de treball \u00e9s fer les tasques de&hellip;  <a href=\"https:\/\/agora.xtec.cat\/eca-gandesa\/tasques-de-mostreig-i-gestio-del-transport-del-raim-verema-2025\/\" title=\"Read Tasques de mostreig i gesti\u00f3 del transport del ra\u00efm verema 2025\">Llegeix m\u00e9s\u00bb<\/a><\/p>\n","protected":false},"author":1,"featured_media":0,"parent":0,"menu_order":0,"comment_status":"closed","ping_status":"closed","template":"","meta":{"_bbp_topic_count":0,"_bbp_reply_count":0,"_bbp_total_topic_count":0,"_bbp_total_reply_count":0,"_bbp_voice_count":0,"_bbp_anonymous_reply_count":0,"_bbp_topic_count_hidden":0,"_bbp_reply_count_hidden":0,"_bbp_forum_subforum_count":0,"footnotes":""},"class_list":["post-2295","page","type-page","status-publish","hentry"],"post_mailing_queue_ids":[],"_links":{"self":[{"href":"https:\/\/agora.xtec.cat\/eca-gandesa\/wp-json\/wp\/v2\/pages\/2295","targetHints":{"allow":["GET"]}}],"collection":[{"href":"https:\/\/agora.xtec.cat\/eca-gandesa\/wp-json\/wp\/v2\/pages"}],"about":[{"href":"https:\/\/agora.xtec.cat\/eca-gandesa\/wp-json\/wp\/v2\/types\/page"}],"author":[{"embeddable":true,"href":"https:\/\/agora.xtec.cat\/eca-gandesa\/wp-json\/wp\/v2\/users\/1"}],"replies":[{"embeddable":true,"href":"https:\/\/agora.xtec.cat\/eca-gandesa\/wp-json\/wp\/v2\/comments?post=2295"}],"version-history":[{"count":5,"href":"https:\/\/agora.xtec.cat\/eca-gandesa\/wp-json\/wp\/v2\/pages\/2295\/revisions"}],"predecessor-version":[{"id":2361,"href":"https:\/\/agora.xtec.cat\/eca-gandesa\/wp-json\/wp\/v2\/pages\/2295\/revisions\/2361"}],"wp:attachment":[{"href":"https:\/\/agora.xtec.cat\/eca-gandesa\/wp-json\/wp\/v2\/media?parent=2295"}],"curies":[{"name":"wp","href":"https:\/\/api.w.org\/{rel}","templated":true}]}}