{"id":2174,"date":"2025-02-18T14:11:24","date_gmt":"2025-02-18T13:11:24","guid":{"rendered":"https:\/\/agora.xtec.cat\/eca-gandesa\/?page_id=2174"},"modified":"2025-07-07T09:52:31","modified_gmt":"2025-07-07T07:52:31","slug":"tecnic-especialista-en-funcionament-de-molins-doli","status":"publish","type":"page","link":"https:\/\/agora.xtec.cat\/eca-gandesa\/tecnic-especialista-en-funcionament-de-molins-doli\/","title":{"rendered":"T\u00e8cnic especialista en funcionament de molins d&#8217;oli"},"content":{"rendered":"<p><a href=\"https:\/\/agora.xtec.cat\/eca-gandesa\/wp-content\/uploads\/usu1993\/2025\/02\/Imatges-noticies-web-2.jpg\"><img loading=\"lazy\" decoding=\"async\" class=\"alignleft wp-image-2204\" src=\"https:\/\/agora.xtec.cat\/eca-gandesa\/wp-content\/uploads\/usu1993\/2025\/02\/Imatges-noticies-web-2-1024x499.jpg\" alt=\"\" width=\"500\" height=\"244\" srcset=\"https:\/\/agora.xtec.cat\/eca-gandesa\/wp-content\/uploads\/usu1993\/2025\/02\/Imatges-noticies-web-2-1024x499.jpg 1024w, https:\/\/agora.xtec.cat\/eca-gandesa\/wp-content\/uploads\/usu1993\/2025\/02\/Imatges-noticies-web-2-300x146.jpg 300w, https:\/\/agora.xtec.cat\/eca-gandesa\/wp-content\/uploads\/usu1993\/2025\/02\/Imatges-noticies-web-2-768x374.jpg 768w, https:\/\/agora.xtec.cat\/eca-gandesa\/wp-content\/uploads\/usu1993\/2025\/02\/Imatges-noticies-web-2.jpg 1280w\" sizes=\"auto, (max-width: 500px) 100vw, 500px\" \/><\/a><strong>Definici\u00f3 breu del lloc de treball<\/strong><\/p>\n<p><span data-sheets-root=\"1\">T\u00e8cnic especialista en funcionament de molins d&#8217;oli<\/span><\/p>\n<p>&nbsp;<\/p>\n<p>&nbsp;<\/p>\n<p>&nbsp;<\/p>\n<p>&nbsp;<\/p>\n<p><strong>Funcions del lloc de treball<\/strong><\/p>\n<p><span data-sheets-root=\"1\">Visites presencials d&#8217;assist\u00e8ncia t\u00e8cnica a molins d&#8217;oli catalans<\/span><\/p>\n<p><span data-sheets-root=\"1\">Identificaci\u00f3 de problemes de fabriaci\u00f3 i recomanacions t\u00e8cniques per a la millora del proc\u00e9s i la qualitat<\/span><\/p>\n<p><span data-sheets-root=\"1\">Interpretaci\u00f3 de butlletins anal\u00edtics i recomanacions de gesti\u00f3 del proc\u00e9s i de l&#8217;oli<\/span><\/p>\n<p><strong>Horari<\/strong><\/p>\n<p><span data-sheets-root=\"1\">Convencional de 37,5 hores per setmana de mat\u00ed i tarda<\/span><\/p>\n<p><strong>Retribuci\u00f3<\/strong><\/p>\n<p><span data-sheets-root=\"1\">Segons experi\u00e8ncia<\/span><\/p>\n<p><strong>Incorporaci\u00f3<\/strong><\/p>\n<p>Immediata<\/p>\n<p><strong>Ubicaci\u00f3 del lloc de treball<\/strong><\/p>\n<p><span data-sheets-root=\"1\">Centre Mas Bov\u00e9 (Constant\u00ed)<\/span><\/p>\n<p><strong>Relaci\u00f3 laboral que s&#8217;establir\u00e0<\/strong><\/p>\n<p><span data-sheets-root=\"1\">Contracte indefinit (3 mesos de prova)<\/span><\/p>\n<p><strong>Requisits dels candidats<\/strong><\/p>\n<p><span data-sheets-root=\"1\">Cicle Formatiu de Grau Mitj\u00e0 en Olis<\/span><\/p>\n<p><strong>Coneixements<\/strong><\/p>\n<p><span data-sheets-root=\"1\">Inform\u00e0tica<\/span><\/p>\n<p><span data-sheets-root=\"1\">Es valorar\u00e0 experi\u00e8ncia pr\u00e8via de treball en molins d&#8217;oli, comercialitzaci\u00f3 d&#8217;olis o en tast o anal\u00edtica qu\u00edmica d&#8217;olis<\/span><\/p>\n<p><strong>Empresa de contacte<\/strong><\/p>\n<p><span data-sheets-root=\"1\">IRTA Centre Mas Bov\u00e9<\/span><\/p>\n<p><strong>Contacte<\/strong><\/p>\n<p><span data-sheets-root=\"1\">agusti.romero@irta.cat o trucant al 650065113<\/span><\/p>\n<p><strong>Data de publicaci\u00f3 de l&#8217;oferta<\/strong><\/p>\n<p>Febrer 2025<\/p>\n","protected":false},"excerpt":{"rendered":"<p><a href=\"https:\/\/agora.xtec.cat\/eca-gandesa\/wp-content\/uploads\/usu1993\/2025\/02\/Imatges-noticies-web-2.jpg\"><\/a>Definici\u00f3 breu del lloc de treball<br \/>\nT\u00e8cnic especialista en funcionament de molins d&#8217;oli<br \/>\n&nbsp;<br \/>\n&nbsp;<br \/>\n&nbsp;<br \/>\n&nbsp;<br \/>\nFuncions del lloc de treball<br \/>\nVisites presencials d&#8217;assist\u00e8ncia t\u00e8cnica a molins d&#8217;oli catalans<br \/>\nIdentificaci\u00f3 de problemes de fabriaci\u00f3 i recomanacions t\u00e8cniques per a la millora del proc\u00e9s i la qualitat<br \/>\nInterpretaci\u00f3 de butlletins anal\u00edtics i recomanacions&hellip;  <a href=\"https:\/\/agora.xtec.cat\/eca-gandesa\/tecnic-especialista-en-funcionament-de-molins-doli\/\" title=\"Read T\u00e8cnic especialista en funcionament de molins d&#8217;oli\">Llegeix m\u00e9s\u00bb<\/a><\/p>\n","protected":false},"author":1,"featured_media":0,"parent":0,"menu_order":0,"comment_status":"closed","ping_status":"closed","template":"","meta":{"_bbp_topic_count":0,"_bbp_reply_count":0,"_bbp_total_topic_count":0,"_bbp_total_reply_count":0,"_bbp_voice_count":0,"_bbp_anonymous_reply_count":0,"_bbp_topic_count_hidden":0,"_bbp_reply_count_hidden":0,"_bbp_forum_subforum_count":0,"footnotes":""},"class_list":["post-2174","page","type-page","status-publish","hentry"],"post_mailing_queue_ids":[],"_links":{"self":[{"href":"https:\/\/agora.xtec.cat\/eca-gandesa\/wp-json\/wp\/v2\/pages\/2174","targetHints":{"allow":["GET"]}}],"collection":[{"href":"https:\/\/agora.xtec.cat\/eca-gandesa\/wp-json\/wp\/v2\/pages"}],"about":[{"href":"https:\/\/agora.xtec.cat\/eca-gandesa\/wp-json\/wp\/v2\/types\/page"}],"author":[{"embeddable":true,"href":"https:\/\/agora.xtec.cat\/eca-gandesa\/wp-json\/wp\/v2\/users\/1"}],"replies":[{"embeddable":true,"href":"https:\/\/agora.xtec.cat\/eca-gandesa\/wp-json\/wp\/v2\/comments?post=2174"}],"version-history":[{"count":6,"href":"https:\/\/agora.xtec.cat\/eca-gandesa\/wp-json\/wp\/v2\/pages\/2174\/revisions"}],"predecessor-version":[{"id":2325,"href":"https:\/\/agora.xtec.cat\/eca-gandesa\/wp-json\/wp\/v2\/pages\/2174\/revisions\/2325"}],"wp:attachment":[{"href":"https:\/\/agora.xtec.cat\/eca-gandesa\/wp-json\/wp\/v2\/media?parent=2174"}],"curies":[{"name":"wp","href":"https:\/\/api.w.org\/{rel}","templated":true}]}}