{"id":2052,"date":"2024-12-18T11:36:15","date_gmt":"2024-12-18T10:36:15","guid":{"rendered":"https:\/\/agora.xtec.cat\/eca-gandesa\/?page_id=2052"},"modified":"2024-12-18T11:36:15","modified_gmt":"2024-12-18T10:36:15","slug":"termes-i-condicions-dus-de-les-dades-de-caracter-personal","status":"publish","type":"page","link":"https:\/\/agora.xtec.cat\/eca-gandesa\/termes-i-condicions-dus-de-les-dades-de-caracter-personal\/","title":{"rendered":"Termes i condicions d\u2019\u00fas de les dades de car\u00e0cter personal"},"content":{"rendered":"<p>L\u2019<strong>Escola Agr\u00e0ria de Gandesa<\/strong>\u00a0utilitzar\u00e0 les dades de car\u00e0cter personal dels usuaris per informar sobre activitats, novetats i formacions organitzades des del centre.<\/p>\n<ul>\n<li><strong>Nom del tractament:\u00a0<\/strong>Gesti\u00f3 i difusi\u00f3 de l\u2019activitat de les escoles agr\u00e0ries.<\/li>\n<li><strong>Responsable del tractament:\u00a0<\/strong>Direcci\u00f3 General d\u2019Empreses Agroaliment\u00e0ries, Qualitat i Gastronomia.<\/li>\n<li><strong>Finalitat:\u00a0<\/strong>La gesti\u00f3 de l\u2019activitat de les escoles agr\u00e0ries (formaci\u00f3 inicial i continua). Aquesta gesti\u00f3 inclou la relacionada amb l\u2019alumnat i el personal docent, inclosa la gesti\u00f3 d\u2019activitats i serveis espec\u00edfics de les escoles (material pedag\u00f2gic i de difusi\u00f3, menjador, resid\u00e8ncia, borsa de treball, validaci\u00f3 de cursos, itineraris formatius i altres), la gesti\u00f3 econ\u00f2mica i la difusi\u00f3 d\u2019activitats de les escoles agr\u00e0ries.<\/li>\n<li><strong>Drets de les persones interessades:\u00a0<\/strong>Podeu sol\u00b7licitar l\u2019acc\u00e9s a les vostres dades, la seva rectificaci\u00f3, aix\u00ed com la supressi\u00f3 o la limitaci\u00f3 del tractament quan sigui procedent, d\u2019acord amb la informaci\u00f3 que trobareu al\u00a0<a href=\"https:\/\/eur03.safelinks.protection.outlook.com\/?url=http%3A%2F%2Fagricultura.gencat.cat%2Fca%2Fdepartament%2Fproteccio-dades%2Fdrets-persones-interessades%2F&amp;data=04%7C01%7Crcuadros%40gencat.cat%7C3d89ec61608e4272756a08d9bbfc9226%7C3b9427dcd30e43bc8c06ff7253676fec%7C1%7C0%7C637747515714587668%7CUnknown%7CTWFpbGZsb3d8eyJWIjoiMC4wLjAwMDAiLCJQIjoiV2luMzIiLCJBTiI6Ik1haWwiLCJXVCI6Mn0%3D%7C3000&amp;sdata=JKME43cru0BRLbD814klagZbOrYbcWScHFFs2vN%2FT2Y%3D&amp;reserved=0\" data-saferedirecturl=\"https:\/\/www.google.com\/url?q=https:\/\/eur03.safelinks.protection.outlook.com\/?url%3Dhttp%253A%252F%252Fagricultura.gencat.cat%252Fca%252Fdepartament%252Fproteccio-dades%252Fdrets-persones-interessades%252F%26data%3D04%257C01%257Crcuadros%2540gencat.cat%257C3d89ec61608e4272756a08d9bbfc9226%257C3b9427dcd30e43bc8c06ff7253676fec%257C1%257C0%257C637747515714587668%257CUnknown%257CTWFpbGZsb3d8eyJWIjoiMC4wLjAwMDAiLCJQIjoiV2luMzIiLCJBTiI6Ik1haWwiLCJXVCI6Mn0%253D%257C3000%26sdata%3DJKME43cru0BRLbD814klagZbOrYbcWScHFFs2vN%252FT2Y%253D%26reserved%3D0&amp;source=gmail&amp;ust=1639565223832000&amp;usg=AOvVaw2lSsNNUhe1y4m6X9gddH4T\">web del Departament<\/a>.<\/li>\n<li><strong>Informaci\u00f3 addicional:\u00a0<\/strong>Trobareu m\u00e9s informaci\u00f3 d\u2019aquest tractament al\u00a0<a href=\"https:\/\/eur03.safelinks.protection.outlook.com\/?url=http%3A%2F%2Fagricultura.gencat.cat%2Fca%2Fdepartament%2Fproteccio-dades%2Finformacio-detallada-tractaments%2F&amp;data=04%7C01%7Crcuadros%40gencat.cat%7C3d89ec61608e4272756a08d9bbfc9226%7C3b9427dcd30e43bc8c06ff7253676fec%7C1%7C0%7C637747515714597666%7CUnknown%7CTWFpbGZsb3d8eyJWIjoiMC4wLjAwMDAiLCJQIjoiV2luMzIiLCJBTiI6Ik1haWwiLCJXVCI6Mn0%3D%7C3000&amp;sdata=iBc1mSvs%2BDEHPZb%2BmLO46wMCe8JzV6wo7MNwGWEjIvY%3D&amp;reserved=0\" data-saferedirecturl=\"https:\/\/www.google.com\/url?q=https:\/\/eur03.safelinks.protection.outlook.com\/?url%3Dhttp%253A%252F%252Fagricultura.gencat.cat%252Fca%252Fdepartament%252Fproteccio-dades%252Finformacio-detallada-tractaments%252F%26data%3D04%257C01%257Crcuadros%2540gencat.cat%257C3d89ec61608e4272756a08d9bbfc9226%257C3b9427dcd30e43bc8c06ff7253676fec%257C1%257C0%257C637747515714597666%257CUnknown%257CTWFpbGZsb3d8eyJWIjoiMC4wLjAwMDAiLCJQIjoiV2luMzIiLCJBTiI6Ik1haWwiLCJXVCI6Mn0%253D%257C3000%26sdata%3DiBc1mSvs%252BDEHPZb%252BmLO46wMCe8JzV6wo7MNwGWEjIvY%253D%26reserved%3D0&amp;source=gmail&amp;ust=1639565223832000&amp;usg=AOvVaw0zFj__7toaqAWx3lc0SSV0\">web del Departament<\/a>.<\/li>\n<\/ul>\n<p>La gesti\u00f3 d\u2019aquestes dades es fa a trav\u00e9s del servei ofert per la web Xtec (Departament d\u2019Educaci\u00f3,\u00a0<strong>plataforma WordPress<\/strong>). Pots con\u00e8ixer la seva pol\u00edtica de privacitat a\u00a0<a href=\"http:\/\/xtec.gencat.cat\/ca\/condicions-us\/\" target=\"_blank\" rel=\"noopener noreferrer\">http:\/\/xtec.gencat.cat\/ca\/condicions-us\u00a0<\/a><\/p>\n<div class=\"addtoany_share_save_container addtoany_content addtoany_content_bottom\">\n<div class=\"a2a_kit a2a_kit_size_25 addtoany_list\" data-a2a-url=\"https:\/\/agora.xtec.cat\/ecapallars\/general\/termes-i-condicions-us-proteccio-dades-personals\/\" data-a2a-title=\"Termes i condicions d\u2019\u00fas de les dades de car\u00e0cter personal\">\n<h1 class=\"entry-title\"><\/h1>\n<\/div>\n<\/div>\n","protected":false},"excerpt":{"rendered":"<p>L\u2019Escola Agr\u00e0ria de Gandesa\u00a0utilitzar\u00e0 les dades de car\u00e0cter personal dels usuaris per informar sobre activitats, novetats i formacions organitzades des del centre.<\/p>\n<ul>\n<li>Nom del tractament:\u00a0Gesti\u00f3 i difusi\u00f3 de l\u2019activitat de les escoles agr\u00e0ries.<\/li>\n<li>Responsable del tractament:\u00a0Direcci\u00f3 General d\u2019Empreses Agroaliment\u00e0ries, Qualitat i Gastronomia.<\/li>\n<li>Finalitat:\u00a0La gesti\u00f3 de l\u2019activitat de les&hellip;  <a href=\"https:\/\/agora.xtec.cat\/eca-gandesa\/termes-i-condicions-dus-de-les-dades-de-caracter-personal\/\" title=\"Read Termes i condicions d\u2019\u00fas de les dades de car\u00e0cter personal\">Llegeix m\u00e9s\u00bb<\/a><br \/>\n","protected":false},"author":1,"featured_media":0,"parent":0,"menu_order":0,"comment_status":"closed","ping_status":"closed","template":"","meta":{"_bbp_topic_count":0,"_bbp_reply_count":0,"_bbp_total_topic_count":0,"_bbp_total_reply_count":0,"_bbp_voice_count":0,"_bbp_anonymous_reply_count":0,"_bbp_topic_count_hidden":0,"_bbp_reply_count_hidden":0,"_bbp_forum_subforum_count":0,"footnotes":""},"class_list":["post-2052","page","type-page","status-publish","hentry"],"post_mailing_queue_ids":[],"_links":{"self":[{"href":"https:\/\/agora.xtec.cat\/eca-gandesa\/wp-json\/wp\/v2\/pages\/2052","targetHints":{"allow":["GET"]}}],"collection":[{"href":"https:\/\/agora.xtec.cat\/eca-gandesa\/wp-json\/wp\/v2\/pages"}],"about":[{"href":"https:\/\/agora.xtec.cat\/eca-gandesa\/wp-json\/wp\/v2\/types\/page"}],"author":[{"embeddable":true,"href":"https:\/\/agora.xtec.cat\/eca-gandesa\/wp-json\/wp\/v2\/users\/1"}],"replies":[{"embeddable":true,"href":"https:\/\/agora.xtec.cat\/eca-gandesa\/wp-json\/wp\/v2\/comments?post=2052"}],"version-history":[{"count":1,"href":"https:\/\/agora.xtec.cat\/eca-gandesa\/wp-json\/wp\/v2\/pages\/2052\/revisions"}],"predecessor-version":[{"id":2053,"href":"https:\/\/agora.xtec.cat\/eca-gandesa\/wp-json\/wp\/v2\/pages\/2052\/revisions\/2053"}],"wp:attachment":[{"href":"https:\/\/agora.xtec.cat\/eca-gandesa\/wp-json\/wp\/v2\/media?parent=2052"}],"curies":[{"name":"wp","href":"https:\/\/api.w.org\/{rel}","templated":true}]}}