{"id":1716,"date":"2024-11-20T14:39:16","date_gmt":"2024-11-20T13:39:16","guid":{"rendered":"https:\/\/agora.xtec.cat\/eca-gandesa\/?page_id=1716"},"modified":"2024-12-05T12:44:25","modified_gmt":"2024-12-05T11:44:25","slug":"normativa-del-centre","status":"publish","type":"page","link":"https:\/\/agora.xtec.cat\/eca-gandesa\/normativa-del-centre\/","title":{"rendered":"Normativa del centre"},"content":{"rendered":"<p>Les <strong>Normes d&#8217;Organitzaci\u00f3 i Funcionament del Centre (NOFC)<\/strong> neixen com a resposta a la necessitat de regular l&#8217;organitzaci\u00f3 i el funcionament de l&#8217;escola de forma \u00e0gil, efica\u00e7 i transparent.<\/p>\n<p>El seu objectiu \u00e9s establir de forma clara i coherent les relacions entre els diferents sectors que formen part de la <strong>comunitat educativa<\/strong>. Aix\u00ed doncs, aquest document recull les normes, pautes, regles o procediments a seguir en la realitzaci\u00f3 de les activitats i indica de manera espec\u00edfica les tasques dels \u00f2rgans i persones de l&#8217;escola aix\u00ed com els seus drets.<\/p>\n<p>&nbsp;<\/p>\n<p><a href=\"https:\/\/agora.xtec.cat\/eca-gandesa\/wp-content\/uploads\/usu1993\/2024\/11\/NOFC_Versio-6.pdf\" target=\"_blank\" rel=\"noopener\"><img loading=\"lazy\" decoding=\"async\" class=\"size-large wp-image-1712 aligncenter\" src=\"https:\/\/agora.xtec.cat\/eca-gandesa\/wp-content\/uploads\/usu1993\/2024\/11\/3-1024x427.jpg\" alt=\"\" width=\"1024\" height=\"427\" srcset=\"https:\/\/agora.xtec.cat\/eca-gandesa\/wp-content\/uploads\/usu1993\/2024\/11\/3-1024x427.jpg 1024w, https:\/\/agora.xtec.cat\/eca-gandesa\/wp-content\/uploads\/usu1993\/2024\/11\/3-300x125.jpg 300w, https:\/\/agora.xtec.cat\/eca-gandesa\/wp-content\/uploads\/usu1993\/2024\/11\/3-768x320.jpg 768w, https:\/\/agora.xtec.cat\/eca-gandesa\/wp-content\/uploads\/usu1993\/2024\/11\/3-1536x640.jpg 1536w, https:\/\/agora.xtec.cat\/eca-gandesa\/wp-content\/uploads\/usu1993\/2024\/11\/3-2048x853.jpg 2048w\" sizes=\"auto, (max-width: 1024px) 100vw, 1024px\" \/><\/a><\/p>\n","protected":false},"excerpt":{"rendered":"<p>Les Normes d&#8217;Organitzaci\u00f3 i Funcionament del Centre (NOFC) neixen com a resposta a la necessitat de regular l&#8217;organitzaci\u00f3 i el funcionament de l&#8217;escola de forma \u00e0gil, efica\u00e7 i transparent.<br \/>\nEl seu objectiu \u00e9s establir de forma clara i coherent les relacions entre els diferents sectors que&hellip;  <a href=\"https:\/\/agora.xtec.cat\/eca-gandesa\/normativa-del-centre\/\" title=\"Read Normativa del centre\">Llegeix m\u00e9s\u00bb<\/a><\/p>\n","protected":false},"author":1,"featured_media":0,"parent":0,"menu_order":0,"comment_status":"closed","ping_status":"closed","template":"","meta":{"_bbp_topic_count":0,"_bbp_reply_count":0,"_bbp_total_topic_count":0,"_bbp_total_reply_count":0,"_bbp_voice_count":0,"_bbp_anonymous_reply_count":0,"_bbp_topic_count_hidden":0,"_bbp_reply_count_hidden":0,"_bbp_forum_subforum_count":0,"footnotes":""},"class_list":["post-1716","page","type-page","status-publish","hentry"],"post_mailing_queue_ids":[],"_links":{"self":[{"href":"https:\/\/agora.xtec.cat\/eca-gandesa\/wp-json\/wp\/v2\/pages\/1716","targetHints":{"allow":["GET"]}}],"collection":[{"href":"https:\/\/agora.xtec.cat\/eca-gandesa\/wp-json\/wp\/v2\/pages"}],"about":[{"href":"https:\/\/agora.xtec.cat\/eca-gandesa\/wp-json\/wp\/v2\/types\/page"}],"author":[{"embeddable":true,"href":"https:\/\/agora.xtec.cat\/eca-gandesa\/wp-json\/wp\/v2\/users\/1"}],"replies":[{"embeddable":true,"href":"https:\/\/agora.xtec.cat\/eca-gandesa\/wp-json\/wp\/v2\/comments?post=1716"}],"version-history":[{"count":5,"href":"https:\/\/agora.xtec.cat\/eca-gandesa\/wp-json\/wp\/v2\/pages\/1716\/revisions"}],"predecessor-version":[{"id":2010,"href":"https:\/\/agora.xtec.cat\/eca-gandesa\/wp-json\/wp\/v2\/pages\/1716\/revisions\/2010"}],"wp:attachment":[{"href":"https:\/\/agora.xtec.cat\/eca-gandesa\/wp-json\/wp\/v2\/media?parent=1716"}],"curies":[{"name":"wp","href":"https:\/\/api.w.org\/{rel}","templated":true}]}}