{"id":1669,"date":"2024-11-20T13:57:48","date_gmt":"2024-11-20T12:57:48","guid":{"rendered":"https:\/\/agora.xtec.cat\/eca-gandesa\/?page_id=1669"},"modified":"2024-12-05T10:37:07","modified_gmt":"2024-12-05T09:37:07","slug":"incorporacio-de-joves-a-lempresa-agraria","status":"publish","type":"page","link":"https:\/\/agora.xtec.cat\/eca-gandesa\/incorporacio-de-joves-a-lempresa-agraria\/","title":{"rendered":"Incorporaci\u00f3 de joves a l&#8217;empresa agr\u00e0ria"},"content":{"rendered":"<p>Des de les <strong>quinze Escoles Agr\u00e0ries<\/strong> del<strong> Servei de Formaci\u00f3 Agr\u00e0ria<\/strong> del <strong>Departament d\u2019Agricultura, Ramaderia, Pesca i Alimentaci\u00f3<\/strong> proporcionem la<strong> formaci\u00f3 espec\u00edfica<\/strong> per a tots aquells joves d\u2019entre 18 i 40 anys que sol\u00b7liciten la <strong>incorporaci\u00f3 a l\u2019empresa agr\u00e0ria<\/strong> i l<strong>\u2019<a href=\"https:\/\/agricultura.gencat.cat\/ca\/ambits\/desenvolupament-rural\/contracte-global-explotacio\/ajuts-competitivitat\/primera-installacio-joves-agricultors\/\" target=\"_blank\" rel=\"noopener\">ajut de primera instal\u00b7laci\u00f3<\/a><\/strong> que atorga el mateix Departament.<\/p>\n<p>L\u2019objectiu \u00e9s potenciar la <strong>creaci\u00f3 d\u2019empreses agr\u00e0ries<\/strong> per part de persones joves, sempre que accedeixin per primer cop a la titularitat d\u2019una <strong>explotaci\u00f3 del sector agroalimentari<\/strong>. Per tal que els joves puguin <strong>incorporar-se al sector<\/strong>, \u00e9s necessari que adquireixin les <strong>compet\u00e8ncies professionals<\/strong> que els permetran dur a terme els seus projectes amb garanties d\u2019\u00e8xit.<\/p>\n<p><a href=\"https:\/\/agora.xtec.cat\/eca-gandesa\/wp-content\/uploads\/usu1993\/2024\/11\/CONSULTAL-2-scaled.jpg\"><img loading=\"lazy\" decoding=\"async\" class=\"alignleft size-large wp-image-1775\" src=\"https:\/\/agora.xtec.cat\/eca-gandesa\/wp-content\/uploads\/usu1993\/2024\/11\/CONSULTAL-2-1024x512.jpg\" alt=\"\" width=\"1024\" height=\"512\" srcset=\"https:\/\/agora.xtec.cat\/eca-gandesa\/wp-content\/uploads\/usu1993\/2024\/11\/CONSULTAL-2-1024x512.jpg 1024w, https:\/\/agora.xtec.cat\/eca-gandesa\/wp-content\/uploads\/usu1993\/2024\/11\/CONSULTAL-2-300x150.jpg 300w, https:\/\/agora.xtec.cat\/eca-gandesa\/wp-content\/uploads\/usu1993\/2024\/11\/CONSULTAL-2-768x384.jpg 768w, https:\/\/agora.xtec.cat\/eca-gandesa\/wp-content\/uploads\/usu1993\/2024\/11\/CONSULTAL-2-1536x768.jpg 1536w, https:\/\/agora.xtec.cat\/eca-gandesa\/wp-content\/uploads\/usu1993\/2024\/11\/CONSULTAL-2-2048x1024.jpg 2048w\" sizes=\"auto, (max-width: 1024px) 100vw, 1024px\" \/><\/a><\/p>\n","protected":false},"excerpt":{"rendered":"<p>Des de les quinze Escoles Agr\u00e0ries del Servei de Formaci\u00f3 Agr\u00e0ria del Departament d\u2019Agricultura, Ramaderia, Pesca i Alimentaci\u00f3 proporcionem la formaci\u00f3 espec\u00edfica per a tots aquells joves d\u2019entre 18 i 40 anys que sol\u00b7liciten la incorporaci\u00f3 a l\u2019empresa agr\u00e0ria i l\u2019<a href=\"https:\/\/agricultura.gencat.cat\/ca\/ambits\/desenvolupament-rural\/contracte-global-explotacio\/ajuts-competitivitat\/primera-installacio-joves-agricultors\/\" target=\"_blank\" rel=\"noopener\">ajut de&hellip;  <a href=\"https:\/\/agora.xtec.cat\/eca-gandesa\/incorporacio-de-joves-a-lempresa-agraria\/\" title=\"Read Incorporaci\u00f3 de joves a l&#8217;empresa agr\u00e0ria\">Llegeix m\u00e9s\u00bb<\/a><\/p>\n","protected":false},"author":1,"featured_media":0,"parent":0,"menu_order":0,"comment_status":"closed","ping_status":"closed","template":"","meta":{"_bbp_topic_count":0,"_bbp_reply_count":0,"_bbp_total_topic_count":0,"_bbp_total_reply_count":0,"_bbp_voice_count":0,"_bbp_anonymous_reply_count":0,"_bbp_topic_count_hidden":0,"_bbp_reply_count_hidden":0,"_bbp_forum_subforum_count":0,"footnotes":""},"class_list":["post-1669","page","type-page","status-publish","hentry"],"post_mailing_queue_ids":[],"_links":{"self":[{"href":"https:\/\/agora.xtec.cat\/eca-gandesa\/wp-json\/wp\/v2\/pages\/1669","targetHints":{"allow":["GET"]}}],"collection":[{"href":"https:\/\/agora.xtec.cat\/eca-gandesa\/wp-json\/wp\/v2\/pages"}],"about":[{"href":"https:\/\/agora.xtec.cat\/eca-gandesa\/wp-json\/wp\/v2\/types\/page"}],"author":[{"embeddable":true,"href":"https:\/\/agora.xtec.cat\/eca-gandesa\/wp-json\/wp\/v2\/users\/1"}],"replies":[{"embeddable":true,"href":"https:\/\/agora.xtec.cat\/eca-gandesa\/wp-json\/wp\/v2\/comments?post=1669"}],"version-history":[{"count":5,"href":"https:\/\/agora.xtec.cat\/eca-gandesa\/wp-json\/wp\/v2\/pages\/1669\/revisions"}],"predecessor-version":[{"id":1966,"href":"https:\/\/agora.xtec.cat\/eca-gandesa\/wp-json\/wp\/v2\/pages\/1669\/revisions\/1966"}],"wp:attachment":[{"href":"https:\/\/agora.xtec.cat\/eca-gandesa\/wp-json\/wp\/v2\/media?parent=1669"}],"curies":[{"name":"wp","href":"https:\/\/api.w.org\/{rel}","templated":true}]}}