{"id":1661,"date":"2024-11-20T13:57:08","date_gmt":"2024-11-20T12:57:08","guid":{"rendered":"https:\/\/agora.xtec.cat\/eca-gandesa\/?page_id=1661"},"modified":"2026-03-03T16:42:26","modified_gmt":"2026-03-03T15:42:26","slug":"jornades-patt","status":"publish","type":"page","link":"https:\/\/agora.xtec.cat\/eca-gandesa\/jornades-patt\/","title":{"rendered":"Jornades PATT"},"content":{"rendered":"<p>Al llarg de l\u2019any, l\u2019<strong>Escola Agr\u00e0ria de Gandesa<\/strong> ofereix<strong> jornades t\u00e8cniques<\/strong> relacionades amb el m\u00f3n agrari i agroalimentari, dins el <strong>Programa de Transfer\u00e8ncia Tecnol\u00f2gica<\/strong> del <strong>Departament d\u2019Agricultura, Ramaderia, Pesca i Alimentaci\u00f3<\/strong>.<\/p>\n<p>Podeu <a href=\"https:\/\/ruralcat.gencat.cat\/web\/guest\/agenda\" target=\"_blank\" rel=\"noopener\">consultar totes les jornades PATT vigents <\/a>de totes les <strong>Escoles Agr\u00e0ries.<\/strong><\/p>\n<p><strong>JORNADES PREVISTES 2026<\/strong><\/p>\n<table style=\"border-collapse: collapse; width: 99.5939%; height: 512px;\">\n<tbody>\n<tr style=\"height: 47px;\">\n<td style=\"width: 25%; text-align: center; height: 47px;\"><strong>NOM DE LA JORNADA<\/strong><\/td>\n<td style=\"width: 25%; text-align: center; height: 47px;\"><strong>LLOC<\/strong><\/td>\n<td style=\"width: 25%; text-align: center; height: 47px;\"><strong>DATA<\/strong><\/td>\n<td style=\"width: 24.5951%; text-align: center; height: 47px;\"><strong>PROGRAMA I INSCRIPCIONS<\/strong><\/td>\n<\/tr>\n<tr style=\"height: 68px;\">\n<td style=\"width: 25%; height: 68px;\">Aplicacions per a la gesti\u00f3 de camp (QIE, certificats digital,..)<\/td>\n<td style=\"width: 25%; height: 68px;\">EA Gandesa<\/td>\n<td style=\"width: 25%; height: 68px;\">Mar\u00e7<\/td>\n<td style=\"width: 24.5951%; height: 68px;\">Pr\u00f2ximament<\/td>\n<\/tr>\n<tr style=\"height: 32px;\">\n<td style=\"width: 25%; height: 32px;\">La comunicaci\u00f3 del vi: del terroir a l&#8217;etiqueta<\/td>\n<td style=\"width: 25%; height: 32px;\">EA Gandesa<\/td>\n<td style=\"width: 25%; height: 32px;\">Mar\u00e7<\/td>\n<td style=\"width: 24.5951%; height: 32px;\">Pr\u00f2ximament<\/td>\n<\/tr>\n<tr style=\"height: 32px;\">\n<td style=\"width: 25%; height: 32px;\"><span data-sheets-root=\"1\">Petjada de carboni en vinya<\/span><\/td>\n<td style=\"width: 25%; height: 32px;\">EA Gandesa<\/td>\n<td style=\"width: 25%; height: 32px;\">Abril<\/td>\n<td style=\"width: 24.5951%; height: 32px;\">Pr\u00f2ximament<\/td>\n<\/tr>\n<tr style=\"height: 32px;\">\n<td style=\"width: 25%; height: 32px;\">Operar a l&#8217;aplicaci\u00f3 del Registre Vitivinicola (e-RVC)<\/td>\n<td style=\"width: 25%; height: 32px;\">EA Gandesa<\/td>\n<td style=\"width: 25%; height: 32px;\">Abril<\/td>\n<td style=\"width: 24.5951%; height: 32px;\">Pr\u00f2ximament<\/td>\n<\/tr>\n<tr style=\"height: 63px;\">\n<td style=\"width: 25%; height: 63px;\">Aplicacions per a la gesti\u00f3 de bodegues i cellers<\/td>\n<td style=\"width: 25%; height: 63px;\">EA Gandesa<\/td>\n<td style=\"width: 25%; height: 63px;\">Octubre<\/td>\n<td style=\"width: 24.5951%; height: 63px;\">Pr\u00f2ximament<\/td>\n<\/tr>\n<tr style=\"height: 48px;\">\n<td style=\"width: 25%; height: 48px;\" width=\"189\">Maneig ap\u00edcola adaptat al canvi clim\u00e0tic<\/td>\n<td style=\"width: 25%; height: 48px;\">EA Gandesa<\/td>\n<td style=\"width: 25%; height: 48px;\">Octubre<\/td>\n<td style=\"width: 24.5951%; height: 48px;\">Pr\u00f2ximament<\/td>\n<\/tr>\n<tr style=\"height: 48px;\">\n<td style=\"width: 25%; height: 48px;\" width=\"189\">Jornada relacionada amb el tast de vins<\/td>\n<td style=\"width: 25%; height: 48px;\">EA Gandesa<\/td>\n<td style=\"width: 25%; height: 48px;\">Novembre<\/td>\n<td style=\"width: 24.5951%; height: 48px;\">Pr\u00f2ximament<\/td>\n<\/tr>\n<tr style=\"height: 63px;\">\n<td style=\"width: 25%; height: 63px;\" width=\"189\">Jornada sobre el cultiu de la t\u00f2fona associada al pi pinyoner<\/td>\n<td style=\"width: 25%; height: 63px;\">EA Gandesa<\/td>\n<td style=\"width: 25%; height: 63px;\">Novembre<\/td>\n<td style=\"width: 24.5951%; height: 63px;\">Pr\u00f2ximament<\/td>\n<\/tr>\n<tr style=\"height: 79px;\">\n<td style=\"width: 25%; height: 79px;\" width=\"189\">Elabora els teus propis probi\u00f2tics. La fermentaci\u00f3 com a eina transformadora<\/td>\n<td style=\"width: 25%; height: 79px;\">EA Gandesa<\/td>\n<td style=\"width: 25%; height: 79px;\">Desembre<\/td>\n<td style=\"width: 24.5951%; height: 79px;\">Pr\u00f2ximament<\/td>\n<\/tr>\n<\/tbody>\n<\/table>\n","protected":false},"excerpt":{"rendered":"<p>Al llarg de l\u2019any, l\u2019Escola Agr\u00e0ria de Gandesa ofereix jornades t\u00e8cniques relacionades amb el m\u00f3n agrari i agroalimentari, dins el Programa de Transfer\u00e8ncia Tecnol\u00f2gica del Departament d\u2019Agricultura, Ramaderia, Pesca i Alimentaci\u00f3.<br \/>\nPodeu <a href=\"https:\/\/ruralcat.gencat.cat\/web\/guest\/agenda\" target=\"_blank\" rel=\"noopener\">consultar totes les jornades PATT vigents <\/a>de totes les Escoles Agr\u00e0ries.<br \/>\nJORNADES&hellip;  <a href=\"https:\/\/agora.xtec.cat\/eca-gandesa\/jornades-patt\/\" title=\"Read Jornades PATT\">Llegeix m\u00e9s\u00bb<\/a><\/p>\n","protected":false},"author":1,"featured_media":0,"parent":0,"menu_order":0,"comment_status":"closed","ping_status":"closed","template":"","meta":{"_bbp_topic_count":0,"_bbp_reply_count":0,"_bbp_total_topic_count":0,"_bbp_total_reply_count":0,"_bbp_voice_count":0,"_bbp_anonymous_reply_count":0,"_bbp_topic_count_hidden":0,"_bbp_reply_count_hidden":0,"_bbp_forum_subforum_count":0,"footnotes":""},"class_list":["post-1661","page","type-page","status-publish","hentry"],"post_mailing_queue_ids":[],"_links":{"self":[{"href":"https:\/\/agora.xtec.cat\/eca-gandesa\/wp-json\/wp\/v2\/pages\/1661","targetHints":{"allow":["GET"]}}],"collection":[{"href":"https:\/\/agora.xtec.cat\/eca-gandesa\/wp-json\/wp\/v2\/pages"}],"about":[{"href":"https:\/\/agora.xtec.cat\/eca-gandesa\/wp-json\/wp\/v2\/types\/page"}],"author":[{"embeddable":true,"href":"https:\/\/agora.xtec.cat\/eca-gandesa\/wp-json\/wp\/v2\/users\/1"}],"replies":[{"embeddable":true,"href":"https:\/\/agora.xtec.cat\/eca-gandesa\/wp-json\/wp\/v2\/comments?post=1661"}],"version-history":[{"count":7,"href":"https:\/\/agora.xtec.cat\/eca-gandesa\/wp-json\/wp\/v2\/pages\/1661\/revisions"}],"predecessor-version":[{"id":2506,"href":"https:\/\/agora.xtec.cat\/eca-gandesa\/wp-json\/wp\/v2\/pages\/1661\/revisions\/2506"}],"wp:attachment":[{"href":"https:\/\/agora.xtec.cat\/eca-gandesa\/wp-json\/wp\/v2\/media?parent=1661"}],"curies":[{"name":"wp","href":"https:\/\/api.w.org\/{rel}","templated":true}]}}