{"id":1659,"date":"2024-11-20T13:57:01","date_gmt":"2024-11-20T12:57:01","guid":{"rendered":"https:\/\/agora.xtec.cat\/eca-gandesa\/?page_id=1659"},"modified":"2024-12-05T13:01:00","modified_gmt":"2024-12-05T12:01:00","slug":"homologacions-de-cursos","status":"publish","type":"page","link":"https:\/\/agora.xtec.cat\/eca-gandesa\/homologacions-de-cursos\/","title":{"rendered":"Homologacions de cursos"},"content":{"rendered":"<p>Per tal de dur a terme les <strong>homologacions dels cursos<\/strong>, ens guiem per les indicacions establertes i aprovades per la <strong>Generalitat de Catalunya<\/strong>, amb l\u2019objectiu d\u2019assegurar que la <strong>formaci\u00f3 i la capacitaci\u00f3 dels professionals<\/strong> del sector \u00e9s homologada seguint uns criteris i par\u00e0metres establerts.<\/p>\n<p>&nbsp;<\/p>\n<p><a href=\"https:\/\/agora.xtec.cat\/eca-gandesa\/wp-content\/uploads\/usu1993\/2024\/11\/CONSULTAL-1-scaled.jpg\"><img loading=\"lazy\" decoding=\"async\" class=\"aligncenter wp-image-1761 size-large\" src=\"https:\/\/agora.xtec.cat\/eca-gandesa\/wp-content\/uploads\/usu1993\/2024\/11\/CONSULTAL-1-1024x512.jpg\" alt=\"\" width=\"1024\" height=\"512\" srcset=\"https:\/\/agora.xtec.cat\/eca-gandesa\/wp-content\/uploads\/usu1993\/2024\/11\/CONSULTAL-1-1024x512.jpg 1024w, https:\/\/agora.xtec.cat\/eca-gandesa\/wp-content\/uploads\/usu1993\/2024\/11\/CONSULTAL-1-300x150.jpg 300w, https:\/\/agora.xtec.cat\/eca-gandesa\/wp-content\/uploads\/usu1993\/2024\/11\/CONSULTAL-1-768x384.jpg 768w, https:\/\/agora.xtec.cat\/eca-gandesa\/wp-content\/uploads\/usu1993\/2024\/11\/CONSULTAL-1-1536x768.jpg 1536w, https:\/\/agora.xtec.cat\/eca-gandesa\/wp-content\/uploads\/usu1993\/2024\/11\/CONSULTAL-1-2048x1024.jpg 2048w\" sizes=\"auto, (max-width: 1024px) 100vw, 1024px\" \/><\/a><\/p>\n","protected":false},"excerpt":{"rendered":"<p>Per tal de dur a terme les homologacions dels cursos, ens guiem per les indicacions establertes i aprovades per la Generalitat de Catalunya, amb l\u2019objectiu d\u2019assegurar que la formaci\u00f3 i la capacitaci\u00f3 dels professionals del sector \u00e9s homologada seguint uns criteris i par\u00e0metres establerts.<br \/>\n&nbsp;<br \/>\n<a href=\"https:\/\/agora.xtec.cat\/eca-gandesa\/wp-content\/uploads\/usu1993\/2024\/11\/CONSULTAL-1-scaled.jpg\"><\/a><\/p>\n","protected":false},"author":1,"featured_media":0,"parent":0,"menu_order":0,"comment_status":"closed","ping_status":"closed","template":"","meta":{"_bbp_topic_count":0,"_bbp_reply_count":0,"_bbp_total_topic_count":0,"_bbp_total_reply_count":0,"_bbp_voice_count":0,"_bbp_anonymous_reply_count":0,"_bbp_topic_count_hidden":0,"_bbp_reply_count_hidden":0,"_bbp_forum_subforum_count":0,"footnotes":""},"class_list":["post-1659","page","type-page","status-publish","hentry"],"post_mailing_queue_ids":[],"_links":{"self":[{"href":"https:\/\/agora.xtec.cat\/eca-gandesa\/wp-json\/wp\/v2\/pages\/1659","targetHints":{"allow":["GET"]}}],"collection":[{"href":"https:\/\/agora.xtec.cat\/eca-gandesa\/wp-json\/wp\/v2\/pages"}],"about":[{"href":"https:\/\/agora.xtec.cat\/eca-gandesa\/wp-json\/wp\/v2\/types\/page"}],"author":[{"embeddable":true,"href":"https:\/\/agora.xtec.cat\/eca-gandesa\/wp-json\/wp\/v2\/users\/1"}],"replies":[{"embeddable":true,"href":"https:\/\/agora.xtec.cat\/eca-gandesa\/wp-json\/wp\/v2\/comments?post=1659"}],"version-history":[{"count":3,"href":"https:\/\/agora.xtec.cat\/eca-gandesa\/wp-json\/wp\/v2\/pages\/1659\/revisions"}],"predecessor-version":[{"id":2023,"href":"https:\/\/agora.xtec.cat\/eca-gandesa\/wp-json\/wp\/v2\/pages\/1659\/revisions\/2023"}],"wp:attachment":[{"href":"https:\/\/agora.xtec.cat\/eca-gandesa\/wp-json\/wp\/v2\/media?parent=1659"}],"curies":[{"name":"wp","href":"https:\/\/api.w.org\/{rel}","templated":true}]}}