{"id":1657,"date":"2024-11-20T13:56:52","date_gmt":"2024-11-20T12:56:52","guid":{"rendered":"https:\/\/agora.xtec.cat\/eca-gandesa\/?page_id=1657"},"modified":"2026-04-10T09:57:50","modified_gmt":"2026-04-10T07:57:50","slug":"cursos","status":"publish","type":"page","link":"https:\/\/agora.xtec.cat\/eca-gandesa\/cursos\/","title":{"rendered":"Cursos"},"content":{"rendered":"<p>Al llarg de l\u2019any, l\u2019<strong>Escola Agr\u00e0ria de Gandesa<\/strong> ofereix cursos de <strong>formaci\u00f3 cont\u00ednua<\/strong> relacionats amb el <strong>sector agroalimentari i ramader<\/strong>. Podeu consultar <a href=\"https:\/\/ruralcat.gencat.cat\/web\/guest\/formacio\/mes-formacio\" target=\"_blank\" rel=\"noopener\">tots els cursos vigents<\/a> de totes les <strong>Escoles Agr\u00e0ries<\/strong>.<\/p>\n<p>Des de l\u2019Escola Agr\u00e0ria de Gandesa ens encarreguem de la supervisi\u00f3 i la posterior <a href=\"https:\/\/agora.xtec.cat\/eca-gandesa\/homologacions-de-cursos\/\">homologaci\u00f3<\/a> de la <strong>formaci\u00f3 cont\u00ednua<\/strong> organitzada i realitzada per altres entitats.<\/p>\n<p><strong>CURSOS PREVISTOS 2026-2027<\/strong><\/p>\n<table style=\"border-collapse: collapse; width: 100%; height: 248px;\">\n<tbody>\n<tr style=\"height: 47px;\">\n<td style=\"width: 29.1487%; text-align: center; height: 47px;\"><strong>CURS<\/strong><\/td>\n<td style=\"width: 14.6552%; text-align: center; height: 47px;\"><strong>LLOC<\/strong><\/td>\n<td style=\"width: 23.8685%; text-align: center; height: 47px;\"><strong>DATES<\/strong><\/td>\n<td style=\"width: 32.3276%; text-align: center; height: 47px;\"><strong>PROGRAMA I INSCRIPCIONS<\/strong><\/td>\n<\/tr>\n<tr style=\"height: 32px;\">\n<td style=\"width: 29.1487%; height: 32px;\">Curs producci\u00f3 fruct\u00edcola<\/td>\n<td style=\"width: 14.6552%; height: 32px;\">EA Gandesa<\/td>\n<td style=\"width: 23.8685%; height: 32px;\">Del 13 d&#8217;abril al 14 de maig<\/td>\n<td style=\"width: 32.3276%; height: 32px;\"><a href=\"https:\/\/agricultura.gencat.cat\/.content\/fo_formacio\/fo08_escoles_capacitacio_agraria\/ceca_gandesa\/documents\/GAN_Cultius.pdf\" target=\"_blank\" rel=\"noopener\">Consulta el programa\u00a0<\/a><\/td>\n<\/tr>\n<tr style=\"height: 32px;\">\n<td style=\"width: 29.1487%; height: 32px;\">Curs producci\u00f3 d&#8217;olivera<\/td>\n<td style=\"width: 14.6552%; height: 32px;\">EA Gandesa<\/td>\n<td style=\"width: 23.8685%; height: 32px;\">Maig<\/td>\n<td style=\"width: 32.3276%; height: 32px;\">Pr\u00f2ximament<\/td>\n<\/tr>\n<tr style=\"height: 48px;\">\n<td style=\"width: 29.1487%; height: 24px;\">Curs BA Explotacions porcines<\/td>\n<td style=\"width: 14.6552%; height: 24px;\">EA Gandesa<\/td>\n<td style=\"width: 23.8685%; height: 24px;\">Maig (matins)<\/td>\n<td style=\"width: 32.3276%; height: 24px;\">Pr\u00f2ximament<\/td>\n<\/tr>\n<tr style=\"height: 48px;\">\n<td style=\"width: 29.1487%; height: 17px;\">Curs b\u00e0sic de PAE<\/td>\n<td style=\"width: 14.6552%; height: 17px;\">EA Gandesa<\/td>\n<td style=\"width: 23.8685%; height: 17px;\">Octubre<\/td>\n<td style=\"width: 32.3276%; height: 17px;\">Pr\u00f2ximament<\/td>\n<\/tr>\n<tr style=\"height: 32px;\">\n<td style=\"width: 29.1487%; height: 32px;\">Curs b\u00e0sic de soldadura<\/td>\n<td style=\"width: 14.6552%; height: 32px;\">EA Gandesa<\/td>\n<td style=\"width: 23.8685%; height: 32px;\">Octubre<\/td>\n<td style=\"width: 32.3276%; height: 32px;\">Pr\u00f2ximament<\/td>\n<\/tr>\n<tr style=\"height: 32px;\">\n<td style=\"width: 29.1487%; height: 32px;\">Curs b\u00e0sic de fitosanitaris<\/td>\n<td style=\"width: 14.6552%; height: 32px;\">EA Gandesa<\/td>\n<td style=\"width: 23.8685%; height: 32px;\">Novembre<\/td>\n<td style=\"width: 32.3276%; height: 32px;\">Pr\u00f2ximament<\/td>\n<\/tr>\n<tr style=\"height: 32px;\">\n<td style=\"width: 29.1487%; height: 32px;\">Curs avan\u00e7at de soldadura<\/td>\n<td style=\"width: 14.6552%; height: 32px;\">EA Gandesa<\/td>\n<td style=\"width: 23.8685%; height: 32px;\">Novembre<\/td>\n<td style=\"width: 32.3276%; height: 32px;\">Pr\u00f2ximament<\/td>\n<\/tr>\n<\/tbody>\n<\/table>\n","protected":false},"excerpt":{"rendered":"<p>Al llarg de l\u2019any, l\u2019Escola Agr\u00e0ria de Gandesa ofereix cursos de formaci\u00f3 cont\u00ednua relacionats amb el sector agroalimentari i ramader. Podeu consultar <a href=\"https:\/\/ruralcat.gencat.cat\/web\/guest\/formacio\/mes-formacio\" target=\"_blank\" rel=\"noopener\">tots els cursos vigents<\/a> de totes les Escoles Agr\u00e0ries.<br \/>\nDes de l\u2019Escola Agr\u00e0ria de Gandesa ens encarreguem de la supervisi\u00f3 i&hellip;  <a href=\"https:\/\/agora.xtec.cat\/eca-gandesa\/cursos\/\" title=\"Read Cursos\">Llegeix m\u00e9s\u00bb<\/a><\/p>\n","protected":false},"author":1,"featured_media":0,"parent":0,"menu_order":0,"comment_status":"closed","ping_status":"closed","template":"","meta":{"_bbp_topic_count":0,"_bbp_reply_count":0,"_bbp_total_topic_count":0,"_bbp_total_reply_count":0,"_bbp_voice_count":0,"_bbp_anonymous_reply_count":0,"_bbp_topic_count_hidden":0,"_bbp_reply_count_hidden":0,"_bbp_forum_subforum_count":0,"footnotes":""},"class_list":["post-1657","page","type-page","status-publish","hentry"],"post_mailing_queue_ids":[],"_links":{"self":[{"href":"https:\/\/agora.xtec.cat\/eca-gandesa\/wp-json\/wp\/v2\/pages\/1657","targetHints":{"allow":["GET"]}}],"collection":[{"href":"https:\/\/agora.xtec.cat\/eca-gandesa\/wp-json\/wp\/v2\/pages"}],"about":[{"href":"https:\/\/agora.xtec.cat\/eca-gandesa\/wp-json\/wp\/v2\/types\/page"}],"author":[{"embeddable":true,"href":"https:\/\/agora.xtec.cat\/eca-gandesa\/wp-json\/wp\/v2\/users\/1"}],"replies":[{"embeddable":true,"href":"https:\/\/agora.xtec.cat\/eca-gandesa\/wp-json\/wp\/v2\/comments?post=1657"}],"version-history":[{"count":7,"href":"https:\/\/agora.xtec.cat\/eca-gandesa\/wp-json\/wp\/v2\/pages\/1657\/revisions"}],"predecessor-version":[{"id":2514,"href":"https:\/\/agora.xtec.cat\/eca-gandesa\/wp-json\/wp\/v2\/pages\/1657\/revisions\/2514"}],"wp:attachment":[{"href":"https:\/\/agora.xtec.cat\/eca-gandesa\/wp-json\/wp\/v2\/media?parent=1657"}],"curies":[{"name":"wp","href":"https:\/\/api.w.org\/{rel}","templated":true}]}}