{"id":1655,"date":"2024-11-20T13:56:45","date_gmt":"2024-11-20T12:56:45","guid":{"rendered":"https:\/\/agora.xtec.cat\/eca-gandesa\/?page_id=1655"},"modified":"2024-12-05T12:04:42","modified_gmt":"2024-12-05T11:04:42","slug":"formacio-continua","status":"publish","type":"page","link":"https:\/\/agora.xtec.cat\/eca-gandesa\/formacio-continua\/","title":{"rendered":"Formaci\u00f3 cont\u00ednua"},"content":{"rendered":"<p>L\u2019<strong>Escola Agr\u00e0ria de Gandesa<\/strong> tamb\u00e9 ofereix <strong>formaci\u00f3 cont\u00ednua<\/strong> en l\u2019\u00e0mbit <strong>agroalimentari i ramader<\/strong>, en forma de <strong>jornades t\u00e8cniques<\/strong> emmarcades dins el <strong>Pla anual de Transfer\u00e8ncia Tecnol\u00f2gica<\/strong> de <strong>Departament d\u2019Agricultura, Ramaderia, Pesca i Alimentaci\u00f3<\/strong>, i de<strong> cursos<\/strong> de durada variable.<\/p>\n<p>&nbsp;<\/p>\n<table style=\"border-collapse: collapse; width: 100%;\">\n<tbody>\n<tr>\n<td style=\"width: 50%; border-color: #ffffff; background-color: #ffffff;\"><a href=\"https:\/\/agora.xtec.cat\/eca-gandesa\/cursos\/\"><img loading=\"lazy\" decoding=\"async\" class=\"alignleft wp-image-1756 size-large\" src=\"https:\/\/agora.xtec.cat\/eca-gandesa\/wp-content\/uploads\/usu1993\/2024\/11\/9-1024x1024.jpg\" alt=\"\" width=\"1024\" height=\"1024\" srcset=\"https:\/\/agora.xtec.cat\/eca-gandesa\/wp-content\/uploads\/usu1993\/2024\/11\/9-1024x1024.jpg 1024w, https:\/\/agora.xtec.cat\/eca-gandesa\/wp-content\/uploads\/usu1993\/2024\/11\/9-300x300.jpg 300w, https:\/\/agora.xtec.cat\/eca-gandesa\/wp-content\/uploads\/usu1993\/2024\/11\/9-150x150.jpg 150w, https:\/\/agora.xtec.cat\/eca-gandesa\/wp-content\/uploads\/usu1993\/2024\/11\/9-768x768.jpg 768w, https:\/\/agora.xtec.cat\/eca-gandesa\/wp-content\/uploads\/usu1993\/2024\/11\/9.jpg 1080w\" sizes=\"auto, (max-width: 1024px) 100vw, 1024px\" \/><\/a><\/td>\n<td style=\"width: 50%; border-color: #ffffff; background-color: #ffffff;\"><a href=\"https:\/\/agora.xtec.cat\/eca-gandesa\/jornades-patt\/\"><img loading=\"lazy\" decoding=\"async\" class=\"alignleft wp-image-1757 size-large\" src=\"https:\/\/agora.xtec.cat\/eca-gandesa\/wp-content\/uploads\/usu1993\/2024\/11\/10-1024x1024.jpg\" alt=\"\" width=\"1024\" height=\"1024\" srcset=\"https:\/\/agora.xtec.cat\/eca-gandesa\/wp-content\/uploads\/usu1993\/2024\/11\/10-1024x1024.jpg 1024w, https:\/\/agora.xtec.cat\/eca-gandesa\/wp-content\/uploads\/usu1993\/2024\/11\/10-300x300.jpg 300w, https:\/\/agora.xtec.cat\/eca-gandesa\/wp-content\/uploads\/usu1993\/2024\/11\/10-150x150.jpg 150w, https:\/\/agora.xtec.cat\/eca-gandesa\/wp-content\/uploads\/usu1993\/2024\/11\/10-768x768.jpg 768w, https:\/\/agora.xtec.cat\/eca-gandesa\/wp-content\/uploads\/usu1993\/2024\/11\/10.jpg 1080w\" sizes=\"auto, (max-width: 1024px) 100vw, 1024px\" \/><\/a><\/td>\n<\/tr>\n<\/tbody>\n<\/table>\n","protected":false},"excerpt":{"rendered":"<p>L\u2019Escola Agr\u00e0ria de Gandesa tamb\u00e9 ofereix formaci\u00f3 cont\u00ednua en l\u2019\u00e0mbit agroalimentari i ramader, en forma de jornades t\u00e8cniques emmarcades dins el Pla anual de Transfer\u00e8ncia Tecnol\u00f2gica de Departament d\u2019Agricultura, Ramaderia, Pesca i Alimentaci\u00f3, i de cursos de durada variable.<br \/>\n&nbsp;<\/p>\n<p><a href=\"https:\/\/agora.xtec.cat\/eca-gandesa\/cursos\/\"><\/a><br \/>\n<a href=\"https:\/\/agora.xtec.cat\/eca-gandesa\/jornades-patt\/\"><\/a><\/p>\n","protected":false},"author":1,"featured_media":0,"parent":0,"menu_order":0,"comment_status":"closed","ping_status":"closed","template":"","meta":{"_bbp_topic_count":0,"_bbp_reply_count":0,"_bbp_total_topic_count":0,"_bbp_total_reply_count":0,"_bbp_voice_count":0,"_bbp_anonymous_reply_count":0,"_bbp_topic_count_hidden":0,"_bbp_reply_count_hidden":0,"_bbp_forum_subforum_count":0,"footnotes":""},"class_list":["post-1655","page","type-page","status-publish","hentry"],"post_mailing_queue_ids":[],"_links":{"self":[{"href":"https:\/\/agora.xtec.cat\/eca-gandesa\/wp-json\/wp\/v2\/pages\/1655","targetHints":{"allow":["GET"]}}],"collection":[{"href":"https:\/\/agora.xtec.cat\/eca-gandesa\/wp-json\/wp\/v2\/pages"}],"about":[{"href":"https:\/\/agora.xtec.cat\/eca-gandesa\/wp-json\/wp\/v2\/types\/page"}],"author":[{"embeddable":true,"href":"https:\/\/agora.xtec.cat\/eca-gandesa\/wp-json\/wp\/v2\/users\/1"}],"replies":[{"embeddable":true,"href":"https:\/\/agora.xtec.cat\/eca-gandesa\/wp-json\/wp\/v2\/comments?post=1655"}],"version-history":[{"count":6,"href":"https:\/\/agora.xtec.cat\/eca-gandesa\/wp-json\/wp\/v2\/pages\/1655\/revisions"}],"predecessor-version":[{"id":1992,"href":"https:\/\/agora.xtec.cat\/eca-gandesa\/wp-json\/wp\/v2\/pages\/1655\/revisions\/1992"}],"wp:attachment":[{"href":"https:\/\/agora.xtec.cat\/eca-gandesa\/wp-json\/wp\/v2\/media?parent=1655"}],"curies":[{"name":"wp","href":"https:\/\/api.w.org\/{rel}","templated":true}]}}