{"id":1638,"date":"2024-11-20T13:53:47","date_gmt":"2024-11-20T12:53:47","guid":{"rendered":"https:\/\/agora.xtec.cat\/eca-gandesa\/?page_id=1638"},"modified":"2026-01-09T09:30:02","modified_gmt":"2026-01-09T08:30:02","slug":"mobilitat-i-internacionalitzacio","status":"publish","type":"page","link":"https:\/\/agora.xtec.cat\/eca-gandesa\/mobilitat-i-internacionalitzacio\/","title":{"rendered":"Mobilitat i internacionalitzaci\u00f3"},"content":{"rendered":"<p style=\"text-align: left;\">Les<strong> Escoles Agr\u00e0ries<\/strong> treballen per la <strong>internacionalitzaci\u00f3<\/strong> dels seus estudis tant en la participaci\u00f3 de projectes europeus com en la <strong>promoci\u00f3 de la mobilitat<\/strong> de l&#8217;alumnat. La <b>mobilitat internacional <\/b>\u00e9s un punt estrat\u00e8gic i primordial del pla de treball de les escoles, ja que garanteix als estudiants una <strong>oportunitat de cr\u00e9ixer en l\u2019\u00e0mbit personal i professional<\/strong>.<\/p>\n<p>A m\u00e9s, tamb\u00e9 enforteix les relacions amb organitzacions d&#8217;altres pa\u00efsos, millorant aix\u00ed la qualitat dels estudis i l&#8217;ampliaci\u00f3 de col\u00b7laboradors per realitzar projectes o accions conjuntes al voltant del<strong> sector primari. <\/strong>Cada escola t\u00e9 el seu programa d\u2019internacionalitzaci\u00f3 i l&#8217;<strong>Escola Agr\u00e0ria de Gandesa<\/strong> \u00e9s un dels centres formatius que treballa per fomentar que els alumnes facin <strong>pr\u00e0ctiques formatives no laborals <\/strong>en empreses arreu d&#8217;Europa i creixin professionalment i acad\u00e8micament en el marc del <strong>programa Erasmus+<\/strong>. Aix\u00f2 suposa un <strong>intercanvi de coneixements i de metodologies de treball<\/strong>, aix\u00ed com una via per crear <strong>experi\u00e8ncies laborals<\/strong> reals en empreses del <strong>sector agroalimentari<\/strong> en altres pa\u00efsos.<\/p>\n<table style=\"border-collapse: collapse; width: 71.0649%;\">\n<tbody>\n<tr>\n<td style=\"width: 100%;\"><a href=\"https:\/\/mail.google.com\/mail\/u\/0?ui=2&amp;ik=0b1d5307b3&amp;attid=0.1&amp;permmsgid=msg-f:1853826146280921766&amp;th=19ba1d0edc67daa6&amp;view=att&amp;zw&amp;disp=inline&amp;acrobatPromotionSource=gmail_chrome-card\" target=\"_blank\" rel=\"noopener\">Consulta la convocat\u00f2ria p\u00fablica del programa Erasmus+ per l&#8217;Escola Agr\u00e0ria de Gandesa del curs 2026-2027<\/a><\/td>\n<\/tr>\n<\/tbody>\n<\/table>\n<p>&nbsp;<\/p>\n<p>Aqu\u00ed podeu visualitzar el v\u00eddeo de l&#8217;Erasmus realitzat pels alumnes de l&#8217;escola durant el 2024:<\/p>\n<p><iframe loading=\"lazy\" title=\"V\u00eddeo Erasmus\" width=\"422\" height=\"750\" src=\"https:\/\/www.youtube.com\/embed\/w0DBX7oQSEY?feature=oembed\" frameborder=\"0\" allow=\"accelerometer; autoplay; clipboard-write; encrypted-media; gyroscope; picture-in-picture; web-share\" referrerpolicy=\"strict-origin-when-cross-origin\" allowfullscreen><\/iframe><\/p>\n","protected":false},"excerpt":{"rendered":"<p>Les Escoles Agr\u00e0ries treballen per la internacionalitzaci\u00f3 dels seus estudis tant en la participaci\u00f3 de projectes europeus com en la promoci\u00f3 de la mobilitat de l&#8217;alumnat. La mobilitat internacional \u00e9s un punt estrat\u00e8gic i primordial del pla de treball de les escoles, ja que garanteix&hellip;  <a href=\"https:\/\/agora.xtec.cat\/eca-gandesa\/mobilitat-i-internacionalitzacio\/\" title=\"Read Mobilitat i internacionalitzaci\u00f3\">Llegeix m\u00e9s\u00bb<\/a><\/p>\n","protected":false},"author":1,"featured_media":0,"parent":0,"menu_order":0,"comment_status":"closed","ping_status":"closed","template":"","meta":{"_bbp_topic_count":0,"_bbp_reply_count":0,"_bbp_total_topic_count":0,"_bbp_total_reply_count":0,"_bbp_voice_count":0,"_bbp_anonymous_reply_count":0,"_bbp_topic_count_hidden":0,"_bbp_reply_count_hidden":0,"_bbp_forum_subforum_count":0,"footnotes":""},"class_list":["post-1638","page","type-page","status-publish","hentry"],"post_mailing_queue_ids":[],"_links":{"self":[{"href":"https:\/\/agora.xtec.cat\/eca-gandesa\/wp-json\/wp\/v2\/pages\/1638","targetHints":{"allow":["GET"]}}],"collection":[{"href":"https:\/\/agora.xtec.cat\/eca-gandesa\/wp-json\/wp\/v2\/pages"}],"about":[{"href":"https:\/\/agora.xtec.cat\/eca-gandesa\/wp-json\/wp\/v2\/types\/page"}],"author":[{"embeddable":true,"href":"https:\/\/agora.xtec.cat\/eca-gandesa\/wp-json\/wp\/v2\/users\/1"}],"replies":[{"embeddable":true,"href":"https:\/\/agora.xtec.cat\/eca-gandesa\/wp-json\/wp\/v2\/comments?post=1638"}],"version-history":[{"count":6,"href":"https:\/\/agora.xtec.cat\/eca-gandesa\/wp-json\/wp\/v2\/pages\/1638\/revisions"}],"predecessor-version":[{"id":2461,"href":"https:\/\/agora.xtec.cat\/eca-gandesa\/wp-json\/wp\/v2\/pages\/1638\/revisions\/2461"}],"wp:attachment":[{"href":"https:\/\/agora.xtec.cat\/eca-gandesa\/wp-json\/wp\/v2\/media?parent=1638"}],"curies":[{"name":"wp","href":"https:\/\/api.w.org\/{rel}","templated":true}]}}