{"id":1634,"date":"2024-11-20T13:53:30","date_gmt":"2024-11-20T12:53:30","guid":{"rendered":"https:\/\/agora.xtec.cat\/eca-gandesa\/?page_id=1634"},"modified":"2024-12-05T12:37:01","modified_gmt":"2024-12-05T11:37:01","slug":"convalidacions","status":"publish","type":"page","link":"https:\/\/agora.xtec.cat\/eca-gandesa\/convalidacions\/","title":{"rendered":"Convalidacions"},"content":{"rendered":"<p>Tant pel CFGM Olis d\u2019Oliva i Vins com pel CFGS en Vitivinicultura hi ha la possibilitat de convalidar el m\u00f2dul de <strong>Formaci\u00f3 i Orientaci\u00f3 Laboral<\/strong> (FOL) i el m\u00f2dul d\u2019<strong>Empresa i Iniciativa Emprenedora (EIE)<\/strong>.<\/p>\n<p>Per a realitzar la convalidaci\u00f3, cal emplenar el seg\u00fcent formulari:<\/p>\n<p><a href=\"https:\/\/docs.google.com\/forms\/d\/e\/1FAIpQLSc-0ojs0nuQ6ZeLUa4nhqZGiCBTGUtGMTBv1gDLwzNkC2hLNQ\/viewform?pli=1\" target=\"_blank\" rel=\"noopener\"><img loading=\"lazy\" decoding=\"async\" class=\"alignleft size-large wp-image-1983\" src=\"https:\/\/agora.xtec.cat\/eca-gandesa\/wp-content\/uploads\/usu1993\/2024\/12\/PLA-ESTRATEGIC-DEL-CENTRE-3-1024x427.jpg\" alt=\"\" width=\"1024\" height=\"427\" srcset=\"https:\/\/agora.xtec.cat\/eca-gandesa\/wp-content\/uploads\/usu1993\/2024\/12\/PLA-ESTRATEGIC-DEL-CENTRE-3-1024x427.jpg 1024w, https:\/\/agora.xtec.cat\/eca-gandesa\/wp-content\/uploads\/usu1993\/2024\/12\/PLA-ESTRATEGIC-DEL-CENTRE-3-300x125.jpg 300w, https:\/\/agora.xtec.cat\/eca-gandesa\/wp-content\/uploads\/usu1993\/2024\/12\/PLA-ESTRATEGIC-DEL-CENTRE-3-768x320.jpg 768w, https:\/\/agora.xtec.cat\/eca-gandesa\/wp-content\/uploads\/usu1993\/2024\/12\/PLA-ESTRATEGIC-DEL-CENTRE-3-1536x640.jpg 1536w, https:\/\/agora.xtec.cat\/eca-gandesa\/wp-content\/uploads\/usu1993\/2024\/12\/PLA-ESTRATEGIC-DEL-CENTRE-3-2048x853.jpg 2048w\" sizes=\"auto, (max-width: 1024px) 100vw, 1024px\" \/><\/a><\/p>\n","protected":false},"excerpt":{"rendered":"<p>Tant pel CFGM Olis d\u2019Oliva i Vins com pel CFGS en Vitivinicultura hi ha la possibilitat de convalidar el m\u00f2dul de Formaci\u00f3 i Orientaci\u00f3 Laboral (FOL) i el m\u00f2dul d\u2019Empresa i Iniciativa Emprenedora (EIE).<br \/>\nPer a realitzar la convalidaci\u00f3, cal emplenar el seg\u00fcent formulari:<br \/>\n<a href=\"https:\/\/docs.google.com\/forms\/d\/e\/1FAIpQLSc-0ojs0nuQ6ZeLUa4nhqZGiCBTGUtGMTBv1gDLwzNkC2hLNQ\/viewform?pli=1\" target=\"_blank\"&hellip;  <a href=\"https:\/\/agora.xtec.cat\/eca-gandesa\/convalidacions\/\" title=\"Read Convalidacions\">Llegeix m\u00e9s\u00bb<\/a><\/p>\n","protected":false},"author":1,"featured_media":0,"parent":0,"menu_order":0,"comment_status":"closed","ping_status":"closed","template":"","meta":{"_bbp_topic_count":0,"_bbp_reply_count":0,"_bbp_total_topic_count":0,"_bbp_total_reply_count":0,"_bbp_voice_count":0,"_bbp_anonymous_reply_count":0,"_bbp_topic_count_hidden":0,"_bbp_reply_count_hidden":0,"_bbp_forum_subforum_count":0,"footnotes":""},"class_list":["post-1634","page","type-page","status-publish","hentry"],"post_mailing_queue_ids":[],"_links":{"self":[{"href":"https:\/\/agora.xtec.cat\/eca-gandesa\/wp-json\/wp\/v2\/pages\/1634","targetHints":{"allow":["GET"]}}],"collection":[{"href":"https:\/\/agora.xtec.cat\/eca-gandesa\/wp-json\/wp\/v2\/pages"}],"about":[{"href":"https:\/\/agora.xtec.cat\/eca-gandesa\/wp-json\/wp\/v2\/types\/page"}],"author":[{"embeddable":true,"href":"https:\/\/agora.xtec.cat\/eca-gandesa\/wp-json\/wp\/v2\/users\/1"}],"replies":[{"embeddable":true,"href":"https:\/\/agora.xtec.cat\/eca-gandesa\/wp-json\/wp\/v2\/comments?post=1634"}],"version-history":[{"count":6,"href":"https:\/\/agora.xtec.cat\/eca-gandesa\/wp-json\/wp\/v2\/pages\/1634\/revisions"}],"predecessor-version":[{"id":2006,"href":"https:\/\/agora.xtec.cat\/eca-gandesa\/wp-json\/wp\/v2\/pages\/1634\/revisions\/2006"}],"wp:attachment":[{"href":"https:\/\/agora.xtec.cat\/eca-gandesa\/wp-json\/wp\/v2\/media?parent=1634"}],"curies":[{"name":"wp","href":"https:\/\/api.w.org\/{rel}","templated":true}]}}