{"id":1614,"date":"2024-11-20T13:51:39","date_gmt":"2024-11-20T12:51:39","guid":{"rendered":"https:\/\/agora.xtec.cat\/eca-gandesa\/?page_id=1614"},"modified":"2025-01-15T16:03:10","modified_gmt":"2025-01-15T15:03:10","slug":"sostenibilitat-i-qualitat","status":"publish","type":"page","link":"https:\/\/agora.xtec.cat\/eca-gandesa\/sostenibilitat-i-qualitat\/","title":{"rendered":"Sostenibilitat i qualitat"},"content":{"rendered":"<p>L\u2019Escola Agr\u00e0ria de Gandesa implementa un sistema integrat de gesti\u00f3 de la qualitat i el medi ambient basat en les normes <strong>ISO 9001:2015<\/strong> i <strong>ISO<\/strong> en la <strong>gesti\u00f3 per processos<\/strong>, que abasta totes les activitats de l\u2019\u00e0mbit de la formaci\u00f3 reglada i cont\u00ednua.<\/p>\n<p>Per a la nostra escola, la qualitat \u00e9s fonamental i priorit\u00e0ria en la nostra<strong> filosofia i estrat\u00e8gia acad\u00e8mica<\/strong>, per tal de satisfer les expectatives, necessitats educatives i garantir la confian\u00e7a de totes les parts interessades, esdevenir un <strong>centre de refer\u00e8ncia en el camp de l\u2019enologia i de la elaiot\u00e8cnia<\/strong>. Tamb\u00e9 per basar-nos en un lideratge a partir del treball en equip, la <strong>participaci\u00f3 activa i una bona comunicaci\u00f3<\/strong>.<\/p>\n<table style=\"border-collapse: collapse; width: 100%;\">\n<tbody>\n<tr>\n<td style=\"width: 33.3333%; border-color: #ffffff; background-color: #ffffff;\"><a href=\"https:\/\/agora.xtec.cat\/eca-gandesa\/la-politica-de-qualitat\/\"><img loading=\"lazy\" decoding=\"async\" class=\"aligncenter wp-image-2107 size-large\" src=\"https:\/\/agora.xtec.cat\/eca-gandesa\/wp-content\/uploads\/usu1993\/2025\/01\/Creativitats-EA-Gandesa-1024x1024.jpg\" alt=\"\" width=\"1024\" height=\"1024\" srcset=\"https:\/\/agora.xtec.cat\/eca-gandesa\/wp-content\/uploads\/usu1993\/2025\/01\/Creativitats-EA-Gandesa-1024x1024.jpg 1024w, https:\/\/agora.xtec.cat\/eca-gandesa\/wp-content\/uploads\/usu1993\/2025\/01\/Creativitats-EA-Gandesa-300x300.jpg 300w, https:\/\/agora.xtec.cat\/eca-gandesa\/wp-content\/uploads\/usu1993\/2025\/01\/Creativitats-EA-Gandesa-150x150.jpg 150w, https:\/\/agora.xtec.cat\/eca-gandesa\/wp-content\/uploads\/usu1993\/2025\/01\/Creativitats-EA-Gandesa-768x768.jpg 768w, https:\/\/agora.xtec.cat\/eca-gandesa\/wp-content\/uploads\/usu1993\/2025\/01\/Creativitats-EA-Gandesa.jpg 1080w\" sizes=\"auto, (max-width: 1024px) 100vw, 1024px\" \/><\/a><\/td>\n<td style=\"width: 33.3333%; border-color: #ffffff; background-color: #ffffff;\"><a href=\"https:\/\/agora.xtec.cat\/eca-gandesa\/norma-iso-90012015\/\"><img loading=\"lazy\" decoding=\"async\" class=\"wp-image-1730 size-large aligncenter\" src=\"https:\/\/agora.xtec.cat\/eca-gandesa\/wp-content\/uploads\/usu1993\/2024\/11\/6-1024x1024.jpg\" alt=\"\" width=\"1024\" height=\"1024\" srcset=\"https:\/\/agora.xtec.cat\/eca-gandesa\/wp-content\/uploads\/usu1993\/2024\/11\/6-1024x1024.jpg 1024w, https:\/\/agora.xtec.cat\/eca-gandesa\/wp-content\/uploads\/usu1993\/2024\/11\/6-300x300.jpg 300w, https:\/\/agora.xtec.cat\/eca-gandesa\/wp-content\/uploads\/usu1993\/2024\/11\/6-150x150.jpg 150w, https:\/\/agora.xtec.cat\/eca-gandesa\/wp-content\/uploads\/usu1993\/2024\/11\/6-768x768.jpg 768w, https:\/\/agora.xtec.cat\/eca-gandesa\/wp-content\/uploads\/usu1993\/2024\/11\/6.jpg 1080w\" sizes=\"auto, (max-width: 1024px) 100vw, 1024px\" \/><\/a><\/td>\n<td style=\"width: 33.3333%; border-color: #ffffff; background-color: #ffffff;\"><a href=\"https:\/\/agora.xtec.cat\/eca-gandesa\/norma-iso-140012015\/\"><img loading=\"lazy\" decoding=\"async\" class=\"alignnone wp-image-1731 size-full\" src=\"https:\/\/agora.xtec.cat\/eca-gandesa\/wp-content\/uploads\/usu1993\/2024\/11\/Creativitats-EA-Gandesa.jpg\" alt=\"\" width=\"1080\" height=\"1080\" srcset=\"https:\/\/agora.xtec.cat\/eca-gandesa\/wp-content\/uploads\/usu1993\/2024\/11\/Creativitats-EA-Gandesa.jpg 1080w, https:\/\/agora.xtec.cat\/eca-gandesa\/wp-content\/uploads\/usu1993\/2024\/11\/Creativitats-EA-Gandesa-300x300.jpg 300w, https:\/\/agora.xtec.cat\/eca-gandesa\/wp-content\/uploads\/usu1993\/2024\/11\/Creativitats-EA-Gandesa-1024x1024.jpg 1024w, https:\/\/agora.xtec.cat\/eca-gandesa\/wp-content\/uploads\/usu1993\/2024\/11\/Creativitats-EA-Gandesa-150x150.jpg 150w, https:\/\/agora.xtec.cat\/eca-gandesa\/wp-content\/uploads\/usu1993\/2024\/11\/Creativitats-EA-Gandesa-768x768.jpg 768w\" sizes=\"auto, (max-width: 1080px) 100vw, 1080px\" \/><\/a><\/td>\n<\/tr>\n<\/tbody>\n<\/table>\n<p>&nbsp;<\/p>\n","protected":false},"excerpt":{"rendered":"<p>L\u2019Escola Agr\u00e0ria de Gandesa implementa un sistema integrat de gesti\u00f3 de la qualitat i el medi ambient basat en les normes ISO 9001:2015 i ISO en la gesti\u00f3 per processos, que abasta totes les activitats de l\u2019\u00e0mbit de la formaci\u00f3 reglada i cont\u00ednua.<br \/>\nPer a la&hellip;  <a href=\"https:\/\/agora.xtec.cat\/eca-gandesa\/sostenibilitat-i-qualitat\/\" title=\"Read Sostenibilitat i qualitat\">Llegeix m\u00e9s\u00bb<\/a><\/p>\n","protected":false},"author":1,"featured_media":0,"parent":0,"menu_order":0,"comment_status":"closed","ping_status":"closed","template":"","meta":{"_bbp_topic_count":0,"_bbp_reply_count":0,"_bbp_total_topic_count":0,"_bbp_total_reply_count":0,"_bbp_voice_count":0,"_bbp_anonymous_reply_count":0,"_bbp_topic_count_hidden":0,"_bbp_reply_count_hidden":0,"_bbp_forum_subforum_count":0,"footnotes":""},"class_list":["post-1614","page","type-page","status-publish","hentry"],"post_mailing_queue_ids":[],"_links":{"self":[{"href":"https:\/\/agora.xtec.cat\/eca-gandesa\/wp-json\/wp\/v2\/pages\/1614","targetHints":{"allow":["GET"]}}],"collection":[{"href":"https:\/\/agora.xtec.cat\/eca-gandesa\/wp-json\/wp\/v2\/pages"}],"about":[{"href":"https:\/\/agora.xtec.cat\/eca-gandesa\/wp-json\/wp\/v2\/types\/page"}],"author":[{"embeddable":true,"href":"https:\/\/agora.xtec.cat\/eca-gandesa\/wp-json\/wp\/v2\/users\/1"}],"replies":[{"embeddable":true,"href":"https:\/\/agora.xtec.cat\/eca-gandesa\/wp-json\/wp\/v2\/comments?post=1614"}],"version-history":[{"count":6,"href":"https:\/\/agora.xtec.cat\/eca-gandesa\/wp-json\/wp\/v2\/pages\/1614\/revisions"}],"predecessor-version":[{"id":2109,"href":"https:\/\/agora.xtec.cat\/eca-gandesa\/wp-json\/wp\/v2\/pages\/1614\/revisions\/2109"}],"wp:attachment":[{"href":"https:\/\/agora.xtec.cat\/eca-gandesa\/wp-json\/wp\/v2\/media?parent=1614"}],"curies":[{"name":"wp","href":"https:\/\/api.w.org\/{rel}","templated":true}]}}