{"id":1600,"date":"2024-11-20T13:46:40","date_gmt":"2024-11-20T12:46:40","guid":{"rendered":"https:\/\/agora.xtec.cat\/eca-gandesa\/?page_id=1600"},"modified":"2026-03-10T15:54:42","modified_gmt":"2026-03-10T14:54:42","slug":"el-nostre-equip","status":"publish","type":"page","link":"https:\/\/agora.xtec.cat\/eca-gandesa\/el-nostre-equip\/","title":{"rendered":"El nostre equip"},"content":{"rendered":"<p>&nbsp;<\/p>\n<table style=\"border-collapse: collapse; width: 100%; height: 142px;\">\n<tbody>\n<tr style=\"height: 33px;\">\n<td style=\"width: 50%; height: 33px; text-align: center;\"><a href=\"https:\/\/agora.xtec.cat\/eca-gandesa\/wp-content\/uploads\/usu1993\/2025\/02\/Nuria-Galende-scaled.jpg\"><img loading=\"lazy\" decoding=\"async\" class=\"aligncenter wp-image-2153\" src=\"https:\/\/agora.xtec.cat\/eca-gandesa\/wp-content\/uploads\/usu1993\/2025\/02\/Nuria-Galende-293x300.jpg\" alt=\"\" width=\"300\" height=\"307\" srcset=\"https:\/\/agora.xtec.cat\/eca-gandesa\/wp-content\/uploads\/usu1993\/2025\/02\/Nuria-Galende-293x300.jpg 293w, https:\/\/agora.xtec.cat\/eca-gandesa\/wp-content\/uploads\/usu1993\/2025\/02\/Nuria-Galende-1000x1024.jpg 1000w, https:\/\/agora.xtec.cat\/eca-gandesa\/wp-content\/uploads\/usu1993\/2025\/02\/Nuria-Galende-768x786.jpg 768w, https:\/\/agora.xtec.cat\/eca-gandesa\/wp-content\/uploads\/usu1993\/2025\/02\/Nuria-Galende-1500x1536.jpg 1500w, https:\/\/agora.xtec.cat\/eca-gandesa\/wp-content\/uploads\/usu1993\/2025\/02\/Nuria-Galende-2001x2048.jpg 2001w\" sizes=\"auto, (max-width: 300px) 100vw, 300px\" \/><\/a><\/p>\n<p><strong><span style=\"font-size: 16px;\">N\u00faria Galende<\/span><\/strong><\/p>\n<p><span style=\"font-size: 16px;\">Directora, gerent, responsable\u00a0 <\/span><span style=\"font-size: 16px; font-family: inherit;\">d&#8217;internacionalitzaci\u00f3, responsable de <\/span><span style=\"font-size: 16px; font-family: inherit;\">m\u00e0rqueting i tutora d&#8217;incorporaci\u00f3<\/span><\/td>\n<td style=\"width: 50%; height: 33px; text-align: center;\">&nbsp;<\/p>\n<p><a href=\"https:\/\/agora.xtec.cat\/eca-gandesa\/wp-content\/uploads\/usu1993\/2025\/01\/ivan-busquet-scaled.jpeg\"><img loading=\"lazy\" decoding=\"async\" class=\"aligncenter wp-image-2124\" src=\"https:\/\/agora.xtec.cat\/eca-gandesa\/wp-content\/uploads\/usu1993\/2025\/01\/ivan-busquet-225x300.jpeg\" alt=\"\" width=\"244\" height=\"325\" srcset=\"https:\/\/agora.xtec.cat\/eca-gandesa\/wp-content\/uploads\/usu1993\/2025\/01\/ivan-busquet-225x300.jpeg 225w, https:\/\/agora.xtec.cat\/eca-gandesa\/wp-content\/uploads\/usu1993\/2025\/01\/ivan-busquet-768x1024.jpeg 768w, https:\/\/agora.xtec.cat\/eca-gandesa\/wp-content\/uploads\/usu1993\/2025\/01\/ivan-busquet-1152x1536.jpeg 1152w, https:\/\/agora.xtec.cat\/eca-gandesa\/wp-content\/uploads\/usu1993\/2025\/01\/ivan-busquet-1536x2048.jpeg 1536w, https:\/\/agora.xtec.cat\/eca-gandesa\/wp-content\/uploads\/usu1993\/2025\/01\/ivan-busquet-scaled.jpeg 1920w\" sizes=\"auto, (max-width: 244px) 100vw, 244px\" \/><\/a><\/p>\n<p><strong><span style=\"font-size: 16px;\">Ivan Busquet<\/span><\/strong><\/p>\n<p style=\"text-align: center;\"><span style=\"font-size: 16px;\">Responsable PRL, responsable<br \/>\nd\u2019inform\u00e0tica, responsable de la cerveseria i tutor 1r grup de classe del CFGM d&#8217;Elaboraci\u00f3 d&#8217;Olis i Vins\u00a0<\/span><\/p>\n<p>&nbsp;<\/td>\n<\/tr>\n<tr style=\"height: 33px;\">\n<td style=\"width: 50%; height: 33px; text-align: center;\" colspan=\"2\">\n<a href=\"https:\/\/agora.xtec.cat\/eca-gandesa\/wp-content\/uploads\/usu1993\/2025\/01\/Noelia-Margalef-scaled-e1736934949789.jpg\"><img loading=\"lazy\" decoding=\"async\" class=\"aligncenter wp-image-2095\" src=\"https:\/\/agora.xtec.cat\/eca-gandesa\/wp-content\/uploads\/usu1993\/2025\/01\/Noelia-Margalef-scaled-e1736934949789-200x300.jpg\" alt=\"\" width=\"279\" height=\"419\" srcset=\"https:\/\/agora.xtec.cat\/eca-gandesa\/wp-content\/uploads\/usu1993\/2025\/01\/Noelia-Margalef-scaled-e1736934949789-200x300.jpg 200w, https:\/\/agora.xtec.cat\/eca-gandesa\/wp-content\/uploads\/usu1993\/2025\/01\/Noelia-Margalef-scaled-e1736934949789-682x1024.jpg 682w, https:\/\/agora.xtec.cat\/eca-gandesa\/wp-content\/uploads\/usu1993\/2025\/01\/Noelia-Margalef-scaled-e1736934949789-768x1154.jpg 768w, https:\/\/agora.xtec.cat\/eca-gandesa\/wp-content\/uploads\/usu1993\/2025\/01\/Noelia-Margalef-scaled-e1736934949789-1022x1536.jpg 1022w, https:\/\/agora.xtec.cat\/eca-gandesa\/wp-content\/uploads\/usu1993\/2025\/01\/Noelia-Margalef-scaled-e1736934949789-1363x2048.jpg 1363w, https:\/\/agora.xtec.cat\/eca-gandesa\/wp-content\/uploads\/usu1993\/2025\/01\/Noelia-Margalef-scaled-e1736934949789.jpg 1704w\" sizes=\"auto, (max-width: 279px) 100vw, 279px\" \/><\/a><\/p>\n<p><strong><span style=\"font-size: 16px;\">No\u00e8lia Margalef\u00a0<\/span><\/strong><\/p>\n<p><span style=\"font-size: 16px;\">Tutora grup de classe de 2n del CFGS Vitivinicultura<\/span><\/td>\n<\/tr>\n<tr style=\"height: 33px;\">\n<td style=\"width: 50%; height: 33px; text-align: center;\"><a href=\"https:\/\/agora.xtec.cat\/eca-gandesa\/wp-content\/uploads\/usu1993\/2025\/01\/patricia.jpeg\"><img loading=\"lazy\" decoding=\"async\" class=\"aligncenter wp-image-2127\" src=\"https:\/\/agora.xtec.cat\/eca-gandesa\/wp-content\/uploads\/usu1993\/2025\/01\/patricia-225x300.jpeg\" alt=\"\" width=\"272\" height=\"362\" srcset=\"https:\/\/agora.xtec.cat\/eca-gandesa\/wp-content\/uploads\/usu1993\/2025\/01\/patricia-225x300.jpeg 225w, https:\/\/agora.xtec.cat\/eca-gandesa\/wp-content\/uploads\/usu1993\/2025\/01\/patricia-768x1024.jpeg 768w, https:\/\/agora.xtec.cat\/eca-gandesa\/wp-content\/uploads\/usu1993\/2025\/01\/patricia-1152x1536.jpeg 1152w, https:\/\/agora.xtec.cat\/eca-gandesa\/wp-content\/uploads\/usu1993\/2025\/01\/patricia.jpeg 1536w\" sizes=\"auto, (max-width: 272px) 100vw, 272px\" \/><\/a><\/p>\n<p><strong><span style=\"font-size: 16px;\">Patricia Hern\u00e1ndez<\/span><\/strong><\/p>\n<p><span style=\"font-size: 16px;\">Cap d&#8217;explotaci\u00f3 i responsable del celler<\/span><\/td>\n<td style=\"width: 50%; height: 33px; text-align: center;\"><a href=\"https:\/\/agora.xtec.cat\/eca-gandesa\/wp-content\/uploads\/usu1993\/2025\/06\/Noemi-Descarrega_DEF-1-scaled-e1748961703580.jpg\"><img loading=\"lazy\" decoding=\"async\" class=\"aligncenter wp-image-2284\" src=\"https:\/\/agora.xtec.cat\/eca-gandesa\/wp-content\/uploads\/usu1993\/2025\/06\/Noemi-Descarrega_DEF-1-scaled-e1748961703580-732x1024.jpg\" alt=\"\" width=\"244\" height=\"341\" srcset=\"https:\/\/agora.xtec.cat\/eca-gandesa\/wp-content\/uploads\/usu1993\/2025\/06\/Noemi-Descarrega_DEF-1-scaled-e1748961703580-732x1024.jpg 732w, https:\/\/agora.xtec.cat\/eca-gandesa\/wp-content\/uploads\/usu1993\/2025\/06\/Noemi-Descarrega_DEF-1-scaled-e1748961703580-214x300.jpg 214w, https:\/\/agora.xtec.cat\/eca-gandesa\/wp-content\/uploads\/usu1993\/2025\/06\/Noemi-Descarrega_DEF-1-scaled-e1748961703580-768x1075.jpg 768w, https:\/\/agora.xtec.cat\/eca-gandesa\/wp-content\/uploads\/usu1993\/2025\/06\/Noemi-Descarrega_DEF-1-scaled-e1748961703580-1098x1536.jpg 1098w, https:\/\/agora.xtec.cat\/eca-gandesa\/wp-content\/uploads\/usu1993\/2025\/06\/Noemi-Descarrega_DEF-1-scaled-e1748961703580.jpg 1220w\" sizes=\"auto, (max-width: 244px) 100vw, 244px\" \/><\/a><br \/>\n<strong><span style=\"font-size: 16px;\">\u00a0Noem\u00ed Descarrega<\/span><\/strong><span style=\"font-size: 16px;\">\u00a0<\/span><\/p>\n<p><span style=\"font-size: 16px;\">Secret\u00e0ria del centre, responsable d&#8217;internacionalitzaci\u00f3, <\/span><span style=\"font-size: 16px;\">responsable xarxes socials, tutora grup de <\/span><span style=\"font-size: 16px;\">classe de 2n del CFGM d&#8217;Elaboraci\u00f3 d&#8217;Olis i Vins, tutora FCT i Dual del CFGS Vitivinicultura i CFGM d&#8217;Elaboraci\u00f3 d&#8217;Olis i Vins i responsable del mol\u00ed d&#8217;oli\u00a0<\/span><\/td>\n<\/tr>\n<tr style=\"height: 33px;\">\n<td style=\"height: 33px; text-align: center; width: 50%;\"><a href=\"https:\/\/agora.xtec.cat\/eca-gandesa\/wp-content\/uploads\/usu1993\/2025\/01\/joaquim.jpeg\"><img loading=\"lazy\" decoding=\"async\" class=\"aligncenter wp-image-2125\" src=\"https:\/\/agora.xtec.cat\/eca-gandesa\/wp-content\/uploads\/usu1993\/2025\/01\/joaquim-225x300.jpeg\" alt=\"\" width=\"259\" height=\"345\" srcset=\"https:\/\/agora.xtec.cat\/eca-gandesa\/wp-content\/uploads\/usu1993\/2025\/01\/joaquim-225x300.jpeg 225w, https:\/\/agora.xtec.cat\/eca-gandesa\/wp-content\/uploads\/usu1993\/2025\/01\/joaquim-768x1024.jpeg 768w, https:\/\/agora.xtec.cat\/eca-gandesa\/wp-content\/uploads\/usu1993\/2025\/01\/joaquim-1152x1536.jpeg 1152w, https:\/\/agora.xtec.cat\/eca-gandesa\/wp-content\/uploads\/usu1993\/2025\/01\/joaquim.jpeg 1536w\" sizes=\"auto, (max-width: 259px) 100vw, 259px\" \/><\/a><\/p>\n<p><strong><span style=\"font-size: 16px;\">Joaquim Bielsa<\/span><\/strong><\/p>\n<p><span style=\"font-size: 16px;\">Tutor grup de classe de 1r del CFGS<\/span><span style=\"font-size: 16px;\"> Vitivinicultura, i<\/span><span style=\"font-size: 16px;\"> responsable del laboratori<\/span><\/td>\n<td style=\"text-align: center; width: 50%; height: 33px;\"><a href=\"https:\/\/agora.xtec.cat\/eca-gandesa\/wp-content\/uploads\/usu1993\/2026\/02\/Estela.jpeg\"><img loading=\"lazy\" decoding=\"async\" class=\"aligncenter wp-image-2496\" src=\"https:\/\/agora.xtec.cat\/eca-gandesa\/wp-content\/uploads\/usu1993\/2026\/02\/Estela-225x300.jpeg\" alt=\"\" width=\"269\" height=\"359\" srcset=\"https:\/\/agora.xtec.cat\/eca-gandesa\/wp-content\/uploads\/usu1993\/2026\/02\/Estela-225x300.jpeg 225w, https:\/\/agora.xtec.cat\/eca-gandesa\/wp-content\/uploads\/usu1993\/2026\/02\/Estela-768x1024.jpeg 768w, https:\/\/agora.xtec.cat\/eca-gandesa\/wp-content\/uploads\/usu1993\/2026\/02\/Estela-1152x1536.jpeg 1152w, https:\/\/agora.xtec.cat\/eca-gandesa\/wp-content\/uploads\/usu1993\/2026\/02\/Estela.jpeg 1200w\" sizes=\"auto, (max-width: 269px) 100vw, 269px\" \/><\/a><\/p>\n<p><strong><span style=\"font-size: 16px;\">Estela del Rosario Calaf<\/span><\/strong><\/p>\n<p><span style=\"font-size: 16px;\">Coordinadora de Qualitat de l\u2019escola i docent dels m\u00f2duls professionals d\u2019Extracci\u00f3 d\u2019olis d\u2019oliva, Digitalitzaci\u00f3, Seguretat i higiene, i d\u2019Itinerari personal per a l\u2019ocupabilitat I i II<\/span><\/p>\n<p>&nbsp;<\/td>\n<\/tr>\n<tr style=\"height: 33px;\">\n<td style=\"width: 50%; height: 10px; text-align: center;\">&nbsp;<\/p>\n<p><span style=\"font-size: 16px;\"><strong><img loading=\"lazy\" decoding=\"async\" class=\"aligncenter wp-image-2122\" src=\"https:\/\/agora.xtec.cat\/eca-gandesa\/wp-content\/uploads\/usu1993\/2025\/01\/francesc-blanch-225x300.jpeg\" alt=\"\" width=\"242\" height=\"323\" srcset=\"https:\/\/agora.xtec.cat\/eca-gandesa\/wp-content\/uploads\/usu1993\/2025\/01\/francesc-blanch-225x300.jpeg 225w, https:\/\/agora.xtec.cat\/eca-gandesa\/wp-content\/uploads\/usu1993\/2025\/01\/francesc-blanch-768x1024.jpeg 768w, https:\/\/agora.xtec.cat\/eca-gandesa\/wp-content\/uploads\/usu1993\/2025\/01\/francesc-blanch-1152x1536.jpeg 1152w, https:\/\/agora.xtec.cat\/eca-gandesa\/wp-content\/uploads\/usu1993\/2025\/01\/francesc-blanch.jpeg 1536w\" sizes=\"auto, (max-width: 242px) 100vw, 242px\" \/>\u00a0 <\/strong><\/span><\/p>\n<p><span style=\"font-size: 16px;\"><strong>Francesc Blanch<\/strong><\/span><\/p>\n<p><span style=\"font-size: 16px;\">Responsable de la finca <strong>\u00a0<\/strong><\/span><\/td>\n<td style=\"width: 50%; height: 10px; text-align: center;\"><span style=\"font-size: 16px;\"><strong> \u00a0<\/strong><\/span><a href=\"https:\/\/agora.xtec.cat\/eca-gandesa\/wp-content\/uploads\/usu1993\/2025\/01\/francisco-jaen.jpeg\"><img loading=\"lazy\" decoding=\"async\" class=\"aligncenter wp-image-2123\" src=\"https:\/\/agora.xtec.cat\/eca-gandesa\/wp-content\/uploads\/usu1993\/2025\/01\/francisco-jaen-768x1024.jpeg\" alt=\"\" width=\"244\" height=\"325\" srcset=\"https:\/\/agora.xtec.cat\/eca-gandesa\/wp-content\/uploads\/usu1993\/2025\/01\/francisco-jaen-768x1024.jpeg 768w, https:\/\/agora.xtec.cat\/eca-gandesa\/wp-content\/uploads\/usu1993\/2025\/01\/francisco-jaen-225x300.jpeg 225w, https:\/\/agora.xtec.cat\/eca-gandesa\/wp-content\/uploads\/usu1993\/2025\/01\/francisco-jaen-1152x1536.jpeg 1152w, https:\/\/agora.xtec.cat\/eca-gandesa\/wp-content\/uploads\/usu1993\/2025\/01\/francisco-jaen.jpeg 1536w\" sizes=\"auto, (max-width: 244px) 100vw, 244px\" \/><\/a><\/p>\n<p><span style=\"font-size: 16px;\"><strong>Francisco Ja\u00e9n<\/strong><\/span><\/p>\n<p><span style=\"font-size: 16px;\">Responsable de la finca <strong>\u00a0<\/strong><\/span><\/td>\n<\/tr>\n<\/tbody>\n<\/table>\n<p>&nbsp;<\/p>\n","protected":false},"excerpt":{"rendered":"<p>&nbsp;<\/p>\n<p><a href=\"https:\/\/agora.xtec.cat\/eca-gandesa\/wp-content\/uploads\/usu1993\/2025\/02\/Nuria-Galende-scaled.jpg\"><\/a><br \/>\nN\u00faria Galende<br \/>\nDirectora, gerent, responsable\u00a0 d&#8217;internacionalitzaci\u00f3, responsable de m\u00e0rqueting i tutora d&#8217;incorporaci\u00f3<br \/>\n&nbsp;<br \/>\n<a href=\"https:\/\/agora.xtec.cat\/eca-gandesa\/wp-content\/uploads\/usu1993\/2025\/01\/ivan-busquet-scaled.jpeg\"><\/a><br \/>\nIvan Busquet<br \/>\nResponsable PRL, responsable<br \/>\nd\u2019inform\u00e0tica, responsable de la cerveseria i tutor 1r grup de classe del CFGM d&#8217;Elaboraci\u00f3 d&#8217;Olis i Vins\u00a0<br \/>\n&nbsp;<\/p>\n<p><a href=\"https:\/\/agora.xtec.cat\/eca-gandesa\/wp-content\/uploads\/usu1993\/2025\/01\/Noelia-Margalef-scaled-e1736934949789.jpg\"><\/a><br \/>\nNo\u00e8lia Margalef\u00a0<br \/>\nTutora grup de classe de 2n del CFGS Vitivinicultura<\/p>\n<p><a href=\"https:\/\/agora.xtec.cat\/eca-gandesa\/wp-content\/uploads\/usu1993\/2025\/01\/patricia.jpeg\"><\/a><br \/>\nPatricia Hern\u00e1ndez<br \/>\nCap d&#8217;explotaci\u00f3&hellip;  <a href=\"https:\/\/agora.xtec.cat\/eca-gandesa\/el-nostre-equip\/\" title=\"Read El nostre equip\">Llegeix m\u00e9s\u00bb<\/a><\/p>\n","protected":false},"author":1,"featured_media":0,"parent":0,"menu_order":0,"comment_status":"closed","ping_status":"closed","template":"","meta":{"_bbp_topic_count":0,"_bbp_reply_count":0,"_bbp_total_topic_count":0,"_bbp_total_reply_count":0,"_bbp_voice_count":0,"_bbp_anonymous_reply_count":0,"_bbp_topic_count_hidden":0,"_bbp_reply_count_hidden":0,"_bbp_forum_subforum_count":0,"footnotes":""},"class_list":["post-1600","page","type-page","status-publish","hentry"],"post_mailing_queue_ids":[],"_links":{"self":[{"href":"https:\/\/agora.xtec.cat\/eca-gandesa\/wp-json\/wp\/v2\/pages\/1600","targetHints":{"allow":["GET"]}}],"collection":[{"href":"https:\/\/agora.xtec.cat\/eca-gandesa\/wp-json\/wp\/v2\/pages"}],"about":[{"href":"https:\/\/agora.xtec.cat\/eca-gandesa\/wp-json\/wp\/v2\/types\/page"}],"author":[{"embeddable":true,"href":"https:\/\/agora.xtec.cat\/eca-gandesa\/wp-json\/wp\/v2\/users\/1"}],"replies":[{"embeddable":true,"href":"https:\/\/agora.xtec.cat\/eca-gandesa\/wp-json\/wp\/v2\/comments?post=1600"}],"version-history":[{"count":7,"href":"https:\/\/agora.xtec.cat\/eca-gandesa\/wp-json\/wp\/v2\/pages\/1600\/revisions"}],"predecessor-version":[{"id":2507,"href":"https:\/\/agora.xtec.cat\/eca-gandesa\/wp-json\/wp\/v2\/pages\/1600\/revisions\/2507"}],"wp:attachment":[{"href":"https:\/\/agora.xtec.cat\/eca-gandesa\/wp-json\/wp\/v2\/media?parent=1600"}],"curies":[{"name":"wp","href":"https:\/\/api.w.org\/{rel}","templated":true}]}}