{"id":1596,"date":"2024-11-20T13:46:22","date_gmt":"2024-11-20T12:46:22","guid":{"rendered":"https:\/\/agora.xtec.cat\/eca-gandesa\/?page_id=1596"},"modified":"2025-12-15T12:45:51","modified_gmt":"2025-12-15T11:45:51","slug":"pla-estrategic-del-centre","status":"publish","type":"page","link":"https:\/\/agora.xtec.cat\/eca-gandesa\/pla-estrategic-del-centre\/","title":{"rendered":"Pla estrat\u00e8gic del centre"},"content":{"rendered":"<p>El <strong>Pla Estrat\u00e8gic de l&#8217;Escola Agr\u00e0ria de Gandesa<\/strong> contempla un <strong>nou sistema organitzatiu i l&#8217;ambici\u00f3 de ser cada vegada m\u00e9s sostenibles i eficients energ\u00e8ticament<\/strong>, especialment en la nova finca, ja que \u00e9s on es comen\u00e7ar\u00e0 a aplicar la nova ISO 14001 de gesti\u00f3 mediambiental.<\/p>\n<p>Aprofitant la nova finca, fins ara treballada en agricultura convencional, la transformarem a les necessitats dels cicles formatius i treballarem per aconseguir la certificaci\u00f3 CCPAE. Per altra banda, el celler i el mol\u00ed obre nous camps en la gesti\u00f3 de residus, estalvi d&#8217;aigua i energia.<\/p>\n<p>&nbsp;<\/p>\n<p><img loading=\"lazy\" decoding=\"async\" class=\"size-large wp-image-1709 aligncenter\" src=\"https:\/\/agora.xtec.cat\/eca-gandesa\/wp-content\/uploads\/usu1993\/2024\/11\/2-1024x427.jpg\" alt=\"\" width=\"1024\" height=\"427\" srcset=\"https:\/\/agora.xtec.cat\/eca-gandesa\/wp-content\/uploads\/usu1993\/2024\/11\/2-1024x427.jpg 1024w, https:\/\/agora.xtec.cat\/eca-gandesa\/wp-content\/uploads\/usu1993\/2024\/11\/2-300x125.jpg 300w, https:\/\/agora.xtec.cat\/eca-gandesa\/wp-content\/uploads\/usu1993\/2024\/11\/2-768x320.jpg 768w, https:\/\/agora.xtec.cat\/eca-gandesa\/wp-content\/uploads\/usu1993\/2024\/11\/2-1536x640.jpg 1536w, https:\/\/agora.xtec.cat\/eca-gandesa\/wp-content\/uploads\/usu1993\/2024\/11\/2-2048x853.jpg 2048w\" sizes=\"auto, (max-width: 1024px) 100vw, 1024px\" \/><\/p>\n","protected":false},"excerpt":{"rendered":"<p>El Pla Estrat\u00e8gic de l&#8217;Escola Agr\u00e0ria de Gandesa contempla un nou sistema organitzatiu i l&#8217;ambici\u00f3 de ser cada vegada m\u00e9s sostenibles i eficients energ\u00e8ticament, especialment en la nova finca, ja que \u00e9s on es comen\u00e7ar\u00e0 a aplicar la nova ISO 14001 de gesti\u00f3 mediambiental.<br \/>\nAprofitant la&hellip;  <a href=\"https:\/\/agora.xtec.cat\/eca-gandesa\/pla-estrategic-del-centre\/\" title=\"Read Pla estrat\u00e8gic del centre\">Llegeix m\u00e9s\u00bb<\/a><\/p>\n","protected":false},"author":1,"featured_media":0,"parent":0,"menu_order":0,"comment_status":"closed","ping_status":"closed","template":"","meta":{"_bbp_topic_count":0,"_bbp_reply_count":0,"_bbp_total_topic_count":0,"_bbp_total_reply_count":0,"_bbp_voice_count":0,"_bbp_anonymous_reply_count":0,"_bbp_topic_count_hidden":0,"_bbp_reply_count_hidden":0,"_bbp_forum_subforum_count":0,"footnotes":""},"class_list":["post-1596","page","type-page","status-publish","hentry"],"post_mailing_queue_ids":[],"_links":{"self":[{"href":"https:\/\/agora.xtec.cat\/eca-gandesa\/wp-json\/wp\/v2\/pages\/1596","targetHints":{"allow":["GET"]}}],"collection":[{"href":"https:\/\/agora.xtec.cat\/eca-gandesa\/wp-json\/wp\/v2\/pages"}],"about":[{"href":"https:\/\/agora.xtec.cat\/eca-gandesa\/wp-json\/wp\/v2\/types\/page"}],"author":[{"embeddable":true,"href":"https:\/\/agora.xtec.cat\/eca-gandesa\/wp-json\/wp\/v2\/users\/1"}],"replies":[{"embeddable":true,"href":"https:\/\/agora.xtec.cat\/eca-gandesa\/wp-json\/wp\/v2\/comments?post=1596"}],"version-history":[{"count":3,"href":"https:\/\/agora.xtec.cat\/eca-gandesa\/wp-json\/wp\/v2\/pages\/1596\/revisions"}],"predecessor-version":[{"id":2433,"href":"https:\/\/agora.xtec.cat\/eca-gandesa\/wp-json\/wp\/v2\/pages\/1596\/revisions\/2433"}],"wp:attachment":[{"href":"https:\/\/agora.xtec.cat\/eca-gandesa\/wp-json\/wp\/v2\/media?parent=1596"}],"curies":[{"name":"wp","href":"https:\/\/api.w.org\/{rel}","templated":true}]}}