{"id":1594,"date":"2024-11-20T13:46:11","date_gmt":"2024-11-20T12:46:11","guid":{"rendered":"https:\/\/agora.xtec.cat\/eca-gandesa\/?page_id=1594"},"modified":"2024-12-05T12:43:25","modified_gmt":"2024-12-05T11:43:25","slug":"el-projecte-educatiu","status":"publish","type":"page","link":"https:\/\/agora.xtec.cat\/eca-gandesa\/el-projecte-educatiu\/","title":{"rendered":"El Projecte Educatiu"},"content":{"rendered":"<p>El <strong>Projecte Educatiu de Centre (PEC)<\/strong> de l&#8217;Escola Agr\u00e0ria de Gandesa estableix les l\u00ednies d&#8217;actuaci\u00f3 per a tots els membres de la <strong>Comunitat Educativa<\/strong> i \u00e9s, alhora, el <strong>comprom\u00eds de l&#8217;escola<\/strong> amb la <strong>societat rural<\/strong> del seu entorn.<\/p>\n<p>En aquest document s\u2019hi troben reflectits els trets de l\u2019entitat, la missi\u00f3, la visi\u00f3 i els valors, la formulaci\u00f3 d\u2019objectius, l\u2019expressi\u00f3 de l\u2019estructura organitzativa i el tractament de les lleng\u00fces de l\u2019escola.<\/p>\n<p>&nbsp;<\/p>\n<p><a href=\"https:\/\/agora.xtec.cat\/eca-gandesa\/wp-content\/uploads\/usu1993\/2024\/11\/PEC_GAN_versio_6.pdf\" target=\"_blank\" rel=\"noopener\"><img loading=\"lazy\" decoding=\"async\" class=\"size-large wp-image-1693 aligncenter\" src=\"https:\/\/agora.xtec.cat\/eca-gandesa\/wp-content\/uploads\/usu1993\/2024\/11\/1-1024x427.jpg\" alt=\"\" width=\"1024\" height=\"427\" srcset=\"https:\/\/agora.xtec.cat\/eca-gandesa\/wp-content\/uploads\/usu1993\/2024\/11\/1-1024x427.jpg 1024w, https:\/\/agora.xtec.cat\/eca-gandesa\/wp-content\/uploads\/usu1993\/2024\/11\/1-300x125.jpg 300w, https:\/\/agora.xtec.cat\/eca-gandesa\/wp-content\/uploads\/usu1993\/2024\/11\/1-768x320.jpg 768w, https:\/\/agora.xtec.cat\/eca-gandesa\/wp-content\/uploads\/usu1993\/2024\/11\/1-1536x640.jpg 1536w, https:\/\/agora.xtec.cat\/eca-gandesa\/wp-content\/uploads\/usu1993\/2024\/11\/1-2048x853.jpg 2048w\" sizes=\"auto, (max-width: 1024px) 100vw, 1024px\" \/><\/a><\/p>\n","protected":false},"excerpt":{"rendered":"<p>El Projecte Educatiu de Centre (PEC) de l&#8217;Escola Agr\u00e0ria de Gandesa estableix les l\u00ednies d&#8217;actuaci\u00f3 per a tots els membres de la Comunitat Educativa i \u00e9s, alhora, el comprom\u00eds de l&#8217;escola amb la societat rural del seu entorn.<br \/>\nEn aquest document s\u2019hi troben reflectits els trets&hellip;  <a href=\"https:\/\/agora.xtec.cat\/eca-gandesa\/el-projecte-educatiu\/\" title=\"Read El Projecte Educatiu\">Llegeix m\u00e9s\u00bb<\/a><\/p>\n","protected":false},"author":1,"featured_media":0,"parent":0,"menu_order":0,"comment_status":"closed","ping_status":"closed","template":"","meta":{"_bbp_topic_count":0,"_bbp_reply_count":0,"_bbp_total_topic_count":0,"_bbp_total_reply_count":0,"_bbp_voice_count":0,"_bbp_anonymous_reply_count":0,"_bbp_topic_count_hidden":0,"_bbp_reply_count_hidden":0,"_bbp_forum_subforum_count":0,"footnotes":""},"class_list":["post-1594","page","type-page","status-publish","hentry"],"post_mailing_queue_ids":[],"_links":{"self":[{"href":"https:\/\/agora.xtec.cat\/eca-gandesa\/wp-json\/wp\/v2\/pages\/1594","targetHints":{"allow":["GET"]}}],"collection":[{"href":"https:\/\/agora.xtec.cat\/eca-gandesa\/wp-json\/wp\/v2\/pages"}],"about":[{"href":"https:\/\/agora.xtec.cat\/eca-gandesa\/wp-json\/wp\/v2\/types\/page"}],"author":[{"embeddable":true,"href":"https:\/\/agora.xtec.cat\/eca-gandesa\/wp-json\/wp\/v2\/users\/1"}],"replies":[{"embeddable":true,"href":"https:\/\/agora.xtec.cat\/eca-gandesa\/wp-json\/wp\/v2\/comments?post=1594"}],"version-history":[{"count":3,"href":"https:\/\/agora.xtec.cat\/eca-gandesa\/wp-json\/wp\/v2\/pages\/1594\/revisions"}],"predecessor-version":[{"id":2009,"href":"https:\/\/agora.xtec.cat\/eca-gandesa\/wp-json\/wp\/v2\/pages\/1594\/revisions\/2009"}],"wp:attachment":[{"href":"https:\/\/agora.xtec.cat\/eca-gandesa\/wp-json\/wp\/v2\/media?parent=1594"}],"curies":[{"name":"wp","href":"https:\/\/api.w.org\/{rel}","templated":true}]}}