{"id":1590,"date":"2024-11-20T13:45:36","date_gmt":"2024-11-20T12:45:36","guid":{"rendered":"https:\/\/agora.xtec.cat\/eca-gandesa\/?page_id=1590"},"modified":"2024-12-05T12:41:57","modified_gmt":"2024-12-05T11:41:57","slug":"lescola","status":"publish","type":"page","link":"https:\/\/agora.xtec.cat\/eca-gandesa\/lescola\/","title":{"rendered":"L&#8217;Escola"},"content":{"rendered":"<p>L\u2019<strong>Escola Agr\u00e0ria de Gandesa<\/strong> forma part de la xarxa de <strong>15 Escoles Agr\u00e0ries<\/strong> del <strong>Servei de Formaci\u00f3 Agr\u00e0ria<\/strong> del <a href=\"https:\/\/agricultura.gencat.cat\/ca\/inici\/\" target=\"_blank\" rel=\"noopener\"><strong>Departament d&#8217;Agricultura, Ramaderia, Pesca i Alimentaci\u00f3<\/strong>.\u00a0<\/a><\/p>\n<p>Va iniciar la seva activitat l\u2019any 1973, obrint les portes del primer curs escolar 1973-74, i de manera ininterrompuda, ha impartit <strong>formaci\u00f3 reglada<\/strong> i continua al <strong>m\u00f3n agrari<\/strong>. Des dels seus inicis l\u2019escola ha estat fortament relacionada amb el <strong>m\u00f3n de la vinya i el vi<\/strong>, sense deixar de banda l\u2019<strong>olivera i l\u2019ametller<\/strong>, conreus t\u00edpics de la comarca. Aix\u00ed doncs, ofereix formaci\u00f3 reglada a trav\u00e9s del<a href=\"https:\/\/agora.xtec.cat\/eca-gandesa\/cfgm-en-olis-doliva-i-vins\/\"> <strong>Cicle Formatiu de Grau Mitj\u00e0 d\u2019Elaboraci\u00f3 d\u2019Olis d\u2019Oliva i Vins<\/strong><\/a>\u00a0i el <a href=\"https:\/\/agora.xtec.cat\/eca-gandesa\/cfgs-en-vitivinicultura\/\"><strong>Cicle Formatiu de Grau Superior de Vitivinicultura<\/strong><\/a>, amb el m\u00f2dul d\u2019elaboraci\u00f3 d\u2019Olis d\u2019Oliva de Qualitat. Tamb\u00e9, compta amb una \u00e0mplia oferta de <strong>formaci\u00f3 cont\u00ednua<\/strong> amb <strong>cursos de durada variable i jornades t\u00e8cniques<\/strong> dirigits als professionals del sector.<\/p>\n<p>Tot i que no es disposa de servei de resid\u00e8ncia, el centre gestiona l\u2019allotjament dels estudiants en establiments privats.<\/p>\n<p>&nbsp;<\/p>\n<p><a href=\"https:\/\/agora.xtec.cat\/eca-gandesa\/wp-content\/uploads\/usu1993\/2024\/11\/Escola.jpg\"><img loading=\"lazy\" decoding=\"async\" class=\"size-full wp-image-1707 aligncenter\" src=\"https:\/\/agora.xtec.cat\/eca-gandesa\/wp-content\/uploads\/usu1993\/2024\/11\/Escola.jpg\" alt=\"\" width=\"758\" height=\"568\" srcset=\"https:\/\/agora.xtec.cat\/eca-gandesa\/wp-content\/uploads\/usu1993\/2024\/11\/Escola.jpg 758w, https:\/\/agora.xtec.cat\/eca-gandesa\/wp-content\/uploads\/usu1993\/2024\/11\/Escola-300x225.jpg 300w, https:\/\/agora.xtec.cat\/eca-gandesa\/wp-content\/uploads\/usu1993\/2024\/11\/Escola-200x150.jpg 200w\" sizes=\"auto, (max-width: 758px) 100vw, 758px\" \/><\/a><\/p>\n<p>&nbsp;<\/p>\n<p>&nbsp;<\/p>\n","protected":false},"excerpt":{"rendered":"<p>L\u2019Escola Agr\u00e0ria de Gandesa forma part de la xarxa de 15 Escoles Agr\u00e0ries del Servei de Formaci\u00f3 Agr\u00e0ria del <a href=\"https:\/\/agricultura.gencat.cat\/ca\/inici\/\" target=\"_blank\" rel=\"noopener\">Departament d&#8217;Agricultura, Ramaderia, Pesca i Alimentaci\u00f3.\u00a0<\/a><br \/>\nVa iniciar la seva activitat l\u2019any 1973, obrint les portes del primer curs escolar 1973-74, i de manera&hellip;  <a href=\"https:\/\/agora.xtec.cat\/eca-gandesa\/lescola\/\" title=\"Read L&#8217;Escola\">Llegeix m\u00e9s\u00bb<\/a><\/p>\n","protected":false},"author":1,"featured_media":0,"parent":0,"menu_order":0,"comment_status":"closed","ping_status":"closed","template":"","meta":{"_bbp_topic_count":0,"_bbp_reply_count":0,"_bbp_total_topic_count":0,"_bbp_total_reply_count":0,"_bbp_voice_count":0,"_bbp_anonymous_reply_count":0,"_bbp_topic_count_hidden":0,"_bbp_reply_count_hidden":0,"_bbp_forum_subforum_count":0,"footnotes":""},"class_list":["post-1590","page","type-page","status-publish","hentry"],"post_mailing_queue_ids":[],"_links":{"self":[{"href":"https:\/\/agora.xtec.cat\/eca-gandesa\/wp-json\/wp\/v2\/pages\/1590","targetHints":{"allow":["GET"]}}],"collection":[{"href":"https:\/\/agora.xtec.cat\/eca-gandesa\/wp-json\/wp\/v2\/pages"}],"about":[{"href":"https:\/\/agora.xtec.cat\/eca-gandesa\/wp-json\/wp\/v2\/types\/page"}],"author":[{"embeddable":true,"href":"https:\/\/agora.xtec.cat\/eca-gandesa\/wp-json\/wp\/v2\/users\/1"}],"replies":[{"embeddable":true,"href":"https:\/\/agora.xtec.cat\/eca-gandesa\/wp-json\/wp\/v2\/comments?post=1590"}],"version-history":[{"count":6,"href":"https:\/\/agora.xtec.cat\/eca-gandesa\/wp-json\/wp\/v2\/pages\/1590\/revisions"}],"predecessor-version":[{"id":2007,"href":"https:\/\/agora.xtec.cat\/eca-gandesa\/wp-json\/wp\/v2\/pages\/1590\/revisions\/2007"}],"wp:attachment":[{"href":"https:\/\/agora.xtec.cat\/eca-gandesa\/wp-json\/wp\/v2\/media?parent=1590"}],"curies":[{"name":"wp","href":"https:\/\/api.w.org\/{rel}","templated":true}]}}